{"id":6018,"date":"2020-09-28T07:19:22","date_gmt":"2020-09-28T05:19:22","guid":{"rendered":"http:\/\/new.kinoroma.zabrze.pl\/mapa\/?page_id=6018"},"modified":"2020-10-09T08:45:48","modified_gmt":"2020-10-09T06:45:48","slug":"adrian-topol","status":"publish","type":"page","link":"https:\/\/kinoroma.zabrze.pl\/mapa\/?page_id=6018","title":{"rendered":"Adrian Topol"},"content":{"rendered":"<p class=\"western\"><span lang=\"pl-PL\">Urodzony <\/span>4 lutego 1981 w Zabrzu<span lang=\"pl-PL\">, <\/span>niemiecki aktor filmowy i telewizyjny. <span lang=\"pl-PL\">J<\/span>est jednym z najbardziej znanych m\u0142odych aktor\u00f3w w Niemczech. Wyst\u0105pi\u0142 w ponad 60 mi\u0119dzynarodowych produkcjach kinowych i telewizyjnych<span lang=\"pl-PL\">, w tym <\/span>mi\u0119dzy innymi <span lang=\"pl-PL\">w<\/span> g\u0142o\u015bn<span lang=\"pl-PL\">ym<\/span>, ameryka\u0144ski<span lang=\"pl-PL\">m<\/span> serialu \u201cHomeland\u201d. <span lang=\"pl-PL\">Jest te\u017c z<\/span>dobywc<span lang=\"pl-PL\">\u0105<\/span> wielu nagr\u00f3d filmowych na \u015bwiecie<span lang=\"pl-PL\">.<\/span> W Polsce jest znany dzi\u0119ki roli Czes\u0142awa Limanowskiego w filmie \u201cDie verlorene Zeit\u201d (\u201eZagubiony czas\u201d).<\/p>\n<p class=\"western\">Urodzi\u0142 si\u0119 w Zabrz<span lang=\"pl-PL\">u<\/span>, ale od 9 roku \u017cycia dorasta\u0142 w Ahlen w Nadrenii P\u00f3\u0142nocnej-Westfalii. Od 1999 roku ucz\u0119szcza\u0142 do szko\u0142y teatralnej \u201eKulturprojekt Spielhaus\u201d w Stuttgarcie, a w latach 2000-2003 studiowa\u0142 w Schauspielschule Charlottenburg w Berlinie. W 2000 wyst<span lang=\"pl-PL\">\u0119powa\u0142 <\/span>na scenie Stadttheater Klagenfurt w Klagenfurt am W\u00f6rthersee (<span lang=\"pl-PL\"> Austria) i <\/span>w Theater Rei\u00dfverschluss <span lang=\"pl-PL\">w <\/span>Berlin<span lang=\"pl-PL\">ie<\/span>.<\/p>\n<p class=\"western\">Jeszcze w trakcie nauki w szkole teatralnej, Adrian zagra\u0142 g\u0142\u00f3wn\u0105 rol\u0119 w filmie <span lang=\"pl-PL\">\u201e<\/span>K\u00f6nigskinder<span lang=\"pl-PL\">\u201d (<\/span>\u201eKr\u00f3lewskie dzieci\u201d<span lang=\"pl-PL\">)<\/span>, za kt\u00f3r\u0105 w 2003 roku otrzyma\u0142 presti\u017cow\u0105 Niemieck\u0105 Nagrod\u0119 Telewizyjn\u0105 dla m\u0142odego talentu.<\/p>\n<p class=\"western\"><span lang=\"pl-PL\">W Niemczech szybko sta\u0142 si\u0119 popularnym aktorem telewizyjnym. <\/span>Wyst\u0105pi\u0142 w kilku seriach jednego z najpopularniejszych seriali w historii niemieckiej telewizji &#8222;Tatort&#8221; (&#8222;Miejsce zbrodni&#8221;). <span lang=\"pl-PL\">Znalaz\u0142 si\u0119 w obsadzie serii <\/span>&#8222;Hallo Robbie!&#8221;, &#8222;Die Patriarchin&#8221;, &#8222;Tiere bis unters Dach&#8221;, &#8222;SOKO K\u00f6ln&#8221;, &#8222;Siebenstein&#8221;<span lang=\"pl-PL\"> i<\/span> &#8222;Kobra &#8211; Oddzia\u0142 specjalny&#8221;.<\/p>\n<p class=\"western\"><span lang=\"pl-PL\">Gra\u0142 te\u017c <\/span>w nagradzanych filmach fabularnych &#8222;Das L\u00e4cheln der Tiefseefische&#8221; (2005) w re<span lang=\"pl-PL\">\u017c<\/span>yserii Tilla Endemanna<span lang=\"pl-PL\"> i<\/span> &#8222;Der andere Junge&#8221; (2007) Volkera Einraucha. Po raz pierwszy g\u0142<span lang=\"pl-PL\">\u00f3<\/span>wn\u0105 rol\u0119 zagra\u0142 w &#8222;M\u00f6rderischer Frieden&#8221; z 2007 roku<span lang=\"pl-PL\"> w re\u017cyserii <\/span>Rudolf<span lang=\"pl-PL\">a<\/span> Schweiger<span lang=\"pl-PL\">a<\/span>. <span lang=\"pl-PL\">Wiele nagr\u00f3d przyni\u00f3s\u0142 Topolowi wyst\u0119p w obrazie \u201e<\/span>Franz + Polina<span lang=\"pl-PL\">\u201d<\/span> w re\u017cyserii Michai\u0142a Segala (2006)<span lang=\"pl-PL\">.<\/span><\/p>\n<p class=\"western\">W 2013 roku wyst\u0105pi\u0142 w polsko-niemieckim &#8222;Biegnij, ch\u0142opcze, biegnij&#8221; Pepe Danquarta, <span lang=\"pl-PL\">a rok 2015 przyni\u00f3s\u0142 mu rol\u0119 w znanym na ca\u0142ym \u015bwiecie, <\/span>nagrod<span lang=\"pl-PL\">zonym<\/span>\u00a0Z\u0142ot<span lang=\"pl-PL\">ym <\/span>Glob<span lang=\"pl-PL\">em<\/span>\u00a0i\u00a0Emmy <span lang=\"pl-PL\">Award, serialu \u201e<\/span>Homeland<span lang=\"pl-PL\">\u201d. <\/span><\/p>\n<p class=\"western\"><span lang=\"pl-PL\">R<\/span>ok 2017 przyni\u00f3s\u0142 mu <span lang=\"pl-PL\">najczy\u015bciej<\/span> nagradzan\u0105 rol\u0119 w komedii sensacyjnej &#8222;Schneefl\u00f6ckchen&#8221; <span lang=\"pl-PL\">(<\/span>&#8222;\u015anie\u017cynka&#8221;<span lang=\"pl-PL\">)<\/span> w re<span lang=\"pl-PL\">\u017c<\/span>yserii Adolfo J. Kolmerera i Williama Jamesa. W tym samym roku wcieli\u0142 si<span lang=\"pl-PL\">\u0119<\/span> w g\u0142\u00f3wn\u0105 rol\u0119 twr\u00f3cy protestantyzmu Martina Luthera w filmie biograficznym &#8222;Die Ketzerbraut&#8221;.<\/p>\n<p class=\"western\">Poza aktorstwem zajmuje si\u0119 produkcj\u0105 filmow\u0105 (re\u017cyser, monta\u017cysta, operator, scenarzysta). Jest za\u0142o\u017cycielem i prezesem firmy producenckiej Lopta Filmm <span lang=\"pl-PL\">tworz\u0105cej<\/span> reklamy i filmy fabularne.<\/p>\n<p class=\"western\">By\u0142 sze\u015bciokrotnym mistrzem Niemiec w r\u00f3\u017cnych sztukach walki i sp\u0119dzi\u0142 dwa miesi\u0105ce w klasztorze Shaolin w Chi\u0144skiej Republice Ludowej<span lang=\"pl-PL\">.<\/span><\/p>\n<p class=\"western\"><span lang=\"pl-PL\"><u><b>Nagrody<\/b><\/u><\/span><\/p>\n<ul>\n<li>\n<p class=\"western\">2003 &#8211; German Television Awards (Niemiecka Nagroda <span lang=\"pl-PL\">T<\/span>elewizyjna) &#8211; Promotional Award<span lang=\"pl-PL\"> za rol\u0119 w \u201e<\/span>K\u00f6nigskinder<span lang=\"pl-PL\">\u201d<\/span><\/p>\n<\/li>\n<li>\n<p class=\"western\">2007 &#8211; Avanca Film Festival &#8211; najlepszy aktor w filmie &#8222;Franz+Polina&#8221;<\/p>\n<\/li>\n<li>\n<p class=\"western\">2006 &#8211; Shanghai International TV Festival (2007) Magnolia Award Best Performance by an Actor in a Television Film za &#8222;Franz+Polina&#8221;<\/p>\n<\/li>\n<li>\n<p class=\"western\">2017 &#8211; Brussels International Festival of Fantasy Film<span lang=\"pl-PL\"> za rol\u0119 w filmie <\/span>&#8222;<span lang=\"pl-PL\">\u015anie\u017cynka<\/span>&#8222;<\/p>\n<\/li>\n<li>2017 &#8211; Ithaca International Fantastic Film Festival\u00a0 Audience Award<span lang=\"pl-PL\">, za rol\u0119 w filmie <\/span>&#8222;<span lang=\"pl-PL\">\u015anie\u017cynka<\/span>&#8222;<\/li>\n<li>\n<p class=\"western\">2018 &#8211; Festiwal Cinepocalypse (nagroda jury i nagroda publiczno<span lang=\"pl-PL\">\u015b<\/span>ci),<span lang=\"pl-PL\"> za rol\u0119 w filmie <\/span>&#8222;<span lang=\"pl-PL\">\u015anie\u017cynka<\/span>&#8222;<\/p>\n<\/li>\n<li>\n<p class=\"western\">2018 &#8211; Horrible Imaginings Film Festival\u00a0<span lang=\"pl-PL\"> za rol\u0119 w filmie <\/span>&#8222;<span lang=\"pl-PL\">\u015anie\u017cynka<\/span>&#8222;<\/p>\n<\/li>\n<li>\n<p class=\"western\">2018 &#8211; International Horror Film Festival of Mexico City\u00a0<span lang=\"pl-PL\"> za rol\u0119 w filmie <\/span>&#8222;<span lang=\"pl-PL\">\u015anie\u017cynka<\/span>&#8222;<\/p>\n<\/li>\n<\/ul>\n","protected":false},"excerpt":{"rendered":"<p>Urodzony 4 lutego 1981 w Zabrzu, niemiecki aktor filmowy i telewizyjny. Jest jednym z najbardziej znanych m\u0142odych aktor\u00f3w w Niemczech. Wyst\u0105pi\u0142 w ponad 60 mi\u0119dzynarodowych produkcjach kinowych i telewizyjnych, w tym mi\u0119dzy innymi w g\u0142o\u015bnym, ameryka\u0144skim serialu \u201cHomeland\u201d. Jest te\u017c zdobywc\u0105 wielu nagr\u00f3d filmowych na \u015bwiecie. W Polsce jest znany dzi\u0119ki roli Czes\u0142awa Limanowskiego w [&hellip;]<\/p>\n","protected":false},"author":1,"featured_media":0,"parent":6014,"menu_order":0,"comment_status":"closed","ping_status":"closed","template":"","meta":[],"_links":{"self":[{"href":"https:\/\/kinoroma.zabrze.pl\/mapa\/index.php?rest_route=\/wp\/v2\/pages\/6018"}],"collection":[{"href":"https:\/\/kinoroma.zabrze.pl\/mapa\/index.php?rest_route=\/wp\/v2\/pages"}],"about":[{"href":"https:\/\/kinoroma.zabrze.pl\/mapa\/index.php?rest_route=\/wp\/v2\/types\/page"}],"author":[{"embeddable":true,"href":"https:\/\/kinoroma.zabrze.pl\/mapa\/index.php?rest_route=\/wp\/v2\/users\/1"}],"replies":[{"embeddable":true,"href":"https:\/\/kinoroma.zabrze.pl\/mapa\/index.php?rest_route=%2Fwp%2Fv2%2Fcomments&post=6018"}],"version-history":[{"count":3,"href":"https:\/\/kinoroma.zabrze.pl\/mapa\/index.php?rest_route=\/wp\/v2\/pages\/6018\/revisions"}],"predecessor-version":[{"id":7262,"href":"https:\/\/kinoroma.zabrze.pl\/mapa\/index.php?rest_route=\/wp\/v2\/pages\/6018\/revisions\/7262"}],"up":[{"embeddable":true,"href":"https:\/\/kinoroma.zabrze.pl\/mapa\/index.php?rest_route=\/wp\/v2\/pages\/6014"}],"wp:attachment":[{"href":"https:\/\/kinoroma.zabrze.pl\/mapa\/index.php?rest_route=%2Fwp%2Fv2%2Fmedia&parent=6018"}],"curies":[{"name":"wp","href":"https:\/\/api.w.org\/{rel}","templated":true}]}}