{"id":6022,"date":"2020-09-28T07:20:56","date_gmt":"2020-09-28T05:20:56","guid":{"rendered":"http:\/\/new.kinoroma.zabrze.pl\/mapa\/?page_id=6022"},"modified":"2020-10-20T10:49:48","modified_gmt":"2020-10-20T08:49:48","slug":"andrzej-blumenfeld","status":"publish","type":"page","link":"https:\/\/kinoroma.zabrze.pl\/mapa\/?page_id=6022","title":{"rendered":"Andrzej Blumenfeld"},"content":{"rendered":"<p><a href=\"https:\/\/kinoroma.zabrze.pl\/mapa\/wp-content\/uploads\/Andrzej_Blumenfeld_2.jpg\"><img loading=\"lazy\" class=\"alignleft wp-image-6619 size-medium\" src=\"https:\/\/kinoroma.zabrze.pl\/mapa\/wp-content\/uploads\/Andrzej_Blumenfeld_2-249x300.jpg\" alt=\"img\" width=\"249\" height=\"300\" srcset=\"https:\/\/kinoroma.zabrze.pl\/mapa\/wp-content\/uploads\/Andrzej_Blumenfeld_2-249x300.jpg 249w, https:\/\/kinoroma.zabrze.pl\/mapa\/wp-content\/uploads\/Andrzej_Blumenfeld_2.jpg 357w\" sizes=\"(max-width: 249px) 100vw, 249px\" \/><\/a><span lang=\"pl-PL\">Urodzony 12 sierpnia 1951 w Zabrzu, zmar\u0142 14 sierpnia 2017 w Warszawie. Aktor filmowy, teatralny, telewizyjny i dubbingowy. Wielokrotnie nagradzany za swoje role teatralne. W ostatnich latach \u017cycia rozpocz\u0105\u0142 karier\u0119 w Hollywood graj\u0105c m.in. z Vincem Vaughnem i w filmie Jamesa Duncana &#8211; syna Davida Bowiego.<br \/>\n<\/span><\/p>\n<p class=\"western\"><span lang=\"pl-PL\">W 1973 uko\u0144czy\u0142 studia w Pa\u0144stwowej Wy\u017cszej Szkole Teatralnej w Warszawie i zadebiutowa\u0142 w &#8222;Antygonie&#8221; Sofoklesa w re\u017cyserii Adama Hanuszkiewicza. <\/span><\/p>\n<p class=\"western\"><span lang=\"pl-PL\">Nale\u017ca\u0142 do zespo\u0142\u00f3w Ba\u0142tyckiego Teatru Dramatycznego im. Juliusza S\u0142owackiego w Koszalinie (1973\u20131975), Teatru Wybrze\u017ce w Gda\u0144sku (1975\u20131980), Teatru Dramatycznego w Warszawie i Teatru Studio im. Stanis\u0142awa Ignacego Witkiewicza. Wyst\u0119powa\u0142 te\u017c w Teatrze Narodowym w Warszawie. W latach 1982 -1985 gra\u0142 na scenach teatr\u00f3w w Berlinie Zachodnim. <\/span><\/p>\n<p class=\"western\"><span lang=\"pl-PL\">Widzowie mogli ogl\u0105da\u0107 Blumenfelda w najlepszym repertuarze \u015bwiatowego teatru. Gra\u0142 w sztukach wg Friedricha Schillera, Tadeusza R\u00f3\u017cewicza, Witolda Gombrowicza, Szekspira, Stanis\u0142awa Wyspia\u0144skiego, Juliusza S\u0142owackiego, Adama Mickiewicza, Zygmunta Krasi\u0144skiego, czy Tadeusza S\u0142obodzianka, Franza Kafki i Rolanda Topora.<\/span><\/p>\n<p class=\"western\"><span lang=\"pl-PL\">Wyst\u0105pi\u0142 w ponad 40 filmach. Na ekranie debiutowa\u0142 w 1974 roku w obyczajowym filmie telewizyjnym &#8222;Padalce&#8221; Romana Wionczka. Zagra\u0142 wiele wyrazistych r\u00f3l drugoplanowych, m.in. w &#8222;Kornblumenblaun&#8221; (1988), &#8222;Obywatelu Piszczyku&#8221; (1988), &#8222;Lawie wg Dziad\u00f3w Adama Mickiewicza&#8221; (1989), &#8222;Prowokatorze&#8221; (1995), &#8222;Pu\u0142kowniku Kwiatkowskim&#8221; (1995), &#8222;Janie Pawle II&#8221; (2006) oraz &#8222;Carte Blanche&#8221; (2015).<\/span><\/p>\n<p class=\"western\"><span lang=\"pl-PL\">Jako aktor filmowy znany by\u0142 jednak nie tylko polskiemu widzowi. Blumenfeld wyst\u0105pi\u0142 m.in. w &#8222;Piani\u015bcie&#8221; Romana Pola\u0144skiego, a potem zacz\u0105\u0142 coraz cz\u0119\u015bciej pracowa\u0107 w Hollywood. W 2013 roku wyst\u0105pi\u0142 w &#8222;Wykapanym ojcu&#8221; (&#8222;Delivery Man&#8221;) Kena Scotta wraz z gwiazd\u0105 Hollywood Vincem Vaughnem. W 2017 zagra\u0142 w &#8222;Sprawie Rity G.&#8221;, widowisku telewizyjnym, nagrodzonym na festiwalach w Houston, Vancouver i Montrealu. <\/span>Aktor zmar\u0142 w 2017 roku, w lutym 2018 roku odby\u0142a si\u0119 premiera ostatniego filmu, w kt\u00f3rym wyst\u0105pi\u0142 jako aktor. Blumenfeld wcieli\u0142 si\u0119 w role zbira w filmie <span lang=\"pl-PL\">w &#8222;Mute&#8221; (&#8222;Bez s\u0142owa&#8221;) w re\u017cyserii Duncana Jonesa (b\u0119d\u0105cego prywatnie synem Dawida Bowiego).<\/span><\/p>\n<p class=\"western\"><span lang=\"pl-PL\">Blumenfeld by\u0142 r\u00f3wnie\u017c znanym aktorem dubbingowym, zar\u00f3wno w filmach, jak i grach komputerowych. Zagra\u0142 ponad 150 r\u00f3l. Jego g\u0142os mogli\u015bmy us\u0142ysze\u0107 m.in. w serii o Harrym Potterze (gra\u0142 tu &#8222;g\u0142osow\u0105&#8221; rol\u0119 Hagrida), &#8222;Ant-Manie&#8221;, &#8222;WALL-E&#8221;, &#8222;Ratatuju&#8221;, &#8222;Autach, &#8222;Epoce lodowcowej&#8221; czy animacji &#8222;Iniemamocni&#8221;. Udzieli\u0142 swojego g\u0142osu w takich grach, jak seria &#8222;Uncharted&#8221;, &#8222;God of War: Duch Sparty&#8221;, &#8222;Wied\u017amin 2: Zab\u00f3jcy kr\u00f3l\u00f3w&#8221;, &#8222;League of Legends&#8221;, &#8222;Diablo 3&#8221; i &#8222;Wied\u017amin 3: Dziki Gon&#8221;.<\/span><\/p>\n<p class=\"western\"><span lang=\"pl-PL\"><u><b>Odznaczenia i nagrody<\/b><\/u><\/span><\/p>\n<ul>\n<li>\n<p class=\"western\"><span lang=\"pl-PL\">1975 \u2013 Nagroda M\u0142odych im. Hugona Moryci\u0144skiego za rol\u0119 w &#8222;Zabawie&#8221; S\u0142awomira Mro\u017cka w Teatrze Ba\u0142tyckim w Koszalinie;<\/span><\/p>\n<\/li>\n<li>\n<p class=\"western\"><span lang=\"pl-PL\">2005 \u2013 Z\u0142oty Krzy\u017c Zas\u0142ugi;<\/span><\/p>\n<\/li>\n<li>\n<p class=\"western\"><span lang=\"pl-PL\">2013 \u2013 Srebrny Medal Zas\u0142u\u017cony Kulturze Gloria Artis<\/span><\/p>\n<\/li>\n<\/ul>\n","protected":false},"excerpt":{"rendered":"<p>Urodzony 12 sierpnia 1951 w Zabrzu, zmar\u0142 14 sierpnia 2017 w Warszawie. Aktor filmowy, teatralny, telewizyjny i dubbingowy. Wielokrotnie nagradzany za swoje role teatralne. W ostatnich latach \u017cycia rozpocz\u0105\u0142 karier\u0119 w Hollywood graj\u0105c m.in. z Vincem Vaughnem i w filmie Jamesa Duncana &#8211; syna Davida Bowiego. W 1973 uko\u0144czy\u0142 studia w Pa\u0144stwowej Wy\u017cszej Szkole Teatralnej [&hellip;]<\/p>\n","protected":false},"author":1,"featured_media":0,"parent":6014,"menu_order":0,"comment_status":"closed","ping_status":"closed","template":"","meta":[],"_links":{"self":[{"href":"https:\/\/kinoroma.zabrze.pl\/mapa\/index.php?rest_route=\/wp\/v2\/pages\/6022"}],"collection":[{"href":"https:\/\/kinoroma.zabrze.pl\/mapa\/index.php?rest_route=\/wp\/v2\/pages"}],"about":[{"href":"https:\/\/kinoroma.zabrze.pl\/mapa\/index.php?rest_route=\/wp\/v2\/types\/page"}],"author":[{"embeddable":true,"href":"https:\/\/kinoroma.zabrze.pl\/mapa\/index.php?rest_route=\/wp\/v2\/users\/1"}],"replies":[{"embeddable":true,"href":"https:\/\/kinoroma.zabrze.pl\/mapa\/index.php?rest_route=%2Fwp%2Fv2%2Fcomments&post=6022"}],"version-history":[{"count":6,"href":"https:\/\/kinoroma.zabrze.pl\/mapa\/index.php?rest_route=\/wp\/v2\/pages\/6022\/revisions"}],"predecessor-version":[{"id":7654,"href":"https:\/\/kinoroma.zabrze.pl\/mapa\/index.php?rest_route=\/wp\/v2\/pages\/6022\/revisions\/7654"}],"up":[{"embeddable":true,"href":"https:\/\/kinoroma.zabrze.pl\/mapa\/index.php?rest_route=\/wp\/v2\/pages\/6014"}],"wp:attachment":[{"href":"https:\/\/kinoroma.zabrze.pl\/mapa\/index.php?rest_route=%2Fwp%2Fv2%2Fmedia&parent=6022"}],"curies":[{"name":"wp","href":"https:\/\/api.w.org\/{rel}","templated":true}]}}