{"id":6026,"date":"2020-09-28T07:22:16","date_gmt":"2020-09-28T05:22:16","guid":{"rendered":"http:\/\/new.kinoroma.zabrze.pl\/mapa\/?page_id=6026"},"modified":"2020-10-20T10:50:31","modified_gmt":"2020-10-20T08:50:31","slug":"czeslaw-mozil","status":"publish","type":"page","link":"https:\/\/kinoroma.zabrze.pl\/mapa\/?page_id=6026","title":{"rendered":"Czes\u0142aw Mozil"},"content":{"rendered":"<p class=\"western\"><span lang=\"pl-PL\"><a href=\"https:\/\/kinoroma.zabrze.pl\/mapa\/wp-content\/uploads\/Czeslaw_Mozil_in_concert.jpg\"><img loading=\"lazy\" class=\"alignleft wp-image-6621 size-medium\" src=\"https:\/\/kinoroma.zabrze.pl\/mapa\/wp-content\/uploads\/Czeslaw_Mozil_in_concert-201x300.jpg\" alt=\"img\" width=\"201\" height=\"300\" srcset=\"https:\/\/kinoroma.zabrze.pl\/mapa\/wp-content\/uploads\/Czeslaw_Mozil_in_concert-201x300.jpg 201w, https:\/\/kinoroma.zabrze.pl\/mapa\/wp-content\/uploads\/Czeslaw_Mozil_in_concert-686x1024.jpg 686w, https:\/\/kinoroma.zabrze.pl\/mapa\/wp-content\/uploads\/Czeslaw_Mozil_in_concert-768x1147.jpg 768w, https:\/\/kinoroma.zabrze.pl\/mapa\/wp-content\/uploads\/Czeslaw_Mozil_in_concert.jpg 800w\" sizes=\"(max-width: 201px) 100vw, 201px\" \/><\/a>Urodzony 12 kwietnia 1979 w Zabrzu, du\u0144sko-polski piosenkarz, autor tekst\u00f3w, kompozytor i muzyk, znany tak\u017ce jako aktor dubbingowy i osobowo\u015b\u0107 telewizyjna. Tworzy trudn\u0105 do sklasyfikowania oryginaln\u0105 muzyk\u0119, zawieraj\u0105c\u0105 elementy kabaretu, rocka i punk rocka. Sam okre\u015bla w\u0142asn\u0105 muzyk\u0119 mianem \u201epopu\u201d lub \u201ealternatywnego popu\u201d z \u201epodtekstem punkowym\u201d.<\/span><\/p>\n<p class=\"western\"><span lang=\"pl-PL\">Zabrze opu\u015bci\u0142 w wieku 5 lat, wyje\u017cd\u017caj\u0105c wraz z rodzin\u0105 do Danii. Maj\u0105c 28 lat, zdecydowa\u0142 si\u0119 wr\u00f3ci\u0107 do Polski. <\/span><\/p>\n<p class=\"western\"><span lang=\"pl-PL\">Z muzyk\u0105 zetkn\u0105\u0142 si\u0119 ju\u017c w dzieci\u0144stwie, \u015bpiewaj\u0105c w Danii w ch\u00f3rze ko\u015bcielnym. W wieku 10 lat zacz\u0105\u0142 gra\u0107 na pianinie, a rok p\u00f3\u017aniej rozpocz\u0105\u0142 nauk\u0119 gry na akordeonie. Jego pierwszym zespo\u0142em by\u0142 Br\u00f8ndby Harmonika Klub, w kt\u00f3rym pe\u0142ni\u0142 rol\u0119 akordeonisty. Profesjonaln\u0105 nauk\u0119 muzyki rozpocz\u0105\u0142 w liceum muzycznym Sankt Ann\u00e6. Uko\u0144czy\u0142 te\u017c Kr\u00f3lewskie Du\u0144skie Konserwatorium Muzyczne (Det Kongelige Danske Musikkonservatorium).<\/span><\/p>\n<p class=\"western\"><span lang=\"pl-PL\">W 2000 wraz z przyjaci\u00f3\u0142mi za\u0142o\u017cy\u0142 sw\u00f3j pierwszy w\u0142asny zesp\u00f3\u0142, kt\u00f3ry nazwa\u0142 Tesco Value. Grupa wyda\u0142a 2 p\u0142yty i w 2004 roku zako\u0144czy\u0142a dzia\u0142alno\u015b\u0107. Cztery lata p\u00f3\u017aniej Mozil zadebiutowa\u0142 muzycznie w Polsce. Zdoby\u0142 polski rynek fonograficzny w 2008 roku p\u0142yt\u0105 &#8222;Debiut&#8221;, jako lider zespo\u0142u Czes\u0142aw \u015apiewa. <\/span><\/p>\n<p class=\"western\"><span lang=\"pl-PL\">Album uzyska\u0142 status podw\u00f3jnej platynowej p\u0142yty. Przyni\u00f3s\u0142 te\u017c Mozilowi dwie PAM Awards, Yach&#8217;a za najlepszy teledysk roku oraz 3 nagrody polskiego przemys\u0142u muzycznego Fryderyk.<\/span><\/p>\n<p class=\"western\"><span lang=\"pl-PL\">W 2010 jako Czes\u0142aw \u015apiewa wyda\u0142 drugi album studyjny pt. &#8222;Pop&#8221;, kt\u00f3ry osi\u0105gn\u0105\u0142 status z\u0142otej p\u0142yty. Rok p\u00f3\u017aniej na rynek wysz\u0142a trzecia p\u0142yta pt. &#8222;Czes\u0142aw \u015apiewa Mi\u0142osza&#8221;, na kt\u00f3rej znalaz\u0142y si\u0119 piosenki z tekstami poety Czes\u0142awa Mi\u0142osza. Album zdoby\u0142 nominacje do Fryderyka 2012 w kategoriach album roku \u2013 piosenka poetycka i najlepsza oprawa graficzna albumu.<\/span><\/p>\n<p class=\"western\"><span lang=\"pl-PL\">Kolejne p\u0142yty Czes\u0142aw \u015apiewa to &#8222;Ksi\u0119ga Emigrant\u00f3w&#8221; (2014), &#8222;Czes\u0142aw \u015apiewa &amp; Arte dei Suonatori&#8221; (2018) i &#8222;Kiedy\u015b to by\u0142y \u015bwi\u0119ta&#8221; (2019).<\/span><\/p>\n<p class=\"western\"><span lang=\"pl-PL\">Mozil cz\u0119sto wyst\u0119puje jako aktor dubbingowy. Jego g\u0142os mogli\u015bmy us\u0142ysze\u0107 m.in. w bajkach &#8222;Roman barbarzy\u0144ca&#8221;, &#8222;Siedmiu krasnoludk\u00f3w ratuje \u015api\u0105c\u0105 Kr\u00f3lewn\u0119&#8221; oraz &#8222;Asteriks i Obeliks: Osiedle bog\u00f3w&#8221;. Najs\u0142ynniejsz\u0105 rol\u0105 dubbingow\u0105 Mozila jest niew\u0105tpliwie Olaf z &#8222;Krainy lodu&#8221;. Jako aktora widzieli\u015bmy go w filmach fabularnych &#8222;Wkr\u0119ceni&#8221; (2014), &#8222;Facet (nie)potrzebny od zaraz&#8221; i &#8222;Szkole uwodzenia Czes\u0142awa M.&#8221;<\/span><\/p>\n<p class=\"western\"><span lang=\"pl-PL\">Czes\u0142aw Mozil jest tak\u017ce znan\u0105 osobowo\u015bci\u0105 telewizyjn\u0105. By\u0142 jurorem w czterech edycjach programu TVN &#8222;X Factor&#8221; (2011\u20132014). Prowadzi\u0142 tez autorskie programy radiowe w Eska Rock Zwolnienie i Radio Zet. W 2015 wyda\u0142 autobiografi\u0119 pt. \u201eNie tak \u0142atwo by\u0107 Czes\u0142awem\u201d, kt\u00f3r\u0105 wsp\u00f3\u0142tworzy\u0142 z dziennikarzem Jaros\u0142awem Szubrychtem.<\/span><\/p>\n<p class=\"western\"><span lang=\"pl-PL\">Nagrody <\/span><\/p>\n<ul>\n<li>\n<p class=\"western\"><span lang=\"pl-PL\">2008 &#8211; &#8222;Yach&#8221; za teledysk \u201eMaszynka do \u015bwierkania\u201d na Yach Film Festival<br \/>\n<\/span><\/p>\n<\/li>\n<li>\n<p class=\"western\"><span lang=\"pl-PL\">2008 &#8211; Crave Fest &#8211; nagroda za Najlepszy nieangloj\u0119zyczny teledysk &#8211; \u201eMaszynka do \u015bwierkania\u201d<br \/>\n<\/span><\/p>\n<\/li>\n<li>\n<p class=\"western\"><span lang=\"pl-PL\">PAM Awards w kategoriach: Solista roku, P\u0142yta folk\/acoustic, Debiut roku (nominacja)<\/span><\/p>\n<\/li>\n<li>\n<p class=\"western\"><span lang=\"pl-PL\">2009 &#8211; Fryderyk: nagroda w kategoriach: Album Roku POP za &#8222;Debiut&#8221;, Nowa Twarz Fonografii, Piosenka Roku za \u201eMaszynk\u0119 do \u015bwierkania\u201d. Nominacje do Fryderyka w kategoriach: Grupa Roku, Wokalista Roku i Videoklip Roku<\/span><\/p>\n<\/li>\n<li>\n<p class=\"western\"><span lang=\"pl-PL\">2009 -Top Trendy: nagroda za najwi\u0119ksz\u0105 liczb\u0119 sprzedanych p\u0142yt w 2008 &#8211; za album &#8222;Debiut&#8221;<\/span><\/p>\n<\/li>\n<li>\n<p class=\"western\"><span lang=\"pl-PL\">2009 &#8211; &#8222;Z\u0142oty Glan&#8221;<br \/>\n<\/span><\/p>\n<\/li>\n<li>\n<p class=\"western\"><span lang=\"pl-PL\">2011 &#8211; Fryderyk: nominacje w kategoriach: Kompozytor roku, Wokalista roku, Grupa roku, Album roku pop, Produkcja muzyczna, Najlepsza oprawa graficzna albumu<\/span><\/p>\n<\/li>\n<li>\n<p class=\"western\"><span lang=\"pl-PL\">2012 &#8211; Fryderyk: nominacje do nagrody w kategoriach Album roku &#8211; piosenka poetycka i Najlepsza oprawa graficzna albumu za &#8222;Czes\u0142aw \u015apiewa Mi\u0142osza&#8221;<\/span><\/p>\n<\/li>\n<li>\n<p class=\"western\"><span lang=\"pl-PL\">2016 &#8211; Nagroda Polonicus za \u201ewyj\u0105tkowy wk\u0142ad w szerzenie kultury polskiej w Europie oraz za &#8211; rado\u015b\u0107 \u201ebycia Polakiem\u201d<br \/>\n<\/span><\/p>\n<\/li>\n<li>\n<p class=\"western\"><span lang=\"pl-PL\">Nagroda \u201eSojusznik roku\u201d Kampanii Przeciw Homofobii<\/span><\/p>\n<\/li>\n<\/ul>\n","protected":false},"excerpt":{"rendered":"<p>Urodzony 12 kwietnia 1979 w Zabrzu, du\u0144sko-polski piosenkarz, autor tekst\u00f3w, kompozytor i muzyk, znany tak\u017ce jako aktor dubbingowy i osobowo\u015b\u0107 telewizyjna. Tworzy trudn\u0105 do sklasyfikowania oryginaln\u0105 muzyk\u0119, zawieraj\u0105c\u0105 elementy kabaretu, rocka i punk rocka. Sam okre\u015bla w\u0142asn\u0105 muzyk\u0119 mianem \u201epopu\u201d lub \u201ealternatywnego popu\u201d z \u201epodtekstem punkowym\u201d. Zabrze opu\u015bci\u0142 w wieku 5 lat, wyje\u017cd\u017caj\u0105c wraz z [&hellip;]<\/p>\n","protected":false},"author":1,"featured_media":0,"parent":6014,"menu_order":0,"comment_status":"closed","ping_status":"closed","template":"","meta":[],"_links":{"self":[{"href":"https:\/\/kinoroma.zabrze.pl\/mapa\/index.php?rest_route=\/wp\/v2\/pages\/6026"}],"collection":[{"href":"https:\/\/kinoroma.zabrze.pl\/mapa\/index.php?rest_route=\/wp\/v2\/pages"}],"about":[{"href":"https:\/\/kinoroma.zabrze.pl\/mapa\/index.php?rest_route=\/wp\/v2\/types\/page"}],"author":[{"embeddable":true,"href":"https:\/\/kinoroma.zabrze.pl\/mapa\/index.php?rest_route=\/wp\/v2\/users\/1"}],"replies":[{"embeddable":true,"href":"https:\/\/kinoroma.zabrze.pl\/mapa\/index.php?rest_route=%2Fwp%2Fv2%2Fcomments&post=6026"}],"version-history":[{"count":6,"href":"https:\/\/kinoroma.zabrze.pl\/mapa\/index.php?rest_route=\/wp\/v2\/pages\/6026\/revisions"}],"predecessor-version":[{"id":7655,"href":"https:\/\/kinoroma.zabrze.pl\/mapa\/index.php?rest_route=\/wp\/v2\/pages\/6026\/revisions\/7655"}],"up":[{"embeddable":true,"href":"https:\/\/kinoroma.zabrze.pl\/mapa\/index.php?rest_route=\/wp\/v2\/pages\/6014"}],"wp:attachment":[{"href":"https:\/\/kinoroma.zabrze.pl\/mapa\/index.php?rest_route=%2Fwp%2Fv2%2Fmedia&parent=6026"}],"curies":[{"name":"wp","href":"https:\/\/api.w.org\/{rel}","templated":true}]}}