{"id":6040,"date":"2020-09-28T07:26:49","date_gmt":"2020-09-28T05:26:49","guid":{"rendered":"http:\/\/new.kinoroma.zabrze.pl\/mapa\/?page_id=6040"},"modified":"2020-10-20T10:55:19","modified_gmt":"2020-10-20T08:55:19","slug":"magdalena-poplawska","status":"publish","type":"page","link":"https:\/\/kinoroma.zabrze.pl\/mapa\/?page_id=6040","title":{"rendered":"Magdalena Pop\u0142awska"},"content":{"rendered":"<p class=\"western\"><a href=\"https:\/\/kinoroma.zabrze.pl\/mapa\/wp-content\/uploads\/Magdalena_Poplawska.jpg\"><img loading=\"lazy\" class=\"alignleft wp-image-6627 size-medium\" src=\"https:\/\/kinoroma.zabrze.pl\/mapa\/wp-content\/uploads\/Magdalena_Poplawska-264x300.jpg\" alt=\"\" width=\"264\" height=\"300\" srcset=\"https:\/\/kinoroma.zabrze.pl\/mapa\/wp-content\/uploads\/Magdalena_Poplawska-264x300.jpg 264w, https:\/\/kinoroma.zabrze.pl\/mapa\/wp-content\/uploads\/Magdalena_Poplawska-768x873.jpg 768w, https:\/\/kinoroma.zabrze.pl\/mapa\/wp-content\/uploads\/Magdalena_Poplawska.jpg 800w\" sizes=\"(max-width: 264px) 100vw, 264px\" \/><\/a>Urodzi\u0142a si\u0119 3 kwietnia 1980 w Zabrzu. Jest aktork\u0105 filmow\u0105 i teatraln\u0105. Laureatka Z\u0142otych Lw\u00f3w na FPFF w Gdyni dla najlepszej aktorki drugoplanowej za rol\u0119 w filmie &#8222;Atak paniki&#8221;.<\/p>\n<p class=\"western\">Jest absolwentk\u0105 krakowskiej PWST (2004). Studiowa\u0142a r\u00f3wnie\u017c w Institut del Teatre w Barcelonie. Przez d\u0142ugi czas zwi\u0105zana z Teatrem Rozmaito\u015bci Warszawa, od 2008 roku jest cz\u0142onkini\u0105 zespo\u0142u Nowego Teatru w Warszawie. Wielokrotnie wyst\u0119powa\u0142a w sztukach re\u017cyserowanych przez Krzysztofa Warlikowskiego: \u201cAnio\u0142y w Ameryce Tony\u2019ego Kushnera\u201d (2007, TR Warszawa), \u201c(A)pollonia\u201d (2009, Nowy Teatr w Warszawie), \u201cOpowie\u015bci afryka\u0144skie wed\u0142ug Szekspira\u201d, (2011, Nowy Teatr w Warszawie), \u201cKabaret Warszawski\u201d (2013, Nowy Teatr w Warszawie), \u201cFrancuzi\u201d 2015, Nowy Teatr w Warszawie), \u201cWyje\u017cd\u017camy\u201d (2018, Nowy Teatr w Warszawie).<\/p>\n<p class=\"western\">Za role teatralne zosta\u0142a dwukrotnie nagrodzona na Kaliskich Spotkaniach Teatralnych w 2015 i 2016 roku. Wsp\u00f3\u0142pracowa\u0142a te\u017c z wieloma teatrami i niezale\u017cnymi grupami tw\u00f3rczymi w stolicy.<\/p>\n<p class=\"western\">Ma te\u017c na koncie wyst\u0119p w g\u0142o\u015bnym i nagradzanym performansie tanecznym &#8222;Nancy. Wywiad&#8221; w re\u017cyserii francuskiego choreografa Claude&#8217;a Bardouila. Zagra\u0142a w nim Nancy Spungen &#8211; kochank\u0119 legendarnego basisty Sex Pistols Sida Vicious\u2019a.<\/p>\n<p class=\"western\">W pierwszej fazie kariery ekranowej wyst\u0119powa\u0142a g\u0142\u00f3wnie w serialach, takich jak: &#8222;Mrok&#8221; (2006), &#8222;Ekipa&#8221; (2007) Agnieszki Holland, &#8222;39 i p\u00f3\u0142&#8221; (2009) czy &#8222;Bez tajemnic&#8221; (2011-2013).<\/p>\n<p class=\"western\">Prze\u0142omowym wyst\u0119pem by\u0142a rola w filmie Arkadiusza Jakubika &#8222;Prosta historia o mi\u0142o\u015bci&#8221; (2010), wyr\u00f3\u017cnionym Nagrod\u0105 G\u0142\u00f3wn\u0105 w konkursie kina niezale\u017cnego FPFF w Gdyni. Kreacj\u0119 Pop\u0142awskiej w tym filmie doceni\u0142o tak\u017ce jury Nagrody im. Zbyszka Cybulskiego, kt\u00f3re uzna\u0142o j\u0105 za najciekawsz\u0105 m\u0142od\u0105 aktork\u0119 sezonu. Otrzyma\u0142a tak\u017ce nominacj\u0119 do Z\u0142otej Kaczki. W 2013 roku za rol\u0119 w etiudzie Micha\u0142a Wawrzeckiego &#8222;Wulkan&#8221;, otrzyma\u0142a nominacj\u0119 do Nagrody Polskiego Kina Niezale\u017cnego im. Jana Machulskiego.<\/p>\n<p class=\"western\">Potem przysz\u0142y wyst\u0119py w cenionych serialach HBO &#8222;Wataha&#8221; (2014) i &#8222;Pakt&#8221; (2015), &#8222;Hiszpance&#8221; \u0141ukasza Barczyka (2014), &#8222;Jestem morderc\u0105&#8221; (2016) Macieja Pieprzycy i serialu &#8222;Diagnoza&#8221; (2017-2019).<\/p>\n<p class=\"western\">Za rol\u0119 w &#8222;Ataku paniki&#8221; Paw\u0142a Ma\u015blony (2017) otrzyma\u0142a Z\u0142ote Lwy <span lang=\"pl-PL\">w Gdyni <\/span>dla najlepszej aktorki drugoplanowej, a g\u0142\u00f3wn<span lang=\"pl-PL\">a<\/span> rola w filmie &#8222;53 wojny&#8221; w re\u017cyserii Ewy Bukowskiej <span lang=\"pl-PL\">przynios\u0142a Pop\u0142awskiej <\/span>nagrod<span lang=\"pl-PL\">\u0119<\/span> <span lang=\"pl-PL\">\u201e<\/span>Z\u0142oty Szczeniak<span lang=\"pl-PL\">\u201d<\/span> (2018).<\/p>\n<p class=\"western\">W 2020 roku aktorka wcieli si\u0119 w tytu\u0142ow\u0105 posta\u0107 serialu TVP &#8222;Osiecka&#8221;, opowiadaj\u0105cym o \u017cyciu i tw\u00f3rczo\u015bci jednej z najwybitniejszych polskich autorek tekst\u00f3w i poetek XX wieku \u2013 Agnieszki Osieckiej. Osiecka od lat towarzyszy drodze tw\u00f3rczej Magdaleny Pop\u0142awskiej. W 2003 roku aktorka otrzyma\u0142a wyr\u00f3\u017cnienie w konkursie na interpretacj\u0119 piosenek aktorki \u201cPami\u0119tajmy o Osieckiej\u201d oraz Nagrod\u0119 im. Agnieszki Osieckiej na XXIV Przegl\u0105dzie Piosenki Aktorskiej we Wroc\u0142awiu.<\/p>\n<p class=\"western\">Magdalena Pop\u0142awska jest siostr\u0105 aktorki Aleksandry Pop\u0142awskiej.<\/p>\n<p class=\"western\"><span lang=\"pl-PL\"><u><b>Nagrody<\/b><\/u><\/span><\/p>\n<ul>\n<li>\n<p class=\"western\"><span lang=\"pl-PL\">2013 &#8211; Wyr\u00f3\u017cnienie Jury Nagrody <\/span>im. Zbyszka Cybulskiego<span lang=\"pl-PL\"> dla <\/span>najciekawsz<span lang=\"pl-PL\">ej i <\/span>m\u0142od<span lang=\"pl-PL\">ej<\/span> aktork<span lang=\"pl-PL\">i<\/span> sezonu<span lang=\"pl-PL\"> i <\/span>nominacj<span lang=\"pl-PL\">a<\/span> do Z\u0142otej Kaczki (2010)<span lang=\"pl-PL\"> za rol\u0119 w filmie <\/span>&#8222;Prosta historia o mi\u0142o\u015bci&#8221; . <span lang=\"pl-PL\">N<\/span>ominacj<span lang=\"pl-PL\">a<\/span> do Nagrody Polskiego Kina Niezale\u017cnego im. Jana Machulskiego<span lang=\"pl-PL\"> za rol\u0119 w filmie <\/span>&#8222;Wulkan&#8221;<\/p>\n<\/li>\n<li>\n<p class=\"western\">2017 &#8211; Z\u0142ote Lwy dla najlepszej aktorki drugoplanowej<span lang=\"pl-PL\"> na FPFF w Gdyni z<\/span>a rol\u0119 w &#8222;Ataku paniki<span lang=\"pl-PL\">\u201d\u00a0<\/span><\/p>\n<\/li>\n<li>\n<p class=\"western\">2018 &#8211; Z\u0142oty Szczeniak na Festiwalu Aktorstwa Filmowego im. Tadeusza Szymkowa we Wroc\u0142awiu <span lang=\"pl-PL\">za <\/span>g\u0142\u00f3wn\u0105 rola w filmie &#8222;53 wojny&#8221;<\/p>\n<\/li>\n<\/ul>\n","protected":false},"excerpt":{"rendered":"<p>Urodzi\u0142a si\u0119 3 kwietnia 1980 w Zabrzu. Jest aktork\u0105 filmow\u0105 i teatraln\u0105. Laureatka Z\u0142otych Lw\u00f3w na FPFF w Gdyni dla najlepszej aktorki drugoplanowej za rol\u0119 w filmie &#8222;Atak paniki&#8221;. Jest absolwentk\u0105 krakowskiej PWST (2004). Studiowa\u0142a r\u00f3wnie\u017c w Institut del Teatre w Barcelonie. Przez d\u0142ugi czas zwi\u0105zana z Teatrem Rozmaito\u015bci Warszawa, od 2008 roku jest cz\u0142onkini\u0105 [&hellip;]<\/p>\n","protected":false},"author":1,"featured_media":0,"parent":6014,"menu_order":0,"comment_status":"closed","ping_status":"closed","template":"","meta":[],"_links":{"self":[{"href":"https:\/\/kinoroma.zabrze.pl\/mapa\/index.php?rest_route=\/wp\/v2\/pages\/6040"}],"collection":[{"href":"https:\/\/kinoroma.zabrze.pl\/mapa\/index.php?rest_route=\/wp\/v2\/pages"}],"about":[{"href":"https:\/\/kinoroma.zabrze.pl\/mapa\/index.php?rest_route=\/wp\/v2\/types\/page"}],"author":[{"embeddable":true,"href":"https:\/\/kinoroma.zabrze.pl\/mapa\/index.php?rest_route=\/wp\/v2\/users\/1"}],"replies":[{"embeddable":true,"href":"https:\/\/kinoroma.zabrze.pl\/mapa\/index.php?rest_route=%2Fwp%2Fv2%2Fcomments&post=6040"}],"version-history":[{"count":5,"href":"https:\/\/kinoroma.zabrze.pl\/mapa\/index.php?rest_route=\/wp\/v2\/pages\/6040\/revisions"}],"predecessor-version":[{"id":7660,"href":"https:\/\/kinoroma.zabrze.pl\/mapa\/index.php?rest_route=\/wp\/v2\/pages\/6040\/revisions\/7660"}],"up":[{"embeddable":true,"href":"https:\/\/kinoroma.zabrze.pl\/mapa\/index.php?rest_route=\/wp\/v2\/pages\/6014"}],"wp:attachment":[{"href":"https:\/\/kinoroma.zabrze.pl\/mapa\/index.php?rest_route=%2Fwp%2Fv2%2Fmedia&parent=6040"}],"curies":[{"name":"wp","href":"https:\/\/api.w.org\/{rel}","templated":true}]}}