{"id":6042,"date":"2020-09-28T07:27:35","date_gmt":"2020-09-28T05:27:35","guid":{"rendered":"http:\/\/new.kinoroma.zabrze.pl\/mapa\/?page_id=6042"},"modified":"2020-10-20T10:55:12","modified_gmt":"2020-10-20T08:55:12","slug":"marek-kalita","status":"publish","type":"page","link":"https:\/\/kinoroma.zabrze.pl\/mapa\/?page_id=6042","title":{"rendered":"Marek Kalita"},"content":{"rendered":"<p class=\"western\"><span lang=\"pl-PL\"><a href=\"https:\/\/kinoroma.zabrze.pl\/mapa\/wp-content\/uploads\/Marek_Kalita.jpg\"><img loading=\"lazy\" class=\"alignleft wp-image-6629 size-medium\" src=\"https:\/\/kinoroma.zabrze.pl\/mapa\/wp-content\/uploads\/Marek_Kalita-225x300.jpg\" alt=\"img\" width=\"225\" height=\"300\" srcset=\"https:\/\/kinoroma.zabrze.pl\/mapa\/wp-content\/uploads\/Marek_Kalita-225x300.jpg 225w, https:\/\/kinoroma.zabrze.pl\/mapa\/wp-content\/uploads\/Marek_Kalita-769x1024.jpg 769w, https:\/\/kinoroma.zabrze.pl\/mapa\/wp-content\/uploads\/Marek_Kalita-768x1022.jpg 768w, https:\/\/kinoroma.zabrze.pl\/mapa\/wp-content\/uploads\/Marek_Kalita.jpg 800w\" sizes=\"(max-width: 225px) 100vw, 225px\" \/><\/a>Aktor teatralny i filmowy, re\u017cyser i scenograf. Wielokrotnie nagradzany za kreacje aktorskie i re\u017cyseri\u0119.<\/span><\/p>\n<p class=\"western\"><span lang=\"pl-PL\">Jest absolwentem Wydzia\u0142u Aktorskiego krakowskiej PWST. By\u0142 wsp\u00f3\u0142za\u0142o\u017cycielem Teatru B\u00fcckleina. Wyst\u0119powa\u0142 w Teatrze Stu, Starym Teatrze im. Heleny Modrzejewskiej w Krakowie, warszawskim Teatrze Rozmaito\u015bci oraz w Teatrze im. Stefana Jaracza w \u0141odzi. <\/span><\/p>\n<p class=\"western\"><span lang=\"pl-PL\">Pierwsz\u0105 wa\u017cn\u0105 rol\u0105 Kality by\u0142a posta\u0107 stworzona na scenie Starego Teatru &#8211; Ala w &#8222;Pta\u015bku&#8221;, na motywach powie\u015bci Williama Whartona, w re\u017cyserii Adama Sroki (1989). Potem stworzy\u0142 wybitne kreacje w spektaklach Krystiana Lupy, Krzysztofa Warlikowskiego, Grzegorza Jarzyny, Andrzeja Wajdy, Ingmara Villqista i Jerzego Jarockiego. Od 2008 roku nale\u017cy do zespo\u0142u Nowego Teatru w Warszawie.<\/span><\/p>\n<p class=\"western\"><span lang=\"pl-PL\">W 1997 roku za\u0142o\u017cy\u0142 Stowarzyszenie Atelier w ramach Teatru Atelier, w kt\u00f3rym to wyre\u017cyserowa\u0142 &#8222;Gr\u0119 sn\u00f3w&#8221; Augusta Strindberga. Jako re\u017cyser stworzy\u0142 te\u017c inscenizacje &#8222;J\u00f3zefa K.&#8221; na motywach &#8222;Procesu&#8221; Franza Kafki (2001), &#8222;Kalimorf\u0119&#8221; wg powie\u015bci Johna Fowlesa (2006), &#8222;Widzialn\u0105 ciemno\u015b\u0107&#8221; Williama Goldinga (2007). W kaliskim Teatrze im. Wojciecha Bogus\u0142awskiego wyre\u017cyserowa\u0142 sztuk\u0119 Tankreda Dorsta &#8222;Fernando Krapp napisa\u0142 do mnie ten list&#8221; (2008), a w Teatrze Konsekwentnym w Warszawie &#8222;Zbombardowanych&#8221; Sary Kane (2009).<\/span><\/p>\n<p class=\"western\"><span lang=\"pl-PL\">Z Aleksandr\u0105 Pop\u0142awsk\u0105 wsp\u00f3\u0142re\u017cyserowa\u0142 w Teatrze IMKA g\u0142o\u015bny spektakl &#8222;Genera\u0142&#8221;, kt\u00f3ry zwyci\u0119\u017cy\u0142 w Og\u00f3lnopolskim Konkursie na Wystawienie Polskiej Sztuki Wsp\u00f3\u0142czesnej (2011).<\/span><\/p>\n<p class=\"western\"><span lang=\"pl-PL\">Marek Kalita jest te\u017c aktorem filmowym i telewizyjnym. Zagra\u0142 mi\u0119dzy innymi w filmach: &#8222;Boisko bezdomnych&#8221; (2008), &#8222;Wszystko co kocham&#8221; (2009), &#8222;Drog\u00f3wka&#8221; (2013) i &#8222;Czerwonym paj\u0105k&#8221; (2015). Mo\u017cna by\u0142o go r\u00f3wnie\u017c zobaczy\u0107 w serialach telewizyjnych taki jak: \u201eStacyjka\u201d, \u201eSamo \u017cycie\u201d, \u201eNa Wsp\u00f3lnej\u201d, \u201eM\u0142ody Pi\u0142sudski\u201d, \u201eOdwr\u00f3ceni: ojcowie i c\u00f3rki\u201d, \u201eUltraviolet\u201d i \u201eWataha\u201d. <\/span><\/p>\n<p class=\"western\"><span lang=\"pl-PL\"><u><b>Nagrody<\/b><\/u><\/span><span lang=\"pl-PL\">:<\/span><\/p>\n<ul>\n<li>\n<p class=\"western\"><span lang=\"pl-PL\">1981 &#8211; Nagroda za rol\u0119 w przedstawieniu &#8222;Idiota&#8221; na 16. Og\u00f3lnopolskim Przegl\u0105dzie Teatr\u00f3w Ma\u0142ych Form w Szczecinie<br \/>\n<\/span><\/p>\n<\/li>\n<li>\n<p class=\"western\"><span lang=\"pl-PL\">1991 &#8211; Nagroda za rol\u0119 w spektaklu &#8222;Ptasiek&#8221; na 26. Og\u00f3lnopolskim Przegl\u0105dzie Teatr\u00f3w Ma\u0142ych Form w Szczecinie<br \/>\n<\/span><\/p>\n<\/li>\n<li>\n<p class=\"western\"><span lang=\"pl-PL\">2002 &#8211; Nagroda wojewody dolno\u015bl\u0105skiego; Nagroda dyrektor\u00f3w Mi\u0119dzynarodowych Festiwali Teatr\u00f3w Jednego Aktora; Nagroda im. Ireny Rzeszowskiej za rol\u0119 w spektaklu &#8222;Ja w trzeciej osobie&#8221; na 36. Wroc\u0142awskich Spotkaniach Teatralnych Jednego Aktora<\/span><\/p>\n<\/li>\n<li>\n<p class=\"western\"><span lang=\"pl-PL\">2011 &#8211; Festiwal Polskich Sztuk Wsp\u00f3\u0142czesnych &#8222;R@port&#8221; w Gdyni &#8211; G\u0142\u00f3wna Nagroda dla przedstawienia &#8222;Genera\u0142&#8221; z Teatru IMKA<br \/>\n<\/span><\/p>\n<\/li>\n<li>\n<p class=\"western\"><span lang=\"pl-PL\">2011 &#8211; Nagroda im. Aleksandra Zelwerowicza za rol\u0119 w przedstawieniach &#8222;Genera\u0142&#8221; oraz &#8222;Koniec&#8221;<br \/>\n<\/span><\/p>\n<\/li>\n<li>\n<p class=\"western\"><span lang=\"pl-PL\">2012 &#8211; Og\u00f3lnopolski Konkurs na Wystawienie Polskiej Sztuki Wsp\u00f3\u0142czesnej &#8211; nagroda za rol\u0119 i wyr\u00f3\u017cnienie za re\u017cyseri\u0119 przedstawienia &#8222;Genera\u0142&#8221;<br \/>\n<\/span><\/p>\n<\/li>\n<\/ul>\n","protected":false},"excerpt":{"rendered":"<p>Aktor teatralny i filmowy, re\u017cyser i scenograf. Wielokrotnie nagradzany za kreacje aktorskie i re\u017cyseri\u0119. Jest absolwentem Wydzia\u0142u Aktorskiego krakowskiej PWST. By\u0142 wsp\u00f3\u0142za\u0142o\u017cycielem Teatru B\u00fcckleina. Wyst\u0119powa\u0142 w Teatrze Stu, Starym Teatrze im. Heleny Modrzejewskiej w Krakowie, warszawskim Teatrze Rozmaito\u015bci oraz w Teatrze im. Stefana Jaracza w \u0141odzi. Pierwsz\u0105 wa\u017cn\u0105 rol\u0105 Kality by\u0142a posta\u0107 stworzona na scenie [&hellip;]<\/p>\n","protected":false},"author":1,"featured_media":0,"parent":6014,"menu_order":0,"comment_status":"closed","ping_status":"closed","template":"","meta":[],"_links":{"self":[{"href":"https:\/\/kinoroma.zabrze.pl\/mapa\/index.php?rest_route=\/wp\/v2\/pages\/6042"}],"collection":[{"href":"https:\/\/kinoroma.zabrze.pl\/mapa\/index.php?rest_route=\/wp\/v2\/pages"}],"about":[{"href":"https:\/\/kinoroma.zabrze.pl\/mapa\/index.php?rest_route=\/wp\/v2\/types\/page"}],"author":[{"embeddable":true,"href":"https:\/\/kinoroma.zabrze.pl\/mapa\/index.php?rest_route=\/wp\/v2\/users\/1"}],"replies":[{"embeddable":true,"href":"https:\/\/kinoroma.zabrze.pl\/mapa\/index.php?rest_route=%2Fwp%2Fv2%2Fcomments&post=6042"}],"version-history":[{"count":5,"href":"https:\/\/kinoroma.zabrze.pl\/mapa\/index.php?rest_route=\/wp\/v2\/pages\/6042\/revisions"}],"predecessor-version":[{"id":7659,"href":"https:\/\/kinoroma.zabrze.pl\/mapa\/index.php?rest_route=\/wp\/v2\/pages\/6042\/revisions\/7659"}],"up":[{"embeddable":true,"href":"https:\/\/kinoroma.zabrze.pl\/mapa\/index.php?rest_route=\/wp\/v2\/pages\/6014"}],"wp:attachment":[{"href":"https:\/\/kinoroma.zabrze.pl\/mapa\/index.php?rest_route=%2Fwp%2Fv2%2Fmedia&parent=6042"}],"curies":[{"name":"wp","href":"https:\/\/api.w.org\/{rel}","templated":true}]}}