{"id":6083,"date":"2020-09-28T08:02:12","date_gmt":"2020-09-28T06:02:12","guid":{"rendered":"http:\/\/new.kinoroma.zabrze.pl\/mapa\/?page_id=6083"},"modified":"2020-10-20T09:52:46","modified_gmt":"2020-10-20T07:52:46","slug":"swieta-polskie-barborka","status":"publish","type":"page","link":"https:\/\/kinoroma.zabrze.pl\/mapa\/?page_id=6083","title":{"rendered":"\u015awi\u0119ta polskie: Barb\u00f3rka"},"content":{"rendered":"<h5 class=\"western\" lang=\"pl\"><strong>Re\u017c. Maciej Pieprzyca<\/strong><\/h5>\n<hr \/>\n<p><b><a href=\"https:\/\/kinoroma.zabrze.pl\/mapa\/wp-content\/uploads\/barborka-kadr-z-filmu-3.jpg\"><img loading=\"lazy\" class=\"alignleft wp-image-6614 size-medium\" src=\"https:\/\/kinoroma.zabrze.pl\/mapa\/wp-content\/uploads\/barborka-kadr-z-filmu-3-300x169.jpg\" alt=\"\" width=\"300\" height=\"169\" srcset=\"https:\/\/kinoroma.zabrze.pl\/mapa\/wp-content\/uploads\/barborka-kadr-z-filmu-3-300x169.jpg 300w, https:\/\/kinoroma.zabrze.pl\/mapa\/wp-content\/uploads\/barborka-kadr-z-filmu-3-768x432.jpg 768w, https:\/\/kinoroma.zabrze.pl\/mapa\/wp-content\/uploads\/barborka-kadr-z-filmu-3.jpg 800w\" sizes=\"(max-width: 300px) 100vw, 300px\" \/><\/a>Komedia romantyczna w scenerii \u015bl\u0105skich kopal\u0144 i fabryk? Dlaczego nie! Rodowity \u015al\u0105zak, re\u017cyser Maciej Pieprzyca wraca z kamer\u0105 w swoje rodzinne strony, by opowiedzie\u0107 histori\u0119 niemo\u017cliwej mi\u0142o\u015bci mi\u0119dzy zblazowanym gwiazdorem telenowel i prost\u0105 dziewczyn\u0105 pracuj\u0105c\u0105 na kopalni. A wszystko to na tle hucznych obchod\u00f3w \u015bwi\u0119ta patronki g\u00f3rnik\u00f3w &#8211; \u015bw. Barbary.<\/b><\/p>\n<p>Aby u\u015bwietni\u0107 obchody Barb\u00f3rki &#8211; patronki g\u00f3rnik\u00f3w, dyrektor kopalni (<b>Leszek Piskorz<\/b>) zaprasza na akademi\u0119 gwiazdora telenoweli &#8211; Jakuba Skowierskiego (<b>Marcin Doroci\u0144ski<\/b>). Ma go powita\u0107 Basia (<b>Iwona Sitkowska<\/b>), zwyk\u0142a pracownica kopalni. W ten spos\u00f3b spotykaj\u0105 si\u0119 ze sob\u0105 dwa r\u00f3\u017cne \u015bwiaty.<\/p>\n<p>A r\u00f3\u017cni je niemal wszystko. Basia jest c\u00f3rk\u0105 emerytowanego g\u00f3rnika (<b>Tadeusz Madeja<\/b>), a sama pracuje w kopalnianej sortowni, gdzie wraz z innymi kobietami przebiera w\u0119giel. Jej codzienno\u015b\u0107 to szare miasta, przysypiaj\u0105cy na stoj\u0105co ludzie w autobusie i rozmowy o ukochanym serialu podczas pracy. Jest skromna i cicha, ale zarazem szczera i bezpo\u015brednia.<\/p>\n<p><a href=\"https:\/\/kinoroma.zabrze.pl\/mapa\/wp-content\/uploads\/barborka-kadr-z-filmu-1.jpg\"><img loading=\"lazy\" class=\"alignright wp-image-6613 size-medium\" src=\"https:\/\/kinoroma.zabrze.pl\/mapa\/wp-content\/uploads\/barborka-kadr-z-filmu-1-300x169.jpg\" alt=\"\" width=\"300\" height=\"169\" srcset=\"https:\/\/kinoroma.zabrze.pl\/mapa\/wp-content\/uploads\/barborka-kadr-z-filmu-1-300x169.jpg 300w, https:\/\/kinoroma.zabrze.pl\/mapa\/wp-content\/uploads\/barborka-kadr-z-filmu-1.jpg 762w\" sizes=\"(max-width: 300px) 100vw, 300px\" \/><\/a>O Jakubie kolorowe pisma pisz\u0105, \u017ce urodzi\u0142 si\u0119 w Egipcie. Jest gwiazd\u0105 telewizyjnej telenoweli, przyci\u0105gaj\u0105cej przed telewizory rzesze widz\u00f3w. Wysoki, przystojny, ma powodzenie u kobiet. Ale mimo popularno\u015bci Jakub nie jest szcz\u0119\u015bliwy.<\/p>\n<p>Gra w serialu frustruje go i jest daleka od jego aktorskich marze\u0144. Coraz bardziej zblazowany aktor \u0142apie podsuwane mu przez agenta cha\u0142tury. W ten spos\u00f3b wraz z dwoma wsp\u00f3\u0142pracownikami trafia na \u015al\u0105sk, gdzie spotka Basi\u0119.<\/p>\n<p>Komedie romantyczne nie ciesz\u0105 si\u0119 opini\u0105 \u201enazbyt intelektualnych\u201d produkcji. Tymczasem <strong>\u201e<\/strong><b>Barb\u00f3rka\u201d Macieja Pieprzycy to rzadki przypadek m\u0105drej i subtelnej komedii tego gatunku. <\/b>Ponadto ogl\u0105daj\u0105c ten film, czuje si\u0119, \u017ce re\u017cyser opowiada t\u0119 histori\u0119 ze swoist\u0105 czu\u0142o\u015bci\u0105. Dla swojej rodzinnej ziemi, ci\u0119\u017ckiej i niebezpiecznej pracy g\u00f3rnik\u00f3w, dla g\u00f3rniczych tradycji i zasad. To rzeczywi\u015bcie jego \u201epodr\u00f3\u017c do domu rodzinnego\u201d.<\/p>\n<p>Pieprzyca potrafi te\u017c z sympati\u0105 \u017cartowa\u0107 ze zderzenia \u015bwiat\u00f3w Basi i Jakuba, wplataj\u0105c w scenariusz zabawne dialogi. Kiedy ekipa filmowa zje\u017cd\u017ca pod ziemi\u0119 pod opiek\u0105 starych, do\u015bwiadczonych sztygar\u00f3w, jeden z filmowc\u00f3w ujawnia, \u017ce mia\u0142 ju\u017c styczno\u015b\u0107 z kopalni\u0105: \u201e<i>Jak kr\u0119cili\u015bmy reklam\u00f3wk\u0119, to modelki do starego szybu zje\u017cd\u017ca\u0142y<\/i>\u201d. Na pytanie sztygara \u201e<i>J<\/i><i>aki poziom?\u201d<\/i> odpowiada, \u017ce <i>\u201cnajwy\u017cszy, kamerk\u0119 <\/i><i>P<\/i><i>anavision mi z zagranicy sprowadzili\u201d.<\/i> G\u00f3rnik z politowaniem wyja\u015bnia, \u017ce chodzi\u0142o mu o poziom chodnika.<\/p>\n<p>\u201eBarb\u00f3rka\u201d powsta\u0142a w ramach cyklu TVP \u201e\u015awi\u0119ta polskie\u201d.<\/p>\n<a\n\thref=\"\/mapa\/?ait-item=19-szyb-luiza\"\n\t\tid=\"ait-sc-button-1\"\n\tclass=\"ait-sc-button alignright  buticon-left    simple\"\n\tstyle=\"width:240px;background-color:#001e92; border-color:#001e92;margin-top:20;margin-left:20;margin-right:20;margin-bottom:20;\"\n>\n\t<span class=\"container\">\n\t\t<span class=\"wrap\">\n\n\t\t\t\t\t\t\t\t\t\t\t\t<span class=\"icon\" style=\"text-align:left;\">\n\t\t\t\t\t\t<i class=\"fa fa fa-map-marker\" style=\"color: #ffffff;\"><\/i>\n\t\t\t\t\t<\/span>\n\t\t\t\t\t\t\t\n\t\t\t\t\t\t<span class=\"text\" style=\"text-align:left;\">\n\t\t\t\t\t\t\t\t<span class=\"title\" style=\"color:#ffffff;\">\n\t\t\t\t\tSzyb Luiza\t\t\t\t<\/span>\n\t\t\t\t\t\t\t\t\t\t\t<\/span>\n\t\t\t\n\t\t\t\t\t\t\t\t\t\t\t\t<\/span>\n\t<\/span>\n<\/a>\n\n<p><u><b>Zabrze w filmie<\/b><\/u><\/p>\n<p>Cz\u0119\u015b\u0107 scen do tej komedii romantycznej powsta\u0142a w kopalni \u201eKr\u00f3lowa Luiza&#8221; w Zabrzu.<\/p>\n<p><u><b>Nagrody i wyr\u00f3\u017cnienia<br \/>\n<\/b><\/u><\/p>\n<p>Festiwal Filmowy w Gdyni 2005 \u2013 Nagroda Stowarzyszenia Filmowc\u00f3w Polskich<br \/>\nHouston Worldfest Independent Film Festival 2006 \u2013 Golden Award;<br \/>\nFF w P\u0142owdiwie 2007 \u2013 nagroda za najlepsz\u0105 rol\u0119 \u017ce\u0144sk\u0105 (Iwona Sitkowska), Bar (Mi\u0119dzynarodowy Festiwal Film\u00f3w Telewizyjnych) &#8211; Nagroda za zdj\u0119cia (Marek Traskowski).<\/p>\n<hr \/>\n<p><span style=\"color: #800000;\"><u><b>Metryczka filmu<\/b><\/u><\/span><\/p>\n<p><span style=\"color: #800000;\">\u015awi\u0119ta Polskie: Barb\u00f3rka<br \/>\nPolska, 2005, 68 min<\/span><\/p>\n<p><span style=\"color: #800000;\">Re\u017cyseria: Maciej Pieprzyca<br \/>\n<\/span><span style=\"color: #800000;\">Scenariusz: Bartosz Kurowski, Maciej Pieprzyca<br \/>\n<\/span><span style=\"color: #800000;\">Zdj\u0119cia: Marek Traskowski<br \/>\n<\/span><span style=\"color: #800000;\">Muzyka: Patryk Zakrocki<br \/>\nCzas trwania: 68 min<br \/>\n<\/span><span style=\"color: #800000;\">Obsada: Marcin Doroci\u0144ski, Iwona Sitkowska, Robert Talarczyk, Tadeusz Madeja<\/span><\/p>\n<hr \/>\n<p><u><b>Trailer<\/b><\/u><\/p>\n<p>brak<\/p>\n","protected":false},"excerpt":{"rendered":"<p>Re\u017c. Maciej Pieprzyca Komedia romantyczna w scenerii \u015bl\u0105skich kopal\u0144 i fabryk? Dlaczego nie! Rodowity \u015al\u0105zak, re\u017cyser Maciej Pieprzyca wraca z kamer\u0105 w swoje rodzinne strony, by opowiedzie\u0107 histori\u0119 niemo\u017cliwej mi\u0142o\u015bci mi\u0119dzy zblazowanym gwiazdorem telenowel i prost\u0105 dziewczyn\u0105 pracuj\u0105c\u0105 na kopalni. A wszystko to na tle hucznych obchod\u00f3w \u015bwi\u0119ta patronki g\u00f3rnik\u00f3w &#8211; \u015bw. Barbary. Aby u\u015bwietni\u0107 [&hellip;]<\/p>\n","protected":false},"author":1,"featured_media":0,"parent":6068,"menu_order":0,"comment_status":"closed","ping_status":"closed","template":"","meta":[],"_links":{"self":[{"href":"https:\/\/kinoroma.zabrze.pl\/mapa\/index.php?rest_route=\/wp\/v2\/pages\/6083"}],"collection":[{"href":"https:\/\/kinoroma.zabrze.pl\/mapa\/index.php?rest_route=\/wp\/v2\/pages"}],"about":[{"href":"https:\/\/kinoroma.zabrze.pl\/mapa\/index.php?rest_route=\/wp\/v2\/types\/page"}],"author":[{"embeddable":true,"href":"https:\/\/kinoroma.zabrze.pl\/mapa\/index.php?rest_route=\/wp\/v2\/users\/1"}],"replies":[{"embeddable":true,"href":"https:\/\/kinoroma.zabrze.pl\/mapa\/index.php?rest_route=%2Fwp%2Fv2%2Fcomments&post=6083"}],"version-history":[{"count":9,"href":"https:\/\/kinoroma.zabrze.pl\/mapa\/index.php?rest_route=\/wp\/v2\/pages\/6083\/revisions"}],"predecessor-version":[{"id":7624,"href":"https:\/\/kinoroma.zabrze.pl\/mapa\/index.php?rest_route=\/wp\/v2\/pages\/6083\/revisions\/7624"}],"up":[{"embeddable":true,"href":"https:\/\/kinoroma.zabrze.pl\/mapa\/index.php?rest_route=\/wp\/v2\/pages\/6068"}],"wp:attachment":[{"href":"https:\/\/kinoroma.zabrze.pl\/mapa\/index.php?rest_route=%2Fwp%2Fv2%2Fmedia&parent=6083"}],"curies":[{"name":"wp","href":"https:\/\/api.w.org\/{rel}","templated":true}]}}