{"id":6101,"date":"2020-09-28T08:13:48","date_gmt":"2020-09-28T06:13:48","guid":{"rendered":"http:\/\/new.kinoroma.zabrze.pl\/mapa\/?page_id=6101"},"modified":"2020-10-20T12:53:58","modified_gmt":"2020-10-20T10:53:58","slug":"czeka-na-nas-swiat","status":"publish","type":"page","link":"https:\/\/kinoroma.zabrze.pl\/mapa\/?page_id=6101","title":{"rendered":"Czeka na nas \u015bwiat"},"content":{"rendered":"<h5><strong>Re\u017c. Robert Krzempek<\/strong><\/h5>\n<hr \/>\n<p><a href=\"https:\/\/kinoroma.zabrze.pl\/mapa\/wp-content\/uploads\/plakat-czeka-na-nas-swiat.png\"><img loading=\"lazy\" class=\"alignleft wp-image-6363 size-medium\" src=\"https:\/\/kinoroma.zabrze.pl\/mapa\/wp-content\/uploads\/plakat-czeka-na-nas-swiat-205x300.png\" alt=\"plakat\" width=\"205\" height=\"300\" srcset=\"https:\/\/kinoroma.zabrze.pl\/mapa\/wp-content\/uploads\/plakat-czeka-na-nas-swiat-205x300.png 205w, https:\/\/kinoroma.zabrze.pl\/mapa\/wp-content\/uploads\/plakat-czeka-na-nas-swiat.png 682w\" sizes=\"(max-width: 205px) 100vw, 205px\" \/><\/a><b>\u201eCzeka na nas \u015bwiat\u201d to kolejny debiut fabularny, jaki powsta\u0142 w Zabrzu. Niezwyk\u0142e, \u017ce to w\u0142a\u015bnie nasze miasto cz\u0119stokro\u0107 inspiruje m\u0142odych filmowc\u00f3w do tworzenia swoich pierwszych obraz\u00f3w. M\u0142ody re\u017cyser z niezwyk\u0142ym dystansem podszed\u0142 do realizacji filmu, opowiadaj\u0105cego o m\u0142odych ludziach wkraczaj\u0105cych w \u017cyciow\u0105 otch\u0142a\u0144 drapie\u017cnej rzeczywisto\u015bci III RP. By\u0107 mo\u017ce dlatego uda\u0142o mu si\u0119 przyprawi\u0107 film szczypt\u0105 satyry i groteski, co bywa rzadko\u015bci\u0105 w tw\u00f3rczo\u015bci debiutant\u00f3w. Dzi\u0119ki temu powsta\u0142 niezwykle autorski i nieco surrealistyczny obraz.<br \/>\n<\/b><\/p>\n<p>Krzempek opowiada histori\u0119 Piotrusia Nowaka (<b>Sebastian Pawlak<\/b>), 30-letniego bezrobotnego m\u0119\u017cczyzny, kt\u00f3ry mieszka samotnie w kawalerce na jednym ze \u015bl\u0105skich blokowisk. Piotrusia nie interesuj\u0105 takie drobiazgi jak zdobywanie pieni\u0119dzy na \u017cycie, wybra\u0142 bowiem niezwykle wygodny wariant \u017cycia w stu procentach na koszt leciwej matki (<b>Jadwiga Lesiak<\/b>).<\/p>\n<p>Mama nie jest jednak milionerk\u0105, a ubog\u0105 rencistk\u0105. Chocia\u017c oddaje synowi po\u0142ow\u0119 swojej renty, to s\u0105 to naprawd\u0119 niewielkie sumy. Ale to wystarczy Piotrusiowi i nic nie jest w stanie zmusi\u0107 go do poszukiwania pracy.<\/p>\n<p>Zreszt\u0105 uwa\u017ca, \u017ce jest stworzony do wa\u017cniejszych i bardziej wznios\u0142ych rzeczy, ni\u017c banalna praca \u201eod-do\u201d. Wi\u0119kszo\u015b\u0107 czasu sp\u0119dza wi\u0119c na my\u015bleniu o problemach \u015bwiata: globalizacji, g\u0142odzie w Afryce czy dziurze ozonowej.<\/p>\n<p>W ko\u0144cu nadchodzi jednak \u201es\u0105dny dzie\u0144&#8221;. Matka przychodzi zap\u0142akana do domu i oznajmia, \u017ce listonosz roznosz\u0105cy przekazy emerytalne, uciek\u0142 z pieni\u0119dzmi. Sytuacja Piotrusia komplikuje si\u0119 podw\u00f3jnie, bo rodzicielka nie tylko nie daje mu tradycyjnej, comiesi\u0119cznej sumy pieni\u0119dzy, to jeszcze wyje\u017cd\u017ca do sanatorium. No i mamy kataklizm! &#8211; Piotru\u015b musi prze\u017cy\u0107 miesi\u0105c na w\u0142asny rachunek.<\/p>\n<p><a href=\"https:\/\/kinoroma.zabrze.pl\/mapa\/wp-content\/uploads\/czeka-na-nas-swiat-kadr-z-filmu-4.png\"><img loading=\"lazy\" class=\"alignright wp-image-6362 size-medium\" src=\"https:\/\/kinoroma.zabrze.pl\/mapa\/wp-content\/uploads\/czeka-na-nas-swiat-kadr-z-filmu-4-300x199.png\" alt=\"img\" width=\"300\" height=\"199\" srcset=\"https:\/\/kinoroma.zabrze.pl\/mapa\/wp-content\/uploads\/czeka-na-nas-swiat-kadr-z-filmu-4-300x199.png 300w, https:\/\/kinoroma.zabrze.pl\/mapa\/wp-content\/uploads\/czeka-na-nas-swiat-kadr-z-filmu-4.png 597w\" sizes=\"(max-width: 300px) 100vw, 300px\" \/><\/a>Tutaj rozpoczyna si\u0119 Piotrusiowa droga przez piek\u0142o. A przynajmniej naszemu bohaterowi wydaje si\u0119, \u017ce tak jest. Pr\u00f3buje na wszelkie sposoby zdoby\u0107 pieni\u0105dze na jedzenie. W poszukiwaniu pracy i \u017ar\u00f3d\u0142a dochod\u00f3w, przemierza polsk\u0105 rzeczywisto\u015b\u0107, podejmuj\u0105c coraz bardziej rozpaczliwe i poni\u017caj\u0105ce pr\u00f3by zarobkowania.<\/p>\n<p>W urz\u0119dzie pracy dowiaduje si\u0119, \u017ce nie podo\u0142a nawet roli pomocnika murarza. Do\u015bwiadczony stary urz\u0119dnik wyja\u015bnia mu to bezceremonialnie, wskazuj\u0105c \u017ce jedyny zaw\u00f3d do jakiego si\u0119 nadaje, to \u201e<i>operator pilota do telewizora\u201d&#8230;<\/i><\/p>\n<p>Piotru\u015b przeszukuje \u015bmietniki w poszukiwaniu puszek, \u017cebrze pod ko\u015bcio\u0142em, sprzedaje sw\u00f3j sprz\u0119t graj\u0105cy w lombardzie. Za namow\u0105 kolegi o wdzi\u0119cznym pseudonimie Sproket (<b>Bartosz \u017bukowski<\/b>) pr\u00f3buje rozpocz\u0105\u0107\u2026 \u015bwiadczenie us\u0142ug erotycznych starszym paniom!<\/p>\n<p>Wszystkie pr\u00f3by ko\u0144cz\u0105 si\u0119 jednak niepowodzeniem. Piotru\u015b staje w ko\u0144cu przed widmem katastrofy. I wtedy wydarza si\u0119 co\u015b, co ca\u0142kowicie zmienia jego \u017cycie.<\/p>\n<p><a href=\"https:\/\/kinoroma.zabrze.pl\/mapa\/wp-content\/uploads\/czeka-na-nas-swiat-kadr-z-filmu-2.jpg\"><img loading=\"lazy\" class=\"alignleft wp-image-6361 size-medium\" src=\"https:\/\/kinoroma.zabrze.pl\/mapa\/wp-content\/uploads\/czeka-na-nas-swiat-kadr-z-filmu-2-300x200.jpg\" alt=\"\" width=\"300\" height=\"200\" srcset=\"https:\/\/kinoroma.zabrze.pl\/mapa\/wp-content\/uploads\/czeka-na-nas-swiat-kadr-z-filmu-2-300x200.jpg 300w, https:\/\/kinoroma.zabrze.pl\/mapa\/wp-content\/uploads\/czeka-na-nas-swiat-kadr-z-filmu-2.jpg 596w\" sizes=\"(max-width: 300px) 100vw, 300px\" \/><\/a>Debiutanckie dzie\u0142o Krzempka jest w du\u017cej mierze surrealistyczn\u0105 grotesk\u0105 przesycon\u0105 czarnym humorem. Chocia\u017cby nocne koszmary, dr\u0119cz\u0105ce bohatera, w kt\u00f3rych zjada \u017cywcem swoja matk\u0119. Pod p\u0142aszczykiem pure-nonsensu Krzempek przemyca jednak smutne i brutalne pytanie o to, co w\u0142a\u015bciwie oferuje m\u0142odym ludziom Polska pierwszej dekady XXI wieku?<\/p>\n<p>Robert Krzempek m\u00f3wi\u0142 w wywiadach, \u017ce kr\u0119c\u0105c \u201eCzeka Na nas \u015bwiat\u201d inspirowa\u0142 si\u0119 dzie\u0142ami Jima Jarmuscha, Andrzeja Munka i Milosa Formana. Jego autorski scenariusz do tego filmu wygra\u0142 w polskiej edycji konkursu Hartley-Merrill.<\/p>\n<p><u><b>Nagrody i wyr\u00f3\u017cnienia:<\/b><\/u><\/p>\n<p>Nagroda za najlepszy scenariusz na festiwalu filmowym w Koszalinie.<\/p>\n<hr \/>\n<p><span style=\"color: #800000;\"><u><b>Metryczka filmu<br \/>\n<\/b><b><br \/>\n<\/b><\/u>\u201eCzeka na nas \u015bwiat\u201d<br \/>\nPolska, 2006<br \/>\n<\/span><\/p>\n<p><span style=\"color: #800000;\">Re\u017cyseria: Robert Krzempek<\/span><br \/>\n<span style=\"color: #800000;\">Scenariusz: Robert Krzempek<\/span><br \/>\n<span style=\"color: #800000;\">Zdj\u0119cia: Adam Noco\u0144<\/span><br \/>\n<span style=\"color: #800000;\">Muzyka: Czarna dziura, Tomasz Jarczyk, Przemys\u0142aw Witkowicz<\/span><br \/>\n<span style=\"color: #800000;\">Monta\u017c: Robert Krzempek<\/span><br \/>\n<span style=\"color: #800000;\">Producent: WFDiF<\/span><br \/>\n<span style=\"color: #800000;\">Czas trwania: 91 min<\/span><br \/>\n<span style=\"color: #800000;\">Obsada: Sebastian Pawlak, Bartosz \u017bukowski, Cezary \u017bak, Jerzy Trela i inni.<\/span><\/p>\n<hr \/>\n<p><u><b>Trailer: <\/b><\/u><a href=\"https:\/\/www.filmweb.pl\/video\/Teaser\/Czeka+na+nas+%C5%9Bwiat+Teaser+nr+1-16719\"><span style=\"color: #1155cc;\"><u>https:\/\/www.filmweb.pl\/video\/Teaser\/Czeka+na+nas+%C5%9Bwiat+Teaser+nr+1-16719<\/u><\/span><\/a><\/p>\n<p><u><b>Scena w urz\u0119dzie pracy: <\/b><\/u><a href=\"https:\/\/vimeo.com\/264265298\"><span style=\"color: #1155cc;\"><u>https:\/\/vimeo.com\/264265298<\/u><\/span><\/a><\/p>\n<p><iframe loading=\"lazy\" src=\"https:\/\/player.vimeo.com\/video\/264265298\" width=\"640\" height=\"352\" frameborder=\"0\" allowfullscreen=\"allowfullscreen\"><\/iframe><\/p>\n<p>&nbsp;<\/p>\n","protected":false},"excerpt":{"rendered":"<p>Re\u017c. Robert Krzempek \u201eCzeka na nas \u015bwiat\u201d to kolejny debiut fabularny, jaki powsta\u0142 w Zabrzu. Niezwyk\u0142e, \u017ce to w\u0142a\u015bnie nasze miasto cz\u0119stokro\u0107 inspiruje m\u0142odych filmowc\u00f3w do tworzenia swoich pierwszych obraz\u00f3w. M\u0142ody re\u017cyser z niezwyk\u0142ym dystansem podszed\u0142 do realizacji filmu, opowiadaj\u0105cego o m\u0142odych ludziach wkraczaj\u0105cych w \u017cyciow\u0105 otch\u0142a\u0144 drapie\u017cnej rzeczywisto\u015bci III RP. By\u0107 mo\u017ce dlatego uda\u0142o [&hellip;]<\/p>\n","protected":false},"author":1,"featured_media":0,"parent":6068,"menu_order":0,"comment_status":"closed","ping_status":"closed","template":"","meta":[],"_links":{"self":[{"href":"https:\/\/kinoroma.zabrze.pl\/mapa\/index.php?rest_route=\/wp\/v2\/pages\/6101"}],"collection":[{"href":"https:\/\/kinoroma.zabrze.pl\/mapa\/index.php?rest_route=\/wp\/v2\/pages"}],"about":[{"href":"https:\/\/kinoroma.zabrze.pl\/mapa\/index.php?rest_route=\/wp\/v2\/types\/page"}],"author":[{"embeddable":true,"href":"https:\/\/kinoroma.zabrze.pl\/mapa\/index.php?rest_route=\/wp\/v2\/users\/1"}],"replies":[{"embeddable":true,"href":"https:\/\/kinoroma.zabrze.pl\/mapa\/index.php?rest_route=%2Fwp%2Fv2%2Fcomments&post=6101"}],"version-history":[{"count":12,"href":"https:\/\/kinoroma.zabrze.pl\/mapa\/index.php?rest_route=\/wp\/v2\/pages\/6101\/revisions"}],"predecessor-version":[{"id":7665,"href":"https:\/\/kinoroma.zabrze.pl\/mapa\/index.php?rest_route=\/wp\/v2\/pages\/6101\/revisions\/7665"}],"up":[{"embeddable":true,"href":"https:\/\/kinoroma.zabrze.pl\/mapa\/index.php?rest_route=\/wp\/v2\/pages\/6068"}],"wp:attachment":[{"href":"https:\/\/kinoroma.zabrze.pl\/mapa\/index.php?rest_route=%2Fwp%2Fv2%2Fmedia&parent=6101"}],"curies":[{"name":"wp","href":"https:\/\/api.w.org\/{rel}","templated":true}]}}