{"id":6105,"date":"2020-09-28T08:17:09","date_gmt":"2020-09-28T06:17:09","guid":{"rendered":"http:\/\/new.kinoroma.zabrze.pl\/mapa\/?page_id=6105"},"modified":"2020-10-20T09:18:45","modified_gmt":"2020-10-20T07:18:45","slug":"doskonale-popoludnie","status":"publish","type":"page","link":"https:\/\/kinoroma.zabrze.pl\/mapa\/?page_id=6105","title":{"rendered":"Doskona\u0142e popo\u0142udnie"},"content":{"rendered":"<h5><b>Re\u017c. Przemys\u0142aw Wojcieszek<\/b><\/h5>\n<hr \/>\n<p><b><a href=\"http:\/\/kinoroma.zabrze.pl\/mapa\/wp-content\/uploads\/doskonale-popoludnie-fotosy-z-filmu-3.png\"><img loading=\"lazy\" class=\"alignleft wp-image-6374 size-medium\" src=\"http:\/\/kinoroma.zabrze.pl\/mapa\/wp-content\/uploads\/doskonale-popoludnie-fotosy-z-filmu-3-300x196.png\" alt=\"\" width=\"300\" height=\"196\" srcset=\"https:\/\/kinoroma.zabrze.pl\/mapa\/wp-content\/uploads\/doskonale-popoludnie-fotosy-z-filmu-3-300x196.png 300w, https:\/\/kinoroma.zabrze.pl\/mapa\/wp-content\/uploads\/doskonale-popoludnie-fotosy-z-filmu-3.png 584w\" sizes=\"(max-width: 300px) 100vw, 300px\" \/><\/a>W \u201eDoskona\u0142ym popo\u0142udniu\u201d znany, niezale\u017cny re\u017cyser filmowy i teatralny Przemys\u0142aw Wojcieszek, przeprowadza wnikliw\u0105 analiz\u0119 stanu umys\u0142\u00f3w Polek i Polak\u00f3w w kluczowym momencie nowej, postkomunistycznej Polski. Rok wcze\u015bniej nasz kraj znalaz\u0142 si\u0119 w Unii Europejskiej, biznesmeni nie maj\u0105 jeszcze najnowszych BMW, poeci wierz\u0105, \u017ce b\u0119d\u0105 zarabia\u0107 na swoich tomikach, a wegetarianizm uwa\u017cany jest za niezrozumia\u0142\u0105 fanaberi\u0119. <\/b><\/p>\n<p>W \u201eDoskona\u0142ym popo\u0142udniu\u201d poznajemy histori\u0119 Miko\u0142aja i jego dziewczyny Anny. Wraz z wsp\u00f3lnikiem Krzy\u015bkiem prowadz\u0105 ma\u0142e wydawnictwo literackie na przedmie\u015bciach Gliwic. I w\u0142a\u015bnie musz\u0105 uratowa\u0107 je od kl\u0119ski.<\/p>\n<p>To z\u0142a chwila na k\u0142opoty. Za kilka dni ma si\u0119 odby\u0107 \u015blub Miko\u0142aja (<b>Micha\u0142 Czernecki<\/b>) i Anny (<b>Magdalena Pop\u0142awska <\/b>\u2013 rodowita Zabrzanka). M\u0142odzi nie maj\u0105 jednak g\u0142owy do przygotowa\u0144. Po komercyjnej kl\u0119sce pierwszej wydanej ksi\u0105\u017cki intensywnie poszukuj\u0105 tekstu, kt\u00f3ry da\u0142by nadziej\u0119 na sukces.<\/p>\n<p>Ani oni, ani ich wsp\u00f3lnik Krzysiek (<b>Krzysztof Czeczot<\/b>) nie maj\u0105 \u017cadnego pomys\u0142u na uratowanie wydawnictwa. W gor\u0105czce poszukiwa\u0144 drogi wyj\u015bcia z kryzysu, nie zauwa\u017caj\u0105 jednak deski ratunkowej, kt\u00f3r\u0105 rzuca im los.<\/p>\n<p>Ca\u0142ej tr\u00f3jce towarzyszy ich kolega, m\u0142ody filmowiec Jacek. Ch\u0142opak kr\u0119ci film dokumentalny o swoich przyjacio\u0142ach. To jednak z jego strony kompromis z rzeczywisto\u015bci\u0105, bo pocz\u0105tkowo bohaterem filmu mia\u0142 by\u0107 kto\u015b zupe\u0142nie inny.<\/p>\n<p><a href=\"http:\/\/kinoroma.zabrze.pl\/mapa\/wp-content\/uploads\/doskonale-popoludnie-fotosy-z-filmu-1.png\"><img loading=\"lazy\" class=\"alignleft wp-image-6372 size-medium\" src=\"http:\/\/kinoroma.zabrze.pl\/mapa\/wp-content\/uploads\/doskonale-popoludnie-fotosy-z-filmu-1-300x200.png\" alt=\"\" width=\"300\" height=\"200\" srcset=\"https:\/\/kinoroma.zabrze.pl\/mapa\/wp-content\/uploads\/doskonale-popoludnie-fotosy-z-filmu-1-300x200.png 300w, https:\/\/kinoroma.zabrze.pl\/mapa\/wp-content\/uploads\/doskonale-popoludnie-fotosy-z-filmu-1.png 581w\" sizes=\"(max-width: 300px) 100vw, 300px\" \/><\/a>Jacek planowa\u0142 stworzy\u0107 reporta\u017c o ojcu Miko\u0142aja &#8211; Andrzeju Mielczarku (<b>Jerzy Stuhr<\/b>). Starszy Mielczarek w latach 80. walczy\u0142 z systemem komunistycznym i by\u0142 dzia\u0142aczem Solidarno\u015bci. Potem zosta\u0142 wa\u017cnym politykiem, bryluj\u0105cym w\u015br\u00f3d postsolidarno\u015bciowych elit. Dzi\u015b \u017cyje w cieniu, prowadz\u0105c ledwo dysz\u0105c\u0105, ma\u0142\u0105 firm\u0119 we Wroc\u0142awiu.<\/p>\n<p>Jackowi udaje si\u0119 nam\u00f3wi\u0107 Mielczarka do wyst\u0105pienia w reporta\u017cu, ale po pierwszych zdj\u0119ciach by\u0142y solidarno\u015bciowiec zrywa umow\u0119. Wtedy m\u0142ody filmowiec postanawia skierowa\u0107 kamer\u0119 na jego syna &#8211; Miko\u0142aja.<\/p>\n<p>Szybko rodzi si\u0119 w jego g\u0142owie alternatywny plan. \u201eNowy\u201d film ma sta\u0107 si\u0119 swoistym portretem pokolenia \u201cdzieci Solidarno\u015bci\u201d i nowej, polskiej rzeczywisto\u015bci.<\/p>\n<p>Posta\u0107 Andrzeja Mielczarka jest w \u201eDoskona\u0142ym popo\u0142udniu\u201d swoistym \u0142\u0105cznikiem, dla dw\u00f3ch, r\u00f3wnoleg\u0142ych w\u0105tk\u00f3w, kt\u00f3rymi Wojcieszek prowadzi filmow\u0105 narracj\u0119.<\/p>\n<p>By\u0142y bojownik o wolno\u015b\u0107, kt\u00f3ry jest dzi\u015b przegranym cz\u0142owiekiem, pr\u00f3buje odbudowa\u0107 relacje z by\u0142\u0105 \u017con\u0105 Mari\u0105. Ich ma\u0142\u017ce\u0144stwo rozsypa\u0142o si\u0119 z jego winy. Maria odesz\u0142a od niego przed wielu laty, kiedy niesiony sukcesem politycznym Andrzej, przesta\u0142 zwraca\u0107 uwag\u0119 na w\u0142asn\u0105 rodzin\u0119. Mielczarek, spr\u00f3buje wykorzysta\u0107 \u015blub Anny i Miko\u0142aja do odzyskania uczu\u0107 Marii.<\/p>\n<p><a href=\"http:\/\/kinoroma.zabrze.pl\/mapa\/wp-content\/uploads\/doskonale-popoludnie-fotosy-z-filmu-2.png\"><img loading=\"lazy\" class=\"alignright wp-image-6373 size-medium\" src=\"http:\/\/kinoroma.zabrze.pl\/mapa\/wp-content\/uploads\/doskonale-popoludnie-fotosy-z-filmu-2-300x197.png\" alt=\"\" width=\"300\" height=\"197\" srcset=\"https:\/\/kinoroma.zabrze.pl\/mapa\/wp-content\/uploads\/doskonale-popoludnie-fotosy-z-filmu-2-300x197.png 300w, https:\/\/kinoroma.zabrze.pl\/mapa\/wp-content\/uploads\/doskonale-popoludnie-fotosy-z-filmu-2.png 582w\" sizes=\"(max-width: 300px) 100vw, 300px\" \/><\/a>Wojcieszek pami\u0119ta o tym, aby Polska i Polacy pokazywani w filmie nie byli jednowymiarowi. W kontra\u015bcie do Marii i Andrzeja &#8211; dw\u00f3jki intelektualist\u00f3w zwi\u0105zanych z warszawskimi elitami, re\u017cyser ustawia \u017cyj\u0105cych na \u015al\u0105sku rodzic\u00f3w Anny.<\/p>\n<p>Ojciec dziewczyny (<b>S\u0142awomir Orzechowski<\/b>) to by\u0142y g\u00f3rnik, prowadz\u0105cy znakomicie prosperuj\u0105c\u0105 masarni\u0119. Matka, Barbara (<b>Anna Dobrowolska<\/b>), jest gospodyni\u0105 domow\u0105. Nieuchronnie, filmowa narracja prowadzi do zderzenia tych \u015bwiat\u00f3w.<\/p>\n<p>Film Wojcieszka jest optymistyczn\u0105 w wymowie pr\u00f3b\u0105 analizy \u00f3wczesnej Polski w rok po wej\u015bciu kraju do Unii Europejskiej. Wojcieszek pyta: kim s\u0105 dzi\u015b byli \u201esolidarno\u015bciowcy\u201d? Kim s\u0105 ich dzieci i do czego d\u0105\u017c\u0105?<\/p>\n<p><u><b>Nagrody<\/b><\/u><\/p>\n<p>FPFF w Gdyni 2005: nagroda Stowarzyszenia Filmowc\u00f3w Polskich za tw\u00f3rcze przedstawienie rzeczywisto\u015bci, nagroda Prezydenta Warszawy za wra\u017cliwo\u015b\u0107 spo\u0142eczn\u0105; Mi\u0119dzynarodowy Festiwal Film\u00f3w o Mi\u0142o\u015bci w Weronie &#8211; nagroda jury m\u0142odzie\u017cowego; Nowojorski Festiwal Film\u00f3w Polskich &#8211; Nagroda im. Krzysztofa Kie\u015blowskiego i inne.<\/p>\n<hr \/>\n<p><span style=\"color: #800000;\"><u><b>Metryczka filmu<\/b><\/u><\/span><\/p>\n<p><span style=\"color: #800000;\">\u201eDoskona\u0142e popo\u0142udnie&#8221;<\/span><br \/>\n<span style=\"color: #800000;\">Polska 2007 (premiera) 2005 (zdj\u0119cia i produkcja)<\/span><\/p>\n<p><span style=\"color: #800000;\">Re\u017cyseria: Przemys\u0142aw Wojcieszek<\/span><br \/>\n<span style=\"color: #800000;\">Muzyka: Rados\u0142aw \u0141ukasiewicz, zesp\u00f3\u0142 Pustki<\/span><br \/>\n<span style=\"color: #800000;\">Zdj\u0119cia: Jolanta Dylewska<\/span><br \/>\n<span style=\"color: #800000;\">Scenografia: Andrzej P\u0142ocki, Andrzej Rafa\u0142 Waltenberger, Maria Duffek<\/span><br \/>\n<span style=\"color: #800000;\">Monta\u017c: Andrzej Bressa<\/span><br \/>\n<span style=\"color: #800000;\">Produkcja: Telewizja Polska, Agencja Produkcji Filmowej, Skorpion Art Film<\/span><br \/>\n<span style=\"color: #800000;\">Czas trwania: 90 min<\/span><br \/>\n<span style=\"color: #800000;\">Obsada: Micha\u0142 Czernecki, Magdalena Pop\u0142awska, Jerzy Stuhr, Ma\u0142gorzata Dobrowolska, Krzysztof Czeczot, Anita Podd\u0119bniak, Piotr Rogucki, \u0141ukasz Simlat<\/span><\/p>\n<hr \/>\n<p><u><b>Trailer: <\/b><\/u><a href=\"https:\/\/youtu.be\/LJOdqpzZfhU\"><span style=\"color: #1155cc;\"><u>https:\/\/youtu.be\/LJOdqpzZfhU<\/u><\/span><\/a><\/p>\n<p><iframe loading=\"lazy\" src=\"https:\/\/www.youtube.com\/embed\/LJOdqpzZfhU\" width=\"560\" height=\"315\" frameborder=\"0\" allowfullscreen=\"allowfullscreen\"><\/iframe><\/p>\n","protected":false},"excerpt":{"rendered":"<p>Re\u017c. Przemys\u0142aw Wojcieszek W \u201eDoskona\u0142ym popo\u0142udniu\u201d znany, niezale\u017cny re\u017cyser filmowy i teatralny Przemys\u0142aw Wojcieszek, przeprowadza wnikliw\u0105 analiz\u0119 stanu umys\u0142\u00f3w Polek i Polak\u00f3w w kluczowym momencie nowej, postkomunistycznej Polski. Rok wcze\u015bniej nasz kraj znalaz\u0142 si\u0119 w Unii Europejskiej, biznesmeni nie maj\u0105 jeszcze najnowszych BMW, poeci wierz\u0105, \u017ce b\u0119d\u0105 zarabia\u0107 na swoich tomikach, a wegetarianizm uwa\u017cany jest [&hellip;]<\/p>\n","protected":false},"author":1,"featured_media":0,"parent":6068,"menu_order":0,"comment_status":"closed","ping_status":"closed","template":"","meta":[],"_links":{"self":[{"href":"https:\/\/kinoroma.zabrze.pl\/mapa\/index.php?rest_route=\/wp\/v2\/pages\/6105"}],"collection":[{"href":"https:\/\/kinoroma.zabrze.pl\/mapa\/index.php?rest_route=\/wp\/v2\/pages"}],"about":[{"href":"https:\/\/kinoroma.zabrze.pl\/mapa\/index.php?rest_route=\/wp\/v2\/types\/page"}],"author":[{"embeddable":true,"href":"https:\/\/kinoroma.zabrze.pl\/mapa\/index.php?rest_route=\/wp\/v2\/users\/1"}],"replies":[{"embeddable":true,"href":"https:\/\/kinoroma.zabrze.pl\/mapa\/index.php?rest_route=%2Fwp%2Fv2%2Fcomments&post=6105"}],"version-history":[{"count":10,"href":"https:\/\/kinoroma.zabrze.pl\/mapa\/index.php?rest_route=\/wp\/v2\/pages\/6105\/revisions"}],"predecessor-version":[{"id":7587,"href":"https:\/\/kinoroma.zabrze.pl\/mapa\/index.php?rest_route=\/wp\/v2\/pages\/6105\/revisions\/7587"}],"up":[{"embeddable":true,"href":"https:\/\/kinoroma.zabrze.pl\/mapa\/index.php?rest_route=\/wp\/v2\/pages\/6068"}],"wp:attachment":[{"href":"https:\/\/kinoroma.zabrze.pl\/mapa\/index.php?rest_route=%2Fwp%2Fv2%2Fmedia&parent=6105"}],"curies":[{"name":"wp","href":"https:\/\/api.w.org\/{rel}","templated":true}]}}