{"id":6112,"date":"2020-09-28T08:20:09","date_gmt":"2020-09-28T06:20:09","guid":{"rendered":"http:\/\/new.kinoroma.zabrze.pl\/mapa\/?page_id=6112"},"modified":"2020-10-20T09:42:14","modified_gmt":"2020-10-20T07:42:14","slug":"o-krok-od-pucharu-gornik-zabrze-1969-1970","status":"publish","type":"page","link":"https:\/\/kinoroma.zabrze.pl\/mapa\/?page_id=6112","title":{"rendered":"O krok od pucharu &#8211; G\u00f3rnik Zabrze 1969\/1970"},"content":{"rendered":"<h5 class=\"western\" lang=\"pl\"><strong>Re\u017c. Rafal Nahorny, Marcin Ros\u0142o\u0144<\/strong><\/h5>\n<hr \/>\n<p><b><a href=\"https:\/\/kinoroma.zabrze.pl\/mapa\/wp-content\/uploads\/gornik-zabrze-fot-wikipedia.jpeg\"><img loading=\"lazy\" class=\"alignleft wp-image-6470 size-medium\" src=\"https:\/\/kinoroma.zabrze.pl\/mapa\/wp-content\/uploads\/gornik-zabrze-fot-wikipedia-300x169.jpeg\" alt=\"\" width=\"300\" height=\"169\" srcset=\"https:\/\/kinoroma.zabrze.pl\/mapa\/wp-content\/uploads\/gornik-zabrze-fot-wikipedia-300x169.jpeg 300w, https:\/\/kinoroma.zabrze.pl\/mapa\/wp-content\/uploads\/gornik-zabrze-fot-wikipedia.jpeg 624w\" sizes=\"(max-width: 300px) 100vw, 300px\" \/><\/a>Z\u0142ote czasy G\u00f3rnika Zabrze i wielkie pi\u0142karskie emocje, kt\u00f3re do dzi\u015b \u017cyj\u0105 w pami\u0119ci polskich kibic\u00f3w. W 1970 roku, po raz pierwszy w historii krajowego futbolu polski, zesp\u00f3\u0142 walczy\u0142 w finale Pucharu Zdobywc\u00f3w Puchar\u00f3w (jego bezpo\u015bredni\u0105 kontynuacj\u0105 jest Liga Mistrz\u00f3w). Marcin Ros\u0142o\u0144 i Rafa\u0142 Nahorny relacjonuj\u0105 najlepszy sezon \u015bl\u0105skiej dru\u017cyny, kt\u00f3ry doprowadzi\u0142 do pami\u0119tnego meczu z Manchesterem City. <\/b><\/p>\n<p>Film nakr\u0119cili dwaj prawdziwi specjali\u015bci<span lang=\"pl-PL\"> od pi\u0142ki no\u017cnej<\/span>. <b>Rafa\u0142 Nahorny<\/b> jest komentatorem ligi angielskiej w Canal+ i do\u015bwiadczonym dziennikarzem sportowym, a <b>Marcin Ros\u0142o\u0144<\/b> to by\u0142y pi\u0142karz Legii Warszawa i dziennikarz sportowy, tak\u017ce pracuj\u0105cy jako komentator w Canal+.<\/p>\n<p>Film jest cz\u0119\u015bci\u0105 autorskiej serii dokumentalnej Canal+, przybli\u017caj\u0105cej najwspanialsze w historii chwile polskich dru\u017cyn klubowych na arenie mi\u0119dzynarodowej. W \u201eO krok od pucharu &#8211; G\u00f3rnik Zabrze 1969\/1970&#8243; tw\u00f3rcy relacjonuj\u0105 historyczny sezon \u015bl\u0105skiej dru\u017cyny. W filmie znalaz\u0142y si\u0119 wypowiedzi uczestnik\u00f3w tamtych wydarze\u0144, kt\u00f3rzy mimo up\u0142ywu ponad 40 lat imponuj\u0105 znakomit\u0105 pami\u0119ci\u0105 i&#8230; poczuciem humoru.<\/p>\n<p><a href=\"https:\/\/kinoroma.zabrze.pl\/mapa\/wp-content\/uploads\/gornik-zabrze-fot-wikipedia.jpg\"><img loading=\"lazy\" class=\"alignright wp-image-6471 size-medium\" src=\"https:\/\/kinoroma.zabrze.pl\/mapa\/wp-content\/uploads\/gornik-zabrze-fot-wikipedia-300x169.jpg\" alt=\"\" width=\"300\" height=\"169\" srcset=\"https:\/\/kinoroma.zabrze.pl\/mapa\/wp-content\/uploads\/gornik-zabrze-fot-wikipedia-300x169.jpg 300w, https:\/\/kinoroma.zabrze.pl\/mapa\/wp-content\/uploads\/gornik-zabrze-fot-wikipedia-1024x576.jpg 1024w, https:\/\/kinoroma.zabrze.pl\/mapa\/wp-content\/uploads\/gornik-zabrze-fot-wikipedia-768x432.jpg 768w, https:\/\/kinoroma.zabrze.pl\/mapa\/wp-content\/uploads\/gornik-zabrze-fot-wikipedia.jpg 1280w\" sizes=\"(max-width: 300px) 100vw, 300px\" \/><\/a>W\u0142odzimierz Luba\u0144ski, Zygfryd Szo\u0142tysik, Jerzy Gorgo\u0144, Stanis\u0142aw O\u015bliz\u0142o i Hubert Kostka raz jeszcze prze\u017cywaj\u0105 zdobywane bramki i niewykorzystane szanse. Film okraszony jest fragmentami kluczowych mecz\u00f3w komentowanych przez legendarnego Jana Ciszewskiego i archiwalnych program\u00f3w z udzia\u0142em pi\u0142karzy z Zabrza. Widzowie pos\u0142uchaj\u0105 \u015bpiewanej przez \u201eSkald\u00f3w&#8221; piosenki \u201eG\u00f3r\u0105 G\u00f3rnik&#8221; &#8211; pi\u0142karskiego hymnu ze s\u0142owami Wojciecha M\u0142ynarskiego i muzyk\u0105 Andrzeja Zieli\u0144skiego.<\/p>\n<p>Byli zawodnicy przytaczaj\u0105c zabawne anegdoty, m\u00f3wi\u0105 o trenerach \u2013 Gezie Kalocsayu i Michale Matysie, a tak\u017ce wspominaj\u0105 czasy, w kt\u00f3rych przysz\u0142o im gra\u0107 w pi\u0142k\u0119. Co zrozumia\u0142e &#8211; g\u0142\u00f3wnym planem filmowym dla tw\u00f3rc\u00f3w by\u0142 stadion G\u00f3rnika w Zabrzu<\/p>\n<p><a name=\"_GoBack\"><\/a> Film o G\u00f3rniku by\u0142 kolejn\u0105 wsp\u00f3ln\u0105 produkcj\u0105 Nahornego i Ros\u0142onia. W 2010 roku nakr\u0119cili dokument z tej samej serii pt. <strong>\u201e<\/strong><b>O krok od Pucharu&#8221;\u00a0 Legia Warszawa 1969\/1970<\/b>.<\/p>\n<a\n\thref=\"\/mapa\/?ait-item=2-stadion-gornika-zabrze\"\n\t\tid=\"ait-sc-button-1\"\n\tclass=\"ait-sc-button alignright  buticon-left    simple\"\n\tstyle=\"width:240px;background-color:#001e92; border-color:#001e92;margin-top:20;margin-left:20;margin-right:20;margin-bottom:20;\"\n>\n\t<span class=\"container\">\n\t\t<span class=\"wrap\">\n\n\t\t\t\t\t\t\t\t\t\t\t\t<span class=\"icon\" style=\"text-align:left;\">\n\t\t\t\t\t\t<i class=\"fa fa fa-map-marker\" style=\"color: #ffffff;\"><\/i>\n\t\t\t\t\t<\/span>\n\t\t\t\t\t\t\t\n\t\t\t\t\t\t<span class=\"text\" style=\"text-align:left;\">\n\t\t\t\t\t\t\t\t<span class=\"title\" style=\"color:#ffffff;\">\n\t\t\t\t\tStadion G\u00f3rnika Zabrze\t\t\t\t<\/span>\n\t\t\t\t\t\t\t\t\t\t\t<\/span>\n\t\t\t\n\t\t\t\t\t\t\t\t\t\t\t\t<\/span>\n\t<\/span>\n<\/a>\n\n<p><b>Rafa\u0142 Nahorny <\/b>jest nie tylko dziennikarzem sportowym. W dzieci\u0144stwie trenowa\u0142 pi\u0142k\u0119 no\u017cn\u0105 w klubie Olimpia Elbl\u0105g, potem uko\u0144czy\u0142 prawo i dziennikarstwo na Uniwersytecie Warszawskim. Przez 18 lat zwi\u0105zany by\u0142 z \u201ePrzegl\u0105dem Sportowym&#8221;, a od 1995 komentowa\u0142 mecze pi\u0142karskie w Canal +. Ma te\u017c na koncie ksi\u0105\u017ck\u0119. W 2006 roku pomaga\u0142 w pisaniu autobiografii \u201ePele, Boniek i ja&#8221;, znanemu pi\u0142karzowi Stanis\u0142awowi Terleckiemu.<\/p>\n<hr \/>\n<p><span style=\"color: #800000;\"><u><b>metryczka filmu<\/b><\/u><\/span><\/p>\n<p><span style=\"color: #800000;\">\u201eO krok od pucharu &#8211; G\u00f3rnik Zabrze 1969\/1970&#8243;<\/span><br \/>\n<span style=\"color: #800000;\">Polska, 2012<\/span><br \/>\n<span style=\"color: #800000;\">Dokument sportowy, telewizyjny<\/span><\/p>\n<p><span style=\"color: #800000;\">Rezyseria: Rafal Nahorny, Marcin Ros\u0142o\u0144<\/span><br \/>\n<span style=\"color: #800000;\">Produkcja: Canal+<\/span><br \/>\n<span style=\"color: #800000;\">Czas trwania: 92 min<\/span><\/p>\n<hr \/>\n<p>&nbsp;<\/p>\n","protected":false},"excerpt":{"rendered":"<p>Re\u017c. Rafal Nahorny, Marcin Ros\u0142o\u0144 Z\u0142ote czasy G\u00f3rnika Zabrze i wielkie pi\u0142karskie emocje, kt\u00f3re do dzi\u015b \u017cyj\u0105 w pami\u0119ci polskich kibic\u00f3w. W 1970 roku, po raz pierwszy w historii krajowego futbolu polski, zesp\u00f3\u0142 walczy\u0142 w finale Pucharu Zdobywc\u00f3w Puchar\u00f3w (jego bezpo\u015bredni\u0105 kontynuacj\u0105 jest Liga Mistrz\u00f3w). Marcin Ros\u0142o\u0144 i Rafa\u0142 Nahorny relacjonuj\u0105 najlepszy sezon \u015bl\u0105skiej dru\u017cyny, [&hellip;]<\/p>\n","protected":false},"author":1,"featured_media":0,"parent":6068,"menu_order":0,"comment_status":"closed","ping_status":"closed","template":"","meta":[],"_links":{"self":[{"href":"https:\/\/kinoroma.zabrze.pl\/mapa\/index.php?rest_route=\/wp\/v2\/pages\/6112"}],"collection":[{"href":"https:\/\/kinoroma.zabrze.pl\/mapa\/index.php?rest_route=\/wp\/v2\/pages"}],"about":[{"href":"https:\/\/kinoroma.zabrze.pl\/mapa\/index.php?rest_route=\/wp\/v2\/types\/page"}],"author":[{"embeddable":true,"href":"https:\/\/kinoroma.zabrze.pl\/mapa\/index.php?rest_route=\/wp\/v2\/users\/1"}],"replies":[{"embeddable":true,"href":"https:\/\/kinoroma.zabrze.pl\/mapa\/index.php?rest_route=%2Fwp%2Fv2%2Fcomments&post=6112"}],"version-history":[{"count":11,"href":"https:\/\/kinoroma.zabrze.pl\/mapa\/index.php?rest_route=\/wp\/v2\/pages\/6112\/revisions"}],"predecessor-version":[{"id":7611,"href":"https:\/\/kinoroma.zabrze.pl\/mapa\/index.php?rest_route=\/wp\/v2\/pages\/6112\/revisions\/7611"}],"up":[{"embeddable":true,"href":"https:\/\/kinoroma.zabrze.pl\/mapa\/index.php?rest_route=\/wp\/v2\/pages\/6068"}],"wp:attachment":[{"href":"https:\/\/kinoroma.zabrze.pl\/mapa\/index.php?rest_route=%2Fwp%2Fv2%2Fmedia&parent=6112"}],"curies":[{"name":"wp","href":"https:\/\/api.w.org\/{rel}","templated":true}]}}