{"id":6114,"date":"2020-09-28T08:21:11","date_gmt":"2020-09-28T06:21:11","guid":{"rendered":"http:\/\/new.kinoroma.zabrze.pl\/mapa\/?page_id=6114"},"modified":"2020-10-20T09:15:25","modified_gmt":"2020-10-20T07:15:25","slug":"gwiazdy","status":"publish","type":"page","link":"https:\/\/kinoroma.zabrze.pl\/mapa\/?page_id=6114","title":{"rendered":"Gwiazdy"},"content":{"rendered":"<h5 class=\"western\" lang=\"pl\"><strong>Re\u017c. Jan Kidawa-B\u0142o\u0144ski<\/strong><\/h5>\n<hr \/>\n<p><b><a href=\"http:\/\/kinoroma.zabrze.pl\/mapa\/wp-content\/uploads\/plakat-Gwiazdy.jpg\"><img loading=\"lazy\" class=\"alignleft wp-image-6397 size-medium\" src=\"http:\/\/kinoroma.zabrze.pl\/mapa\/wp-content\/uploads\/plakat-Gwiazdy-209x300.jpg\" alt=\"plakat\" width=\"209\" height=\"300\" srcset=\"https:\/\/kinoroma.zabrze.pl\/mapa\/wp-content\/uploads\/plakat-Gwiazdy-209x300.jpg 209w, https:\/\/kinoroma.zabrze.pl\/mapa\/wp-content\/uploads\/plakat-Gwiazdy.jpg 500w\" sizes=\"(max-width: 209px) 100vw, 209px\" \/><\/a>Dw\u00f3ch przyjaci\u00f3\u0142, pi\u0119kna kobieta i pi\u0142ka no\u017cna. W ten spos\u00f3b mo\u017cna by stre\u015bci\u0107 film \u201eGwiazdy\u201d Jana Kidawy-B\u0142o\u0144skiego. Mo\u017cna by, ale streszczanie niezwyk\u0142ych los\u00f3w Jana Banasia<\/b><b> &#8211; <\/b><b>g\u0142\u00f3wnego bohatera filmu <\/b><b>&#8211; <\/b><b>mija si\u0119 z celem.<\/b><\/p>\n<p>Jeden z najwybitniejszych polskich pi\u0142karzy, gwiazda reprezentacji Polski i G\u00f3rnika Zabrze w z\u0142otych latach kadry Kazimierza G\u00f3rskiego. Dlaczego jednak nie znamy go jak Deyny i Tomaszewskiego? Bo \u017cycie Banasia, niczym rollercoaster, wyci\u0105ga\u0142o go na szczyty, by chwil\u0119 p\u00f3\u017aniej sprowadzi\u0107 na samo dno. Chcecie lepiej pozna\u0107 t\u0119 histori\u0119? Czytajcie dalej.<\/p>\n<p>\u201e<b>Gwiazdy\u201d to opowie\u015b\u0107 o wielkiej, ale i niszcz\u0105cej mi\u0142o\u015bci. <\/b>Dw\u00f3ch najbli\u017cszych przyjaci\u00f3\u0142 na zawsze podzieli\u0142a kobieta, ale do ko\u0144ca \u017cycia po\u0142\u0105czy\u0142a mi\u0142o\u015b\u0107 do pi\u0142ki no\u017cnej. T\u0142em los\u00f3w bohater\u00f3w s\u0105 najwspanialsze lata polskiej pi\u0142ki no\u017cnej &#8211; z\u0142oty medal na Olimpiadzie w Monachium, udzia\u0142 G\u00f3rnika Zabrze w finale Pucharu Zdobywc\u00f3w Puchar\u00f3w (poprzednik Ligi Mistrz\u00f3w) i legendarne Mistrzostwa \u015bwiata w Niemczech w 1974 roku. Trzeba przyzna\u0107, \u017ce \u0142za si\u0119 w oku kr\u0119ci, a w sercu pojawia si\u0119 szpileczka \u201each gdyby teraz tak grali!\u201d.<\/p>\n<p>Re\u017cyser ju\u017c na samym pocz\u0105tku zabiera nas do miasta, kt\u00f3re rzuci\u0142o cie\u0144 na ca\u0142e \u017cycie Banasia &#8211; Berlina. W 1943 roku, w \u015brodku II wojny \u015bwiatowej, b\u0119d\u0105ca w ci\u0105\u017cy mama pi\u0142karza postanowi\u0142a bowiem odnale\u017a\u0107 ojca dziecka. Anna Bana\u015b (w tej roli znakomita <b>Magdalena Cielecka<\/b>) wyjecha\u0142a z g\u00f3rniczego Zabrza, kt\u00f3re nazywa\u0142o si\u0119 wtedy Hindenburg, do stolicy III Rzeszy. Znalaz\u0142a biologicznego ojca Janka, ale nie zd\u0105\u017cy\u0142a ju\u017c wr\u00f3ci\u0107 na \u015al\u0105sk przed porodem. Dlatego Jan urodzi\u0142 si\u0119 jako Hans, a narodziny w stolicy III Rzeszy wisia\u0142y ju\u017c zawsze nad nim niczym fatum.<\/p>\n<p>W rol\u0119 Banasia wcieli\u0142 si\u0119 <b>Mateusz Ko\u015bciukiewicz <\/b>(\u201eWszystko co kocham\u201d, \u201eBilet na ksi\u0119\u017cyc\u201d), kt\u00f3remu partneruje w rol Gintera <b>Sebastian Fabija\u0144ski<\/b>, znany m.in. z hitu Patryka Vegi \u2013 \u201ePitbull. Niebezpieczne kobiety\u201d i \u201eKamerdynera\u201d Filipa Bajona. Mi\u0142osny tr\u00f3jk\u0105t dope\u0142nia zjawiskowa <b>Karolina Szymczak<\/b>, kt\u00f3r\u0105 mogli\u015bmy ogl\u0105da\u0107 u boku Dwayne\u2019a Johnsona w hollywoodzkiej produkcji \u201eHercules\u201d.<\/p>\n<p><a href=\"http:\/\/kinoroma.zabrze.pl\/mapa\/wp-content\/uploads\/GWIAZDY_fot.-Robert-Jaworskioficjalne-fotosy-udostepnione-przez-dystrybutora-1.png\"><img loading=\"lazy\" class=\"alignleft wp-image-6398 size-medium\" src=\"http:\/\/kinoroma.zabrze.pl\/mapa\/wp-content\/uploads\/GWIAZDY_fot.-Robert-Jaworskioficjalne-fotosy-udostepnione-przez-dystrybutora-1-300x200.png\" alt=\"\" width=\"300\" height=\"200\" srcset=\"https:\/\/kinoroma.zabrze.pl\/mapa\/wp-content\/uploads\/GWIAZDY_fot.-Robert-Jaworskioficjalne-fotosy-udostepnione-przez-dystrybutora-1-300x200.png 300w, https:\/\/kinoroma.zabrze.pl\/mapa\/wp-content\/uploads\/GWIAZDY_fot.-Robert-Jaworskioficjalne-fotosy-udostepnione-przez-dystrybutora-1-768x513.png 768w, https:\/\/kinoroma.zabrze.pl\/mapa\/wp-content\/uploads\/GWIAZDY_fot.-Robert-Jaworskioficjalne-fotosy-udostepnione-przez-dystrybutora-1.png 845w\" sizes=\"(max-width: 300px) 100vw, 300px\" \/><\/a>Epizodyczne role gra \u015bmietanka polskich aktor\u00f3w: <b>Adam Woronowicz<\/b>, <b>Eryk Lubos<\/b>, <b>Marian Dzi\u0119dziel <\/b>i <b>Wojciech Mecwaldowski<\/b>. W ojca Jana Banasia wciela si\u0119 zapomniany ju\u017c nieco <b>Pawe\u0142 Del\u0105g<\/b>. \u015awietnym pomys\u0142em by\u0142o te\u017c obsadzenie lidera zespo\u0142u Vox &#8211; <b>Witolda Paszta<\/b> w roli w\u0119gierskiego trenera G\u00f3rnika i <b>Gra\u017cyny Torbickiej <\/b>jako\u2026 Krystyny Loski, legendarnej prezenterki telewizyjnej z czas\u00f3w PRL.<\/p>\n<p><a name=\"_GoBack\"><\/a> W jednym z wywiad\u00f3w, re\u017cyser zapytany o to, co jest g\u0142\u00f3wnym przes\u0142aniem filmu odpowiedzia\u0142: \u201e<i>Zapragn\u0105\u0142em zrobi\u0107 film o marzeniach. Ka\u017cdy w \u017cyciu ma jakie\u015b marzenie i potem w \u017cyciu, d\u0105\u017cymy do ich realizacji. I to nie zawsze si\u0119 udaje\u201d<\/i>. Dlatego te\u017c mottem filmu s\u0105 s\u0142owa wybitnego pisarza ukrai\u0144skiego Jurija Andruchowycza: <i><b>\u201cmarzenia zawsze si\u0119 spe\u0142niaj\u0105, ale nie wtedy kiedy tego oczekujesz i nie zawsze tak, jak to sobie wyobra\u017ca\u0142e\u015b\u201d <\/b><\/i>(z powie\u015bci \u201e12 kr\u0119g\u00f3w\u201d).<\/p>\n<p>Ale dla nas \u201eGwiazdy\u201d najlepiej podsumowuj\u0105 s\u0142owa filmowej matki Banasia, wypowiadane podczas pogrzebu: \u201e<i>Je\u017celi nie zawalczycie o swoj\u0105 mi\u0142o\u015b\u0107, mo\u017cecie tego \u017ca\u0142owa\u0107 do ko\u0144ca \u017cycia. Bo mi\u0142o\u015b\u0107 jednak jest najwa\u017cniejsza&#8221;.<\/i><\/p>\n<p>I pewnie tak jest.<\/p>\n<p><u><b>Miasto w filmie<\/b><\/u><\/p>\n<p><a\n\thref=\"\/mapa\/?ait-item=2-stadion-gornika-zabrze\"\n\t\tid=\"ait-sc-button-1\"\n\tclass=\"ait-sc-button alignleft  buticon-left    simple\"\n\tstyle=\"width:260px;background-color:#001e92; border-color:#001e92;margin-top:20;margin-left:20;margin-right:20;margin-bottom:20;\"\n>\n\t<span class=\"container\">\n\t\t<span class=\"wrap\">\n\n\t\t\t\t\t\t\t\t\t\t\t\t<span class=\"icon\" style=\"text-align:left;\">\n\t\t\t\t\t\t<i class=\"fa fa fa-map-marker\" style=\"color: #ffffff;\"><\/i>\n\t\t\t\t\t<\/span>\n\t\t\t\t\t\t\t\n\t\t\t\t\t\t<span class=\"text\" style=\"text-align:left;\">\n\t\t\t\t\t\t\t\t<span class=\"title\" style=\"color:#ffffff;\">\n\t\t\t\t\tStadion G\u00f3rnika Zabrze\t\t\t\t<\/span>\n\t\t\t\t\t\t\t\t\t\t\t<\/span>\n\t\t\t\n\t\t\t\t\t\t\t\t\t\t\t\t<\/span>\n\t<\/span>\n<\/a>\n <a\n\thref=\"\/mapa\/?ait-item=5-osiedle-robotnicze-donnesmarcka-zandka\"\n\t\tid=\"ait-sc-button-2\"\n\tclass=\"ait-sc-button alignleft  buticon-left    simple\"\n\tstyle=\"width:260px;background-color:#001e92; border-color:#001e92;margin-top:20;margin-left:20;margin-right:20;margin-bottom:20;\"\n>\n\t<span class=\"container\">\n\t\t<span class=\"wrap\">\n\n\t\t\t\t\t\t\t\t\t\t\t\t<span class=\"icon\" style=\"text-align:left;\">\n\t\t\t\t\t\t<i class=\"fa fa fa-map-marker\" style=\"color: #ffffff;\"><\/i>\n\t\t\t\t\t<\/span>\n\t\t\t\t\t\t\t\n\t\t\t\t\t\t<span class=\"text\" style=\"text-align:left;\">\n\t\t\t\t\t\t\t\t<span class=\"title\" style=\"color:#ffffff;\">\n\t\t\t\t\tOsiedle robotnicze Donnesmarcka \u201eZandka\u201d\t\t\t\t<\/span>\n\t\t\t\t\t\t\t\t\t\t\t<\/span>\n\t\t\t\n\t\t\t\t\t\t\t\t\t\t\t\t<\/span>\n\t<\/span>\n<\/a>\n<a\n\thref=\"\/mapa\/?ait-item=6-kino-roma\"\n\t\tid=\"ait-sc-button-3\"\n\tclass=\"ait-sc-button alignleft  buticon-left    simple\"\n\tstyle=\"width:260px;background-color:#001e92; border-color:#001e92;margin-top:20;margin-left:20;margin-right:20;margin-bottom:20;\"\n>\n\t<span class=\"container\">\n\t\t<span class=\"wrap\">\n\n\t\t\t\t\t\t\t\t\t\t\t\t<span class=\"icon\" style=\"text-align:left;\">\n\t\t\t\t\t\t<i class=\"fa fa fa-map-marker\" style=\"color: #ffffff;\"><\/i>\n\t\t\t\t\t<\/span>\n\t\t\t\t\t\t\t\n\t\t\t\t\t\t<span class=\"text\" style=\"text-align:left;\">\n\t\t\t\t\t\t\t\t<span class=\"title\" style=\"color:#ffffff;\">\n\t\t\t\t\tKino Roma\u201d\t\t\t\t<\/span>\n\t\t\t\t\t\t\t\t\t\t\t<\/span>\n\t\t\t\n\t\t\t\t\t\t\t\t\t\t\t\t<\/span>\n\t<\/span>\n<\/a>\n<\/p>\n<a\n\thref=\"\/mapa\/?ait-item=7-hala-mosir\"\n\t\tid=\"ait-sc-button-4\"\n\tclass=\"ait-sc-button alignleft  buticon-left    simple\"\n\tstyle=\"width:260px;background-color:#001e92; border-color:#001e92;margin-top:20;margin-left:20;margin-right:20;margin-bottom:20;\"\n>\n\t<span class=\"container\">\n\t\t<span class=\"wrap\">\n\n\t\t\t\t\t\t\t\t\t\t\t\t<span class=\"icon\" style=\"text-align:left;\">\n\t\t\t\t\t\t<i class=\"fa fa fa-map-marker\" style=\"color: #ffffff;\"><\/i>\n\t\t\t\t\t<\/span>\n\t\t\t\t\t\t\t\n\t\t\t\t\t\t<span class=\"text\" style=\"text-align:left;\">\n\t\t\t\t\t\t\t\t<span class=\"title\" style=\"color:#ffffff;\">\n\t\t\t\t\tHala MOSiR\t\t\t\t<\/span>\n\t\t\t\t\t\t\t\t\t\t\t<\/span>\n\t\t\t\n\t\t\t\t\t\t\t\t\t\t\t\t<\/span>\n\t<\/span>\n<\/a>\n\n<a\n\thref=\"\/mapa\/?ait-item=9-dom-muzyki-i-tanca\"\n\t\tid=\"ait-sc-button-5\"\n\tclass=\"ait-sc-button alignleft  buticon-left    simple\"\n\tstyle=\"width:260px;background-color:#001e92; border-color:#001e92;margin-top:20;margin-left:20;margin-right:20;margin-bottom:20;\"\n>\n\t<span class=\"container\">\n\t\t<span class=\"wrap\">\n\n\t\t\t\t\t\t\t\t\t\t\t\t<span class=\"icon\" style=\"text-align:left;\">\n\t\t\t\t\t\t<i class=\"fa fa fa-map-marker\" style=\"color: #ffffff;\"><\/i>\n\t\t\t\t\t<\/span>\n\t\t\t\t\t\t\t\n\t\t\t\t\t\t<span class=\"text\" style=\"text-align:left;\">\n\t\t\t\t\t\t\t\t<span class=\"title\" style=\"color:#ffffff;\">\n\t\t\t\t\tDom Muzyki i Ta\u0144ca\t\t\t\t<\/span>\n\t\t\t\t\t\t\t\t\t\t\t<\/span>\n\t\t\t\n\t\t\t\t\t\t\t\t\t\t\t\t<\/span>\n\t<\/span>\n<\/a>\n\n<p>Mo\u017cna pokusi\u0107 si\u0119 o stwierdzenie, \u017ce miasto Zabrze to jeden z g\u0142\u00f3wnych aktor\u00f3w filmu \u201eGwiazdy\u201d. To tu w\u0142a\u015bnie nakr\u0119cono wi\u0119kszo\u015b\u0107 zdj\u0119\u0107 filmu Kidawy-B\u0142o\u0144skiego.<br \/>\nW filmie podziwia\u0107 mo\u017cemy charakterystyczne budynki dzielnicy Zandka na \u201eMa\u0142ym Zabrzu\u201d, wybudowanej w latach 1903-1922 a zaprojektowanej przez grup\u0119 architekt\u00f3w z Berlina Charlottenburga. Sceny kr\u0119cono r\u00f3wnie\u017c w Domu Muzyki i Ta\u0144ca przy ul. de Gaulle\u2019a 17, \u201eKinie Roma\u201d przy ul.\u00a0 Padlewskiego 4, Miejskim O\u015brodku Sportu i Rekreacji przy ul. Matejki 6, kt\u00f3ry \u201czagra\u0142\u201d lotnisko w Kolonii (scena spotkania Janka z ojcem), na Stadionie im. Ernesta Pohla i w niekt\u00f3rych miejscach centrum miasta.<\/p>\n<p>20 kwietnia 2017 w Zabrzu odby\u0142 si\u0119 przedpremierowy pokaz filmu z udzia\u0142em gwiazd.<\/p>\n<p><u><b>Wybrane n<\/b><\/u><u><b>agrody i wyr\u00f3\u017cnienia<br \/>\n<\/b><\/u><\/p>\n<ul>\n<li>Festiwal Filmowy w Olsztynie \u201eBluebox\u201d &#8211; nagroda \u201e<b><\/b>Whitebox&#8221; za efekty d\u017awi\u0119kowe,<\/li>\n<li>Festiwal Filmu Polskiego w Chicago &#8211; nagroda specjalna Przewodnicz\u0105cego Komitetu Organizacyjnego Festiwalu<\/li>\n<\/ul>\n\n\t\t\t<div>\n\t\t\t<style type='text\/css'>\n\t\t\t\t#gallery-1 {\n\t\t\t\t\tmargin: auto;\n\t\t\t\t}\n\t\t\t\t#gallery-1 .gallery-item {\n\t\t\t\t\tfloat: left;\n\t\t\t\t\tmargin-top: 10px;\n\t\t\t\t\ttext-align: center;\n\t\t\t\t\twidth: 20%;\n\t\t\t\t}\n\t\t\t\t#gallery-1 img {\n\t\t\t\t\tborder: 2px solid #cfcfcf;\n\t\t\t\t}\n\t\t\t\t#gallery-1 .gallery-caption {\n\t\t\t\t\tmargin-left: 0;\n\t\t\t\t}\n\t\t\t\t\/* see gallery_shortcode() in wp-includes\/media.php *\/\n\t\t\t<\/style><\/div>\n\t\t<div id='gallery-1' class='gallery galleryid-6114 gallery-columns-5 gallery-size-thumbnail'><div class=\"gallery-inner-wrapper\"><dl class='gallery-item'>\n\t\t\t\t<dt class='gallery-icon landscape'>\n\t\t\t\t\t<a href='https:\/\/kinoroma.zabrze.pl\/mapa\/wp-content\/uploads\/GWIAZDY_fot.-Robert-Jaworskioficjalne-fotosy-udostepnione-przez-dystrybutora-4.jpg'><img width=\"150\" height=\"150\" src=\"https:\/\/kinoroma.zabrze.pl\/mapa\/wp-content\/uploads\/GWIAZDY_fot.-Robert-Jaworskioficjalne-fotosy-udostepnione-przez-dystrybutora-4-150x150.jpg\" class=\"attachment-thumbnail size-thumbnail\" alt=\"\" loading=\"lazy\" \/><\/a>\n\t\t\t\t<\/dt><dd><\/dd><\/dl><dl class='gallery-item'>\n\t\t\t\t<dt class='gallery-icon landscape'>\n\t\t\t\t\t<a href='https:\/\/kinoroma.zabrze.pl\/mapa\/wp-content\/uploads\/GWIAZDY_fot.-Robert-Jaworskioficjalne-fotosy-udostepnione-przez-dystrybutora-3.png'><img width=\"150\" height=\"150\" src=\"https:\/\/kinoroma.zabrze.pl\/mapa\/wp-content\/uploads\/GWIAZDY_fot.-Robert-Jaworskioficjalne-fotosy-udostepnione-przez-dystrybutora-3-150x150.png\" class=\"attachment-thumbnail size-thumbnail\" alt=\"\" loading=\"lazy\" \/><\/a>\n\t\t\t\t<\/dt><dd><\/dd><\/dl><dl class='gallery-item'>\n\t\t\t\t<dt class='gallery-icon landscape'>\n\t\t\t\t\t<a href='https:\/\/kinoroma.zabrze.pl\/mapa\/wp-content\/uploads\/GWIAZDY_fot.-Robert-Jaworskioficjalne-fotosy-udostepnione-przez-dystrybutora-1as-scaled.jpg'><img width=\"150\" height=\"150\" src=\"https:\/\/kinoroma.zabrze.pl\/mapa\/wp-content\/uploads\/GWIAZDY_fot.-Robert-Jaworskioficjalne-fotosy-udostepnione-przez-dystrybutora-1as-150x150.jpg\" class=\"attachment-thumbnail size-thumbnail\" alt=\"\" loading=\"lazy\" \/><\/a>\n\t\t\t\t<\/dt><dd><\/dd><\/dl><dl class='gallery-item'>\n\t\t\t\t<dt class='gallery-icon landscape'>\n\t\t\t\t\t<a href='https:\/\/kinoroma.zabrze.pl\/mapa\/wp-content\/uploads\/GWIAZDY_fot.-Robert-Jaworskioficjalne-fotosy-udostepnione-przez-dystrybutora-3a.jpg'><img width=\"150\" height=\"150\" src=\"https:\/\/kinoroma.zabrze.pl\/mapa\/wp-content\/uploads\/GWIAZDY_fot.-Robert-Jaworskioficjalne-fotosy-udostepnione-przez-dystrybutora-3a-150x150.jpg\" class=\"attachment-thumbnail size-thumbnail\" alt=\"\" loading=\"lazy\" \/><\/a>\n\t\t\t\t<\/dt><dd><\/dd><\/dl><dl class='gallery-item'>\n\t\t\t\t<dt class='gallery-icon landscape'>\n\t\t\t\t\t<a href='https:\/\/kinoroma.zabrze.pl\/mapa\/wp-content\/uploads\/GWIAZDY_fot.-Robert-Jaworskioficjalne-fotosy-udostepnione-przez-dystrybutora-2.png'><img width=\"150\" height=\"150\" src=\"https:\/\/kinoroma.zabrze.pl\/mapa\/wp-content\/uploads\/GWIAZDY_fot.-Robert-Jaworskioficjalne-fotosy-udostepnione-przez-dystrybutora-2-150x150.png\" class=\"attachment-thumbnail size-thumbnail\" alt=\"\" loading=\"lazy\" \/><\/a>\n\t\t\t\t<\/dt><dd><\/dd><\/dl><br style=\"clear: both\" \/>\n\t\t\t\t<br style='clear: both;' \/>\n\t\t\t<\/div><\/div>\n\n<hr \/>\n<p><span style=\"color: #800000;\"><b>Metryczka filmu<\/b><\/span><\/p>\n<p><span style=\"color: #800000;\"><u>\u201e<\/u>Gwiazdy\u201d<\/span><br \/>\n<span style=\"color: #800000;\">Polska, 2017<\/span><\/p>\n<p><span style=\"color: #800000;\">Re\u017cyseria: Jan Kidawa &#8211; B\u0142o\u0144ski<\/span><br \/>\n<span style=\"color: #800000;\">Scenariusz: Jacek Kondracki, Jan Kidawa &#8211; B\u0142o\u0144ski<\/span><br \/>\n<span style=\"color: #800000;\">Zdj\u0119cia: Micha\u0142 Englert<\/span><br \/>\n<span style=\"color: #800000;\">Monta\u017c: Jan Kidawa &#8211; B\u0142o\u0144ski Jr<\/span><br \/>\n<span style=\"color: #800000;\">Muzyka: Dariusz Kowalczyk, Piotr \u0141ugowski<\/span><br \/>\n<span style=\"color: #800000;\">Producent: Film Point Group<br \/>\nCzas trwania: 106 min<\/span><br \/>\n<span style=\"color: #800000;\">Obsada: Sebastian Fabija\u0144ski, Mateusz Ko\u015bciukiewicz, Karolina Szymczak i inni<\/span><\/p>\n<hr \/>\n<p><u><b>Trailer: <\/b><\/u><u><a href=\"https:\/\/www.youtube.com\/watch?v=3UGASXG_VDM\">https:\/\/www.youtube.com\/watch?v=3UGASXG_VDM<\/a><\/u><\/p>\n<p><iframe loading=\"lazy\" src=\"https:\/\/www.youtube.com\/embed\/3UGASXG_VDM\" width=\"560\" height=\"315\" frameborder=\"0\" allowfullscreen=\"allowfullscreen\"><\/iframe><\/p>\n","protected":false},"excerpt":{"rendered":"<p>Re\u017c. Jan Kidawa-B\u0142o\u0144ski Dw\u00f3ch przyjaci\u00f3\u0142, pi\u0119kna kobieta i pi\u0142ka no\u017cna. W ten spos\u00f3b mo\u017cna by stre\u015bci\u0107 film \u201eGwiazdy\u201d Jana Kidawy-B\u0142o\u0144skiego. Mo\u017cna by, ale streszczanie niezwyk\u0142ych los\u00f3w Jana Banasia &#8211; g\u0142\u00f3wnego bohatera filmu &#8211; mija si\u0119 z celem. Jeden z najwybitniejszych polskich pi\u0142karzy, gwiazda reprezentacji Polski i G\u00f3rnika Zabrze w z\u0142otych latach kadry Kazimierza G\u00f3rskiego. Dlaczego [&hellip;]<\/p>\n","protected":false},"author":1,"featured_media":0,"parent":6068,"menu_order":0,"comment_status":"closed","ping_status":"closed","template":"","meta":[],"_links":{"self":[{"href":"https:\/\/kinoroma.zabrze.pl\/mapa\/index.php?rest_route=\/wp\/v2\/pages\/6114"}],"collection":[{"href":"https:\/\/kinoroma.zabrze.pl\/mapa\/index.php?rest_route=\/wp\/v2\/pages"}],"about":[{"href":"https:\/\/kinoroma.zabrze.pl\/mapa\/index.php?rest_route=\/wp\/v2\/types\/page"}],"author":[{"embeddable":true,"href":"https:\/\/kinoroma.zabrze.pl\/mapa\/index.php?rest_route=\/wp\/v2\/users\/1"}],"replies":[{"embeddable":true,"href":"https:\/\/kinoroma.zabrze.pl\/mapa\/index.php?rest_route=%2Fwp%2Fv2%2Fcomments&post=6114"}],"version-history":[{"count":20,"href":"https:\/\/kinoroma.zabrze.pl\/mapa\/index.php?rest_route=\/wp\/v2\/pages\/6114\/revisions"}],"predecessor-version":[{"id":7583,"href":"https:\/\/kinoroma.zabrze.pl\/mapa\/index.php?rest_route=\/wp\/v2\/pages\/6114\/revisions\/7583"}],"up":[{"embeddable":true,"href":"https:\/\/kinoroma.zabrze.pl\/mapa\/index.php?rest_route=\/wp\/v2\/pages\/6068"}],"wp:attachment":[{"href":"https:\/\/kinoroma.zabrze.pl\/mapa\/index.php?rest_route=%2Fwp%2Fv2%2Fmedia&parent=6114"}],"curies":[{"name":"wp","href":"https:\/\/api.w.org\/{rel}","templated":true}]}}