{"id":6117,"date":"2020-09-28T08:22:15","date_gmt":"2020-09-28T06:22:15","guid":{"rendered":"http:\/\/new.kinoroma.zabrze.pl\/mapa\/?page_id=6117"},"modified":"2020-10-20T09:15:07","modified_gmt":"2020-10-20T07:15:07","slug":"gwiazdy-musza-plonac","status":"publish","type":"page","link":"https:\/\/kinoroma.zabrze.pl\/mapa\/?page_id=6117","title":{"rendered":"Gwiazdy musz\u0105 p\u0142on\u0105\u0107"},"content":{"rendered":"<h5 class=\"western\" lang=\"pl\"><b>Re\u017c. Andrzej Munk, Witold Lesiewicz<\/b><\/h5>\n<hr \/>\n<p class=\"western\" lang=\"pl\"><b><a href=\"http:\/\/kinoroma.zabrze.pl\/mapa\/wp-content\/uploads\/plakat-gwiazdy-musza-plonac.jpg\"><img loading=\"lazy\" class=\"alignleft wp-image-6411 size-medium\" src=\"http:\/\/kinoroma.zabrze.pl\/mapa\/wp-content\/uploads\/plakat-gwiazdy-musza-plonac-204x300.jpg\" alt=\"plakat\" width=\"204\" height=\"300\" srcset=\"https:\/\/kinoroma.zabrze.pl\/mapa\/wp-content\/uploads\/plakat-gwiazdy-musza-plonac-204x300.jpg 204w, https:\/\/kinoroma.zabrze.pl\/mapa\/wp-content\/uploads\/plakat-gwiazdy-musza-plonac.jpg 455w\" sizes=\"(max-width: 204px) 100vw, 204px\" \/><\/a>Wyj\u0105tkowy, fabularyzowany film dokumentalny w<\/b><span lang=\"pl-PL\"><b>y<\/b><\/span><b>re\u017cyserowany <\/b><span lang=\"pl-PL\"><b>wsp\u00f3lnie <\/b><\/span><b>przez dw\u00f3ch znakomitych filmowc\u00f3w Andrzeja Munka i Witolda Lesiewicza. Nakr\u0119cony w rok po \u015bmierci Stalina, podejmuje pr\u00f3b\u0119 zdj\u0119cia z kina dokumentalnego ci\u0119\u017caru socrealistycznej poetyki, narzuconej odg\u00f3rnie przez komunist\u00f3w.<\/b><\/p>\n<p class=\"western\" lang=\"pl\"><span lang=\"pl-PL\">Ten d<\/span>wucz\u0119\u015bciowy film jest opowie\u015bci\u0105 o g\u00f3rnikach walcz\u0105cych o wykonanie planu wydobycia w<span lang=\"pl-PL\"> jednej z kopalni. Jest rok <\/span>1953. <span lang=\"pl-PL\">Nad kopalni\u0105 Zag\u00f3rze zgas\u0142 neon w kszta\u0142cie gwiazdy, oznaczaj\u0105cy wykonanie planu wydobywczego. Grupa g\u00f3rnik\u00f3w postanawia wi\u0119c zej\u015b\u0107 <\/span>do starego, zamkni\u0119tego od ponad 100 lat szybu, by tam poszukiwa\u0107 w\u0119gla. <span lang=\"pl-PL\">N<\/span>ara\u017caj\u0105 si\u0119 <span lang=\"pl-PL\">w ten spos\u00f3b <\/span>na \u015bmiertelne niebezpiecze\u0144stwo.<\/p>\n<p class=\"western\" lang=\"pl\">Jak podkre\u015blali krytycy <strong>\u201e<\/strong><b>Gwiazdy musz\u0105 p\u0142on\u0105\u0107\u201d to pierwsza w tw\u00f3rczo\u015bci Andrzeja Munka pr\u00f3b\u0105 zmierzenia si\u0119 z fabu\u0142\u0105 w filmie. <\/b>Munk, dotychczas ceniony i nagradzany dokumentalista, tworzy wraz z Lesiewiczem co\u015b, co dzi\u015b nazwaliby\u015bmy dokumentem kreacyjnym.<\/p>\n<p class=\"western\" lang=\"pl\">Akcja filmu umieszczona zosta\u0142a w fikcyjnej kopalni Zag\u00f3rze, co jest ju\u017c samo w sobie uderzeniem w podstawowe za\u0142o\u017cenia kina dokumentalnego. Fikcyjnej, bo prawdziwa Kopalnia Zag\u00f3rze w Sosnowcu, zosta\u0142a zamkni\u0119ta jeszcze w latach przedwojennych.<\/p>\n<p class=\"western\" lang=\"pl\"><a href=\"http:\/\/kinoroma.zabrze.pl\/mapa\/wp-content\/uploads\/gwiazdy-musza-plonac-kadr-z-filmu-3.jpg\"><img loading=\"lazy\" class=\"alignright wp-image-6410 size-medium\" src=\"http:\/\/kinoroma.zabrze.pl\/mapa\/wp-content\/uploads\/gwiazdy-musza-plonac-kadr-z-filmu-3-300x240.jpg\" alt=\"\" width=\"300\" height=\"240\" srcset=\"https:\/\/kinoroma.zabrze.pl\/mapa\/wp-content\/uploads\/gwiazdy-musza-plonac-kadr-z-filmu-3-300x240.jpg 300w, https:\/\/kinoroma.zabrze.pl\/mapa\/wp-content\/uploads\/gwiazdy-musza-plonac-kadr-z-filmu-3.jpg 687w\" sizes=\"(max-width: 300px) 100vw, 300px\" \/><\/a>Wyj\u0105tkowo\u015b\u0107 \u201eGwiazd&#8221;, ich balans na granicy dokumentu i fikcji fabularnej, polega na tym, \u017ce tw\u00f3rcy wykorzystuj\u0105 materialn\u0105 rzeczywisto\u015b\u0107 kopalni jako g\u0142\u00f3wne tworzywo w kreacji \u015bwiata fikcyjnego. Na rzeczywisto\u015b\u0107 t\u0119 sk\u0142ada si\u0119 \u015bwiat \u017cycia kopalni \u2013 szyby, chodniki, sam w\u0119giel, gaz, woda, narz\u0119dzia g\u00f3rnicze. <span lang=\"pl-PL\">O\u015b fabularn\u0105 <\/span>tworz\u0105 za\u015b losy <span lang=\"pl-PL\">g\u00f3rniczej ekspedycji poszukiwawczej<\/span>.<\/p>\n<p class=\"western\" lang=\"pl\">Fabu\u0142\u0119 w filmie buduj\u0105 dwie historie, opowiedziane w dw\u00f3ch nowelach. Witold Lesiewicz portretuje starego g\u00f3rnika, opiekuna kopalnianych koni, kt\u00f3ry nie radzi sobie z coraz szybciej zmieniaj\u0105cym si\u0119 \u015bwiatem g\u00f3rnictwa. Munk wyre\u017cyserowa\u0142 nowel\u0119 o wspomnianej, niebezpiecznej wyprawie po w\u0119giel. Autorzy prowadz\u0105 jednak w tym filmie narracj\u0119 r\u00f3wnoleg\u0142\u0105, kt\u00f3ra przeplata obie opowiedziane historie.<\/p>\n<p class=\"western\" lang=\"pl\"><span lang=\"pl-PL\"><a href=\"http:\/\/kinoroma.zabrze.pl\/mapa\/wp-content\/uploads\/gwiazdy-musza-plonac-kadr-z-filmu-1.jpg\"><img loading=\"lazy\" class=\"alignleft wp-image-6409 size-medium\" src=\"http:\/\/kinoroma.zabrze.pl\/mapa\/wp-content\/uploads\/gwiazdy-musza-plonac-kadr-z-filmu-1-300x152.jpg\" alt=\"img\" width=\"300\" height=\"152\" srcset=\"https:\/\/kinoroma.zabrze.pl\/mapa\/wp-content\/uploads\/gwiazdy-musza-plonac-kadr-z-filmu-1-300x152.jpg 300w, https:\/\/kinoroma.zabrze.pl\/mapa\/wp-content\/uploads\/gwiazdy-musza-plonac-kadr-z-filmu-1-1024x520.jpg 1024w, https:\/\/kinoroma.zabrze.pl\/mapa\/wp-content\/uploads\/gwiazdy-musza-plonac-kadr-z-filmu-1-768x390.jpg 768w, https:\/\/kinoroma.zabrze.pl\/mapa\/wp-content\/uploads\/gwiazdy-musza-plonac-kadr-z-filmu-1.jpg 1056w\" sizes=\"(max-width: 300px) 100vw, 300px\" \/><\/a>Dla dzisiejszego widza motywacje kieruj\u0105ce g\u00f3rnikami, kt\u00f3rzy nara\u017caj\u0105 si\u0119 na \u015bmier\u0107 lub kalectwo by wype\u0142ni\u0107 jaki\u015b \u201eplan\u201d, mog\u0105 by\u0107 niezrozumia\u0142e. <\/span><span lang=\"pl-PL\"><b>Tymczasem z<\/b><\/span><b>a czas\u00f3w stalinowskich <\/b><span lang=\"pl-PL\"><b>zrealizowanie <\/b><\/span><b>co najmniej 100% normy <\/b><span lang=\"pl-PL\"><b>planu &#8211; w przypadku kopalni chodzi\u0142o o roczny <\/b><\/span><b>plan wydobycia w\u0119gla<\/b><span lang=\"pl-PL\"><b> &#8211; by\u0142o czym\u015b bardzo powa\u017cnym<\/b><\/span>.<span lang=\"pl-PL\"> R<\/span>ealne skutki <span lang=\"pl-PL\">jego <\/span>niewykonania <span lang=\"pl-PL\">mog\u0142y by\u0107 bardzo drastyczne<\/span>. <span lang=\"pl-PL\">G<\/span>\u00f3rnikom mog\u0142y grozi\u0107 <span lang=\"pl-PL\">bowiem <\/span>nie tylko zwolnienia z pracy, ale nawet kary wi\u0119zienia.<\/p>\n<p class=\"western\" lang=\"pl\"><span lang=\"pl-PL\">Ogl\u0105daj\u0105c \u201eGwiazdy\u201d mo\u017cemy, z dzisiejszej perspektywy, tylko domy\u015bla\u0107 si\u0119 tego dramatycznego t\u0142a dla filmowych wydarze\u0144. <\/span>Munk i Lesiewicz <span lang=\"pl-PL\">musieli pomin\u0105\u0107 <\/span>ten w\u0105tek<span lang=\"pl-PL\">, bo czas \u201eodwil\u017cy\u201d i ko\u0144ca stalinowskiego systemu terroru mia\u0142 nadej\u015b\u0107 dopiero 3 lata p\u00f3\u017aniej po ujawnieniu przez nowego przyw\u00f3dc\u0119 ZSRR, Nikit\u0119 Chruszczowa, prawdy o rz\u0105dach J\u00f3zefa Stalina<\/span>.<\/p>\n<p class=\"western\" lang=\"pl\">Andrzej Munk to jedna z najwa\u017cniejszych postaci polskiego kina. Mimo \u017ce zgin\u0105\u0142 przedwcze\u015bnie, zaledwie w wieku 40 lat, stworzy\u0142 fundamentalne dzie\u0142a \u201cszko\u0142y polskiej\u201d &#8211; \u201eEroic\u0119&#8221;, \u201eZezowate szcz\u0119\u015bcie&#8221; i \u201ePasa\u017cerk\u0119&#8221;, kt\u00f3r\u0105 uko\u0144czy\u0142 po jego \u015bmierci w\u0142a\u015bnie Witold Lesiewicz.<\/p>\n<p lang=\"pl\"><a\n\thref=\"\/mapa\/?ait-item=17-glowna-kluczowa-sztolnia-dziedziczna\"\n\t\tid=\"ait-sc-button-1\"\n\tclass=\"ait-sc-button alignright  buticon-left    simple\"\n\tstyle=\"width:240px;background-color:#001e92; border-color:#001e92;margin-top:20;margin-left:20;margin-right:20;margin-bottom:20;\"\n>\n\t<span class=\"container\">\n\t\t<span class=\"wrap\">\n\n\t\t\t\t\t\t\t\t\t\t\t\t<span class=\"icon\" style=\"text-align:left;\">\n\t\t\t\t\t\t<i class=\"fa fa fa-map-marker\" style=\"color: #ffffff;\"><\/i>\n\t\t\t\t\t<\/span>\n\t\t\t\t\t\t\t\n\t\t\t\t\t\t<span class=\"text\" style=\"text-align:left;\">\n\t\t\t\t\t\t\t\t<span class=\"title\" style=\"color:#ffffff;\">\n\t\t\t\t\tG\u0142\u00f3wna Kluczowa Sztolnia Dziedziczna\u201d\t\t\t\t<\/span>\n\t\t\t\t\t\t\t\t\t\t\t<\/span>\n\t\t\t\n\t\t\t\t\t\t\t\t\t\t\t\t<\/span>\n\t<\/span>\n<\/a>\n<\/p>\n<p lang=\"pl\"><a\n\thref=\"\/mapa\/?ait-item=18-kamienica-pod-orlem\"\n\t\tid=\"ait-sc-button-2\"\n\tclass=\"ait-sc-button alignright  buticon-left    simple\"\n\tstyle=\"width:240px;background-color:#001e92; border-color:#001e92;margin-top:20;margin-left:20;margin-right:20;margin-bottom:20;\"\n>\n\t<span class=\"container\">\n\t\t<span class=\"wrap\">\n\n\t\t\t\t\t\t\t\t\t\t\t\t<span class=\"icon\" style=\"text-align:left;\">\n\t\t\t\t\t\t<i class=\"fa fa fa-map-marker\" style=\"color: #ffffff;\"><\/i>\n\t\t\t\t\t<\/span>\n\t\t\t\t\t\t\t\n\t\t\t\t\t\t<span class=\"text\" style=\"text-align:left;\">\n\t\t\t\t\t\t\t\t<span class=\"title\" style=\"color:#ffffff;\">\n\t\t\t\t\tKamienica pod Or\u0142em\u201d\t\t\t\t<\/span>\n\t\t\t\t\t\t\t\t\t\t\t<\/span>\n\t\t\t\n\t\t\t\t\t\t\t\t\t\t\t\t<\/span>\n\t<\/span>\n<\/a>\n<\/p>\n<p class=\"western\" lang=\"pl\"><a name=\"_GoBack\"><\/a> Witold Lesiewicz rozpoczyna\u0142 w latach 50. od film\u00f3w dokumentalnych, z kt\u00f3rych wiele po\u015bwi\u0119ci\u0142 tematyce \u015bl\u0105skiej. Najwi\u0119ksze uznanie zdoby\u0142y <span lang=\"pl-PL\">jego obrazy <\/span>nawi\u0105zuj\u0105ce do historii Polski w pierwszych latach powojennych \u2013 \u201eRok pierwszy\u201d (1960), \u201eKwiecie\u0144\u201d (1961) i \u201eNieznany\u201d (1964). W 1979 po raz ostatni stan\u0105\u0142 za kamer\u0105 re\u017cyseruj\u0105c serial <span lang=\"pl-PL\">\u201e<\/span>Doktor Murek<span lang=\"pl-PL\">\u201d<\/span> na podstawie powie\u015bci Tadeusza Do\u0142\u0119gi-Mostowicza. Zmar\u0142 w 2012 roku.<\/p>\n<p class=\"western\" lang=\"pl\"><u><b>Nagrody<\/b><\/u><\/p>\n<p class=\"western\" lang=\"pl\">Nagroda Pa\u0144stwowa &#8211; wyr\u00f3\u017cnienie zespo\u0142owe: Andrzej Munk i Witold Lesiewicz, 1955<\/p>\n<hr \/>\n<p class=\"western\" lang=\"pl\"><span style=\"color: #800000;\"><u><b>Metryczka filmu<\/b><\/u><\/span><\/p>\n<p><span style=\"color: #800000;\"><strong>\u201e<\/strong>Gwiazdy musz\u0105 p\u0142on\u0105\u0107<b>\u201d<\/b><\/span><br \/>\n<span style=\"color: #800000;\">Polska, 1954<\/span><\/p>\n<p><span style=\"color: #800000;\">Re\u017cyseria i scenariusz: Witold Lesiewicz, Andrzej Munk<\/span><br \/>\n<span style=\"color: #800000;\">Wsp\u00f3\u0142praca scenariuszowa: Karol Ma\u0142cu\u017cy\u0144ski<\/span><br \/>\n<span style=\"color: #800000;\">Lektor: Gustaw Holoubek<\/span><br \/>\n<span style=\"color: #800000;\">Zdj\u0119cia: Zbigniew Raplewski, Romuald Kropat<\/span><br \/>\n<span style=\"color: #800000;\">Muzyka: Jan Krenz<\/span><br \/>\n<span style=\"color: #800000;\">Kierownictwo produkcji: Wilhelm Hollender<\/span><br \/>\n<span style=\"color: #800000;\">Produkcja: Wytw\u00f3rnia Film\u00f3w Dokumentalnych (Warszawa)<\/span><br \/>\n<span style=\"color: #800000;\">Czas trwania: 64 min<\/span><\/p>\n<hr \/>\n<p lang=\"pl\">\n","protected":false},"excerpt":{"rendered":"<p>Re\u017c. Andrzej Munk, Witold Lesiewicz Wyj\u0105tkowy, fabularyzowany film dokumentalny wyre\u017cyserowany wsp\u00f3lnie przez dw\u00f3ch znakomitych filmowc\u00f3w Andrzeja Munka i Witolda Lesiewicza. Nakr\u0119cony w rok po \u015bmierci Stalina, podejmuje pr\u00f3b\u0119 zdj\u0119cia z kina dokumentalnego ci\u0119\u017caru socrealistycznej poetyki, narzuconej odg\u00f3rnie przez komunist\u00f3w. Ten dwucz\u0119\u015bciowy film jest opowie\u015bci\u0105 o g\u00f3rnikach walcz\u0105cych o wykonanie planu wydobycia w jednej z kopalni. [&hellip;]<\/p>\n","protected":false},"author":1,"featured_media":0,"parent":6068,"menu_order":0,"comment_status":"closed","ping_status":"closed","template":"","meta":[],"_links":{"self":[{"href":"https:\/\/kinoroma.zabrze.pl\/mapa\/index.php?rest_route=\/wp\/v2\/pages\/6117"}],"collection":[{"href":"https:\/\/kinoroma.zabrze.pl\/mapa\/index.php?rest_route=\/wp\/v2\/pages"}],"about":[{"href":"https:\/\/kinoroma.zabrze.pl\/mapa\/index.php?rest_route=\/wp\/v2\/types\/page"}],"author":[{"embeddable":true,"href":"https:\/\/kinoroma.zabrze.pl\/mapa\/index.php?rest_route=\/wp\/v2\/users\/1"}],"replies":[{"embeddable":true,"href":"https:\/\/kinoroma.zabrze.pl\/mapa\/index.php?rest_route=%2Fwp%2Fv2%2Fcomments&post=6117"}],"version-history":[{"count":11,"href":"https:\/\/kinoroma.zabrze.pl\/mapa\/index.php?rest_route=\/wp\/v2\/pages\/6117\/revisions"}],"predecessor-version":[{"id":7582,"href":"https:\/\/kinoroma.zabrze.pl\/mapa\/index.php?rest_route=\/wp\/v2\/pages\/6117\/revisions\/7582"}],"up":[{"embeddable":true,"href":"https:\/\/kinoroma.zabrze.pl\/mapa\/index.php?rest_route=\/wp\/v2\/pages\/6068"}],"wp:attachment":[{"href":"https:\/\/kinoroma.zabrze.pl\/mapa\/index.php?rest_route=%2Fwp%2Fv2%2Fmedia&parent=6117"}],"curies":[{"name":"wp","href":"https:\/\/api.w.org\/{rel}","templated":true}]}}