{"id":6119,"date":"2020-09-28T08:23:01","date_gmt":"2020-09-28T06:23:01","guid":{"rendered":"http:\/\/new.kinoroma.zabrze.pl\/mapa\/?page_id=6119"},"modified":"2020-10-20T12:55:45","modified_gmt":"2020-10-20T10:55:45","slug":"jak-zostalem-gangsterem","status":"publish","type":"page","link":"https:\/\/kinoroma.zabrze.pl\/mapa\/?page_id=6119","title":{"rendered":"Jak zosta\u0142em gangsterem"},"content":{"rendered":"<h5><strong>Re\u017c. Maciej Kawulski<\/strong><\/h5>\n<hr \/>\n<p><b><a href=\"https:\/\/kinoroma.zabrze.pl\/mapa\/wp-content\/uploads\/Jak-zostalem-gangsterem-oficjalne-fotosy-udostepnione-przez-dystrybutora-1.jpg\"><img loading=\"lazy\" class=\"alignleft wp-image-6414 size-medium\" src=\"https:\/\/kinoroma.zabrze.pl\/mapa\/wp-content\/uploads\/Jak-zostalem-gangsterem-oficjalne-fotosy-udostepnione-przez-dystrybutora-1-202x300.jpg\" alt=\"img\" width=\"202\" height=\"300\" srcset=\"https:\/\/kinoroma.zabrze.pl\/mapa\/wp-content\/uploads\/Jak-zostalem-gangsterem-oficjalne-fotosy-udostepnione-przez-dystrybutora-1-202x300.jpg 202w, https:\/\/kinoroma.zabrze.pl\/mapa\/wp-content\/uploads\/Jak-zostalem-gangsterem-oficjalne-fotosy-udostepnione-przez-dystrybutora-1-688x1024.jpg 688w, https:\/\/kinoroma.zabrze.pl\/mapa\/wp-content\/uploads\/Jak-zostalem-gangsterem-oficjalne-fotosy-udostepnione-przez-dystrybutora-1.jpg 706w\" sizes=\"(max-width: 202px) 100vw, 202px\" \/><\/a>Ten film zostaje w g\u0142owie na d\u0142ugo. Na pierwszy rzut oka mo\u017ce si\u0119 wydawa\u0107, \u017ce to po prostu \u015bwietnie nakr\u0119cone kino sensacyjne, ale trudno o wi\u0119ksz\u0105 pomy\u0142k\u0119! \u201eJak zosta\u0142em gangsterem. Historia prawdziwa\u201d to opowie\u015b\u0107 o m\u0119skiej przyja\u017ani w \u015brodku \u015bwiata zatopionego w krwi i przemocy. Oparta na mocnych podstawach faktograficznych historia polskiego \u015bwiata przest\u0119pczego od ko\u0144ca lat 70. XX wieku do ko\u0144ca pierwszej dekady XXI w. wci\u0105ga od samego pocz\u0105tku. <\/b><\/p>\n<p>To rasowe kino sensacyjne, kt\u00f3re nie wyhamowuje szalonego tempa od pierwszego do ostatniego kadru. Znakomite aktorstwo, \u015bwietny scenariusz i re\u017cyseria Macieja Kawulskiego wsp\u00f3\u0142tworz\u0105 pasjonuj\u0105cy film. Oparta na faktach historia po raz pierwszy pokazuje prawdziwe oblicze polskich mafios\u00f3w: zaczynali w kreszowych dresach, ale stworzyli organizacj\u0119 przest\u0119pcz\u0105, kt\u00f3ra przez chwil\u0119 panowa\u0142a nad ca\u0142ym krajem.<\/p>\n<p>\u201eW\u00f3dz\u201d (<b>Rafa\u0142 Kowalczyk<\/b>) &#8211; czy te\u017c jak widnieje w napisach po filmie \u201eBohater\u201d &#8211; zaczyna i\u015b\u0107 przest\u0119pcz\u0105 \u015bcie\u017ck\u0105 ju\u017c jako nastolatek, w ko\u0144c\u00f3wce lat 70 XX wieku. Uzale\u017cniony od adrenaliny ch\u0142opak z biednej dzielnicy, nie odpuszcza nikomu. Ulicznego szale\u0144ca szybko dostrzegaj\u0105 wa\u017cni ludzie i \u201eW\u00f3dz\u201d rozpoczyna podr\u00f3\u017c po szczeblach przest\u0119pczej drabiny. Odkrywa pragnienie pieni\u0119dzy, w\u0142adzy i bycia ponad prawem.<\/p>\n<p>W tym momencie zauwa\u017cy\u0107 mo\u017cemy cechy r\u00f3\u017cni\u0105ce film od znanych gangsterskich schemat\u00f3w. \u201eW\u00f3dz\u201d zamiast sta\u0107 si\u0119 trybikiem w strukturach mafijnych, tworzy w\u0142asny zesp\u00f3\u0142, powi\u0105zany silnymi wi\u0119zami przyja\u017ani i zaufania. Zestawienie grupy brutalnych morderc\u00f3w i s\u0142owa \u201eprzyja\u017a\u0144\u201d to kolejny paradoks tego filmu, ale re\u017cyserowi udaje si\u0119 przekona\u0107 widza do swojej wizji.<\/p>\n<p>Cho\u0107 jest to pe\u0142n\u0105 g\u0119b\u0105 film gangsterski, to jego najmocniejszym w\u0105tkiem jest przyja\u017a\u0144 \u0142\u0105cz\u0105ca \u201eWodza\u201d z jego \u201e\u017co\u0142nierzem\u201d &#8211; \u201eWaldenem\u201d (<b>Tomasz W\u0142osok<\/b>). Arcydzie\u0142a gatunku &#8211;\u00a0 \u201eCh\u0142opcy z ferajny\u201d czy legendarny \u201eOjciec Chrzestny\u201d &#8211; urzekaj\u0105 historiami swoich bohater\u00f3w. I w\u0142a\u015bnie opowie\u015b\u0107 o \u201eWodzu\u201d i \u201eWaldenie\u201d jest tym, co porusza w tym filmie do g\u0142\u0119bi.<\/p>\n<p><b><a href=\"https:\/\/kinoroma.zabrze.pl\/mapa\/wp-content\/uploads\/Jak-zostalem-gangsterem-oficjalne-fotosy-udostepnione-przez-dystrybutora-5.jpg\"><img loading=\"lazy\" class=\"alignright wp-image-6418 size-medium\" src=\"https:\/\/kinoroma.zabrze.pl\/mapa\/wp-content\/uploads\/Jak-zostalem-gangsterem-oficjalne-fotosy-udostepnione-przez-dystrybutora-5-300x197.jpg\" alt=\"\" width=\"300\" height=\"197\" srcset=\"https:\/\/kinoroma.zabrze.pl\/mapa\/wp-content\/uploads\/Jak-zostalem-gangsterem-oficjalne-fotosy-udostepnione-przez-dystrybutora-5-300x197.jpg 300w, https:\/\/kinoroma.zabrze.pl\/mapa\/wp-content\/uploads\/Jak-zostalem-gangsterem-oficjalne-fotosy-udostepnione-przez-dystrybutora-5-1024x672.jpg 1024w, https:\/\/kinoroma.zabrze.pl\/mapa\/wp-content\/uploads\/Jak-zostalem-gangsterem-oficjalne-fotosy-udostepnione-przez-dystrybutora-5-768x504.jpg 768w, https:\/\/kinoroma.zabrze.pl\/mapa\/wp-content\/uploads\/Jak-zostalem-gangsterem-oficjalne-fotosy-udostepnione-przez-dystrybutora-5-1536x1008.jpg 1536w, https:\/\/kinoroma.zabrze.pl\/mapa\/wp-content\/uploads\/Jak-zostalem-gangsterem-oficjalne-fotosy-udostepnione-przez-dystrybutora-5.jpg 1600w\" sizes=\"(max-width: 300px) 100vw, 300px\" \/><\/a>Film jest oparty o znakomicie przygotowan\u0105 podstaw\u0119 faktograficzn\u0105. <\/b>Poznajemy tu prawdziw\u0105 &#8211; nomen-omen &#8211; histori\u0119 narodzin, wzrostu i upadku polskiej mafii zrodzonej w ostatnich latach komunizmu. Dla mafii pruszkowskiej i wo\u0142omi\u0144skiej \u201ez\u0142ot\u0105 er\u0105\u201d by\u0142y lata 90. Historie obu tych struktur przest\u0119pczych zako\u0144czy\u0142 skruszony gangster \u201eMasa\u201d. Jako \u015bwiadek koronny \u201ewsadzi\u0142\u201d do wi\u0119zienia ca\u0142\u0105 mafijn\u0105 elit\u0119.<\/p>\n<p>Trudno dziwi\u0107 si\u0119 znakomitemu wyczuciu tempa jakie bije z tego obrazu. W ko\u0144cu jego re\u017cyserem jest wsp\u00f3\u0142za\u0142o\u017cyciel organizacji Konfrontacja Sztuk Walki, lepiej znanej pod skr\u00f3tem KSW. Maciej Kawulski wsp\u00f3\u0142tworzy te\u017c najwi\u0119ksz\u0105 europejsk\u0105 organizacj\u0119 Mieszanych Sztuk Walki (MMA).<\/p>\n<p>Kawulski, kt\u00f3ry w 2019 roku zadebiutowa\u0142 dobrze przyj\u0119tym \u201cUnderdogiem\u201d, perfekcyjnie skompletowa\u0142 obsad\u0119. Wirtuozerski duet tworz\u0105 na ekranie <b>Marcin Kowalczyk<\/b> jako Bohater\/ \u201eW\u00f3dz\u201d i <b>Tomasz W\u0142osok<\/b> w roli \u201eWaldena\u201d. Bardzo dobrze wypadaj\u0105 na drugim planie <b>Natalia Szroeder<\/b> i <b>Natalia Siwiec<\/b>, jako partnerki g\u0142\u00f3wnych bohater\u00f3w. Jak zawsze bezb\u0142\u0119dny jest <b>Jan Frycz <\/b>wcielaj\u0105cy si\u0119 w Daniela &#8211; polskiego \u201eojca chrzestnego\u201d. Warta podkre\u015blenia jest te\u017c posta\u0107 \u201eTy\u015bka\u201d w wykonaniu znanego z \u201eMiasta 44\u201d <b>J\u00f3zefa Paw\u0142owskiego<\/b>.<\/p>\n<a\n\thref=\"\/mapa\/?ait-item=3-areszt-sledczy\"\n\t\tid=\"ait-sc-button-1\"\n\tclass=\"ait-sc-button alignright  buticon-left    simple\"\n\tstyle=\"width:240px;background-color:#001e92; border-color:#001e92;margin-top:20;margin-left:20;margin-right:20;margin-bottom:20;\"\n>\n\t<span class=\"container\">\n\t\t<span class=\"wrap\">\n\n\t\t\t\t\t\t\t\t\t\t\t\t<span class=\"icon\" style=\"text-align:left;\">\n\t\t\t\t\t\t<i class=\"fa fa fa-map-marker\" style=\"color: #ffffff;\"><\/i>\n\t\t\t\t\t<\/span>\n\t\t\t\t\t\t\t\n\t\t\t\t\t\t<span class=\"text\" style=\"text-align:left;\">\n\t\t\t\t\t\t\t\t<span class=\"title\" style=\"color:#ffffff;\">\n\t\t\t\t\tAreszt \u015bledczy\t\t\t\t<\/span>\n\t\t\t\t\t\t\t\t\t\t\t<\/span>\n\t\t\t\n\t\t\t\t\t\t\t\t\t\t\t\t<\/span>\n\t<\/span>\n<\/a>\n\n<a\n\thref=\"\/mapa\/?ait-item=7-hala-mosir\"\n\t\tid=\"ait-sc-button-2\"\n\tclass=\"ait-sc-button alignright  buticon-left    simple\"\n\tstyle=\"width:240px;background-color:#001e92; border-color:#001e92;margin-top:20;margin-left:20;margin-right:20;margin-bottom:20;\"\n>\n\t<span class=\"container\">\n\t\t<span class=\"wrap\">\n\n\t\t\t\t\t\t\t\t\t\t\t\t<span class=\"icon\" style=\"text-align:left;\">\n\t\t\t\t\t\t<i class=\"fa fa fa-map-marker\" style=\"color: #ffffff;\"><\/i>\n\t\t\t\t\t<\/span>\n\t\t\t\t\t\t\t\n\t\t\t\t\t\t<span class=\"text\" style=\"text-align:left;\">\n\t\t\t\t\t\t\t\t<span class=\"title\" style=\"color:#ffffff;\">\n\t\t\t\t\tHala MOSiR\u201d\t\t\t\t<\/span>\n\t\t\t\t\t\t\t\t\t\t\t<\/span>\n\t\t\t\n\t\t\t\t\t\t\t\t\t\t\t\t<\/span>\n\t<\/span>\n<\/a>\n\n<p>Klas\u0105 dla siebie s\u0105 znakomici polscy aktorzy pojawiaj\u0105cy si\u0119 rolach epizodycznych: <b>Janusz Chabior, Adam Woronowicz i Piotr Rogucki<\/b>. \u015awietnie wypadaj\u0105 te\u017c m\u0142odzi: <b>Adam Bobik <\/b>jako \u201e\u0141omek\u201d i <b>Maciej \u0141uczkowski <\/b>jako \u201eMariuszek\u201d.<\/p>\n<p>Na koniec najmocniejsza chyba, swoi\u015bcie pozytywna rekomendacja. Specjalizuj\u0105cy si\u0119 w tematyce polskiej mafii portal Mafia.pl, tak napisa\u0142 o \u201eJak zosta\u0142em gangsterem\u201d: \u201e<i>To ca\u0142kiem dobra lekcja historii polskiej przest\u0119pczo\u015bci zorganizowanej, podana w bardzo atrakcyjny spos\u00f3b\u201d. Na koniec redakcja podsumowuje: \u201cTo \u015bwietny film sensacyjny, zostawiaj\u0105cy daleko w tyle wybryki Patryka Vegi ze s\u0142owem \u201emafia\u201d w tytule\u201d<\/i>. C\u00f3\u017c, trudno si\u0119 nie zgodzi\u0107.<\/p>\n\n\t\t\t<div>\n\t\t\t<style type='text\/css'>\n\t\t\t\t#gallery-1 {\n\t\t\t\t\tmargin: auto;\n\t\t\t\t}\n\t\t\t\t#gallery-1 .gallery-item {\n\t\t\t\t\tfloat: left;\n\t\t\t\t\tmargin-top: 10px;\n\t\t\t\t\ttext-align: center;\n\t\t\t\t\twidth: 20%;\n\t\t\t\t}\n\t\t\t\t#gallery-1 img {\n\t\t\t\t\tborder: 2px solid #cfcfcf;\n\t\t\t\t}\n\t\t\t\t#gallery-1 .gallery-caption {\n\t\t\t\t\tmargin-left: 0;\n\t\t\t\t}\n\t\t\t\t\/* see gallery_shortcode() in wp-includes\/media.php *\/\n\t\t\t<\/style><\/div>\n\t\t<div id='gallery-1' class='gallery galleryid-6119 gallery-columns-5 gallery-size-thumbnail'><div class=\"gallery-inner-wrapper\"><dl class='gallery-item'>\n\t\t\t\t<dt class='gallery-icon portrait'>\n\t\t\t\t\t<a href='https:\/\/kinoroma.zabrze.pl\/mapa\/wp-content\/uploads\/Jak-zostalem-gangsterem-oficjalne-fotosy-udostepnione-przez-dystrybutora-7.jpg'><img width=\"150\" height=\"150\" src=\"https:\/\/kinoroma.zabrze.pl\/mapa\/wp-content\/uploads\/Jak-zostalem-gangsterem-oficjalne-fotosy-udostepnione-przez-dystrybutora-7-150x150.jpg\" class=\"attachment-thumbnail size-thumbnail\" alt=\"\" loading=\"lazy\" \/><\/a>\n\t\t\t\t<\/dt><dd><\/dd><\/dl><dl class='gallery-item'>\n\t\t\t\t<dt class='gallery-icon portrait'>\n\t\t\t\t\t<a href='https:\/\/kinoroma.zabrze.pl\/mapa\/wp-content\/uploads\/Jak-zostalem-gangsterem-oficjalne-fotosy-udostepnione-przez-dystrybutora-6.jpg'><img width=\"150\" height=\"150\" src=\"https:\/\/kinoroma.zabrze.pl\/mapa\/wp-content\/uploads\/Jak-zostalem-gangsterem-oficjalne-fotosy-udostepnione-przez-dystrybutora-6-150x150.jpg\" class=\"attachment-thumbnail size-thumbnail\" alt=\"\" loading=\"lazy\" \/><\/a>\n\t\t\t\t<\/dt><dd><\/dd><\/dl><dl class='gallery-item'>\n\t\t\t\t<dt class='gallery-icon portrait'>\n\t\t\t\t\t<a href='https:\/\/kinoroma.zabrze.pl\/mapa\/wp-content\/uploads\/Jak-zostalem-gangsterem-oficjalne-fotosy-udostepnione-przez-dystrybutora-4.jpg'><img width=\"150\" height=\"150\" src=\"https:\/\/kinoroma.zabrze.pl\/mapa\/wp-content\/uploads\/Jak-zostalem-gangsterem-oficjalne-fotosy-udostepnione-przez-dystrybutora-4-150x150.jpg\" class=\"attachment-thumbnail size-thumbnail\" alt=\"\" loading=\"lazy\" \/><\/a>\n\t\t\t\t<\/dt><dd><\/dd><\/dl><dl class='gallery-item'>\n\t\t\t\t<dt class='gallery-icon portrait'>\n\t\t\t\t\t<a href='https:\/\/kinoroma.zabrze.pl\/mapa\/wp-content\/uploads\/Jak-zostalem-gangsterem-oficjalne-fotosy-udostepnione-przez-dystrybutora-3.jpg'><img width=\"150\" height=\"150\" src=\"https:\/\/kinoroma.zabrze.pl\/mapa\/wp-content\/uploads\/Jak-zostalem-gangsterem-oficjalne-fotosy-udostepnione-przez-dystrybutora-3-150x150.jpg\" class=\"attachment-thumbnail size-thumbnail\" alt=\"\" loading=\"lazy\" \/><\/a>\n\t\t\t\t<\/dt><dd><\/dd><\/dl><dl class='gallery-item'>\n\t\t\t\t<dt class='gallery-icon landscape'>\n\t\t\t\t\t<a href='https:\/\/kinoroma.zabrze.pl\/mapa\/wp-content\/uploads\/Jak-zostalem-gangsterem-oficjalne-fotosy-udostepnione-przez-dystrybutora-2.jpg'><img width=\"150\" height=\"150\" src=\"https:\/\/kinoroma.zabrze.pl\/mapa\/wp-content\/uploads\/Jak-zostalem-gangsterem-oficjalne-fotosy-udostepnione-przez-dystrybutora-2-150x150.jpg\" class=\"attachment-thumbnail size-thumbnail\" alt=\"\" loading=\"lazy\" \/><\/a>\n\t\t\t\t<\/dt><dd><\/dd><\/dl><br style=\"clear: both\" \/>\n\t\t\t\t<br style='clear: both;' \/>\n\t\t\t<\/div><\/div>\n\n<hr \/>\n<p><span style=\"color: #800000;\"><u><b>Metryczka filmu<\/b><\/u><\/span><\/p>\n<p><span style=\"color: #800000;\">\u201eJak zosta\u0142em gangsterem. Historia prawdziwa\u201d<\/span><br \/>\n<span style=\"color: #800000;\">Polska, 2019<\/span><\/p>\n<p><span style=\"color: #800000;\">Re\u017cyseria: Maciej Kawulski<\/span><br \/>\n<span style=\"color: #800000;\">Scenariusz: Krzysztof Gureczny<\/span><br \/>\n<span style=\"color: #800000;\">Muzyka: Marcin Ujma<\/span><br \/>\n<span style=\"color: #800000;\">Zdj\u0119cia: Bartosz Cierlica<\/span><br \/>\n<span style=\"color: #800000;\">Scenografia: Marek Warszewski<\/span><br \/>\n<span style=\"color: #800000;\">Produkcja: Katarzyna Lewi\u0144ska, Maciej Kawulski oraz Tomasz Wardyn<\/span><br \/>\n<span style=\"color: #800000;\">Dystrybucja: Next Film<\/span><br \/>\n<span style=\"color: #800000;\">Czas trwania: 140 min<\/span><br \/>\n<span style=\"color: #800000;\">Obsada: Marcin Kowalczyk, Tomasz W\u0142osok, Natalia Szroeder, natlia Siwiec, J\u00f3zef Paw\u0142owski, Jan Frycz<\/span><\/p>\n<hr \/>\n<p><u><b>Trailer: <\/b><\/u><a href=\"https:\/\/youtu.be\/sA2HS-UCltk\" target=\"_blank\" rel=\"noopener noreferrer\"><u>https:\/\/youtu.be\/sA2HS-UCltk<\/u><\/a><\/p>\n<p><iframe loading=\"lazy\" src=\"https:\/\/www.youtube.com\/embed\/sA2HS-UCltk\" width=\"560\" height=\"315\" frameborder=\"0\" allowfullscreen=\"allowfullscreen\"><\/iframe><\/p>\n","protected":false},"excerpt":{"rendered":"<p>Re\u017c. Maciej Kawulski Ten film zostaje w g\u0142owie na d\u0142ugo. Na pierwszy rzut oka mo\u017ce si\u0119 wydawa\u0107, \u017ce to po prostu \u015bwietnie nakr\u0119cone kino sensacyjne, ale trudno o wi\u0119ksz\u0105 pomy\u0142k\u0119! \u201eJak zosta\u0142em gangsterem. Historia prawdziwa\u201d to opowie\u015b\u0107 o m\u0119skiej przyja\u017ani w \u015brodku \u015bwiata zatopionego w krwi i przemocy. Oparta na mocnych podstawach faktograficznych historia polskiego [&hellip;]<\/p>\n","protected":false},"author":1,"featured_media":0,"parent":6068,"menu_order":0,"comment_status":"closed","ping_status":"closed","template":"","meta":[],"_links":{"self":[{"href":"https:\/\/kinoroma.zabrze.pl\/mapa\/index.php?rest_route=\/wp\/v2\/pages\/6119"}],"collection":[{"href":"https:\/\/kinoroma.zabrze.pl\/mapa\/index.php?rest_route=\/wp\/v2\/pages"}],"about":[{"href":"https:\/\/kinoroma.zabrze.pl\/mapa\/index.php?rest_route=\/wp\/v2\/types\/page"}],"author":[{"embeddable":true,"href":"https:\/\/kinoroma.zabrze.pl\/mapa\/index.php?rest_route=\/wp\/v2\/users\/1"}],"replies":[{"embeddable":true,"href":"https:\/\/kinoroma.zabrze.pl\/mapa\/index.php?rest_route=%2Fwp%2Fv2%2Fcomments&post=6119"}],"version-history":[{"count":12,"href":"https:\/\/kinoroma.zabrze.pl\/mapa\/index.php?rest_route=\/wp\/v2\/pages\/6119\/revisions"}],"predecessor-version":[{"id":7667,"href":"https:\/\/kinoroma.zabrze.pl\/mapa\/index.php?rest_route=\/wp\/v2\/pages\/6119\/revisions\/7667"}],"up":[{"embeddable":true,"href":"https:\/\/kinoroma.zabrze.pl\/mapa\/index.php?rest_route=\/wp\/v2\/pages\/6068"}],"wp:attachment":[{"href":"https:\/\/kinoroma.zabrze.pl\/mapa\/index.php?rest_route=%2Fwp%2Fv2%2Fmedia&parent=6119"}],"curies":[{"name":"wp","href":"https:\/\/api.w.org\/{rel}","templated":true}]}}