{"id":6121,"date":"2020-09-28T08:24:17","date_gmt":"2020-09-28T06:24:17","guid":{"rendered":"http:\/\/new.kinoroma.zabrze.pl\/mapa\/?page_id=6121"},"modified":"2020-10-20T13:01:20","modified_gmt":"2020-10-20T11:01:20","slug":"kolejnosc-uczuc","status":"publish","type":"page","link":"https:\/\/kinoroma.zabrze.pl\/mapa\/?page_id=6121","title":{"rendered":"Kolejno\u015b\u0107 uczu\u0107"},"content":{"rendered":"<h5 class=\"western\" lang=\"pl\"><strong>Re\u017c. Rados\u0142aw Piwowarski<\/strong><\/h5>\n<hr \/>\n<p class=\"western\" lang=\"pl\"><b><a href=\"\/mapa\/wp-content\/uploads\/plakat-kolejnosc-uczuc-2.jpg\"><img loading=\"lazy\" class=\"alignleft wp-image-6428 size-medium\" src=\"https:\/\/kinoroma.zabrze.pl\/mapa\/wp-content\/uploads\/plakat-kolejnosc-uczuc-2-200x300.jpg\" alt=\"\" width=\"200\" height=\"300\" srcset=\"https:\/\/kinoroma.zabrze.pl\/mapa\/wp-content\/uploads\/plakat-kolejnosc-uczuc-2-200x300.jpg 200w, https:\/\/kinoroma.zabrze.pl\/mapa\/wp-content\/uploads\/plakat-kolejnosc-uczuc-2-683x1024.jpg 683w, https:\/\/kinoroma.zabrze.pl\/mapa\/wp-content\/uploads\/plakat-kolejnosc-uczuc-2-768x1152.jpg 768w, https:\/\/kinoroma.zabrze.pl\/mapa\/wp-content\/uploads\/plakat-kolejnosc-uczuc-2.jpg 1000w\" sizes=\"(max-width: 200px) 100vw, 200px\" \/><\/a>Symfonia na dw\u00f3jk\u0119 aktor\u00f3w, koncert na dwa serca. Nie, to nie jest film muzyczny, ale nagrodzona Z\u0142otymi L<\/b><span lang=\"pl-PL\"><b>w<\/b><\/span><b>ami w Gdyni \u201eKolejno\u015b\u0107 uczu\u0107\u201d Rados\u0142awa Piwowarskiego. Subtelna, graj\u0105ca na niuansach i mistrzowskich rolach g\u0142\u00f3wnych opowie\u015b\u0107 o 50-letnim s\u0142awnym aktorze z Warszawy (Daniel Olbrychski) i nastoletniej uczennicy szko\u0142y muzycznej (Maria Seweryn), kt\u00f3rzy zakochuj\u0105 si\u0119 w sobie bez pami\u0119ci. Czy to uczucie ma przed sob\u0105 przysz\u0142o\u015b\u0107?<\/b><\/p>\n<p class=\"western\" lang=\"pl\">Do ma\u0142ego prowincjonalnego miasta przyje\u017cd\u017ca s\u0142awny aktor Rafa\u0142 Nawrot<span lang=\"pl-PL\">,<\/span> by go\u015bcinnie zagra\u0107 Romea w szekspirowskim przedstawieniu. Teatr jest mierny i Mistrz odnosi si\u0119 do tego przedsi\u0119wzi\u0119cia bez entuzjazmu, ma jednak zobowi\u0105zania wobec dyrektora (<b>Wojciech Siemio<\/b>n).<\/p>\n<p class=\"western\" lang=\"pl\"><a href=\"https:\/\/kinoroma.zabrze.pl\/mapa\/wp-content\/uploads\/plakat-kolejnosc-uczuc.jpg\"><img loading=\"lazy\" class=\"alignright wp-image-6427 size-medium\" src=\"https:\/\/kinoroma.zabrze.pl\/mapa\/wp-content\/uploads\/plakat-kolejnosc-uczuc-202x300.jpg\" alt=\"plakat\" width=\"202\" height=\"300\" srcset=\"https:\/\/kinoroma.zabrze.pl\/mapa\/wp-content\/uploads\/plakat-kolejnosc-uczuc-202x300.jpg 202w, https:\/\/kinoroma.zabrze.pl\/mapa\/wp-content\/uploads\/plakat-kolejnosc-uczuc.jpg 345w\" sizes=\"(max-width: 202px) 100vw, 202px\" \/><\/a>Pierwsze zderzenie z niech\u0119tnym mu zespo\u0142em powoduje, \u017ce podejmuje decyzj\u0119 o powrocie do Warszawy. <span lang=\"pl-PL\">Tu\u017c przed wyjazdem <\/span>przypadkiem poznaje Juli\u0119, uczennic\u0119 szko\u0142y muzycznej, kt\u00f3ra zaprasza go na spotkanie ze szkolnym ko\u0142em teatralnym. Znajomo\u015b\u0107 ta fascynuje obie strony, przyja\u017a\u0144 przeradza si\u0119 w mi\u0142o\u015b\u0107. Rozpoczyna si\u0119 romans pi\u0119\u0107dziesi\u0119cioletniego m\u0119\u017cczyzny i nastolatki\u2026<\/p>\n<p class=\"western\" lang=\"pl\"><span lang=\"pl-PL\">Daniel <\/span>Olbrychski tworzy posta\u0107 zmanierowa<span lang=\"pl-PL\">nego<\/span> i znudzon<span lang=\"pl-PL\">ego<\/span> warszawskimi <span lang=\"pl-PL\">\u201e<\/span>salonami<span lang=\"pl-PL\">\u201d cz\u0142owieka<\/span>. <span lang=\"pl-PL\">Na scenie zdoby\u0142 ju\u017c wszystko, a w jego \u017cycie coraz odwa\u017cniej zakrada si\u0119 pustka, chocia\u017c on sam nie zdaje sobie z tego sprawy. <\/span>Szans\u0119 na romans <span lang=\"pl-PL\">z nastolatk\u0105 <\/span>traktuje na pocz\u0105tku jako swoist\u0105 <span lang=\"pl-PL\">ciekawostk\u0119 i<\/span> niezobowi\u0105zuj\u0105c\u0105 gr\u0119<span lang=\"pl-PL\"> mi\u0142osn\u0105 <\/span>z <span lang=\"pl-PL\">zauroczon\u0105 nim <\/span>dziewczyn\u0105. Gdy pierwszy raz si\u0119 spotykaj\u0105 m\u00f3wi nawet z ironi\u0105: \u201e<i>Ale musisz mi co\u015b obieca\u0107. \u017be si\u0119 we mnie nie zakochasz\u201d<\/i>.<\/p>\n<p class=\"western\" lang=\"pl\">Julia si\u0119 zakochuje, ale Nawrot nie przewidzia\u0142 jednego &#8211; on tak\u017ce si\u0119 w niej zakocha. Piwowarski delikatnie i ciep\u0142o pokazuje kolejne chwile, w kt\u00f3rych oboje kochankowie poznaj\u0105 si\u0119 krok po kroku, godzina po godzinie. Warszawski gwiazdor zaczyna rozumie\u0107, \u017ce odnalaz\u0142 co\u015b, czego <span lang=\"pl-PL\">tak <\/span>naprawd\u0119 poszukiwa\u0142 od lat.<\/p>\n<p class=\"western\" lang=\"pl\">\u201eKolejno\u015b\u0107 uczu\u0107\u201d to ma\u0142y, kameralny film<span lang=\"pl-PL\">,<\/span> ot dw\u00f3jka aktor\u00f3w i kilka wn\u0119trz. Wydawa\u0107 by si\u0119 mog\u0142o niemo\u017cliw<span lang=\"pl-PL\">ym<\/span>, \u017ce taki film wygra gdy\u0144ski festiwal. Ale obraz Piwowarskiego ma atut, kt\u00f3ry czyni go wielkim. <span lang=\"pl-PL\">To<\/span> mistrzowski koncert na dwoje aktor\u00f3w. Chcia\u0142oby si\u0119 powiedzie\u0107 &#8211; koncert na dwa serca.<\/p>\n<p class=\"western\" lang=\"pl\"><a name=\"_GoBack\"><\/a> Daniel Olbrychski &#8211; legenda polskiego kina i <span lang=\"pl-PL\">wyst\u0119puj\u0105ca <\/span>po raz pierwszy w g\u0142\u00f3wnej roli Maria Seweryn (na ekranie zadebiutowa\u0142a w \u201eDyrygencie\u201d Andrzeja Wajdy)<span lang=\"pl-PL\"> tworz\u0105 na ekranie niezwyk\u0142y duet, kt\u00f3ry ods\u0142ania now\u0105 twarz znanej od setek lat historii o mi\u0142o\u015bci dojrza\u0142ego m\u0119\u017cczyzny i m\u0142odej kobiety<\/span>.<\/p>\n<p lang=\"pl\"><a\n\thref=\"\/mapa\/?ait-item=zabrzanskie-plenery\"\n\t\tid=\"ait-sc-button-1\"\n\tclass=\"ait-sc-button alignright  buticon-left    simple\"\n\tstyle=\"width:240px;background-color:#001e92; border-color:#001e92;margin-top:20;margin-left:20;margin-right:20;margin-bottom:20;\"\n>\n\t<span class=\"container\">\n\t\t<span class=\"wrap\">\n\n\t\t\t\t\t\t\t\t\t\t\t\t<span class=\"icon\" style=\"text-align:left;\">\n\t\t\t\t\t\t<i class=\"fa fa fa-map-marker\" style=\"color: #ffffff;\"><\/i>\n\t\t\t\t\t<\/span>\n\t\t\t\t\t\t\t\n\t\t\t\t\t\t<span class=\"text\" style=\"text-align:left;\">\n\t\t\t\t\t\t\t\t<span class=\"title\" style=\"color:#ffffff;\">\n\t\t\t\t\tZabrza\u0144skie plenery\t\t\t\t<\/span>\n\t\t\t\t\t\t\t\t\t\t\t<\/span>\n\t\t\t\n\t\t\t\t\t\t\t\t\t\t\t\t<\/span>\n\t<\/span>\n<\/a>\n<\/p>\n<p class=\"western\" lang=\"pl\">Rados\u0142aw Piwowarski zadebiutowa\u0142 fabularnie g\u0142o\u015bnym \u201eYesterday&#8221; nagrodzonym Z\u0142ot\u0105 Muszl\u0105 na presti\u017cowym festiwalu w San Sebastian. Potem przyszli \u201eKochankowie mojej matki\u201d ze znakomit\u0105 kreacj\u0105 Krystyny Jandy i \u201ePoci\u0105g do Hollywood&#8221;, kt\u00f3ry \u201estworzy\u0142\u201d Katarzyn\u0119 Figur\u0119 jako aktork\u0119. Re\u017cyser ma te\u017c w dorobku popularny do dzi\u015b serial \u201eJan Serce&#8221;.<\/p>\n\n\t\t\t<div>\n\t\t\t<style type='text\/css'>\n\t\t\t\t#gallery-1 {\n\t\t\t\t\tmargin: auto;\n\t\t\t\t}\n\t\t\t\t#gallery-1 .gallery-item {\n\t\t\t\t\tfloat: left;\n\t\t\t\t\tmargin-top: 10px;\n\t\t\t\t\ttext-align: center;\n\t\t\t\t\twidth: 20%;\n\t\t\t\t}\n\t\t\t\t#gallery-1 img {\n\t\t\t\t\tborder: 2px solid #cfcfcf;\n\t\t\t\t}\n\t\t\t\t#gallery-1 .gallery-caption {\n\t\t\t\t\tmargin-left: 0;\n\t\t\t\t}\n\t\t\t\t\/* see gallery_shortcode() in wp-includes\/media.php *\/\n\t\t\t<\/style><\/div>\n\t\t<div id='gallery-1' class='gallery galleryid-6121 gallery-columns-5 gallery-size-thumbnail'><div class=\"gallery-inner-wrapper\"><dl class='gallery-item'>\n\t\t\t\t<dt class='gallery-icon landscape'>\n\t\t\t\t\t<a href='https:\/\/kinoroma.zabrze.pl\/mapa\/wp-content\/uploads\/kolejnosc-uczuc-kadr-z-filmu-4.jpg'><img width=\"150\" height=\"150\" src=\"https:\/\/kinoroma.zabrze.pl\/mapa\/wp-content\/uploads\/kolejnosc-uczuc-kadr-z-filmu-4-150x150.jpg\" class=\"attachment-thumbnail size-thumbnail\" alt=\"\" loading=\"lazy\" \/><\/a>\n\t\t\t\t<\/dt><dd><\/dd><\/dl><dl class='gallery-item'>\n\t\t\t\t<dt class='gallery-icon landscape'>\n\t\t\t\t\t<a href='https:\/\/kinoroma.zabrze.pl\/mapa\/wp-content\/uploads\/kolejnosc-uczuc-kadr-z-filmu-2.jpg'><img width=\"150\" height=\"150\" src=\"https:\/\/kinoroma.zabrze.pl\/mapa\/wp-content\/uploads\/kolejnosc-uczuc-kadr-z-filmu-2-150x150.jpg\" class=\"attachment-thumbnail size-thumbnail\" alt=\"\" loading=\"lazy\" \/><\/a>\n\t\t\t\t<\/dt><dd><\/dd><\/dl><dl class='gallery-item'>\n\t\t\t\t<dt class='gallery-icon landscape'>\n\t\t\t\t\t<a href='https:\/\/kinoroma.zabrze.pl\/mapa\/wp-content\/uploads\/kolejnosc-uczuc-kadr-z-filmu-1.jpg'><img width=\"150\" height=\"150\" src=\"https:\/\/kinoroma.zabrze.pl\/mapa\/wp-content\/uploads\/kolejnosc-uczuc-kadr-z-filmu-1-150x150.jpg\" class=\"attachment-thumbnail size-thumbnail\" alt=\"\" loading=\"lazy\" \/><\/a>\n\t\t\t\t<\/dt><dd><\/dd><\/dl>\n\t\t\t\t<br style='clear: both;' \/>\n\t\t\t<\/div><\/div>\n\n<hr \/>\n<p class=\"western\" lang=\"pl\"><span style=\"color: #800000;\"><u><b>Metryczka filmu<\/b><\/u><\/span><\/p>\n<p><span style=\"color: #800000;\">\u201eKolejno\u015b\u0107 uczu\u0107\u201d<\/span><br \/>\n<span style=\"color: #800000;\">Polska,1993<\/span><\/p>\n<p><span style=\"color: #800000;\">Re\u017cyseria i scenariusz: Rados\u0142aw Piwowarski<\/span><br \/>\n<span style=\"color: #800000;\">Muzyka: Jerzy Satanowski<\/span><br \/>\n<span style=\"color: #800000;\">Zdj\u0119cia: Witold Adamek<\/span><br \/>\n<span style=\"color: #800000;\">Monta\u017c: Wanda Zeman<\/span><br \/>\n<span style=\"color: #800000;\">Produkcja: Studio Filmowe Tor<\/span><br \/>\n<span style=\"color: #800000;\">Czas trwania: 83 min<\/span><br \/>\n<span style=\"color: #800000;\">Obsada: Daniel Olbrychski, Maria Seweryn, Wojciech Siemion<\/span><\/p>\n<hr \/>\n<p class=\"western\" lang=\"pl\"><u><b>Nagrody i wyr\u00f3\u017cnienia<br \/>\n<\/b><\/u><\/p>\n<ul>\n<li class=\"western\" lang=\"pl\">Festiwal Polskich Film\u00f3w Fabularnych w Gdyni &#8211; Wielka Nagroda &#8222;Z\u0142ote Lwy&#8221; 1993,<\/li>\n<li class=\"western\" lang=\"pl\">Z\u0142ota Muszla San Sebastian,<\/li>\n<li class=\"western\" lang=\"pl\">Z\u0142ota Kaczka (przyznawana przez pismo &#8222;Film&#8221;) &#8211; najlepszy film polski za rok 1993<\/li>\n<\/ul>\n<p class=\"western\" lang=\"pl\">\n","protected":false},"excerpt":{"rendered":"<p>Re\u017c. Rados\u0142aw Piwowarski Symfonia na dw\u00f3jk\u0119 aktor\u00f3w, koncert na dwa serca. Nie, to nie jest film muzyczny, ale nagrodzona Z\u0142otymi Lwami w Gdyni \u201eKolejno\u015b\u0107 uczu\u0107\u201d Rados\u0142awa Piwowarskiego. Subtelna, graj\u0105ca na niuansach i mistrzowskich rolach g\u0142\u00f3wnych opowie\u015b\u0107 o 50-letnim s\u0142awnym aktorze z Warszawy (Daniel Olbrychski) i nastoletniej uczennicy szko\u0142y muzycznej (Maria Seweryn), kt\u00f3rzy zakochuj\u0105 si\u0119 w [&hellip;]<\/p>\n","protected":false},"author":1,"featured_media":0,"parent":6068,"menu_order":0,"comment_status":"closed","ping_status":"closed","template":"","meta":[],"_links":{"self":[{"href":"https:\/\/kinoroma.zabrze.pl\/mapa\/index.php?rest_route=\/wp\/v2\/pages\/6121"}],"collection":[{"href":"https:\/\/kinoroma.zabrze.pl\/mapa\/index.php?rest_route=\/wp\/v2\/pages"}],"about":[{"href":"https:\/\/kinoroma.zabrze.pl\/mapa\/index.php?rest_route=\/wp\/v2\/types\/page"}],"author":[{"embeddable":true,"href":"https:\/\/kinoroma.zabrze.pl\/mapa\/index.php?rest_route=\/wp\/v2\/users\/1"}],"replies":[{"embeddable":true,"href":"https:\/\/kinoroma.zabrze.pl\/mapa\/index.php?rest_route=%2Fwp%2Fv2%2Fcomments&post=6121"}],"version-history":[{"count":12,"href":"https:\/\/kinoroma.zabrze.pl\/mapa\/index.php?rest_route=\/wp\/v2\/pages\/6121\/revisions"}],"predecessor-version":[{"id":7669,"href":"https:\/\/kinoroma.zabrze.pl\/mapa\/index.php?rest_route=\/wp\/v2\/pages\/6121\/revisions\/7669"}],"up":[{"embeddable":true,"href":"https:\/\/kinoroma.zabrze.pl\/mapa\/index.php?rest_route=\/wp\/v2\/pages\/6068"}],"wp:attachment":[{"href":"https:\/\/kinoroma.zabrze.pl\/mapa\/index.php?rest_route=%2Fwp%2Fv2%2Fmedia&parent=6121"}],"curies":[{"name":"wp","href":"https:\/\/api.w.org\/{rel}","templated":true}]}}