{"id":6126,"date":"2020-09-28T08:26:43","date_gmt":"2020-09-28T06:26:43","guid":{"rendered":"http:\/\/new.kinoroma.zabrze.pl\/mapa\/?page_id=6126"},"modified":"2020-10-20T09:19:26","modified_gmt":"2020-10-20T07:19:26","slug":"die-borsenkonigin","status":"publish","type":"page","link":"https:\/\/kinoroma.zabrze.pl\/mapa\/?page_id=6126","title":{"rendered":"Die B\u00f6rsenk\u00f6nigin"},"content":{"rendered":"<h5 class=\"western\" lang=\"pl\"><b>Re\u017c. Edmund Edel<\/b><\/h5>\n<hr \/>\n<p><a href=\"http:\/\/kinoroma.zabrze.pl\/mapa\/wp-content\/uploads\/Asta_Nielsen-fot-Wikipedia-wolna-licencja.jpg\"><img loading=\"lazy\" class=\"alignleft wp-image-6368 size-medium\" src=\"http:\/\/kinoroma.zabrze.pl\/mapa\/wp-content\/uploads\/Asta_Nielsen-fot-Wikipedia-wolna-licencja-230x300.jpg\" alt=\"\" width=\"230\" height=\"300\" srcset=\"https:\/\/kinoroma.zabrze.pl\/mapa\/wp-content\/uploads\/Asta_Nielsen-fot-Wikipedia-wolna-licencja-230x300.jpg 230w, https:\/\/kinoroma.zabrze.pl\/mapa\/wp-content\/uploads\/Asta_Nielsen-fot-Wikipedia-wolna-licencja.jpg 502w\" sizes=\"(max-width: 230px) 100vw, 230px\" \/><\/a><b>\u201eKr\u00f3lowa gie\u0142dy\u201d by\u0142a jednym z najs\u0142ynniejszych film\u00f3w 1918 roku w ca\u0142ym Cesarstwie Niemieckim. A jednocze\u015bnie jednym z najbardziej kontrowersyjnych, bo nakr\u0119cona w 1916 roku na premier\u0119 czeka\u0142a a\u017c 2 lata, blokowana przez\u2026 cenzur\u0119. Na ekranie pojawi\u0142a si\u0119 \u00f3wczesna mega-gwiazda Asta Nielsen, a za kamer\u0105 stan\u0105\u0142 Edmund Edel, najlepszy \u201ereklamiarz\u201d II Rzeszy i kolega malarza Henri de Toulose-Lautreca. No i oczywi\u015bcie, w filmie swoj\u0105 role \u201ezagra\u0142o\u201d Zabrze!<\/b><\/p>\n<p>O czym opowiada ten hit niemego kina? Helene Metzler (<b>Asta Nielsen<\/b>) jest zamo\u017cn\u0105 w\u0142a\u015bcicielk\u0105 kopalni miedzi \u201eGl\u00fcckauf\u201d, w kt\u00f3rej role wcieli\u0142a si\u0119 \u00f3wczesna Kopalnia Jadwiga w Biskupicach. Niestety akcjonariusze zaczynaj\u0105 panicznie wyprzedawa\u0107 swoje udzia\u0142y, gdy okazuje si\u0119,\u00a0 \u017ce zasoby kopalni s\u0105 na wyczerpaniu. Helene wyrusza wi\u0119c wraz z dyrektorem Lindholmem (<b>Aruth Wartan<\/b>) pod ziemi\u0119, by sprawdzi\u0107 czy w kopalni faktycznie nie ma ju\u017c cennego minera\u0142u.<\/p>\n<p>Lindholm odkrywa miedzian\u0105 \u017cy\u0142\u0119, kt\u00f3ra uratuje kopalni\u0119 przed likwidacj\u0105. Helene postanawia przeprowadzi\u0107 ryzykown\u0105 operacj\u0119 finansow\u0105. Instruuje swojego finansist\u0119 Goldsteina (<b>Otto Geb\u00fchr<\/b>), aby sztucznie obni\u017cy\u0142 cen\u0119 akcji, a nast\u0119pnie wykupi\u0142 jak najwi\u0119cej udzia\u0142\u00f3w. Gie\u0142dowa sztuczka przynosi efekty &#8211; kopalnia ponownie rozkwita. Z wdzi\u0119czno\u015bci, Helene postanawia uczyni\u0107 Lindholma wsp\u00f3\u0142w\u0142a\u015bcicielem, a ponadto&#8230; zakochuje si\u0119 w nim.<\/p>\n<div id=\"attachment_7414\" style=\"width: 241px\" class=\"wp-caption alignleft\"><a href=\"http:\/\/kinoroma.zabrze.pl\/mapa\/wp-content\/uploads\/3.jpg\"><img aria-describedby=\"caption-attachment-7414\" loading=\"lazy\" class=\"wp-image-7414 size-medium\" src=\"http:\/\/kinoroma.zabrze.pl\/mapa\/wp-content\/uploads\/3-231x300.jpg\" alt=\"\" width=\"231\" height=\"300\" srcset=\"https:\/\/kinoroma.zabrze.pl\/mapa\/wp-content\/uploads\/3-231x300.jpg 231w, https:\/\/kinoroma.zabrze.pl\/mapa\/wp-content\/uploads\/3-788x1024.jpg 788w, https:\/\/kinoroma.zabrze.pl\/mapa\/wp-content\/uploads\/3-768x998.jpg 768w, https:\/\/kinoroma.zabrze.pl\/mapa\/wp-content\/uploads\/3-1182x1536.jpg 1182w, https:\/\/kinoroma.zabrze.pl\/mapa\/wp-content\/uploads\/3.jpg 1576w\" sizes=\"(max-width: 231px) 100vw, 231px\" \/><\/a><p id=\"caption-attachment-7414\" class=\"wp-caption-text\">G\u00f3rnicy z G\u00f3rnego \u015al\u0105ska w filmie. W trakcie realizacji jest du\u017ce dzie\u0142o filmowe, kt\u00f3re ma miejsce na G\u00f3rnym \u015al\u0105sku i ma by\u0107 zaanga\u017cowana w budow\u0119 g\u00f3rno\u015bl\u0105skiego Bergnappen. Od autora dramatu filmowego, pana Edmunda Edelera, dowiadujemy si\u0119, co nast\u0119puje: Tytu\u0142 nowego projektu to Die B\u00f6rjenjpekulantin. \u201eMiejsce akcji to kopalnia, aby nagrania mo\u017cna by\u0142o robi\u0107 na miejscu. Wydawa\u0142o to Borsignwerke wyda\u0142o zatwierdzenie, po kt\u00f3rym natychmiast rozpocz\u0119to finalne nagranie fotograficzne. Odbywa si\u0119 pe\u0142nowymiarowe nagranie g\u00f3rnik\u00f3w. Aktorka Afta Nielfen przybywa tu jako g\u0142\u00f3wna aktorka filmu, ona te\u017c w\u0142\u0105czy\u0142a si\u0119 sztuk\u0119 filmow\u0105. S\u0142ynny berlinski pisarz i kre\u015blarz Edmund Edel re\u017cyseruje film. Obecno\u015b\u0107 go\u015bci wywo\u0142a\u0142a spore zamieszanie w naszej spo\u0142eczno\u015bci, na ulicach otaczali ich zaciekawieni ludzie, kt\u00f3rzy byli wsz\u0119dzie. Zesp\u00f3\u0142 artyst\u00f3w mieszka\u0142 w hotelu Kochmanna. Wczoraj wieczorem wyst\u0105pili aktorzy filmowi z panem Edelem. Filmowa tragedia zosta\u0142a entuzjastyczna odebrana. Aktorka, kt\u00f3ra r\u00f3wnie\u017c cieszy si\u0119 popularno\u015bci\u0105 w\u015br\u00f3d naszych kinowych widz\u00f3w, wzi\u0119\u0142a udzia\u0142 w tournee, a ka\u017cdy mia\u0142 okazj\u0119 osobi\u015bcie pozna\u0107 artystk\u0119, kt\u00f3rej cz\u0119sto robi\u0142 zdj\u0119cia. Obecno\u015b\u0107 artyst\u00f3w filmowych jest wi\u0119c dla nas interesuj\u0105ca, poniewa\u017c kawa\u0142ek ziemi \u015bl\u0105skiej i duch pracy \u015al\u0105zaka znalaz\u0142 si\u0119 w filmie i wkr\u00f3tce przejdzie przez wszystkie etapy slajd\u00f3w. Zabrze , opat, ds. M\u0142odzie\u017cy. 16-letni g\u00f3rnik August S. z Hinden Dem Lert<\/p><\/div>\n<p><b>Film wywo\u0142a\u0142 tak wielkie kontrowersje, \u017ce cenzura w styczniu 1916 roku zakaza\u0142a pokazywania go m\u0142odzie\u017cy. <\/b>Niestety nie wiemy, co tak wzburzy\u0142o cenzor\u00f3w, w ka\u017cdym razie po raz pierwszy film zosta\u0142 pokazany dwa lata p\u00f3\u017aniej &#8211; na premierze w Berlinie 23 maja 1918 roku. Pewnym tropem wskazuj\u0105cym na przyczyny ocenzurowania \u201eKr\u00f3lowej gie\u0142dy\u201d by\u0142a osoba Asty Nielsen. Uwa\u017cana za pierwsz\u0105 sex-bomb\u0119 kina niemego gra\u0142a, jak pisz\u0105 krytycy \u201e<i>ze zmys\u0142ow\u0105 mow\u0105 cia\u0142a, subteln\u0105, ale wyrazist\u0105\u201d<\/i>. A \u00f3wcze\u015bnie, by\u0142o to wystarczaj\u0105cym powodem , by wzburzy\u0107 kinowych widz\u00f3w.<\/p>\n<p><b>Jak wspomnieli\u015bmy, \u201eKr\u00f3lowa gie\u0142dy\u201d mia\u0142a gwiazdorsk\u0105 obsad\u0119<\/b>. Asta Nielsen, kt\u00f3ra zagra\u0142a g\u0142\u00f3wn\u0105 rol\u0119, cieszy\u0142a si\u0119 wtedy popularno\u015bci\u0105 r\u00f3wn\u0105 dzisiejszej s\u0142awie Angeliny Jolie. Du\u0144ska aktorka nie pozwala\u0142a jednak zamkn\u0105\u0107 si\u0119 w szufladce z napisem \u201epi\u0119kna i seksowna\u201d.\u00a0 Konsekwentnie gra\u0142a te\u017c postaci kobiet z\u0142amanych \u017cyciem.<\/p>\n<p>W filmowego dyrektora Lindholma wcieli\u0142 si\u0119 <b>Aruth Wartan, <\/b>aktor i producent filmowy pochodz\u0105cy z Armenii, kt\u00f3ry z wykszta\u0142cenia by\u0142\u2026 in\u017cynierem g\u00f3rnictwa! Aruth to bardzo barwna posta\u0107. B\u0142yszcza\u0142 nie tylko na ekranie. By\u0142 r\u00f3wnie\u017c zawodowym sportowcem, startuj\u0105cym z sukcesami w Igrzyskach Olimpijskich. Warto doda\u0107, \u017ce kilkukrotnie gra\u0142 u boku polskiej supergwiazdy Hollywood Poli Negri.<\/p>\n<p><a href=\"http:\/\/kinoroma.zabrze.pl\/mapa\/wp-content\/uploads\/Otto_Gebuhr-fot-Wikipedia-wolna-licencja.jpg\"><img loading=\"lazy\" class=\"alignright wp-image-6369 size-medium\" src=\"http:\/\/kinoroma.zabrze.pl\/mapa\/wp-content\/uploads\/Otto_Gebuhr-fot-Wikipedia-wolna-licencja-192x300.jpg\" alt=\"\" width=\"192\" height=\"300\" srcset=\"https:\/\/kinoroma.zabrze.pl\/mapa\/wp-content\/uploads\/Otto_Gebuhr-fot-Wikipedia-wolna-licencja-192x300.jpg 192w, https:\/\/kinoroma.zabrze.pl\/mapa\/wp-content\/uploads\/Otto_Gebuhr-fot-Wikipedia-wolna-licencja.jpg 569w\" sizes=\"(max-width: 192px) 100vw, 192px\" \/><\/a>Z kolei dramatyczn\u0105 postaci\u0105 by\u0142 <b>Otto Geb\u00fchr<\/b>, kt\u00f3ry zagra\u0142 finansist\u0119 Goldsteina. Zas\u0142yn\u0105\u0142 rol\u0105 kr\u00f3la pruskiego Fryderyka Wielkiego, kt\u00f3r\u0105 zagra\u0142 w a\u017c dwunastu filmach, nakr\u0119conych w latach 1920-1942! Niestety, po 1933 roku wspar\u0142 nazist\u00f3w, a w okresie III Rzeszy sta\u0142 si\u0119 ulubion\u0105 gwiazd\u0105 filmow\u0105 Josepha Goebbelsa. Tw\u00f3rca systemu hitlerowskiej propagandy umie\u015bci\u0142 Geb\u00fchra na li\u015bcie \u201eniezast\u0105pionych artyst\u00f3w, podarowanych Rzeszy przez Boga\u201d.<\/p>\n<p>Na koniec s\u0142owo o re\u017cyserze. <b>Edmund Albert Edel<\/b> urodzi\u0142 si\u0119 w 1863 roku w \u00f3wczesnym mie\u015bcie Stolp na Pomorzu, znanym nam jako dzisiejszy S\u0142upsk. Edel by\u0142 multi-talentem. S\u0142aw\u0119 zyska\u0142, tworz\u0105c w zupe\u0142nie innych dziedzinach ni\u017c kino. <b>By\u0142 malarzem, karykaturzyst\u0105 i rysownikiem, uwa\u017canym w latach 20. i 30. XX wieku za najlepszego tw\u00f3rc\u0119\u2026 reklam w ca\u0142ych Niemczech. <\/b><\/p>\n<p>Do tworzenia plakat\u00f3w zainspirowa\u0142 go genialny malarz <b>Henri de Toulouse-Lautrec<\/b>, kt\u00f3rego pozna\u0142 w czasie studi\u00f3w w Pary\u017cu. Wkr\u00f3tce Edel odni\u00f3s\u0142 ogromny sukces, a historyk sztuki Eduard Fuchs nazwa\u0142 go w 1906 roku \u201enajbardziej zr\u0119cznym artyst\u0105 reklamowym w Niemczech\u201d.<\/p>\n<p>Ale to nie koniec \u201ezwrot\u00f3w akcji\u201d w \u017cyciu Edmunda Edela. W 1903 roku zacz\u0105\u0142 pisa\u0107 i <b>stworzy\u0142 ponad 30 powie\u015bci<\/b>, dzi\u0119ki kt\u00f3rym zyska\u0142 reputacj\u0119 kronikarza berli\u0144skiej bohemy. Jako re\u017cyser nakr\u0119ci\u0142 ponad 40 film\u00f3w, a jego najwybitniejszym obrazem jest w\u0142a\u015bnie \u201eDie B\u00f6rsenk\u00f6nigin\u201d.<\/p>\n<p>Kres karierze Edela przyni\u00f3s\u0142 triumf hitleryzmu w 1933 roku. Jako \u017byd zacz\u0105\u0142 by\u0107 szykanowany, a jego tw\u00f3rczo\u015b\u0107 usuwano z publicznego obiegu. Za\u0142amany i zniszczony psychicznie zmar\u0142 rok p\u00f3\u017aniej.<\/p>\n<p><b>\u201eKr\u00f3lowa gie\u0142dy\u201d <\/b>zachowa\u0142a si\u0119 do dzi\u015b w kilku kopiach. Holederskie Nederlands Filmmuseum w 1994 roku stworzy\u0142o cyfrow\u0105 kopi\u0119 filmu. Oryginalna ta\u015bma zosta\u0142a pokolorowana i wydana na DVD w 2012 roku (w zestawie z trzema innymi filmami Asty Nielsen).<\/p>\n\n\t\t\t<div>\n\t\t\t<style type='text\/css'>\n\t\t\t\t#gallery-1 {\n\t\t\t\t\tmargin: auto;\n\t\t\t\t}\n\t\t\t\t#gallery-1 .gallery-item {\n\t\t\t\t\tfloat: left;\n\t\t\t\t\tmargin-top: 10px;\n\t\t\t\t\ttext-align: center;\n\t\t\t\t\twidth: 33%;\n\t\t\t\t}\n\t\t\t\t#gallery-1 img {\n\t\t\t\t\tborder: 2px solid #cfcfcf;\n\t\t\t\t}\n\t\t\t\t#gallery-1 .gallery-caption {\n\t\t\t\t\tmargin-left: 0;\n\t\t\t\t}\n\t\t\t\t\/* see gallery_shortcode() in wp-includes\/media.php *\/\n\t\t\t<\/style><\/div>\n\t\t<div id='gallery-1' class='gallery galleryid-6126 gallery-columns-3 gallery-size-medium'><div class=\"gallery-inner-wrapper\"><dl class='gallery-item'>\n\t\t\t\t<dt class='gallery-icon landscape'>\n\t\t\t\t\t<a href='https:\/\/kinoroma.zabrze.pl\/mapa\/wp-content\/uploads\/2.jpg'><img width=\"300\" height=\"73\" src=\"https:\/\/kinoroma.zabrze.pl\/mapa\/wp-content\/uploads\/2-300x73.jpg\" class=\"attachment-medium size-medium\" alt=\"\" loading=\"lazy\" srcset=\"https:\/\/kinoroma.zabrze.pl\/mapa\/wp-content\/uploads\/2-300x73.jpg 300w, https:\/\/kinoroma.zabrze.pl\/mapa\/wp-content\/uploads\/2-1024x251.jpg 1024w, https:\/\/kinoroma.zabrze.pl\/mapa\/wp-content\/uploads\/2-768x188.jpg 768w, https:\/\/kinoroma.zabrze.pl\/mapa\/wp-content\/uploads\/2-1536x376.jpg 1536w, https:\/\/kinoroma.zabrze.pl\/mapa\/wp-content\/uploads\/2.jpg 2048w\" sizes=\"(max-width: 300px) 100vw, 300px\" \/><\/a>\n\t\t\t\t<\/dt>\n\t\t\t\t\t<dd class='wp-caption-text gallery-caption'>\n\t\t\t\t\tAsta Nielsen, znana gwiazda filmowa podczas swojego pobytu w Zabrzu zleci\u0142a malarzowi o imieniu Paul Baron, \u017ceby naszkicowa\u0142 jej portret\n\t\t\t\t\t<\/dd><\/dl><dl class='gallery-item'>\n\t\t\t\t<dt class='gallery-icon landscape'>\n\t\t\t\t\t<a href='https:\/\/kinoroma.zabrze.pl\/mapa\/wp-content\/uploads\/1.jpg'><img width=\"300\" height=\"81\" src=\"https:\/\/kinoroma.zabrze.pl\/mapa\/wp-content\/uploads\/1-300x81.jpg\" class=\"attachment-medium size-medium\" alt=\"\" loading=\"lazy\" srcset=\"https:\/\/kinoroma.zabrze.pl\/mapa\/wp-content\/uploads\/1-300x81.jpg 300w, https:\/\/kinoroma.zabrze.pl\/mapa\/wp-content\/uploads\/1-1024x278.jpg 1024w, https:\/\/kinoroma.zabrze.pl\/mapa\/wp-content\/uploads\/1-768x208.jpg 768w, https:\/\/kinoroma.zabrze.pl\/mapa\/wp-content\/uploads\/1-1536x416.jpg 1536w, https:\/\/kinoroma.zabrze.pl\/mapa\/wp-content\/uploads\/1.jpg 2048w\" sizes=\"(max-width: 300px) 100vw, 300px\" \/><\/a>\n\t\t\t\t<\/dt>\n\t\t\t\t\t<dd class='wp-caption-text gallery-caption'>\n\t\t\t\t\tAsta Nielsen w Zabrzu. Znana gwiazda filmowa Asta Nielsen pojawi\u0142a si\u0119 ze swoim zespo\u0142em w Zabrzu i zatrzyma\u0142a w hotelu Kochmann\n\t\t\t\t\t<\/dd><\/dl>\n\t\t\t\t<br style='clear: both;' \/>\n\t\t\t<\/div><\/div>\n\n<p>&nbsp;<\/p>\n<a\n\thref=\"\/mapa\/?ait-item=4-osiedle-borsiga\"\n\t\tid=\"ait-sc-button-1\"\n\tclass=\"ait-sc-button alignright  buticon-left    simple\"\n\tstyle=\"width:240px;background-color:#001e92; border-color:#001e92;margin-top:20;margin-left:20;margin-right:20;margin-bottom:20;\"\n>\n\t<span class=\"container\">\n\t\t<span class=\"wrap\">\n\n\t\t\t\t\t\t\t\t\t\t\t\t<span class=\"icon\" style=\"text-align:left;\">\n\t\t\t\t\t\t<i class=\"fa fa fa-map-marker\" style=\"color: #ffffff;\"><\/i>\n\t\t\t\t\t<\/span>\n\t\t\t\t\t\t\t\n\t\t\t\t\t\t<span class=\"text\" style=\"text-align:left;\">\n\t\t\t\t\t\t\t\t<span class=\"title\" style=\"color:#ffffff;\">\n\t\t\t\t\tOsiedle Borsiga\t\t\t\t<\/span>\n\t\t\t\t\t\t\t\t\t\t\t<\/span>\n\t\t\t\n\t\t\t\t\t\t\t\t\t\t\t\t<\/span>\n\t<\/span>\n<\/a>\n\n<a\n\thref=\"\/mapa\/?ait-item=16-kopalnia-jadwiga\"\n\t\tid=\"ait-sc-button-2\"\n\tclass=\"ait-sc-button alignright  buticon-left    simple\"\n\tstyle=\"width:240px;background-color:#001e92; border-color:#001e92;margin-top:20;margin-left:20;margin-right:20;margin-bottom:20;\"\n>\n\t<span class=\"container\">\n\t\t<span class=\"wrap\">\n\n\t\t\t\t\t\t\t\t\t\t\t\t<span class=\"icon\" style=\"text-align:left;\">\n\t\t\t\t\t\t<i class=\"fa fa fa-map-marker\" style=\"color: #ffffff;\"><\/i>\n\t\t\t\t\t<\/span>\n\t\t\t\t\t\t\t\n\t\t\t\t\t\t<span class=\"text\" style=\"text-align:left;\">\n\t\t\t\t\t\t\t\t<span class=\"title\" style=\"color:#ffffff;\">\n\t\t\t\t\tKopalnia Jadwiga\t\t\t\t<\/span>\n\t\t\t\t\t\t\t\t\t\t\t<\/span>\n\t\t\t\n\t\t\t\t\t\t\t\t\t\t\t\t<\/span>\n\t<\/span>\n<\/a>\n\n<a\n\thref=\"\/mapa\/?ait-item=5-osiedle-robotnicze-donnesmarcka-zandka\"\n\t\tid=\"ait-sc-button-3\"\n\tclass=\"ait-sc-button alignright  buticon-left    simple\"\n\tstyle=\"width:240px;background-color:#001e92; border-color:#001e92;margin-top:20;margin-left:20;margin-right:20;margin-bottom:20;\"\n>\n\t<span class=\"container\">\n\t\t<span class=\"wrap\">\n\n\t\t\t\t\t\t\t\t\t\t\t\t<span class=\"icon\" style=\"text-align:left;\">\n\t\t\t\t\t\t<i class=\"fa fa fa-map-marker\" style=\"color: #ffffff;\"><\/i>\n\t\t\t\t\t<\/span>\n\t\t\t\t\t\t\t\n\t\t\t\t\t\t<span class=\"text\" style=\"text-align:left;\">\n\t\t\t\t\t\t\t\t<span class=\"title\" style=\"color:#ffffff;\">\n\t\t\t\t\tOsiedle robotnicze Donnesmarcka \u201eZandka\u201d\t\t\t\t<\/span>\n\t\t\t\t\t\t\t\t\t\t\t<\/span>\n\t\t\t\n\t\t\t\t\t\t\t\t\t\t\t\t<\/span>\n\t<\/span>\n<\/a>\n\n<hr \/>\n<p><span style=\"color: #800000;\"><u><b><br \/>\nMetryczka filmu<\/b><\/u><\/span><\/p>\n<p><span style=\"color: #800000;\">\u201cKr\u00f3lowa gie\u0142dy\u201d<\/span><br \/>\n<span style=\"color: #800000;\">Niemcy 1916\/1918<\/span><\/p>\n<p><span style=\"color: #800000;\">Re\u017cyseria i scenariusz: Edmund Edel<\/span><br \/>\n<span style=\"color: #800000;\">Produkcja: Neutral Film<\/span><br \/>\n<span style=\"color: #800000;\">Czas trwania : 63 min<\/span><br \/>\n<span style=\"color: #800000;\">Obsada: Asta Nielsen, Aruth Wartan, Willi Kaiser-Heyl, Otto Geb\u00fchr<\/span><\/p>\n<p>&nbsp;<\/p>\n","protected":false},"excerpt":{"rendered":"<p>Re\u017c. Edmund Edel \u201eKr\u00f3lowa gie\u0142dy\u201d by\u0142a jednym z najs\u0142ynniejszych film\u00f3w 1918 roku w ca\u0142ym Cesarstwie Niemieckim. A jednocze\u015bnie jednym z najbardziej kontrowersyjnych, bo nakr\u0119cona w 1916 roku na premier\u0119 czeka\u0142a a\u017c 2 lata, blokowana przez\u2026 cenzur\u0119. Na ekranie pojawi\u0142a si\u0119 \u00f3wczesna mega-gwiazda Asta Nielsen, a za kamer\u0105 stan\u0105\u0142 Edmund Edel, najlepszy \u201ereklamiarz\u201d II Rzeszy i [&hellip;]<\/p>\n","protected":false},"author":1,"featured_media":0,"parent":6068,"menu_order":0,"comment_status":"closed","ping_status":"closed","template":"","meta":[],"_links":{"self":[{"href":"https:\/\/kinoroma.zabrze.pl\/mapa\/index.php?rest_route=\/wp\/v2\/pages\/6126"}],"collection":[{"href":"https:\/\/kinoroma.zabrze.pl\/mapa\/index.php?rest_route=\/wp\/v2\/pages"}],"about":[{"href":"https:\/\/kinoroma.zabrze.pl\/mapa\/index.php?rest_route=\/wp\/v2\/types\/page"}],"author":[{"embeddable":true,"href":"https:\/\/kinoroma.zabrze.pl\/mapa\/index.php?rest_route=\/wp\/v2\/users\/1"}],"replies":[{"embeddable":true,"href":"https:\/\/kinoroma.zabrze.pl\/mapa\/index.php?rest_route=%2Fwp%2Fv2%2Fcomments&post=6126"}],"version-history":[{"count":28,"href":"https:\/\/kinoroma.zabrze.pl\/mapa\/index.php?rest_route=\/wp\/v2\/pages\/6126\/revisions"}],"predecessor-version":[{"id":7588,"href":"https:\/\/kinoroma.zabrze.pl\/mapa\/index.php?rest_route=\/wp\/v2\/pages\/6126\/revisions\/7588"}],"up":[{"embeddable":true,"href":"https:\/\/kinoroma.zabrze.pl\/mapa\/index.php?rest_route=\/wp\/v2\/pages\/6068"}],"wp:attachment":[{"href":"https:\/\/kinoroma.zabrze.pl\/mapa\/index.php?rest_route=%2Fwp%2Fv2%2Fmedia&parent=6126"}],"curies":[{"name":"wp","href":"https:\/\/api.w.org\/{rel}","templated":true}]}}