{"id":6128,"date":"2020-09-28T08:28:23","date_gmt":"2020-09-28T06:28:23","guid":{"rendered":"http:\/\/new.kinoroma.zabrze.pl\/mapa\/?page_id=6128"},"modified":"2020-10-20T09:45:05","modified_gmt":"2020-10-20T07:45:05","slug":"magnat","status":"publish","type":"page","link":"https:\/\/kinoroma.zabrze.pl\/mapa\/?page_id=6128","title":{"rendered":"Magnat"},"content":{"rendered":"<h5 class=\"western\" lang=\"pl\"><strong>Re\u017c. Filip Bajon<\/strong><\/h5>\n<hr \/>\n<p><a href=\"https:\/\/kinoroma.zabrze.pl\/mapa\/wp-content\/uploads\/Magnat.jpg\"><img loading=\"lazy\" class=\"alignleft wp-image-6441 size-medium\" src=\"https:\/\/kinoroma.zabrze.pl\/mapa\/wp-content\/uploads\/Magnat-300x176.jpg\" alt=\"\" width=\"300\" height=\"176\" srcset=\"https:\/\/kinoroma.zabrze.pl\/mapa\/wp-content\/uploads\/Magnat-300x176.jpg 300w, https:\/\/kinoroma.zabrze.pl\/mapa\/wp-content\/uploads\/Magnat.jpg 748w\" sizes=\"(max-width: 300px) 100vw, 300px\" \/><\/a><b>\u201eMagnat\u201d Filipa Bajona to film niezwyk\u0142y. Zdj\u0119cia do niego trwa\u0142y ca\u0142y rok, przez kt\u00f3ry powstawa\u0142a epicka saga arystokratycznego rodu von Teuss, wzorowanego na dziejach ksi\u0105\u017c\u0105t von Pless ze \u015bl\u0105skiej Pszczyny. To podr\u00f3\u017c przez cztery dekady historii Polak\u00f3w i Niemc\u00f3w \u017cyj\u0105cych wsp\u00f3lnie na tej ziemi, pe\u0142na znakomitych kreacji aktorskich Jana Nowickiego, Bogus\u0142awa Lindy, Gra\u017cyny Szapo\u0142owskiej,Olgierd \u0141ukaszewicza i Jana Englerta. \u201eMagnat&#8221; zosta\u0142 uhonorowany w 1987 roku Nagrod\u0105 Specjaln\u0105 Jury i Br\u0105zowymi Lwami dla Lindy na Festiwalu Polskich Film\u00f3w Fabularnych odbywaj\u0105cym si\u0119 wtedy w Gda\u0144sku.<\/b><\/p>\n<p>Filip Bajon opowiedzia\u0142 w \u201eMagnacie\u201d histori\u0119 fikcyjnego rodu niemieckich arystokrat\u00f3w, ksi\u0105\u017c\u0105t von Teuss, wzorowanych na rezyduj\u0105cych przez wieki w Pszczynie ksi\u0105\u017c\u0119tach von Pless. Wywodzili si\u0119 oni z pot\u0119\u017cnego rodu Hochberg\u00f3w z zamku Ksi\u0105\u017c, w\u0142adaj\u0105cego rozleg\u0142ymi maj\u0105tkami w okolicy Wa\u0142brzycha. Hochbergowie nale\u017celi te\u017c do najbogatszych \u015bl\u0105skich rod\u00f3w i najpot\u0119\u017cniejszych, arystokratycznych rodzin w ca\u0142ej Rzeszy Niemieckiej.<\/p>\n<p>Nic dziwnego, \u017ce dzieje filmowych von Teuss\u00f3w, staj\u0105 si\u0119 zarazem opowie\u015bci\u0105 o historii ca\u0142ego G\u00f3rnego \u015al\u0105ska, a tak\u017ce Polski i Niemiec. Akcja filmu obejmuje 4 dekady &#8211; od roku 1900 do nastania czas\u00f3w hitlerowskich. Ogl\u0105damy szczyt pot\u0119gi i post\u0119puj\u0105cy upadek rodu. W tle przewijaj\u0105 si\u0119 Powstania \u015al\u0105skie, przej\u0119cie rodowych ziem przez odrodzon\u0105 Polsk\u0119, strajki w kopalniach i narodziny nazizmu.<\/p>\n<p>Ale to tylko t\u0142o, bo Bajon przede wszystkim skupi\u0142 si\u0119 na dramatach i uczuciach targaj\u0105cych bohaterami. Mi\u0142o\u015b\u0107, zdrada, walka o zachowanie rodowej fortuny, dramaty i skandale. Na to wszystko nak\u0142adaj\u0105 si\u0119 skomplikowane i cz\u0119sto dramatyczne relacje polsko-niemieckie.<\/p>\n<p>Chocia\u017c film ukazuje &#8211; z niezwyk\u0142\u0105 dba\u0142o\u015bci\u0105 o detale i realia &#8211; dzieje \u015bl\u0105skiej arystokracji, to daleko wykracza poza konwencj\u0119 filmu historycznego. Re\u017cyser \u0142amie zasad\u0119 linearnej narracji, tasuj\u0105c wydarzenia i daty jak tali\u0119 kart.<\/p>\n<p><a name=\"_GoBack\"><\/a> Nad drobiazgowym odtworzeniem rzeczywisto\u015bci czterech dekad naszej historii pracowa\u0142a niespotykana w polskim kinie armia scenograf\u00f3w, kostiumograf\u00f3w, dekorator\u00f3w wn\u0119trz oraz historyk\u00f3w, znawc\u00f3w epoki i obyczaj\u00f3w dworskich. Film nakr\u0119cony zosta\u0142 w oryginalnych wn\u0119trzach pa\u0142acu ksi\u0105\u017c\u0105t von Pless w Pszczynie, kt\u00f3ry przetrwa\u0142 zawieruchy wojenne i czasy komunizmu w praktycznie nienaruszonym stanie.<\/p>\n<p>Ogromnym atutem \u201eMagnata\u201d s\u0105 kreacje aktorskie. W posta\u0107 seniora rodu, ksi\u0119cia Hansa Friedricha von Teuss, wcieli\u0142 si\u0119 <b>Jan Nowicki<\/b>. Aktor w mistrzowski spos\u00f3b kreuje posta\u0107 cz\u0142owieka, kt\u00f3ry idzie przez \u017cycie szlakiem osobistych kl\u0119sk. Rozpadaj\u0105 si\u0119 oba jego ma\u0142\u017ce\u0144stwa z legendarn\u0105 ksi\u0119\u017cn\u0105 Daisy (<b>Maria G\u0142adkowska<\/b>) i szalon\u0105 Marisc\u0105 (<b>Gra\u017cyna Szapo\u0142owska<\/b>). Odrzucaj\u0105 go synowie &#8211; Franzel (<b>Olgierd \u0141ukaszewicz<\/b>), Bolko (<b>Bogus\u0142aw Linda<\/b>) i Conrad (<b>Jan Englert<\/b>), z kt\u00f3rych ka\u017cdy wybiera diametralnie inn\u0105 drog\u0119 \u017cyciow\u0105.<\/p>\n<p>Pere\u0142kami s\u0105 drugoplanowe role <b>Jerzego Bi\u0144czyckiego<\/b> jako dyrektora kopalni Zbierskiego, <b>Jerzego Treli <\/b>jako Sztygara Greli i <b>Zygmunta Bielawskiego <\/b>w roli Kazimierza, wiernego s\u0142ugi ksi\u0119cia.<\/p>\n<a\n\thref=\"\/mapa\/?ait-item=25-dom-kawalera#\"\n\t\tid=\"ait-sc-button-1\"\n\tclass=\"ait-sc-button alignleft  buticon-left    simple\"\n\tstyle=\"width:260px;background-color:#001e92; border-color:#001e92;margin-top:20;margin-left:20;margin-right:20;margin-bottom:20;\"\n>\n\t<span class=\"container\">\n\t\t<span class=\"wrap\">\n\n\t\t\t\t\t\t\t\t\t\t\t\t<span class=\"icon\" style=\"text-align:left;\">\n\t\t\t\t\t\t<i class=\"fa fa fa-map-marker\" style=\"color: #ffffff;\"><\/i>\n\t\t\t\t\t<\/span>\n\t\t\t\t\t\t\t\n\t\t\t\t\t\t<span class=\"text\" style=\"text-align:left;\">\n\t\t\t\t\t\t\t\t<span class=\"title\" style=\"color:#ffffff;\">\n\t\t\t\t\tDom Kawalera\t\t\t\t<\/span>\n\t\t\t\t\t\t\t\t\t\t\t<\/span>\n\t\t\t\n\t\t\t\t\t\t\t\t\t\t\t\t<\/span>\n\t<\/span>\n<\/a>\n\n<p>Film Bajona jest jednak czym\u015b wi\u0119cej, ni\u017c zwyk\u0142\u0105 \u201ebiografi\u0105\u201d jednego z wielu arystokratycznych rod\u00f3w. Jest dzie\u0142em dotykaj\u0105cym g\u0142\u0119bi cz\u0142owiecze\u0144stwa. Pokazuj\u0105cym, \u017ce pot\u0119ga i bogactwo s\u0105 niczym, wobec ran zadawanych przez najbli\u017cszych ludzi.<\/p>\n<p>\u201eMagnata\u201d zrealizowano r\u00f3wnie\u017c w wersji sze\u015bcioodcinkowego serialu telewizyjnego, kt\u00f3ry nosi\u0142 tytu\u0142 \u201eBia\u0142a wizyt\u00f3wka\u201d.<\/p>\n<p><u><b>Nagrody<\/b><\/u><\/p>\n<p>Maria G\u0142adkowska &#8211; Nagroda im. Zbyszka Cybulskiego za 1987; FPFF Gda\u0144sk 1987: Bogus\u0142aw Linda &#8211; Najlepsza g\u0142\u00f3wna rola m\u0119ska, Filip Bajon &#8211; Nagroda specjalna Jury; Nagroda Przewodnicz\u0105cego Kinematografii 1987 &#8211; Filip Bajon, Piotr Soboci\u0144ski (zdj\u0119cia)<\/p>\n<p>&nbsp;<\/p>\n<hr \/>\n<p><span style=\"color: #800000;\"><u><b>Metryczka filmu<\/b><\/u><\/span><\/p>\n<p><span style=\"color: #800000;\">\u201eMagnat\u201d<strong><br \/>\n<\/strong>Polska, 1987<\/span><\/p>\n<p><span style=\"color: #800000;\">Re\u017cyseria Filip Bajon<\/span><br \/>\n<span style=\"color: #800000;\">Scenariusz Filip Bajon<\/span><br \/>\n<span style=\"color: #800000;\">Muzyka Jerzy Satanowski<\/span><br \/>\n<span style=\"color: #800000;\">Zdj\u0119cia Piotr Soboci\u0144ski<\/span><br \/>\n<span style=\"color: #800000;\">Monta\u017c Wanda Zeman<\/span><br \/>\n<span style=\"color: #800000;\">Scenografia Andrzej Kowalczyk<\/span><br \/>\n<span style=\"color: #800000;\">Kostiumy El\u017cbieta Radke, Irena Biega\u0144ska<\/span><br \/>\n<span style=\"color: #800000;\">Produkcja: Zesp\u00f3\u0142 Filmowy Tor<\/span><br \/>\n<span style=\"color: #800000;\">Obsada: Jan Nowicki, Jan Englert, Gra\u017cyna Szapo\u0142owska, Bogus\u0142aw Linda,Olgierd \u0141ukaszewicz, Maria G\u0142adkowska<\/span><br \/>\n<span style=\"color: #800000;\">Czas trwania: 171 min<\/span><\/p>\n<hr \/>\n<p>Film udost\u0119pniony legalnie w ca\u0142o\u015bci w ramach kana\u0142u YuoTube WFDiF i Studia Tor: <a href=\"https:\/\/www.youtube.com\/watch?v=j5jmjhGBW44\"><u>https:\/\/www.youtube.com\/watch?v=j5jmjhGBW44<\/u><\/a><\/p>\n<p><iframe loading=\"lazy\" src=\"https:\/\/www.youtube.com\/embed\/j5jmjhGBW44\" width=\"560\" height=\"315\" frameborder=\"0\" allowfullscreen=\"allowfullscreen\"><\/iframe><\/p>\n","protected":false},"excerpt":{"rendered":"<p>Re\u017c. Filip Bajon \u201eMagnat\u201d Filipa Bajona to film niezwyk\u0142y. Zdj\u0119cia do niego trwa\u0142y ca\u0142y rok, przez kt\u00f3ry powstawa\u0142a epicka saga arystokratycznego rodu von Teuss, wzorowanego na dziejach ksi\u0105\u017c\u0105t von Pless ze \u015bl\u0105skiej Pszczyny. To podr\u00f3\u017c przez cztery dekady historii Polak\u00f3w i Niemc\u00f3w \u017cyj\u0105cych wsp\u00f3lnie na tej ziemi, pe\u0142na znakomitych kreacji aktorskich Jana Nowickiego, Bogus\u0142awa Lindy, [&hellip;]<\/p>\n","protected":false},"author":1,"featured_media":0,"parent":6068,"menu_order":0,"comment_status":"closed","ping_status":"closed","template":"","meta":[],"_links":{"self":[{"href":"https:\/\/kinoroma.zabrze.pl\/mapa\/index.php?rest_route=\/wp\/v2\/pages\/6128"}],"collection":[{"href":"https:\/\/kinoroma.zabrze.pl\/mapa\/index.php?rest_route=\/wp\/v2\/pages"}],"about":[{"href":"https:\/\/kinoroma.zabrze.pl\/mapa\/index.php?rest_route=\/wp\/v2\/types\/page"}],"author":[{"embeddable":true,"href":"https:\/\/kinoroma.zabrze.pl\/mapa\/index.php?rest_route=\/wp\/v2\/users\/1"}],"replies":[{"embeddable":true,"href":"https:\/\/kinoroma.zabrze.pl\/mapa\/index.php?rest_route=%2Fwp%2Fv2%2Fcomments&post=6128"}],"version-history":[{"count":9,"href":"https:\/\/kinoroma.zabrze.pl\/mapa\/index.php?rest_route=\/wp\/v2\/pages\/6128\/revisions"}],"predecessor-version":[{"id":7615,"href":"https:\/\/kinoroma.zabrze.pl\/mapa\/index.php?rest_route=\/wp\/v2\/pages\/6128\/revisions\/7615"}],"up":[{"embeddable":true,"href":"https:\/\/kinoroma.zabrze.pl\/mapa\/index.php?rest_route=\/wp\/v2\/pages\/6068"}],"wp:attachment":[{"href":"https:\/\/kinoroma.zabrze.pl\/mapa\/index.php?rest_route=%2Fwp%2Fv2%2Fmedia&parent=6128"}],"curies":[{"name":"wp","href":"https:\/\/api.w.org\/{rel}","templated":true}]}}