{"id":6135,"date":"2020-09-28T08:31:54","date_gmt":"2020-09-28T06:31:54","guid":{"rendered":"http:\/\/new.kinoroma.zabrze.pl\/mapa\/?page_id=6135"},"modified":"2020-10-20T09:43:02","modified_gmt":"2020-10-20T07:43:02","slug":"najmro-kocha-kradnie-szanuje","status":"publish","type":"page","link":"https:\/\/kinoroma.zabrze.pl\/mapa\/?page_id=6135","title":{"rendered":"Najmro. Kocha, kradnie, szanuje"},"content":{"rendered":"<h5><b>re\u017c. Mateusz Rakowicz<\/b><\/h5>\n<hr \/>\n<p><b><a href=\"https:\/\/kinoroma.zabrze.pl\/mapa\/wp-content\/uploads\/NAJMRO_1_fot_Robert_Palka-materialy-dystrybutora-11.jpg\"><img loading=\"lazy\" class=\"alignleft wp-image-6466 size-medium\" src=\"https:\/\/kinoroma.zabrze.pl\/mapa\/wp-content\/uploads\/NAJMRO_1_fot_Robert_Palka-materialy-dystrybutora-11-300x169.jpg\" alt=\"\" width=\"300\" height=\"169\" srcset=\"https:\/\/kinoroma.zabrze.pl\/mapa\/wp-content\/uploads\/NAJMRO_1_fot_Robert_Palka-materialy-dystrybutora-11-300x169.jpg 300w, https:\/\/kinoroma.zabrze.pl\/mapa\/wp-content\/uploads\/NAJMRO_1_fot_Robert_Palka-materialy-dystrybutora-11-1024x576.jpg 1024w, https:\/\/kinoroma.zabrze.pl\/mapa\/wp-content\/uploads\/NAJMRO_1_fot_Robert_Palka-materialy-dystrybutora-11-768x432.jpg 768w, https:\/\/kinoroma.zabrze.pl\/mapa\/wp-content\/uploads\/NAJMRO_1_fot_Robert_Palka-materialy-dystrybutora-11.jpg 1280w\" sizes=\"(max-width: 300px) 100vw, 300px\" \/><\/a>Komedia akcji o kr\u00f3lu z\u0142odziei i ucieczek. Film inspirowany jest prawdziwymi wydarzeniami z \u017cycia Zdzis\u0142awa Najmrodzkiego, kt\u00f3ry o\u015bmiesza\u0142 w\u0142adze wymykaj\u0105c si\u0119 29 razy organom \u015bcigania. Kobiety go kocha\u0142y, a m\u0119\u017cczy\u017ani podziwiali. Mateusz Rakowicz opowie jego histori\u0119 po raz pierwszy w Polsce i to w i\u015bcie hollywodzkim stylu. W rolach g\u0142\u00f3wnych wyst\u0105pi\u0105 znakomici aktorzy: Dawid Ogrodnik, Robert Wi\u0119ckiewicz, Jakub Giersza\u0142 czy znany z gry u Quentina Tarantino Rafa\u0142 Zawierucha. <\/b><\/p>\n<p>Brawurowe wyczyny Najmrodzkiego \u015bledzi\u0142a w latach 70. i 80. ca\u0142a Polska. Najmro wraz ze swoj\u0105 ferajn\u0105 obrabia\u0142 Pewexy, \u017ceby \u017cy\u0107 kolorowo w czasach, w kt\u00f3rych wszystko by\u0142o szare i zakazane. Wolno\u015b\u0107 i dobr\u0105 zabaw\u0119 kocha\u0142 ponad wszystko. Niespodziewanie na jego drodze stan\u0119\u0142a kobieta, kt\u00f3ra skrad\u0142a mu serce. Dla niej postanowi si\u0119 zmieni\u0107. Tylko czy to si\u0119 mog\u0142o uda\u0107?<\/p>\n<p><a href=\"https:\/\/kinoroma.zabrze.pl\/mapa\/wp-content\/uploads\/NAJMRO_1_fot_Robert_Palka-materialy-dystrybutora-3.jpg\"><img loading=\"lazy\" class=\"alignright wp-image-6458 size-medium\" src=\"https:\/\/kinoroma.zabrze.pl\/mapa\/wp-content\/uploads\/NAJMRO_1_fot_Robert_Palka-materialy-dystrybutora-3-300x169.jpg\" alt=\"\" width=\"300\" height=\"169\" srcset=\"https:\/\/kinoroma.zabrze.pl\/mapa\/wp-content\/uploads\/NAJMRO_1_fot_Robert_Palka-materialy-dystrybutora-3-300x169.jpg 300w, https:\/\/kinoroma.zabrze.pl\/mapa\/wp-content\/uploads\/NAJMRO_1_fot_Robert_Palka-materialy-dystrybutora-3-1024x576.jpg 1024w, https:\/\/kinoroma.zabrze.pl\/mapa\/wp-content\/uploads\/NAJMRO_1_fot_Robert_Palka-materialy-dystrybutora-3-768x432.jpg 768w, https:\/\/kinoroma.zabrze.pl\/mapa\/wp-content\/uploads\/NAJMRO_1_fot_Robert_Palka-materialy-dystrybutora-3.jpg 1280w\" sizes=\"(max-width: 300px) 100vw, 300px\" \/><\/a>Najmrodzkiego zagra w filmie jeden z najlepszych, polskich aktor\u00f3w <b>Dawid Ogrodnik<\/b> (\u201eChce si\u0119 \u017cy\u0107\u201d, \u201eIkar. legenda Mietka Kosza\u201d). W jego wsp\u00f3lnika wcieli si\u0119 <b>Jakub Giersza\u0142 <\/b>(\u201eWszystko co kocham\u201d, \u201eC\u00f3rki dansingu\u201d), a w \u015bcigaj\u0105cych go str\u00f3\u017c\u00f3w prawa <b>Robert Wi\u0119ckiewicz<\/b> (\u201eW ciemno\u015bci\u201d, \u201eKler\u201d) i <b>Rafa\u0142 Zawierucha <\/b>(\u201eOnce upon a time\u2026 in Hollywood\u201d). Na ekranie zobaczymy te\u017c \u015bwietne aktorki &#8211; <b>Dorot\u0119 Kolak <\/b>(\u201eZabawa zabawa\u201d, \u201eZjednoczone Stany Mi\u0142o\u015bci\u201d) i aktork\u0119 Teatru Narodowego w Warszawie <b>Masz\u0119 W\u0105grock\u0105<\/b>. W kobiet\u0119 kt\u00f3ra stanie na drodze Najmro, wcieli si\u0119 <b>Olga Bo\u0142\u0105d\u017a <\/b>(\u201eSkrzydlate \u015bwinie\u201d, \u201cKobiety mafii\u201d).<\/p>\n<p>Re\u017cyserem filmu jest Mateusz Rakowicz, kt\u00f3ry wsp\u00f3lnie ze znakomitym krytykiem filmowym <b>\u0141ukaszem M. Maciejewskim<\/b>, napisa\u0142 do niego scenariusz. \u201eNajmro\u201d b\u0119dzie pe\u0142nometra\u017cowym debiutem Rakowicza.<\/p>\n<p><i>\u201eZale\u017ca\u0142o nam na zbudowaniu postaci g\u0142\u00f3wnego bohatera w podobnym duchu jak w \u201eWilku z Wall Street&#8221;, czy w \u201eZ\u0142ap mnie, je\u015bli potrafisz&#8221;<\/i> \u2013 m\u00f3wi\u0142 re\u017cyser w jednym z wywiad\u00f3w <i>&#8211; \u201eNie chcieli\u015bmy tworzy\u0107 dos\u0142ownej biografii Najmrodzkiego. Odbili\u015bmy si\u0119 od najciekawszych fakt\u00f3w z jego \u017cycia, dodaj\u0105c wydarzenia, kt\u00f3re ubarwi\u0142y filmow\u0105 rzeczywisto\u015b\u0107&#8221;<\/i>.<\/p>\n<p>W Hollywood Najmrodzki doczeka\u0142aby si\u0119 swojej filmowej biografii ju\u017c dawno temu. Przez lata drwi\u0142 z socjalistycznych str\u00f3\u017c\u00f3w prawa i wymiaru sprawiedliwo\u015bci. Trudno w to uwierzy\u0107, ale a\u017c 29 razy wymyka\u0142 si\u0119 r\u0105k \u015bcigaj\u0105cych go funkcjonariuszy. <b>Najbardziej spektakularna by\u0142a jego ucieczka podkopem ze spacerniaka w areszcie \u015bledczym w Gliwicach we wrze\u015bniu 1989 roku, przeprowadzona w i\u015bcie hollywoodzkim stylu. <\/b><\/p>\n<p>Mistrz Ucieczek znany by\u0142 te\u017c ze swojej nietypowej s\u0142abo\u015bci do\u2026 Polonez\u00f3w, pokracznego produktu polskiej motoryzacji schy\u0142ku komunizmu. Gdy jego gang krad\u0142 samochody, zawsze by\u0142y to auta tej marki. W ci\u0105gu trzech lat grupa Najmrodzkiego ukrad\u0142a oko\u0142o 100 tych <i>\u201e<\/i>cud\u00f3w techniki PRL\u201d.<\/p>\n<a\n\thref=\"\/mapa\/?ait-item=3-areszt-sledczy\"\n\t\tid=\"ait-sc-button-1\"\n\tclass=\"ait-sc-button alignright  buticon-left    simple\"\n\tstyle=\"width:240px;background-color:#001e92; border-color:#001e92;margin-top:20;margin-left:20;margin-right:20;margin-bottom:20;\"\n>\n\t<span class=\"container\">\n\t\t<span class=\"wrap\">\n\n\t\t\t\t\t\t\t\t\t\t\t\t<span class=\"icon\" style=\"text-align:left;\">\n\t\t\t\t\t\t<i class=\"fa fa fa-map-marker\" style=\"color: #ffffff;\"><\/i>\n\t\t\t\t\t<\/span>\n\t\t\t\t\t\t\t\n\t\t\t\t\t\t<span class=\"text\" style=\"text-align:left;\">\n\t\t\t\t\t\t\t\t<span class=\"title\" style=\"color:#ffffff;\">\n\t\t\t\t\tAreszt \u015bledczy\t\t\t\t<\/span>\n\t\t\t\t\t\t\t\t\t\t\t<\/span>\n\t\t\t\n\t\t\t\t\t\t\t\t\t\t\t\t<\/span>\n\t<\/span>\n<\/a>\n\n<p>Ostatecznie nie uda\u0142o mu si\u0119 jednak uciec przed sprawiedliwo\u015bci\u0105. Aresztowany w 1989 roku, zosta\u0142 skazany na 27 lat odsiadki. Nie by\u0142by jednak sob\u0105, gdyby nie dokona\u0142 w tym czasie czego\u015b zaskakuj\u0105cego. W wi\u0119zieniu&#8230; wyda\u0142 tom swoich wierszy i aforyzm\u00f3w pt. \u201eOblicza prawdy\u201d. W 1994 zosta\u0142 u\u0142askawiony przez prezydenta Lecha Wa\u0142\u0119s\u0119.<\/p>\n<p><a name=\"_GoBack\"><\/a> Nie wiedzia\u0142 jednak, \u017ce zosta\u0142 mu nieca\u0142y rok \u017cycia. Zgin\u0105\u0142 w 1995 roku w wypadku samochodowym.<\/p>\n\n\t\t\t<div>\n\t\t\t<style type='text\/css'>\n\t\t\t\t#gallery-1 {\n\t\t\t\t\tmargin: auto;\n\t\t\t\t}\n\t\t\t\t#gallery-1 .gallery-item {\n\t\t\t\t\tfloat: left;\n\t\t\t\t\tmargin-top: 10px;\n\t\t\t\t\ttext-align: center;\n\t\t\t\t\twidth: 20%;\n\t\t\t\t}\n\t\t\t\t#gallery-1 img {\n\t\t\t\t\tborder: 2px solid #cfcfcf;\n\t\t\t\t}\n\t\t\t\t#gallery-1 .gallery-caption {\n\t\t\t\t\tmargin-left: 0;\n\t\t\t\t}\n\t\t\t\t\/* see gallery_shortcode() in wp-includes\/media.php *\/\n\t\t\t<\/style><\/div>\n\t\t<div id='gallery-1' class='gallery galleryid-6135 gallery-columns-5 gallery-size-thumbnail'><div class=\"gallery-inner-wrapper\"><dl class='gallery-item'>\n\t\t\t\t<dt class='gallery-icon landscape'>\n\t\t\t\t\t<a href='https:\/\/kinoroma.zabrze.pl\/mapa\/wp-content\/uploads\/NAJMRO_1_fot_Robert_Palka-materialy-dystrybutora-11.jpg'><img width=\"150\" height=\"150\" src=\"https:\/\/kinoroma.zabrze.pl\/mapa\/wp-content\/uploads\/NAJMRO_1_fot_Robert_Palka-materialy-dystrybutora-11-150x150.jpg\" class=\"attachment-thumbnail size-thumbnail\" alt=\"\" loading=\"lazy\" \/><\/a>\n\t\t\t\t<\/dt><dd><\/dd><\/dl><dl class='gallery-item'>\n\t\t\t\t<dt class='gallery-icon landscape'>\n\t\t\t\t\t<a href='https:\/\/kinoroma.zabrze.pl\/mapa\/wp-content\/uploads\/NAJMRO_1_fot_Robert_Palka-materialy-dystrybutora-10.jpg'><img width=\"150\" height=\"150\" src=\"https:\/\/kinoroma.zabrze.pl\/mapa\/wp-content\/uploads\/NAJMRO_1_fot_Robert_Palka-materialy-dystrybutora-10-150x150.jpg\" class=\"attachment-thumbnail size-thumbnail\" alt=\"\" loading=\"lazy\" \/><\/a>\n\t\t\t\t<\/dt><dd><\/dd><\/dl><dl class='gallery-item'>\n\t\t\t\t<dt class='gallery-icon landscape'>\n\t\t\t\t\t<a href='https:\/\/kinoroma.zabrze.pl\/mapa\/wp-content\/uploads\/NAJMRO_1_fot_Robert_Palka-materialy-dystrybutora-9.jpg'><img width=\"150\" height=\"150\" src=\"https:\/\/kinoroma.zabrze.pl\/mapa\/wp-content\/uploads\/NAJMRO_1_fot_Robert_Palka-materialy-dystrybutora-9-150x150.jpg\" class=\"attachment-thumbnail size-thumbnail\" alt=\"\" loading=\"lazy\" \/><\/a>\n\t\t\t\t<\/dt><dd><\/dd><\/dl><dl class='gallery-item'>\n\t\t\t\t<dt class='gallery-icon landscape'>\n\t\t\t\t\t<a href='https:\/\/kinoroma.zabrze.pl\/mapa\/wp-content\/uploads\/NAJMRO_1_fot_Robert_Palka-materialy-dystrybutora-8.jpg'><img width=\"150\" height=\"150\" src=\"https:\/\/kinoroma.zabrze.pl\/mapa\/wp-content\/uploads\/NAJMRO_1_fot_Robert_Palka-materialy-dystrybutora-8-150x150.jpg\" class=\"attachment-thumbnail size-thumbnail\" alt=\"\" loading=\"lazy\" \/><\/a>\n\t\t\t\t<\/dt><dd><\/dd><\/dl><dl class='gallery-item'>\n\t\t\t\t<dt class='gallery-icon landscape'>\n\t\t\t\t\t<a href='https:\/\/kinoroma.zabrze.pl\/mapa\/wp-content\/uploads\/NAJMRO_1_fot_Robert_Palka-materialy-dystrybutora-7.jpg'><img width=\"150\" height=\"150\" src=\"https:\/\/kinoroma.zabrze.pl\/mapa\/wp-content\/uploads\/NAJMRO_1_fot_Robert_Palka-materialy-dystrybutora-7-150x150.jpg\" class=\"attachment-thumbnail size-thumbnail\" alt=\"\" loading=\"lazy\" \/><\/a>\n\t\t\t\t<\/dt><dd><\/dd><\/dl><br style=\"clear: both\" \/><dl class='gallery-item'>\n\t\t\t\t<dt class='gallery-icon landscape'>\n\t\t\t\t\t<a href='https:\/\/kinoroma.zabrze.pl\/mapa\/wp-content\/uploads\/NAJMRO_1_fot_Robert_Palka-materialy-dystrybutora-6.jpg'><img width=\"150\" height=\"150\" src=\"https:\/\/kinoroma.zabrze.pl\/mapa\/wp-content\/uploads\/NAJMRO_1_fot_Robert_Palka-materialy-dystrybutora-6-150x150.jpg\" class=\"attachment-thumbnail size-thumbnail\" alt=\"\" loading=\"lazy\" \/><\/a>\n\t\t\t\t<\/dt><dd><\/dd><\/dl><dl class='gallery-item'>\n\t\t\t\t<dt class='gallery-icon landscape'>\n\t\t\t\t\t<a href='https:\/\/kinoroma.zabrze.pl\/mapa\/wp-content\/uploads\/NAJMRO_1_fot_Robert_Palka-materialy-dystrybutora-5.jpg'><img width=\"150\" height=\"150\" src=\"https:\/\/kinoroma.zabrze.pl\/mapa\/wp-content\/uploads\/NAJMRO_1_fot_Robert_Palka-materialy-dystrybutora-5-150x150.jpg\" class=\"attachment-thumbnail size-thumbnail\" alt=\"\" loading=\"lazy\" \/><\/a>\n\t\t\t\t<\/dt><dd><\/dd><\/dl><dl class='gallery-item'>\n\t\t\t\t<dt class='gallery-icon landscape'>\n\t\t\t\t\t<a href='https:\/\/kinoroma.zabrze.pl\/mapa\/wp-content\/uploads\/NAJMRO_1_fot_Robert_Palka-materialy-dystrybutora-4.jpg'><img width=\"150\" height=\"150\" src=\"https:\/\/kinoroma.zabrze.pl\/mapa\/wp-content\/uploads\/NAJMRO_1_fot_Robert_Palka-materialy-dystrybutora-4-150x150.jpg\" class=\"attachment-thumbnail size-thumbnail\" alt=\"\" loading=\"lazy\" \/><\/a>\n\t\t\t\t<\/dt><dd><\/dd><\/dl>\n\t\t\t\t<br style='clear: both;' \/>\n\t\t\t<\/div><\/div>\n\n<hr \/>\n<p><span style=\"color: #800000;\"><u><b>Metryczka filmu<\/b><\/u><\/span><\/p>\n<p><span style=\"color: #800000;\">\u201eNajmro. Kocha, kradnie, szanuje\u201d<\/span><br \/>\n<span style=\"color: #800000;\">Polska, 2021 (planowana data premiery)<\/span><\/p>\n<p><span style=\"color: #800000;\">Re\u017cyseria: Mateusz Rakowicz<\/span><br \/>\n<span style=\"color: #800000;\">Scenariusz: \u0141ukasz M. Maciejewski, Mateusz Rakowicz<\/span><br \/>\n<span style=\"color: #800000;\">Muzyka: Andrzej Smolik<\/span><br \/>\n<span style=\"color: #800000;\">Scenografia: Anna Anosowicz<\/span><br \/>\n<span style=\"color: #800000;\">Zdj\u0119cia: Jacek Podg\u00f3rski<\/span><br \/>\n<span style=\"color: #800000;\">Produkcja: TFP<\/span><br \/>\n<span style=\"color: #800000;\">Koprodukcja: Grupa Polsat, Mazowiecki i Warszawski Fundusz Filmowy<\/span><br \/>\n<span style=\"color: #800000;\">Czas trwania: <\/span><br \/>\n<span style=\"color: #800000;\">Obsada: Dawid Ogrodnik, Robert Wi\u0119ckiewicz, Rafa\u0142 Zawierucha, Masza W\u0105grocka, Jakub Giersza\u0142, Andrzej Andrzejewski, Sandra Drzymalska, Olga Bo\u0142\u0105d\u017a, Dorota Kolak<\/span><\/p>\n<p>&nbsp;<\/p>\n<hr \/>\n<p><u><b>Trailer\/Plakat<\/b><\/u><\/p>\n<p>jeszcze nie powsta\u0142y<\/p>\n","protected":false},"excerpt":{"rendered":"<p>re\u017c. Mateusz Rakowicz Komedia akcji o kr\u00f3lu z\u0142odziei i ucieczek. Film inspirowany jest prawdziwymi wydarzeniami z \u017cycia Zdzis\u0142awa Najmrodzkiego, kt\u00f3ry o\u015bmiesza\u0142 w\u0142adze wymykaj\u0105c si\u0119 29 razy organom \u015bcigania. Kobiety go kocha\u0142y, a m\u0119\u017cczy\u017ani podziwiali. Mateusz Rakowicz opowie jego histori\u0119 po raz pierwszy w Polsce i to w i\u015bcie hollywodzkim stylu. W rolach g\u0142\u00f3wnych wyst\u0105pi\u0105 znakomici [&hellip;]<\/p>\n","protected":false},"author":1,"featured_media":0,"parent":6068,"menu_order":0,"comment_status":"closed","ping_status":"closed","template":"","meta":[],"_links":{"self":[{"href":"https:\/\/kinoroma.zabrze.pl\/mapa\/index.php?rest_route=\/wp\/v2\/pages\/6135"}],"collection":[{"href":"https:\/\/kinoroma.zabrze.pl\/mapa\/index.php?rest_route=\/wp\/v2\/pages"}],"about":[{"href":"https:\/\/kinoroma.zabrze.pl\/mapa\/index.php?rest_route=\/wp\/v2\/types\/page"}],"author":[{"embeddable":true,"href":"https:\/\/kinoroma.zabrze.pl\/mapa\/index.php?rest_route=\/wp\/v2\/users\/1"}],"replies":[{"embeddable":true,"href":"https:\/\/kinoroma.zabrze.pl\/mapa\/index.php?rest_route=%2Fwp%2Fv2%2Fcomments&post=6135"}],"version-history":[{"count":9,"href":"https:\/\/kinoroma.zabrze.pl\/mapa\/index.php?rest_route=\/wp\/v2\/pages\/6135\/revisions"}],"predecessor-version":[{"id":7612,"href":"https:\/\/kinoroma.zabrze.pl\/mapa\/index.php?rest_route=\/wp\/v2\/pages\/6135\/revisions\/7612"}],"up":[{"embeddable":true,"href":"https:\/\/kinoroma.zabrze.pl\/mapa\/index.php?rest_route=\/wp\/v2\/pages\/6068"}],"wp:attachment":[{"href":"https:\/\/kinoroma.zabrze.pl\/mapa\/index.php?rest_route=%2Fwp%2Fv2%2Fmedia&parent=6135"}],"curies":[{"name":"wp","href":"https:\/\/api.w.org\/{rel}","templated":true}]}}