{"id":6142,"date":"2020-09-28T08:40:45","date_gmt":"2020-09-28T06:40:45","guid":{"rendered":"http:\/\/new.kinoroma.zabrze.pl\/mapa\/?page_id=6142"},"modified":"2020-10-20T09:39:10","modified_gmt":"2020-10-20T07:39:10","slug":"podroz-z-artysta","status":"publish","type":"page","link":"https:\/\/kinoroma.zabrze.pl\/mapa\/?page_id=6142","title":{"rendered":"Podr\u00f3\u017c z artyst\u0105"},"content":{"rendered":"<h5><strong>Re\u017c. Ryszard Stecura<\/strong><\/h5>\n<hr \/>\n<p><strong><a href=\"https:\/\/kinoroma.zabrze.pl\/mapa\/wp-content\/uploads\/roman-nowotarski-z-serii-slaski-blues.jpg\"><img loading=\"lazy\" class=\"alignleft wp-image-6497 size-medium\" src=\"https:\/\/kinoroma.zabrze.pl\/mapa\/wp-content\/uploads\/roman-nowotarski-z-serii-slaski-blues-300x251.jpg\" alt=\"\" width=\"300\" height=\"251\" srcset=\"https:\/\/kinoroma.zabrze.pl\/mapa\/wp-content\/uploads\/roman-nowotarski-z-serii-slaski-blues-300x251.jpg 300w, https:\/\/kinoroma.zabrze.pl\/mapa\/wp-content\/uploads\/roman-nowotarski-z-serii-slaski-blues-1024x856.jpg 1024w, https:\/\/kinoroma.zabrze.pl\/mapa\/wp-content\/uploads\/roman-nowotarski-z-serii-slaski-blues-768x642.jpg 768w, https:\/\/kinoroma.zabrze.pl\/mapa\/wp-content\/uploads\/roman-nowotarski-z-serii-slaski-blues.jpg 1100w\" sizes=\"(max-width: 300px) 100vw, 300px\" \/><\/a>Filmowy portret Romana Nowotarskiego, znakomitego malarza, grafika, scenografa i&#8230; muzyka. Profesora i za\u0142o\u017cyciela katowickiej Akademii Sztuk Pi\u0119knych. Kresowiaka z urodzenia, zabrzanina z wyboru.<\/strong><\/p>\n<p>Urodzony na Huculszczy\u017anie w Worochcie, przyby\u0142 do Zabrza jako kilkunastoletni ch\u0142opiec w kwietniu 1945 roku i tu ju\u017c pozosta\u0142. Filmowa opowie\u015b\u0107 jest pr\u00f3b\u0105 spojrzenia oczami artysty na najbli\u017cszy, otaczaj\u0105cy go \u015bwiat, dlatego Stecura pokazuje profesora Nowotarskiego na tle wa\u017cnych dla niego miejsc na \u015al\u0105sku.<\/p>\n<p><a href=\"https:\/\/kinoroma.zabrze.pl\/mapa\/wp-content\/uploads\/roman-nowotarski-Slaski-blues-\u2013-Czerwony-dom-1024x698-1.jpg\"><img loading=\"lazy\" class=\"alignright wp-image-6496 size-medium\" src=\"https:\/\/kinoroma.zabrze.pl\/mapa\/wp-content\/uploads\/roman-nowotarski-Slaski-blues-\u2013-Czerwony-dom-1024x698-1-300x204.jpg\" alt=\"\" width=\"300\" height=\"204\" srcset=\"https:\/\/kinoroma.zabrze.pl\/mapa\/wp-content\/uploads\/roman-nowotarski-Slaski-blues-\u2013-Czerwony-dom-1024x698-1-300x204.jpg 300w, https:\/\/kinoroma.zabrze.pl\/mapa\/wp-content\/uploads\/roman-nowotarski-Slaski-blues-\u2013-Czerwony-dom-1024x698-1-768x524.jpg 768w, https:\/\/kinoroma.zabrze.pl\/mapa\/wp-content\/uploads\/roman-nowotarski-Slaski-blues-\u2013-Czerwony-dom-1024x698-1.jpg 1024w\" sizes=\"(max-width: 300px) 100vw, 300px\" \/><\/a>Snuj\u0105c opowie\u015b\u0107 o swojej ma\u0142ej ojczy\u017anie, artysta m\u00f3wi te\u017c o zasadach, kt\u00f3rymi kieruje si\u0119 w swojej tw\u00f3rczo\u015bci. Jego zdaniem w sztuce mo\u017cna opowiada\u0107 tylko o w\u0142asnym podw\u00f3rku. \u201e<em>Je\u015bli to jest opowiadane tak, \u017ce ja si\u0119 przymierzam do tych najwi\u0119kszych. W\u00f3wczas ten m\u00f3j \u015bwiat, kt\u00f3ry jest tutaj za oknem, mo\u017ce by\u0107 r\u00f3wnie wielki jak Nowy Jork<\/em><em>\u201d &#8211; <\/em>m\u00f3wi w filmie.<\/p>\n<p>Profesor Nowotarski przez wiele lat projektowa\u0142 scenografi\u0119 i wsp\u00f3\u0142re\u017cyserowa\u0142 spektakle teatralne, m.in. dla Teatru Eksperymentalnego STG w Gliwicach. Wsp\u00f3\u0142pracowa\u0142 r\u00f3wnie\u017c z re\u017cyserem Ryszardem Wa\u015bko przy jego filmach kr\u00f3tkometra\u017cowych nagrodzonych na festiwalu w Brukseli. By\u0142 scenografem filmu Andrzeja Kondratiuka \u201ePanna, \u0141ucznik i Skorpion\u201d.<\/p>\n<a\n\thref=\"\/mapa\/?ait-item=5-osiedle-robotnicze-donnesmarcka-zandka\"\n\t\tid=\"ait-sc-button-1\"\n\tclass=\"ait-sc-button alignright  buticon-left    simple\"\n\tstyle=\"width:240px;background-color:#001e92; border-color:#001e92;margin-top:20;margin-left:20;margin-right:20;margin-bottom:20;\"\n>\n\t<span class=\"container\">\n\t\t<span class=\"wrap\">\n\n\t\t\t\t\t\t\t\t\t\t\t\t<span class=\"icon\" style=\"text-align:left;\">\n\t\t\t\t\t\t<i class=\"fa fa fa-map-marker\" style=\"color: #ffffff;\"><\/i>\n\t\t\t\t\t<\/span>\n\t\t\t\t\t\t\t\n\t\t\t\t\t\t<span class=\"text\" style=\"text-align:left;\">\n\t\t\t\t\t\t\t\t<span class=\"title\" style=\"color:#ffffff;\">\n\t\t\t\t\tOsiedle robotnicze Donnesmarcka Zandka\t\t\t\t<\/span>\n\t\t\t\t\t\t\t\t\t\t\t<\/span>\n\t\t\t\n\t\t\t\t\t\t\t\t\t\t\t\t<\/span>\n\t<\/span>\n<\/a>\n\n<p>Jest te\u017c autorem wielu piosenek, do kt\u00f3rych napisa\u0142 muzyk\u0119, teksty oraz wykonywa\u0142 je na go\u015bcinnych wyst\u0119pach w legendarnej \u201ePiwnicy pod Baranami\u201d w Krakowie. Jako artysta uczestniczy\u0142 aktywnie w wielu wystawach i konkursach organizowanych w kraju i za granic\u0105. W latach 1964\u20131968 by\u0142 cz\u0142onkiem grupy ARKAT (Arty\u015bci Katowiccy). Od lat 50. zwi\u0105zany by\u0142 z Akademi\u0105 Sztuk Pi\u0119knych w Krakowie. Jest za\u0142o\u017cycielem Akademii Sztuk Pi\u0119knych w Katowicach, gdzie prowadzi\u0142 pracowni\u0119 rysunku i malarstwa.<\/p>\n<p>Jego prace znajduj\u0105 si\u0119 w zbiorach m.in. Muzeum Miejskiego w Zabrzu. Jego syn &#8211; Tadeusz Nowotarski &#8211; jest malarzem i grafikiem, urodzonym w Zabrzu w 1968 roku.<\/p>\n<hr \/>\n<p><span style=\"color: #800000;\"><u><strong>Metryczka filmu<\/strong><\/u><\/span><\/p>\n<p><span style=\"color: #800000;\">\u201ePodr\u00f3\u017c z artyst\u0105&#8221;<\/span><br \/>\n<span style=\"color: #800000;\">Polska, 2001<\/span><br \/>\n<span style=\"color: #800000;\">kr\u00f3tkometra\u017cowy, dokumentalny (telewizyjny),<\/span><\/p>\n<p><span style=\"color: #800000;\">Re\u017cyseria: Ryszard Stecura<\/span><br \/>\n<span style=\"color: #800000;\">Produkcja: Afanasjeff Productions, Video Studio Gda\u0144sk<\/span><\/p>\n<hr \/>\n<p>&nbsp;<\/p>\n","protected":false},"excerpt":{"rendered":"<p>Re\u017c. Ryszard Stecura Filmowy portret Romana Nowotarskiego, znakomitego malarza, grafika, scenografa i&#8230; muzyka. Profesora i za\u0142o\u017cyciela katowickiej Akademii Sztuk Pi\u0119knych. Kresowiaka z urodzenia, zabrzanina z wyboru. Urodzony na Huculszczy\u017anie w Worochcie, przyby\u0142 do Zabrza jako kilkunastoletni ch\u0142opiec w kwietniu 1945 roku i tu ju\u017c pozosta\u0142. Filmowa opowie\u015b\u0107 jest pr\u00f3b\u0105 spojrzenia oczami artysty na najbli\u017cszy, otaczaj\u0105cy [&hellip;]<\/p>\n","protected":false},"author":1,"featured_media":0,"parent":6068,"menu_order":0,"comment_status":"closed","ping_status":"closed","template":"","meta":[],"_links":{"self":[{"href":"https:\/\/kinoroma.zabrze.pl\/mapa\/index.php?rest_route=\/wp\/v2\/pages\/6142"}],"collection":[{"href":"https:\/\/kinoroma.zabrze.pl\/mapa\/index.php?rest_route=\/wp\/v2\/pages"}],"about":[{"href":"https:\/\/kinoroma.zabrze.pl\/mapa\/index.php?rest_route=\/wp\/v2\/types\/page"}],"author":[{"embeddable":true,"href":"https:\/\/kinoroma.zabrze.pl\/mapa\/index.php?rest_route=\/wp\/v2\/users\/1"}],"replies":[{"embeddable":true,"href":"https:\/\/kinoroma.zabrze.pl\/mapa\/index.php?rest_route=%2Fwp%2Fv2%2Fcomments&post=6142"}],"version-history":[{"count":9,"href":"https:\/\/kinoroma.zabrze.pl\/mapa\/index.php?rest_route=\/wp\/v2\/pages\/6142\/revisions"}],"predecessor-version":[{"id":7608,"href":"https:\/\/kinoroma.zabrze.pl\/mapa\/index.php?rest_route=\/wp\/v2\/pages\/6142\/revisions\/7608"}],"up":[{"embeddable":true,"href":"https:\/\/kinoroma.zabrze.pl\/mapa\/index.php?rest_route=\/wp\/v2\/pages\/6068"}],"wp:attachment":[{"href":"https:\/\/kinoroma.zabrze.pl\/mapa\/index.php?rest_route=%2Fwp%2Fv2%2Fmedia&parent=6142"}],"curies":[{"name":"wp","href":"https:\/\/api.w.org\/{rel}","templated":true}]}}