{"id":6144,"date":"2020-09-28T08:44:19","date_gmt":"2020-09-28T06:44:19","guid":{"rendered":"http:\/\/new.kinoroma.zabrze.pl\/mapa\/?page_id=6144"},"modified":"2020-10-20T09:37:20","modified_gmt":"2020-10-20T07:37:20","slug":"prawdziwe-historie-laura","status":"publish","type":"page","link":"https:\/\/kinoroma.zabrze.pl\/mapa\/?page_id=6144","title":{"rendered":"Prawdziwe historie: Laura"},"content":{"rendered":"<p>&nbsp;<\/p>\n<h5><strong><span style=\"color: #000080;\">Re\u017c. Rados\u0142aw Dunaszewski<\/span><br \/>\n<\/strong><\/h5>\n<p><strong>\u201ePrawdziwe historie\u201d to cykl film\u00f3w opartych na prawdziwych wydarzeniach, kt\u00f3ry wyprodukowa\u0142a telewizja TVN. Kr\u0119cona w Zabrzu \u201cLaura\u201d Rados\u0142awa Dunaszewskiego opowiada o g\u00f3rniku Zbigniewie Nowaku, kt\u00f3ry podczas katastrofy w kopalni Halemba w Rudzie \u015al\u0105skiej przetrwa\u0142 pod ziemi\u0105 111 godzin.<\/strong><\/p>\n<p>Zbyszka Nowak<a href=\"https:\/\/kinoroma.zabrze.pl\/mapa\/wp-content\/uploads\/plakat-Laura.jpg\"><img loading=\"lazy\" class=\"alignleft wp-image-6501 size-medium\" src=\"https:\/\/kinoroma.zabrze.pl\/mapa\/wp-content\/uploads\/plakat-Laura-225x300.jpg\" alt=\"plakat\" width=\"225\" height=\"300\" srcset=\"https:\/\/kinoroma.zabrze.pl\/mapa\/wp-content\/uploads\/plakat-Laura-225x300.jpg 225w, https:\/\/kinoroma.zabrze.pl\/mapa\/wp-content\/uploads\/plakat-Laura.jpg 232w\" sizes=\"(max-width: 225px) 100vw, 225px\" \/><\/a>a poznajemy, gdy zdecydowanie odmawia p\u00f3j\u015bcia tradycyjn\u0105 drog\u0105 m\u0119\u017cczyzn w jego rodzinie. Ryzykuj\u0105c zerwanie stosunk\u00f3w z ojcem informuje go, \u017ce rzuca prac\u0119 g\u00f3rnika i nie wr\u00f3ci ju\u017c nigdy do kopalni. Ale los bardzo lubi p\u0142ata\u0107 figle&#8230;<\/p>\n<p>Najwa\u017cniejsz\u0105 osob\u0105 dla Zbyszka jest jego c\u00f3rka Laura, kt\u00f3r\u0105 kocha ponad \u017cycie. Pewnego dnia okazuje si\u0119, \u017ce dziewczynka ma powa\u017cn\u0105 wad\u0119 serca. Marlena, \u017cona Nowaka, rezygnuje z pracy, aby ca\u0142y czas by\u0107 przy dziecku. W efekcie, sytuacja finansowa rodziny staje si\u0119 bardzo trudna.<\/p>\n<p>Wtedy Zbyszek postanawia wr\u00f3ci\u0107 jednak do pracy w kopalni. Wkr\u00f3tce dochodzi do tragedii. W wyniku katastrofy g\u00f3rniczej, Nowak zostaje uwi\u0119ziony pod ziemi\u0105. Mimo niewielkich szans na prze\u017cycie postanawia nie poddawa\u0107 si\u0119 i walczy\u0107 o przetrwanie. Na g\u00f3rze rozpoczyna si\u0119 dramatyczna akcja ratunkowa.<\/p>\n<p>Opowiedziana w filmie katastrofa w kopalni Halemba mia\u0142a miejsce 22 lutego 2006 roku. G\u00f3rnik Zbigniew Nowak, specjalista od pomiar\u00f3w metanu, pracowa\u0142 pod ziemi\u0105 na popo\u0142udniowej zmianie. W pewnym momencie znalaz\u0142 si\u0119 w strefie zaliczanej do najbardziej zagro\u017conych eksplozj\u0105 tego gazu. Oko\u0142o godziny 18.00 nast\u0105pi\u0142o niewielkie t\u0105pni\u0119cie, a po chwili pot\u0119\u017cny wybuch metanu, kt\u00f3ry spowodowa\u0142 zawalenie si\u0119 chodnika.<\/p>\n<p><a href=\"https:\/\/kinoroma.zabrze.pl\/mapa\/wp-content\/uploads\/Laura-fot-TVN-oficjalne-2.jpg\"><img loading=\"lazy\" class=\"alignright wp-image-6500 size-medium\" src=\"https:\/\/kinoroma.zabrze.pl\/mapa\/wp-content\/uploads\/Laura-fot-TVN-oficjalne-2-300x200.jpg\" alt=\"\" width=\"300\" height=\"200\" srcset=\"https:\/\/kinoroma.zabrze.pl\/mapa\/wp-content\/uploads\/Laura-fot-TVN-oficjalne-2-300x200.jpg 300w, https:\/\/kinoroma.zabrze.pl\/mapa\/wp-content\/uploads\/Laura-fot-TVN-oficjalne-2-1024x681.jpg 1024w, https:\/\/kinoroma.zabrze.pl\/mapa\/wp-content\/uploads\/Laura-fot-TVN-oficjalne-2-768x511.jpg 768w, https:\/\/kinoroma.zabrze.pl\/mapa\/wp-content\/uploads\/Laura-fot-TVN-oficjalne-2.jpg 1500w\" sizes=\"(max-width: 300px) 100vw, 300px\" \/><\/a>Odci\u0119ty zawa\u0142em Nowak prze\u017cy\u0142 eksplozj\u0119, ale znalaz\u0142 si\u0119 w niewielkiej niszy pomi\u0119dzy zwa\u0142ami ska\u0142. Na jego szcz\u0119\u015bcie obok przebiega\u0142a rura wentylacyjna, kt\u00f3ra p\u0119k\u0142a i g\u00f3rnik mia\u0142 czym oddycha\u0107. Posiada\u0142 te\u017c ma\u0142y nadajnik radiowy, kt\u00f3rego sygna\u0142 m\u00f3g\u0142 pom\u00f3c ratownikom w zlokalizowaniu go w \u015brodku zawa\u0142u. Po 111 godzinach akcji, ratownicy dotarli do Nowaka, kt\u00f3rzy wydobyli go spod zwa\u0142\u00f3w w\u0119g\u0142a i wywie\u017ali na powierzchni\u0119.<\/p>\n<p>G\u0142\u00f3wn\u0105 rol\u0119, czyli posta\u0107 Zbyszka Nowaka, gra wywodz\u0105cy si\u0119 ze \u015al\u0105ska <strong>Krzysztof Respondek<\/strong> &#8211; aktor, piosenkarz i artysta kabaretowy. W jego \u017con\u0119 wciela si\u0119 <strong>Sonia Bohosiewicz<\/strong> (\u201eRezerwat&#8221;, \u201eExcentrycy&#8221;). W obsadzie znajdziemy te\u017c wybitnego polskiego aktora <strong>Mariana Dzi\u0119dziela<\/strong> (\u201eWesele&#8221;, \u201eKret&#8221;), w roli ojca g\u0142\u00f3wnego bohatera.<\/p>\n<p><a href=\"https:\/\/kinoroma.zabrze.pl\/mapa\/wp-content\/uploads\/Laura-fot-TVN-oficjalne.jpg\"><img loading=\"lazy\" class=\"alignleft wp-image-6499 size-medium\" src=\"https:\/\/kinoroma.zabrze.pl\/mapa\/wp-content\/uploads\/Laura-fot-TVN-oficjalne-300x169.jpg\" alt=\"\" width=\"300\" height=\"169\" srcset=\"https:\/\/kinoroma.zabrze.pl\/mapa\/wp-content\/uploads\/Laura-fot-TVN-oficjalne-300x169.jpg 300w, https:\/\/kinoroma.zabrze.pl\/mapa\/wp-content\/uploads\/Laura-fot-TVN-oficjalne.jpg 315w\" sizes=\"(max-width: 300px) 100vw, 300px\" \/><\/a>Re\u017cyser jest specjalist\u0105 od seriali. Dla TVN i innych stacji wyre\u017cyserowa\u0142 m.in. wiele odcink\u00f3w serii \u201eNa Wsp\u00f3lnej&#8221; i \u201eKatastrofy g\u00f3rnicze&#8221;.<\/p>\n<p>W\u015br\u00f3d 6 pozosta\u0142ych film\u00f3w projektu \u201ePrawdziwe historie\u201d znajduje si\u0119 jeszcze jedna opowie\u015b\u0107 ze \u015bl\u0105skim rodowodem. Film pt. <strong>\u201eHala\u201d<\/strong>, opowiada o katastrofie budowlanej z 2006 roku, kiedy to zawali\u0142 si\u0119 dach hali Mi\u0119dzynarodowych Targ\u00f3w Katowickich.<\/p>\n<p>Na koniec warto doda\u0107, \u017ce niestety nie wyci\u0105gni\u0119to wniosk\u00f3w z katastrofy, w kt\u00f3rej ucierpia\u0142 Nowak. 9 miesi\u0119cy p\u00f3\u017aniej, 21 listopada 2006 roku w Halembie dosz\u0142o do kolejnego wybuchu metanu, kt\u00f3ry nast\u0119pnie zainicjowa\u0142 eksplozj\u0119 py\u0142u w\u0119glowego. W wyniku katastrofy zgin\u0119\u0142o 23 g\u00f3rnik\u00f3w. By\u0142a to jedna z najtragiczniejszych katastrof g\u00f3rniczych w Polsce.<\/p>\n<hr \/>\n<p><span style=\"color: #800000;\"><u><strong>Metryczka filmu<\/strong><\/u><\/span><\/p>\n<p><span style=\"color: #800000;\">\u201eLaura\u201d<\/span><br \/>\n<span style=\"color: #800000;\">Polska, 2010<\/span><\/p>\n<p><span style=\"color: #800000;\">Re\u017cyseria: Rados\u0142aw Dunaszewski<\/span><br \/>\n<span style=\"color: #800000;\">Scenariusz: Rados\u0142aw Dunaszewski, Piotr Fede<\/span><br \/>\n<span style=\"color: #800000;\">Muzyka: Motion Trio<\/span><br \/>\n<span style=\"color: #800000;\">Zdj\u0119cia : Jacek Januszyk<\/span><br \/>\n<span style=\"color: #800000;\">Scenografia: Anna Niemira<\/span><br \/>\n<span style=\"color: #800000;\">Kostiumy: Jolanta \u0141agowska<\/span><br \/>\n<span style=\"color: #800000;\">Monta\u017c: Tadeusz Talar<\/span><br \/>\n<span style=\"color: #800000;\">Produkcja: TVN<\/span><br \/>\n<span style=\"color: #800000;\">Obsada: Krzysztof Respondek, Sonia Bohosiewicz, Julia Kornacka, Marian Dzi\u0119dziel<\/span><br \/>\n<span style=\"color: #800000;\">Czas trwania 80 min<\/span><\/p>\n<hr \/>\n<p><u><strong>Trailer<\/strong><\/u><\/p>\n<p><iframe loading=\"lazy\" src=\"https:\/\/www.youtube.com\/embed\/j1RJSxGwgBg\" width=\"560\" height=\"315\" frameborder=\"0\" allowfullscreen=\"allowfullscreen\"><\/iframe><\/p>\n","protected":false},"excerpt":{"rendered":"<p>&nbsp; Re\u017c. Rados\u0142aw Dunaszewski \u201ePrawdziwe historie\u201d to cykl film\u00f3w opartych na prawdziwych wydarzeniach, kt\u00f3ry wyprodukowa\u0142a telewizja TVN. Kr\u0119cona w Zabrzu \u201cLaura\u201d Rados\u0142awa Dunaszewskiego opowiada o g\u00f3rniku Zbigniewie Nowaku, kt\u00f3ry podczas katastrofy w kopalni Halemba w Rudzie \u015al\u0105skiej przetrwa\u0142 pod ziemi\u0105 111 godzin. Zbyszka Nowaka poznajemy, gdy zdecydowanie odmawia p\u00f3j\u015bcia tradycyjn\u0105 drog\u0105 m\u0119\u017cczyzn w jego rodzinie. [&hellip;]<\/p>\n","protected":false},"author":1,"featured_media":0,"parent":6068,"menu_order":0,"comment_status":"closed","ping_status":"closed","template":"","meta":[],"_links":{"self":[{"href":"https:\/\/kinoroma.zabrze.pl\/mapa\/index.php?rest_route=\/wp\/v2\/pages\/6144"}],"collection":[{"href":"https:\/\/kinoroma.zabrze.pl\/mapa\/index.php?rest_route=\/wp\/v2\/pages"}],"about":[{"href":"https:\/\/kinoroma.zabrze.pl\/mapa\/index.php?rest_route=\/wp\/v2\/types\/page"}],"author":[{"embeddable":true,"href":"https:\/\/kinoroma.zabrze.pl\/mapa\/index.php?rest_route=\/wp\/v2\/users\/1"}],"replies":[{"embeddable":true,"href":"https:\/\/kinoroma.zabrze.pl\/mapa\/index.php?rest_route=%2Fwp%2Fv2%2Fcomments&post=6144"}],"version-history":[{"count":10,"href":"https:\/\/kinoroma.zabrze.pl\/mapa\/index.php?rest_route=\/wp\/v2\/pages\/6144\/revisions"}],"predecessor-version":[{"id":7607,"href":"https:\/\/kinoroma.zabrze.pl\/mapa\/index.php?rest_route=\/wp\/v2\/pages\/6144\/revisions\/7607"}],"up":[{"embeddable":true,"href":"https:\/\/kinoroma.zabrze.pl\/mapa\/index.php?rest_route=\/wp\/v2\/pages\/6068"}],"wp:attachment":[{"href":"https:\/\/kinoroma.zabrze.pl\/mapa\/index.php?rest_route=%2Fwp%2Fv2%2Fmedia&parent=6144"}],"curies":[{"name":"wp","href":"https:\/\/api.w.org\/{rel}","templated":true}]}}