{"id":6146,"date":"2020-09-28T08:47:30","date_gmt":"2020-09-28T06:47:30","guid":{"rendered":"http:\/\/new.kinoroma.zabrze.pl\/mapa\/?page_id=6146"},"modified":"2020-10-20T09:36:16","modified_gmt":"2020-10-20T07:36:16","slug":"rojst","status":"publish","type":"page","link":"https:\/\/kinoroma.zabrze.pl\/mapa\/?page_id=6146","title":{"rendered":"Rojst"},"content":{"rendered":"<h5><strong>Re\u017c. Jan Holoubek<\/strong><\/h5>\n<hr \/>\n<p><a href=\"https:\/\/kinoroma.zabrze.pl\/mapa\/wp-content\/uploads\/plakat-Rojst.jpg\"><img loading=\"lazy\" class=\"alignleft wp-image-6505 size-medium\" src=\"https:\/\/kinoroma.zabrze.pl\/mapa\/wp-content\/uploads\/plakat-Rojst-204x300.jpg\" alt=\"plakat\" width=\"204\" height=\"300\" srcset=\"https:\/\/kinoroma.zabrze.pl\/mapa\/wp-content\/uploads\/plakat-Rojst-204x300.jpg 204w, https:\/\/kinoroma.zabrze.pl\/mapa\/wp-content\/uploads\/plakat-Rojst.jpg 500w\" sizes=\"(max-width: 204px) 100vw, 204px\" \/><\/a><strong>\u201eRojst\u201d znaczy bagno. I faktycznie, bohaterowie tego serialu tkwi\u0105 w bagnie z\u0142a, k\u0142amstw i <\/strong><strong>ukrywanych tajemnic<\/strong><strong>. Zdaniem wielu \u201eRojst\u201d w re\u017cyserii Jana Holoubka to jedna z najlepszych serii kryminalnych, kt\u00f3re powsta\u0142y w Polsce. <\/strong><strong>Sk\u0142adaj\u0105 si\u0119 na to m<\/strong><strong>istrzowskie role Andrzeja Seweryna, Dawida Ogrodnika i Piotra Fronczewskiego<\/strong><strong>,<\/strong> <strong>z<\/strong><strong>nakomite zdj\u0119cia <\/strong><strong>oraz perfekcyjne <\/strong><strong>oddanie reali\u00f3w PRL. A do tego promuj\u0105cy \u201eRojsta\u201d hit Moniki Brodki \u201cWszystko, czego dzi\u015b chc\u0119\u201d, kt\u00f3ry przez d\u0142ugi czas nie schodzi\u0142 z czo\u0142\u00f3wek list przeboj\u00f3w. W to \u201ebagno\u201d warto wej\u015b\u0107, je\u017celi si\u0119 kocha krymina\u0142y.<\/strong><\/p>\n<p>Jeste\u015bmy w Polsce Ludowej, po\u0142owy lat 80. Najgorszy czas apatii, bierno\u015bci i braku nadziei. W jednym z zapomnianych przez Boga i ludzi miasteczek na po\u0142udniu kraju, dochodzi do podw\u00f3jnego morderstwa i podw\u00f3jnego samob\u00f3jstwa. W podmiejskim lesie kto\u015b brutalnie zabija wp\u0142ywowego, komunistycznego dzia\u0142acza i m\u0142od\u0105 prostytutk\u0119. W tym samym czasie samob\u00f3jstwo pope\u0142nia para nastolatk\u00f3w.<\/p>\n<p>Spraw\u0119 postanawia rozwi\u0105za\u0107 dw\u00f3ch dziennikarzy lokalnej gazety, kt\u00f3rzy rozpoczynaj\u0105 dziennikarskie \u015bledztwo. M\u0142ody, ambitny i nastawiony na sukces Piotr Zarzycki (<strong>Dawid Ogrodnik<\/strong>) i stary prasowy wyga, zgorzknia\u0142y i zm\u0119czony \u017cyciem Witold Wanycz (<strong>Andrzej Seweryn<\/strong>).<\/p>\n<p>\u015aledztwo coraz g\u0142\u0119biej grz\u0119\u017anie w \u201eroj\u015bcie\u201d &#8211; tytu\u0142owym bagnie wszechobecnego z\u0142a. Milicji Obywatelskiej do\u015b\u0107 szybko udaje si\u0119 wytypowa\u0107 oraz uj\u0105\u0107 sprawc\u0119, ale czy to na pewno on zabi\u0142 partyjnego towarzysza i dziewczyn\u0119? I jaki zwi\u0105zek ma z tym samob\u00f3jstwo nastolatk\u00f3w?<\/p>\n<p><a href=\"https:\/\/kinoroma.zabrze.pl\/mapa\/wp-content\/uploads\/Rojst-fot-oficj-mat-prasowe-HBO-3.jpg\"><img loading=\"lazy\" class=\"alignright wp-image-6508 size-medium\" src=\"https:\/\/kinoroma.zabrze.pl\/mapa\/wp-content\/uploads\/Rojst-fot-oficj-mat-prasowe-HBO-3-300x198.jpg\" alt=\"\" width=\"300\" height=\"198\" srcset=\"https:\/\/kinoroma.zabrze.pl\/mapa\/wp-content\/uploads\/Rojst-fot-oficj-mat-prasowe-HBO-3-300x198.jpg 300w, https:\/\/kinoroma.zabrze.pl\/mapa\/wp-content\/uploads\/Rojst-fot-oficj-mat-prasowe-HBO-3.jpg 584w\" sizes=\"(max-width: 300px) 100vw, 300px\" \/><\/a>Powoli wy\u0142ania si\u0119 obraz sieci lokalnych powi\u0105za\u0144, pomi\u0119dzy \u015bwiatem przest\u0119pczym, a przedstawicielami w\u0142adzy i wymiaru sprawiedliwo\u015bci. Ale w \u201ebagnie\u201d kryje si\u0119 jeszcze jedna historia &#8211; wstrz\u0105saj\u0105ce wydarzenia, do kt\u00f3rych dosz\u0142o w okolicy nied\u0142ugo po zako\u0144czeniu II wojny \u015bwiatowej.<\/p>\n<p>Seweryn i Ogrodnik to duet aktorski znany ju\u017c z obsypanej deszczem nagr\u00f3d \u201eOstatniej rodziny\u201d Jana P. Matuszy\u0144skiego. Ich ekranowy \u201epojedynek\u201d w \u201eRoj\u015bcie\u201d ponownie przynosi dawk\u0119 aktorstwa najwy\u017cszej klasy. Wysokich ocen doczeka\u0142y si\u0119 tak\u017ce drugoplanowe role <strong>Zofii Wich\u0142acz<\/strong>, <strong>Piotra Fronczewskiego<\/strong>, <strong>Ireneusza Czopa<\/strong> i <strong>Magdaleny Walach<\/strong>.<\/p>\n<p>Trzeba powiedzie\u0107 kilka s\u0142\u00f3w o scenografii autorstwa Marka Warszewskiego i Anny Marz\u0119dy, bo cho\u0107 ostatnio wiele film\u00f3w i serii \u201edzia\u0142o si\u0119\u201d w czasach PRL, to \u201eRojst\u201d jest majstersztykiem w tej materii. <em><strong>\u201e<\/strong><strong>Ten serial opowiada o tamtych czasach lepiej ni\u017c Wasi rodzice\u201d <\/strong><\/em>&#8211; to zdanie jednego z krytyk\u00f3w portalu spidersweb.pl m\u00f3wi samo za siebie.<\/p>\n<p><a href=\"https:\/\/kinoroma.zabrze.pl\/mapa\/wp-content\/uploads\/Rojst-fot-oficj-mat-prasowe-HBO-7.jpg\"><img loading=\"lazy\" class=\"alignleft wp-image-6512 size-medium\" src=\"https:\/\/kinoroma.zabrze.pl\/mapa\/wp-content\/uploads\/Rojst-fot-oficj-mat-prasowe-HBO-7-300x125.jpg\" alt=\"\" width=\"300\" height=\"125\" srcset=\"https:\/\/kinoroma.zabrze.pl\/mapa\/wp-content\/uploads\/Rojst-fot-oficj-mat-prasowe-HBO-7-300x125.jpg 300w, https:\/\/kinoroma.zabrze.pl\/mapa\/wp-content\/uploads\/Rojst-fot-oficj-mat-prasowe-HBO-7.jpg 679w\" sizes=\"(max-width: 300px) 100vw, 300px\" \/><\/a>Wisienk\u0105 na torcie jest \u015bcie\u017cka muzyczna. Hitem polskich list przeboj\u00f3w by\u0142 cover piosenki Izabeli Trojanowskiej <em><strong>\u201e<\/strong><strong>Wszystko, czego dzi\u015b chc\u0119\u201d <\/strong><\/em>w wykonaniu <strong>A_GIM i Moniki Brodki<\/strong>. Teledysk do tego utworu promowa\u0142 wej\u015bcie serialu na ekran, wprowadzaj\u0105c nas w mroczny klimat \u201eRojsta\u201d.<\/p>\n<p>&nbsp;<\/p>\n<p>Ca\u0142y soundtrack jest zreszt\u0105 smakowitym wyborem \u201enajlepszych czekoladek muzycznych\u201d lat 80. w Polsce. Na \u015bcie\u017cce d\u017awi\u0119kowej filmu mo\u017cemy us\u0142ysze\u0107 takie hity jak \u201eZaopiekuj si\u0119 mn\u0105\u201d zespo\u0142u Rezerwat, ostre \u201eStrze\u017c si\u0119 tych miejsc\u201d Klausa Mitffocha, \u201eJeste\u015b lekiem na ca\u0142e z\u0142o\u201d Krystyny Pro\u0144ko, \u201eBoskie Buenos\u201d Maanamu, czy \u201eSexy doll\u201d kultowej Republiki.<\/p>\n<p>Rojst znaczy bagno. Tym razem warto przez nie przebrn\u0105\u0107.<\/p>\n<a\n\thref=\"\/mapa\/?ait-item=3-areszt-sledczy\"\n\t\tid=\"ait-sc-button-1\"\n\tclass=\"ait-sc-button alignright  buticon-left    simple\"\n\tstyle=\"width:240px;background-color:#001e92; border-color:#001e92;margin-top:20;margin-left:20;margin-right:20;margin-bottom:20;\"\n>\n\t<span class=\"container\">\n\t\t<span class=\"wrap\">\n\n\t\t\t\t\t\t\t\t\t\t\t\t<span class=\"icon\" style=\"text-align:left;\">\n\t\t\t\t\t\t<i class=\"fa fa fa-map-marker\" style=\"color: #ffffff;\"><\/i>\n\t\t\t\t\t<\/span>\n\t\t\t\t\t\t\t\n\t\t\t\t\t\t<span class=\"text\" style=\"text-align:left;\">\n\t\t\t\t\t\t\t\t<span class=\"title\" style=\"color:#ffffff;\">\n\t\t\t\t\tAreszt \u015bledczy\t\t\t\t<\/span>\n\t\t\t\t\t\t\t\t\t\t\t<\/span>\n\t\t\t\n\t\t\t\t\t\t\t\t\t\t\t\t<\/span>\n\t<\/span>\n<\/a>\n\n<a\n\thref=\"\/mapa\/?ait-item=15-centrum-ul-j-zamoyskiego\"\n\t\tid=\"ait-sc-button-2\"\n\tclass=\"ait-sc-button alignright  buticon-left    simple\"\n\tstyle=\"width:240px;background-color:#001e92; border-color:#001e92;margin-top:20;margin-left:20;margin-right:20;margin-bottom:20;\"\n>\n\t<span class=\"container\">\n\t\t<span class=\"wrap\">\n\n\t\t\t\t\t\t\t\t\t\t\t\t<span class=\"icon\" style=\"text-align:left;\">\n\t\t\t\t\t\t<i class=\"fa fa fa-map-marker\" style=\"color: #ffffff;\"><\/i>\n\t\t\t\t\t<\/span>\n\t\t\t\t\t\t\t\n\t\t\t\t\t\t<span class=\"text\" style=\"text-align:left;\">\n\t\t\t\t\t\t\t\t<span class=\"title\" style=\"color:#ffffff;\">\n\t\t\t\t\tCentrum \u2013 ul. J. Zamoyskiego\t\t\t\t<\/span>\n\t\t\t\t\t\t\t\t\t\t\t<\/span>\n\t\t\t\n\t\t\t\t\t\t\t\t\t\t\t\t<\/span>\n\t<\/span>\n<\/a>\n\n<p><u><strong>Zabrze na ekranie<\/strong><\/u><\/p>\n<p>Ekipa \u201eRojsta\u201d wykorzysta\u0142a w Zabrzu wn\u0119trza aresztu oraz kamienic\u0119 przy ulicy Zamoyskiego.<\/p>\n<p>Zdj\u0119cia do serialu powstawa\u0142y te\u017c m.in. w Katowicach (hotel Silesia, Osiedle Zadole, ul. Piotra Skargi, o\u015brodek sportowy przy stadionie GKS Katowice &#8211; przy hali Spodek), Raciborzu (dworzec kolejowy); Warszawie (S\u0105d Rejonowy, budynek W\u0119gierskiej Ekspozytury Handlowej).<\/p>\n\n\t\t\t<div>\n\t\t\t<style type='text\/css'>\n\t\t\t\t#gallery-1 {\n\t\t\t\t\tmargin: auto;\n\t\t\t\t}\n\t\t\t\t#gallery-1 .gallery-item {\n\t\t\t\t\tfloat: left;\n\t\t\t\t\tmargin-top: 10px;\n\t\t\t\t\ttext-align: center;\n\t\t\t\t\twidth: 20%;\n\t\t\t\t}\n\t\t\t\t#gallery-1 img {\n\t\t\t\t\tborder: 2px solid #cfcfcf;\n\t\t\t\t}\n\t\t\t\t#gallery-1 .gallery-caption {\n\t\t\t\t\tmargin-left: 0;\n\t\t\t\t}\n\t\t\t\t\/* see gallery_shortcode() in wp-includes\/media.php *\/\n\t\t\t<\/style><\/div>\n\t\t<div id='gallery-1' class='gallery galleryid-6146 gallery-columns-5 gallery-size-thumbnail'><div class=\"gallery-inner-wrapper\"><dl class='gallery-item'>\n\t\t\t\t<dt class='gallery-icon landscape'>\n\t\t\t\t\t<a href='https:\/\/kinoroma.zabrze.pl\/mapa\/wp-content\/uploads\/Rojst-fot-oficj-mat-prasowe-HBO-10.jpg'><img width=\"150\" height=\"150\" src=\"https:\/\/kinoroma.zabrze.pl\/mapa\/wp-content\/uploads\/Rojst-fot-oficj-mat-prasowe-HBO-10-150x150.jpg\" class=\"attachment-thumbnail size-thumbnail\" alt=\"\" loading=\"lazy\" \/><\/a>\n\t\t\t\t<\/dt><dd><\/dd><\/dl><dl class='gallery-item'>\n\t\t\t\t<dt class='gallery-icon landscape'>\n\t\t\t\t\t<a href='https:\/\/kinoroma.zabrze.pl\/mapa\/wp-content\/uploads\/Rojst-fot-oficj-mat-prasowe-HBO-9.jpg'><img width=\"150\" height=\"150\" src=\"https:\/\/kinoroma.zabrze.pl\/mapa\/wp-content\/uploads\/Rojst-fot-oficj-mat-prasowe-HBO-9-150x150.jpg\" class=\"attachment-thumbnail size-thumbnail\" alt=\"\" loading=\"lazy\" \/><\/a>\n\t\t\t\t<\/dt><dd><\/dd><\/dl><dl class='gallery-item'>\n\t\t\t\t<dt class='gallery-icon landscape'>\n\t\t\t\t\t<a href='https:\/\/kinoroma.zabrze.pl\/mapa\/wp-content\/uploads\/Rojst-fot-oficj-mat-prasowe-HBO-8.jpg'><img width=\"150\" height=\"150\" src=\"https:\/\/kinoroma.zabrze.pl\/mapa\/wp-content\/uploads\/Rojst-fot-oficj-mat-prasowe-HBO-8-150x150.jpg\" class=\"attachment-thumbnail size-thumbnail\" alt=\"\" loading=\"lazy\" \/><\/a>\n\t\t\t\t<\/dt><dd><\/dd><\/dl><dl class='gallery-item'>\n\t\t\t\t<dt class='gallery-icon landscape'>\n\t\t\t\t\t<a href='https:\/\/kinoroma.zabrze.pl\/mapa\/wp-content\/uploads\/Rojst-fot-oficj-mat-prasowe-HBO-6.jpg'><img width=\"150\" height=\"150\" src=\"https:\/\/kinoroma.zabrze.pl\/mapa\/wp-content\/uploads\/Rojst-fot-oficj-mat-prasowe-HBO-6-150x150.jpg\" class=\"attachment-thumbnail size-thumbnail\" alt=\"\" loading=\"lazy\" \/><\/a>\n\t\t\t\t<\/dt><dd><\/dd><\/dl><dl class='gallery-item'>\n\t\t\t\t<dt class='gallery-icon landscape'>\n\t\t\t\t\t<a href='https:\/\/kinoroma.zabrze.pl\/mapa\/wp-content\/uploads\/Rojst-fot-oficj-mat-prasowe-HBO-5.jpg'><img width=\"150\" height=\"150\" src=\"https:\/\/kinoroma.zabrze.pl\/mapa\/wp-content\/uploads\/Rojst-fot-oficj-mat-prasowe-HBO-5-150x150.jpg\" class=\"attachment-thumbnail size-thumbnail\" alt=\"\" loading=\"lazy\" \/><\/a>\n\t\t\t\t<\/dt><dd><\/dd><\/dl><br style=\"clear: both\" \/><dl class='gallery-item'>\n\t\t\t\t<dt class='gallery-icon landscape'>\n\t\t\t\t\t<a href='https:\/\/kinoroma.zabrze.pl\/mapa\/wp-content\/uploads\/Rojst-fot-oficj-mat-prasowe-HBO-4.jpg'><img width=\"150\" height=\"150\" src=\"https:\/\/kinoroma.zabrze.pl\/mapa\/wp-content\/uploads\/Rojst-fot-oficj-mat-prasowe-HBO-4-150x150.jpg\" class=\"attachment-thumbnail size-thumbnail\" alt=\"\" loading=\"lazy\" \/><\/a>\n\t\t\t\t<\/dt><dd><\/dd><\/dl><dl class='gallery-item'>\n\t\t\t\t<dt class='gallery-icon landscape'>\n\t\t\t\t\t<a href='https:\/\/kinoroma.zabrze.pl\/mapa\/wp-content\/uploads\/Rojst-fot-oficj-mat-prasowe-HBO-2.jpg'><img width=\"150\" height=\"150\" src=\"https:\/\/kinoroma.zabrze.pl\/mapa\/wp-content\/uploads\/Rojst-fot-oficj-mat-prasowe-HBO-2-150x150.jpg\" class=\"attachment-thumbnail size-thumbnail\" alt=\"\" loading=\"lazy\" \/><\/a>\n\t\t\t\t<\/dt><dd><\/dd><\/dl><dl class='gallery-item'>\n\t\t\t\t<dt class='gallery-icon landscape'>\n\t\t\t\t\t<a href='https:\/\/kinoroma.zabrze.pl\/mapa\/wp-content\/uploads\/Rojst-fot-oficj-mat-prasowe-HBO-1.jpg'><img width=\"150\" height=\"150\" src=\"https:\/\/kinoroma.zabrze.pl\/mapa\/wp-content\/uploads\/Rojst-fot-oficj-mat-prasowe-HBO-1-150x150.jpg\" class=\"attachment-thumbnail size-thumbnail\" alt=\"\" loading=\"lazy\" \/><\/a>\n\t\t\t\t<\/dt><dd><\/dd><\/dl>\n\t\t\t\t<br style='clear: both;' \/>\n\t\t\t<\/div><\/div>\n\n<hr \/>\n<p><span style=\"color: #800000;\"><u><strong>Metryczka filmu<\/strong><\/u><\/span><\/p>\n<p><span style=\"color: #800000;\">\u201eRojst\u201d<\/span><br \/>\n<span style=\"color: #800000;\">Polska, serial, 2018<\/span><br \/>\n<span style=\"color: #800000;\">Liczba odcink\u00f3w: 5<\/span><\/p>\n<p><span style=\"color: #800000;\">Re\u017cyseria: Jan Holoubek<\/span><br \/>\n<span style=\"color: #800000;\">Scenariusz: Jan Holoubek, Kasper Bajon<\/span><br \/>\n<span style=\"color: #800000;\">Muzyka: Jan Komar, Ma\u0142gorzata Penkalla<\/span><br \/>\n<span style=\"color: #800000;\">Zdj\u0119cia: Bart\u0142omiej Kaczmarek, Artur Reinhart<\/span><br \/>\n<span style=\"color: #800000;\">Scenografia: Marek Warszewski, Anna Marz\u0119da<\/span><br \/>\n<span style=\"color: #800000;\">Produkcja: Showmax, Studio Filmowe \u201eKadr\u201d<\/span><br \/>\n<span style=\"color: #800000;\">Obsada: Andrzej Seweryn, Dawid Ogrodnik, Zofia Wich\u0142acz, Magdalena Walach, Ireneusz Czop, Zbigniew Walery\u015b, Piotr Fronczewski, Agnieszka \u017bulewska<\/span><\/p>\n<hr \/>\n<p>Trailer: <a href=\"https:\/\/youtu.be\/IrjizI0wsXU\" target=\"_blank\" rel=\"noopener noreferrer\"><u>https:\/\/youtu.be\/IrjizI0wsXU<\/u><\/a><\/p>\n<p><iframe loading=\"lazy\" src=\"https:\/\/www.youtube.com\/embed\/IrjizI0wsXU\" width=\"560\" height=\"315\" frameborder=\"0\" allowfullscreen=\"allowfullscreen\"><\/iframe><\/p>\n","protected":false},"excerpt":{"rendered":"<p>Re\u017c. Jan Holoubek \u201eRojst\u201d znaczy bagno. I faktycznie, bohaterowie tego serialu tkwi\u0105 w bagnie z\u0142a, k\u0142amstw i ukrywanych tajemnic. Zdaniem wielu \u201eRojst\u201d w re\u017cyserii Jana Holoubka to jedna z najlepszych serii kryminalnych, kt\u00f3re powsta\u0142y w Polsce. Sk\u0142adaj\u0105 si\u0119 na to mistrzowskie role Andrzeja Seweryna, Dawida Ogrodnika i Piotra Fronczewskiego, znakomite zdj\u0119cia oraz perfekcyjne oddanie reali\u00f3w [&hellip;]<\/p>\n","protected":false},"author":1,"featured_media":0,"parent":6068,"menu_order":0,"comment_status":"closed","ping_status":"closed","template":"","meta":[],"_links":{"self":[{"href":"https:\/\/kinoroma.zabrze.pl\/mapa\/index.php?rest_route=\/wp\/v2\/pages\/6146"}],"collection":[{"href":"https:\/\/kinoroma.zabrze.pl\/mapa\/index.php?rest_route=\/wp\/v2\/pages"}],"about":[{"href":"https:\/\/kinoroma.zabrze.pl\/mapa\/index.php?rest_route=\/wp\/v2\/types\/page"}],"author":[{"embeddable":true,"href":"https:\/\/kinoroma.zabrze.pl\/mapa\/index.php?rest_route=\/wp\/v2\/users\/1"}],"replies":[{"embeddable":true,"href":"https:\/\/kinoroma.zabrze.pl\/mapa\/index.php?rest_route=%2Fwp%2Fv2%2Fcomments&post=6146"}],"version-history":[{"count":11,"href":"https:\/\/kinoroma.zabrze.pl\/mapa\/index.php?rest_route=\/wp\/v2\/pages\/6146\/revisions"}],"predecessor-version":[{"id":7606,"href":"https:\/\/kinoroma.zabrze.pl\/mapa\/index.php?rest_route=\/wp\/v2\/pages\/6146\/revisions\/7606"}],"up":[{"embeddable":true,"href":"https:\/\/kinoroma.zabrze.pl\/mapa\/index.php?rest_route=\/wp\/v2\/pages\/6068"}],"wp:attachment":[{"href":"https:\/\/kinoroma.zabrze.pl\/mapa\/index.php?rest_route=%2Fwp%2Fv2%2Fmedia&parent=6146"}],"curies":[{"name":"wp","href":"https:\/\/api.w.org\/{rel}","templated":true}]}}