{"id":6148,"date":"2020-09-28T08:49:14","date_gmt":"2020-09-28T06:49:14","guid":{"rendered":"http:\/\/new.kinoroma.zabrze.pl\/mapa\/?page_id=6148"},"modified":"2020-10-20T09:35:39","modified_gmt":"2020-10-20T07:35:39","slug":"sensacje-xx-wieku","status":"publish","type":"page","link":"https:\/\/kinoroma.zabrze.pl\/mapa\/?page_id=6148","title":{"rendered":"Sensacje XX wieku"},"content":{"rendered":"<p><strong><a href=\"https:\/\/kinoroma.zabrze.pl\/mapa\/wp-content\/uploads\/Sensacje-XX-wieku-Woloszanski-fot-strona-internetowa-autora.jpeg\"><img loading=\"lazy\" class=\"alignleft wp-image-6520 size-medium\" src=\"https:\/\/kinoroma.zabrze.pl\/mapa\/wp-content\/uploads\/Sensacje-XX-wieku-Woloszanski-fot-strona-internetowa-autora-300x199.jpeg\" alt=\"\" width=\"300\" height=\"199\" srcset=\"https:\/\/kinoroma.zabrze.pl\/mapa\/wp-content\/uploads\/Sensacje-XX-wieku-Woloszanski-fot-strona-internetowa-autora-300x199.jpeg 300w, https:\/\/kinoroma.zabrze.pl\/mapa\/wp-content\/uploads\/Sensacje-XX-wieku-Woloszanski-fot-strona-internetowa-autora-768x510.jpeg 768w, https:\/\/kinoroma.zabrze.pl\/mapa\/wp-content\/uploads\/Sensacje-XX-wieku-Woloszanski-fot-strona-internetowa-autora.jpeg 800w\" sizes=\"(max-width: 300px) 100vw, 300px\" \/><\/a>Kt\u00f3\u017c nie zna charakterystycznego<\/strong> <strong>faceta w sk\u00f3rzanej kurtce, kt\u00f3ry od 1983 roku fascynuj\u0105co prowadzi nas przez histori\u0119 dwudziestego stulecia? To oczywi\u015bcie Bogus\u0142aw Wo\u0142osza\u0144ski, tw\u00f3rca \u201eSensacji XX wieku\u201d najs\u0142ynniejszego,polskiego programu telewizyjnego, dotycz\u0105cego historii <\/strong><strong>poprzedniego stulecia<\/strong><strong>.<\/strong><\/p>\n<p>Trudno w to uwierzy\u0107, ale pierwsze odcinki \u201eSensacji XX wieku\u201d pojawi\u0142y si\u0119 na antenie TVP we wrze\u015bniu 1983 roku! Ta popularnonaukowa seria by\u0142a emitowana nieprzerwanie na antenie Telewizji Polskiej od swojej premiery do 2005 roku. Po dziesi\u0119cioletniej przerwie powr\u00f3ci\u0142a na ekran w 2015 roku, kiedy to nowe odcinki zacz\u0105\u0142 emitowa\u0107 National Geographic Channel.<\/p>\n<p>Pomys\u0142odawc\u0105 i autorem \u201eSensacji\u201d jest Bogus\u0142aw Wo\u0142osza\u0144ski, dziennikarz, prawnik i popularyzator historii. Poza tw\u00f3rczo\u015bci\u0105 telewizyjn\u0105 i radiow\u0105 Wo\u0142osza\u0144ski da\u0142 si\u0119 pozna\u0107 jako autor bestsellerowych ksi\u0105\u017cek, kt\u00f3rych \u0142\u0105czny nak\u0142ad przekroczy\u0142 milion egzemplarzy. Wed\u0142ug r\u00f3\u017cnych \u017ar\u00f3de\u0142, powsta\u0142o ponad 200 odcink\u00f3w serii, chocia\u017c sam autor m\u00f3wi, \u017ce zrealizowa\u0142 oko\u0142o tysi\u0105ca program\u00f3w. \u201eSensacje\u201d maj\u0105 te\u017c swoich wiernych fan\u00f3w zrzeszonych w Klubie Sensacji XX wieku.<\/p>\n<p>Bogus\u0142aw Wo\u0142osza\u0144ski w jednym z wywiad\u00f3w powiedzia\u0142, \u017ce ten program wzi\u0105\u0142 si\u0119 z&#8230; buntu. \u201e<em>Wtedy w telewizji panowa\u0142 zupe\u0142nie inny kanon programu historycznego. W studiu siada\u0142o czterech pan\u00f3w profesor\u00f3w w garniturach, a prowadz\u0105cy m\u00f3wi\u0142: witam pa\u0144stwa bardzo serdecznie, dzisiaj b\u0119dziemy m\u00f3wi\u0107 o tym i o tym \u2013 i go\u015bcie zaczynali m\u00f3wi\u0107. Po pi\u0119ciu minutach re\u017cyser i prowadz\u0105cy orientowali si\u0119, \u017ce robi si\u0119 nieco zbyt nudno\u201d <\/em>&#8211; m\u00f3wi\u0142 w rozmowie z Onetem.<\/p>\n<p><a href=\"https:\/\/kinoroma.zabrze.pl\/mapa\/wp-content\/uploads\/Sensacje-XX-wieku-Boguslaw-Woloszanski-fot-Wikipedia.jpg\"><img loading=\"lazy\" class=\"alignright wp-image-6519 size-medium\" src=\"https:\/\/kinoroma.zabrze.pl\/mapa\/wp-content\/uploads\/Sensacje-XX-wieku-Boguslaw-Woloszanski-fot-Wikipedia-273x300.jpg\" alt=\"\" width=\"273\" height=\"300\" srcset=\"https:\/\/kinoroma.zabrze.pl\/mapa\/wp-content\/uploads\/Sensacje-XX-wieku-Boguslaw-Woloszanski-fot-Wikipedia-273x300.jpg 273w, https:\/\/kinoroma.zabrze.pl\/mapa\/wp-content\/uploads\/Sensacje-XX-wieku-Boguslaw-Woloszanski-fot-Wikipedia-931x1024.jpg 931w, https:\/\/kinoroma.zabrze.pl\/mapa\/wp-content\/uploads\/Sensacje-XX-wieku-Boguslaw-Woloszanski-fot-Wikipedia-768x844.jpg 768w, https:\/\/kinoroma.zabrze.pl\/mapa\/wp-content\/uploads\/Sensacje-XX-wieku-Boguslaw-Woloszanski-fot-Wikipedia-1397x1536.jpg 1397w, https:\/\/kinoroma.zabrze.pl\/mapa\/wp-content\/uploads\/Sensacje-XX-wieku-Boguslaw-Woloszanski-fot-Wikipedia-1863x2048.jpg 1863w, https:\/\/kinoroma.zabrze.pl\/mapa\/wp-content\/uploads\/Sensacje-XX-wieku-Boguslaw-Woloszanski-fot-Wikipedia.jpg 2021w\" sizes=\"(max-width: 273px) 100vw, 273px\" \/><\/a><\/p>\n<p>Dlatego Wo\u0142osza\u0144ski postanowi\u0142 stworzy\u0107 co\u015b nowego, aby nie tylko m\u00f3wi\u0107 widzom o historii, ale tak\u017ce j\u0105 pokazywa\u0107. Dlatego kolejne odcinki powstawa\u0142y w r\u00f3\u017cnych miejscach Polski, a po upadku komunizmu &#8211; Europy.<\/p>\n<p>Ciekawa jest historia muzycznej czo\u0142\u00f3wka \u201eSensacji\u201d \u2013 to fragment utworu kompozytora Irvinga Josepha, w Polsce nieznanego i kojarz\u0105cego si\u0119 wy\u0142\u0105cznie z programem Wo\u0142osza\u0144skiego. Autor trafi\u0142 na niego kompletnie przypadkowo: \u201e<em>Nie wiedzia\u0142em wtedy, kto by\u0142 autorem \u2013 zaczerpn\u0105\u0142em fragment muzyki z jednego z film\u00f3w dystrybuowanych wtedy przez ONZ. Te materia\u0142y by\u0142y przeznaczone do wolnego wykorzystania, co te\u017c mia\u0142o dla telewizji w latach 80. znaczenie finansowe\u201c.<\/em><\/p>\n<p>Pod koniec lat 90. Wo\u0142osza\u0144ski zacz\u0105\u0142 coraz \u015bmielej si\u0119ga\u0107 po now\u0105 formu\u0142\u0119 \u201eSensacji\u201d. W programach zacz\u0119\u0142y pojawia\u0107 si\u0119 fabularyzowane rekonstrukcje historyczne wydarze\u0144 omawianych w danym odcinku.<\/p>\n<p>Niekt\u00f3re odcinki \u201eSensacji\u201d przyj\u0119\u0142y nawet form\u0119 niewielkich film\u00f3w fabularnych. W ekranowych rekonstrukcjach brali te\u017c udzia\u0142 coraz s\u0142awniejsi aktorzy &#8211; <strong>Borys Szyc, Robert Wi\u0119ckiewicz, Adam Woronowicz<\/strong> czy <strong>Jerzy Bo\u0144czak<\/strong>. <strong>Krzysztof Globisz<\/strong> zagra\u0142 J\u00f3zefa Stalina, <strong>Cezary \u017bak <\/strong>&#8211; Hermanna G\u00f6ringa, a <strong>Jan Nowicki <\/strong>cesarza Wilhelma II.<\/p>\n<p>\u201eSensacje XX wieku\u201d doczeka\u0142y si\u0119 tak\u017ce szczeg\u00f3lnej nagrody. Przez widz\u00f3w bior\u0105cych udzia\u0142 w plebiscycie \u201ePolityki\u201d seria zosta\u0142a uznana za najlepszy program w historii polskiej telewizji.<\/p>\n<p>Najwi\u0119kszym przedsi\u0119wzi\u0119ciem filmowym wywodz\u0105cych si\u0119 z \u201eSensacji XX wieku\u201d by\u0142 serial wojenny <strong>\u201eTajemnica twierdzy szyfr\u00f3w\u201d <\/strong>wg autorskiego scenariusza Wo\u0142osza\u0144skiego. W rolach g\u0142\u00f3wnych zagrali: <strong>Pawe\u0142 Ma\u0142aszy\u0144ski, Jan Frycz, Cezary \u017bak, Karolina Gruszka, Anna Dereszowska i Danuta Stenka<\/strong>.<\/p>\n<hr \/>\n<p><span style=\"color: #800000;\"><u><strong>Metryczka filmu<\/strong><\/u><\/span><\/p>\n<p><span style=\"color: #800000;\">\u201eSensacje XX Wieku&#8221;<\/span><br \/>\n<span style=\"color: #800000;\">Lata emisji &#8211; 1983-2005<\/span><\/p>\n<p><span style=\"color: #800000;\">Re\u017cyseria: Bogus\u0142aw Wo\u0142osza\u0144ski<\/span><br \/>\n<span style=\"color: #800000;\">Scenariusz: Bogus\u0142aw Wo\u0142osza\u0144ski<\/span><\/p>\n<hr \/>\n<p>&nbsp;<\/p>\n","protected":false},"excerpt":{"rendered":"<p>Kt\u00f3\u017c nie zna charakterystycznego faceta w sk\u00f3rzanej kurtce, kt\u00f3ry od 1983 roku fascynuj\u0105co prowadzi nas przez histori\u0119 dwudziestego stulecia? To oczywi\u015bcie Bogus\u0142aw Wo\u0142osza\u0144ski, tw\u00f3rca \u201eSensacji XX wieku\u201d najs\u0142ynniejszego,polskiego programu telewizyjnego, dotycz\u0105cego historii poprzedniego stulecia. Trudno w to uwierzy\u0107, ale pierwsze odcinki \u201eSensacji XX wieku\u201d pojawi\u0142y si\u0119 na antenie TVP we wrze\u015bniu 1983 roku! Ta popularnonaukowa [&hellip;]<\/p>\n","protected":false},"author":1,"featured_media":0,"parent":6068,"menu_order":0,"comment_status":"closed","ping_status":"closed","template":"","meta":[],"_links":{"self":[{"href":"https:\/\/kinoroma.zabrze.pl\/mapa\/index.php?rest_route=\/wp\/v2\/pages\/6148"}],"collection":[{"href":"https:\/\/kinoroma.zabrze.pl\/mapa\/index.php?rest_route=\/wp\/v2\/pages"}],"about":[{"href":"https:\/\/kinoroma.zabrze.pl\/mapa\/index.php?rest_route=\/wp\/v2\/types\/page"}],"author":[{"embeddable":true,"href":"https:\/\/kinoroma.zabrze.pl\/mapa\/index.php?rest_route=\/wp\/v2\/users\/1"}],"replies":[{"embeddable":true,"href":"https:\/\/kinoroma.zabrze.pl\/mapa\/index.php?rest_route=%2Fwp%2Fv2%2Fcomments&post=6148"}],"version-history":[{"count":7,"href":"https:\/\/kinoroma.zabrze.pl\/mapa\/index.php?rest_route=\/wp\/v2\/pages\/6148\/revisions"}],"predecessor-version":[{"id":7605,"href":"https:\/\/kinoroma.zabrze.pl\/mapa\/index.php?rest_route=\/wp\/v2\/pages\/6148\/revisions\/7605"}],"up":[{"embeddable":true,"href":"https:\/\/kinoroma.zabrze.pl\/mapa\/index.php?rest_route=\/wp\/v2\/pages\/6068"}],"wp:attachment":[{"href":"https:\/\/kinoroma.zabrze.pl\/mapa\/index.php?rest_route=%2Fwp%2Fv2%2Fmedia&parent=6148"}],"curies":[{"name":"wp","href":"https:\/\/api.w.org\/{rel}","templated":true}]}}