{"id":6158,"date":"2020-09-28T08:57:50","date_gmt":"2020-09-28T06:57:50","guid":{"rendered":"http:\/\/new.kinoroma.zabrze.pl\/mapa\/?page_id=6158"},"modified":"2020-10-20T09:57:45","modified_gmt":"2020-10-20T07:57:45","slug":"stulecie-winnych-serial","status":"publish","type":"page","link":"https:\/\/kinoroma.zabrze.pl\/mapa\/?page_id=6158","title":{"rendered":"Stulecie Winnych \/serial\/"},"content":{"rendered":"<p><strong><a href=\"\/mapa\/wp-content\/uploads\/plakat-sezon-01-Stulecie-Winnych-fot.jpg\"><img loading=\"lazy\" class=\"alignleft wp-image-6553 size-medium\" src=\"https:\/\/kinoroma.zabrze.pl\/mapa\/wp-content\/uploads\/plakat-sezon-01-Stulecie-Winnych-fot-210x300.jpg\" alt=\"plakat\" width=\"210\" height=\"300\" srcset=\"https:\/\/kinoroma.zabrze.pl\/mapa\/wp-content\/uploads\/plakat-sezon-01-Stulecie-Winnych-fot-210x300.jpg 210w, https:\/\/kinoroma.zabrze.pl\/mapa\/wp-content\/uploads\/plakat-sezon-01-Stulecie-Winnych-fot.jpg 471w\" sizes=\"(max-width: 210px) 100vw, 210px\" \/><\/a>Serial <\/strong><strong>oparty jest <\/strong><strong>na motywach wydanej w 2015 roku bestsellerowej trylogii \u201eStulecie Winnych&#8221; A\u0142beny Grabowskiej. To epicka, pe\u0142na nieoczekiwanych zwrot\u00f3w akcji opowie\u015b\u0107 o wielopokoleniowej rodzinie Winnych z podwarszawskiego Brwinowa<\/strong><strong>,<\/strong><strong> wpleciona w dramatyczne wydarzenia XX wieku. Autorka powie\u015bci w mistrzowski spos\u00f3b osadzi\u0142a fikcyjne zdarzenia w realiach historycznych, wprowadzaj\u0105c <\/strong><strong>w nie <\/strong><strong>autentyczne<\/strong> <strong>postaci <\/strong><strong>naszej historii<\/strong><strong>. W\u0105tkiem przewodnim s\u0105 losy bli\u017aniaczek, Ani i Mani Winnych, kt\u00f3re <\/strong><strong>przychodz\u0105 na \u015bwiat <\/strong><strong>na pocz\u0105tku I Wojny \u015awiatowej. <\/strong><\/p>\n<p>Jest czerwiec 1914 roku. W podwarszawskim Brwinowie trwa zakazana przez w\u0142adze rosyjskie procesja Bo\u017cego Cia\u0142a. Bierze w niej udzia\u0142 trzypokoleniowa rodzina Winnych: nestorzy rodu Bronis\u0142awa i Antoni oraz ich synowie ze swoimi \u017conami i dzie\u0107mi. Miesi\u0105c p\u00f3\u017aniej rozpoczyna si\u0119 I wojna \u015bwiatowa. Brwin\u00f3w naje\u017cd\u017caj\u0105 Prusacy, potem Kozacy. Gin\u0105 pierwsi ludzie.<\/p>\n<p>To pocz\u0105tek tego 26-odcinkowego serialu. Saga rodu Winnych jest wnikliwym portretem polskiego spo\u0142ecze\u0144stwa, zmieniaj\u0105cego si\u0119 wraz z rozwojem naszej pa\u0144stwowo\u015bci. W telewizyjnej adaptacji, podobnie jak w powie\u015bci, akcja serialu rozpoczyna si\u0119 na kr\u00f3tko przed I wojn\u0105 \u015bwiatow\u0105, a ko\u0144czy w czasach nam wsp\u00f3\u0142czesnych. Los nie oszcz\u0119dza kolejnych pokole\u0144 rodziny Winnych, kt\u00f3re musz\u0105 zmaga\u0107 si\u0119 z tragediami przynoszonymi przez trudn\u0105 histori\u0119 Polski poprzedniego stulecia oraz pocz\u0105tku XXI wieku.<\/p>\n<p><a href=\"https:\/\/kinoroma.zabrze.pl\/mapa\/wp-content\/uploads\/Stulecie-Winnych-fot-TVP-mat-prasowe-3.jpg\"><img loading=\"lazy\" class=\"alignright wp-image-6556 size-medium\" src=\"https:\/\/kinoroma.zabrze.pl\/mapa\/wp-content\/uploads\/Stulecie-Winnych-fot-TVP-mat-prasowe-3-300x169.jpg\" alt=\"\" width=\"300\" height=\"169\" srcset=\"https:\/\/kinoroma.zabrze.pl\/mapa\/wp-content\/uploads\/Stulecie-Winnych-fot-TVP-mat-prasowe-3-300x169.jpg 300w, https:\/\/kinoroma.zabrze.pl\/mapa\/wp-content\/uploads\/Stulecie-Winnych-fot-TVP-mat-prasowe-3-1024x577.jpg 1024w, https:\/\/kinoroma.zabrze.pl\/mapa\/wp-content\/uploads\/Stulecie-Winnych-fot-TVP-mat-prasowe-3-768x432.jpg 768w, https:\/\/kinoroma.zabrze.pl\/mapa\/wp-content\/uploads\/Stulecie-Winnych-fot-TVP-mat-prasowe-3.jpg 1373w\" sizes=\"(max-width: 300px) 100vw, 300px\" \/><\/a>Powie\u015b\u0107 Grabowskiej jest trylogi\u0105 i tak samo zbudowany jest serial telewizyjny. Pierwszy tom sagi \u201eStulecie Winnych&#8221; &#8211;<strong> \u201eCi, kt\u00f3rzy prze\u017cyli&#8221; <\/strong>&#8211; obejmuje wydarzenia do od 1918 do 1939 roku. W kolejnym, zatytu\u0142owanym \u201e<strong>Ci, kt\u00f3rzy walczyli&#8221;<\/strong>, mo\u017cemy \u015bledzi\u0107 losy Winnych w czasie II wojny \u015bwiatowej i w powojennej rzeczywisto\u015bci. Ta cz\u0119\u015b\u0107 historii obejmuje lata 1942-1968. Ostatnia cz\u0119\u015b\u0107 sagi &#8211; <strong>\u201eCi, kt\u00f3rzy wierzyli&#8221;<\/strong> &#8211; zaczyna si\u0119 w 1971 roku. Pisarka kontynuuje opowie\u015b\u0107 o losach rodziny a\u017c do czas\u00f3w wsp\u00f3\u0142czesnych.<\/p>\n<p>Dwa pierwsze sezony emitowane by\u0142y na antenie TVP w latach 2019-2020. Zdj\u0119cia do trzeciego rozpocz\u0119\u0142y si\u0119 wiosn\u0105 2020 roku.<\/p>\n<p>W role nestor\u00f3w rodu &#8211; ma\u0142\u017ce\u0144stwa Bronis\u0142awy i Antoniego Winnych &#8211; wcielili si\u0119 znakomici aktorzy. Bronis\u0142aw\u0119 zagra\u0142a jedna z najlepszych, polskich aktorek <strong>Kinga Preis <\/strong>(\u201eC\u00f3rki dancingu\u201d, \u201ePod Mocnym Anio\u0142em\u201d, \u201eBogowie\u201d), a Antoniego &#8211; <strong>Roman Gancarczyk<\/strong> (\u201eM\u00f3j Nikifor\u201d, serial \u201ePakt\u201d).<\/p>\n<p>Posta\u0107 ich syna &#8211; Stanis\u0142awa &#8211; kreuje na ekranie <strong>Jan Wieczorkowski<\/strong> (\u201ePierwsza mi\u0142o\u015b\u0107\u201d, \u201eM jak mi\u0142o\u015b\u0107\u201d, \u201eCzas honoru\u201d). W Kazi\u0119 Winn\u0105 wcieli\u0142a si\u0119 <strong>Katarzyna Kwiatkowska <\/strong>(\u201eZabawa, zabawa\u201d, \u201ePrawo Agaty\u201d, \u201eDzie\u0144 kobiet\u201d), a w jej m\u0119\u017ca W\u0142adys\u0142awa &#8211; <strong>Arkadiusz Janiczek<\/strong> (\u201eBarwy szcz\u0119\u015bcia\u201d, \u201eZ\u0142otopolscy\u201d).<\/p>\n<p><a name=\"_GoBack\"><\/a> Bli\u017aniaczki Mani\u0119 i Ani\u0119 &#8211; c\u00f3rki Stanis\u0142awa &#8211; zagra\u0142y <strong>Karolina Bacia<\/strong> (\u201eO mnie si\u0119 nie martw\u201d, \u201eNa Wsp\u00f3lnej\u201d) i <strong>Weronika Humaj<\/strong> (\u201eWataha\u201d, \u201eCzas honoru\u201d).<\/p>\n<a\n\thref=\"\/mapa\/?ait-item=3-areszt-sledczy\"\n\t\tid=\"ait-sc-button-1\"\n\tclass=\"ait-sc-button alignright  buticon-left    simple\"\n\tstyle=\"width:240px;background-color:#001e92; border-color:#001e92;margin-top:20;margin-left:20;margin-right:20;margin-bottom:20;\"\n>\n\t<span class=\"container\">\n\t\t<span class=\"wrap\">\n\n\t\t\t\t\t\t\t\t\t\t\t\t<span class=\"icon\" style=\"text-align:left;\">\n\t\t\t\t\t\t<i class=\"fa fa fa-map-marker\" style=\"color: #ffffff;\"><\/i>\n\t\t\t\t\t<\/span>\n\t\t\t\t\t\t\t\n\t\t\t\t\t\t<span class=\"text\" style=\"text-align:left;\">\n\t\t\t\t\t\t\t\t<span class=\"title\" style=\"color:#ffffff;\">\n\t\t\t\t\tAreszt \u015bledczy\t\t\t\t<\/span>\n\t\t\t\t\t\t\t\t\t\t\t<\/span>\n\t\t\t\n\t\t\t\t\t\t\t\t\t\t\t\t<\/span>\n\t<\/span>\n<\/a>\n\n<p><u><strong>Zabrze na ekranie<\/strong><\/u><\/p>\n<p>Ekipa filmowa wykorzysta\u0142a do zdj\u0119\u0107 wn\u0119trza Aresztu \u015aledczego w Zabrzu.<\/p>\n\n\t\t\t<div>\n\t\t\t<style type='text\/css'>\n\t\t\t\t#gallery-1 {\n\t\t\t\t\tmargin: auto;\n\t\t\t\t}\n\t\t\t\t#gallery-1 .gallery-item {\n\t\t\t\t\tfloat: left;\n\t\t\t\t\tmargin-top: 10px;\n\t\t\t\t\ttext-align: center;\n\t\t\t\t\twidth: 16%;\n\t\t\t\t}\n\t\t\t\t#gallery-1 img {\n\t\t\t\t\tborder: 2px solid #cfcfcf;\n\t\t\t\t}\n\t\t\t\t#gallery-1 .gallery-caption {\n\t\t\t\t\tmargin-left: 0;\n\t\t\t\t}\n\t\t\t\t\/* see gallery_shortcode() in wp-includes\/media.php *\/\n\t\t\t<\/style><\/div>\n\t\t<div id='gallery-1' class='gallery galleryid-6158 gallery-columns-6 gallery-size-thumbnail'><div class=\"gallery-inner-wrapper\"><dl class='gallery-item'>\n\t\t\t\t<dt class='gallery-icon landscape'>\n\t\t\t\t\t<a href='https:\/\/kinoroma.zabrze.pl\/mapa\/wp-content\/uploads\/Stulecie-Winnych-fot-TVP-mat-prasowe-9.jpg'><img width=\"150\" height=\"150\" src=\"https:\/\/kinoroma.zabrze.pl\/mapa\/wp-content\/uploads\/Stulecie-Winnych-fot-TVP-mat-prasowe-9-150x150.jpg\" class=\"attachment-thumbnail size-thumbnail\" alt=\"\" loading=\"lazy\" \/><\/a>\n\t\t\t\t<\/dt><dd><\/dd><\/dl><dl class='gallery-item'>\n\t\t\t\t<dt class='gallery-icon landscape'>\n\t\t\t\t\t<a href='https:\/\/kinoroma.zabrze.pl\/mapa\/wp-content\/uploads\/Stulecie-Winnych-fot-TVP-mat-prasowe-4.jpg'><img width=\"150\" height=\"150\" src=\"https:\/\/kinoroma.zabrze.pl\/mapa\/wp-content\/uploads\/Stulecie-Winnych-fot-TVP-mat-prasowe-4-150x150.jpg\" class=\"attachment-thumbnail size-thumbnail\" alt=\"\" loading=\"lazy\" \/><\/a>\n\t\t\t\t<\/dt><dd><\/dd><\/dl><dl class='gallery-item'>\n\t\t\t\t<dt class='gallery-icon landscape'>\n\t\t\t\t\t<a href='https:\/\/kinoroma.zabrze.pl\/mapa\/wp-content\/uploads\/Stulecie-Winnych-fot-TVP-mat-prasowe-2.jpg'><img width=\"150\" height=\"150\" src=\"https:\/\/kinoroma.zabrze.pl\/mapa\/wp-content\/uploads\/Stulecie-Winnych-fot-TVP-mat-prasowe-2-150x150.jpg\" class=\"attachment-thumbnail size-thumbnail\" alt=\"\" loading=\"lazy\" \/><\/a>\n\t\t\t\t<\/dt><dd><\/dd><\/dl><dl class='gallery-item'>\n\t\t\t\t<dt class='gallery-icon landscape'>\n\t\t\t\t\t<a href='https:\/\/kinoroma.zabrze.pl\/mapa\/wp-content\/uploads\/Stulecie-Winnych-fot-TVP-mat-prasowae-3.jpg'><img width=\"150\" height=\"150\" src=\"https:\/\/kinoroma.zabrze.pl\/mapa\/wp-content\/uploads\/Stulecie-Winnych-fot-TVP-mat-prasowae-3-150x150.jpg\" class=\"attachment-thumbnail size-thumbnail\" alt=\"\" loading=\"lazy\" \/><\/a>\n\t\t\t\t<\/dt><dd><\/dd><\/dl>\n\t\t\t\t<br style='clear: both;' \/>\n\t\t\t<\/div><\/div>\n\n<hr \/>\n<p><span style=\"color: #800000;\"><u><strong>M<\/strong><\/u><u><strong>etryczka filmu<\/strong><\/u><\/span><\/p>\n<p><span style=\"color: #800000;\"><strong>\u201eStulecie Winnych\u201d<br \/>\n<\/strong>Polska, 2019-2020<\/span><br \/>\n<span style=\"color: #800000;\">Seria 1: Odcinki: 1-13, 2019<\/span><br \/>\n<span style=\"color: #800000;\">Seria 2: Odcinki: 14-26, 2020<\/span><\/p>\n<p><span style=\"color: #800000;\">Re\u017cyseria: Piotr Trzaskalski, Micha\u0142 Rogalski, Piotr \u015aliskowski<\/span><br \/>\n<span style=\"color: #800000;\">Scenariusz: Ariadna Lewa\u0144ska, Ilona \u0141epkowska, Katarzyna Terechowicz, Monika Franczak, Marek Kreutz, Magdalena Holland-\u0141azarkiewicz, Micha\u0142 Buszewicz<\/span><br \/>\n<span style=\"color: #800000;\">Scenografia: Karina Baran, Irena Milczarek, Marcin Aziukiewicz, Dorota Gorczyca<\/span><br \/>\n<span style=\"color: #800000;\">Muzyka: Wojciech Lema\u0144ski, Pawe\u0142 Lucewicz<\/span><br \/>\n<span style=\"color: #800000;\">Monta\u017c: Adam Kwiatek<\/span><br \/>\n<span style=\"color: #800000;\">Obsada: Kinga Preis, Jan Wieczorkowski, Roman Gancarczyk, Katarzyna Kwiatkowska, Arkadiusz Janiczek, Karolina Bacia, Weronika Humaji<\/span><\/p>\n<hr \/>\n<p><u><strong>Trailer<\/strong><\/u><\/p>\n<p>Sezon 1: <a href=\"https:\/\/youtu.be\/VKnqTOdVRWc\" target=\"_blank\" rel=\"noopener noreferrer\"><u>https:\/\/youtu.be\/VKnqTOdVRWc<\/u><\/a><br \/>\n<iframe loading=\"lazy\" src=\"https:\/\/www.youtube.com\/embed\/VKnqTOdVRWc\" width=\"560\" height=\"315\" frameborder=\"0\" allowfullscreen=\"allowfullscreen\"><\/iframe><\/p>\n<p>Sezon 2: <a href=\"https:\/\/youtu.be\/1cvjRKtj3Io\" target=\"_blank\" rel=\"noopener noreferrer\"><u>https:\/\/youtu.be\/1cvjRKtj3Io<\/u><\/a><br \/>\n<iframe loading=\"lazy\" src=\"https:\/\/www.youtube.com\/embed\/1cvjRKtj3Io\" width=\"560\" height=\"315\" frameborder=\"0\" allowfullscreen=\"allowfullscreen\"><\/iframe><\/p>\n<p>&nbsp;<\/p>\n","protected":false},"excerpt":{"rendered":"<p>Serial oparty jest na motywach wydanej w 2015 roku bestsellerowej trylogii \u201eStulecie Winnych&#8221; A\u0142beny Grabowskiej. To epicka, pe\u0142na nieoczekiwanych zwrot\u00f3w akcji opowie\u015b\u0107 o wielopokoleniowej rodzinie Winnych z podwarszawskiego Brwinowa, wpleciona w dramatyczne wydarzenia XX wieku. Autorka powie\u015bci w mistrzowski spos\u00f3b osadzi\u0142a fikcyjne zdarzenia w realiach historycznych, wprowadzaj\u0105c w nie autentyczne postaci naszej historii. W\u0105tkiem przewodnim [&hellip;]<\/p>\n","protected":false},"author":1,"featured_media":0,"parent":6068,"menu_order":0,"comment_status":"closed","ping_status":"closed","template":"","meta":[],"_links":{"self":[{"href":"https:\/\/kinoroma.zabrze.pl\/mapa\/index.php?rest_route=\/wp\/v2\/pages\/6158"}],"collection":[{"href":"https:\/\/kinoroma.zabrze.pl\/mapa\/index.php?rest_route=\/wp\/v2\/pages"}],"about":[{"href":"https:\/\/kinoroma.zabrze.pl\/mapa\/index.php?rest_route=\/wp\/v2\/types\/page"}],"author":[{"embeddable":true,"href":"https:\/\/kinoroma.zabrze.pl\/mapa\/index.php?rest_route=\/wp\/v2\/users\/1"}],"replies":[{"embeddable":true,"href":"https:\/\/kinoroma.zabrze.pl\/mapa\/index.php?rest_route=%2Fwp%2Fv2%2Fcomments&post=6158"}],"version-history":[{"count":9,"href":"https:\/\/kinoroma.zabrze.pl\/mapa\/index.php?rest_route=\/wp\/v2\/pages\/6158\/revisions"}],"predecessor-version":[{"id":7625,"href":"https:\/\/kinoroma.zabrze.pl\/mapa\/index.php?rest_route=\/wp\/v2\/pages\/6158\/revisions\/7625"}],"up":[{"embeddable":true,"href":"https:\/\/kinoroma.zabrze.pl\/mapa\/index.php?rest_route=\/wp\/v2\/pages\/6068"}],"wp:attachment":[{"href":"https:\/\/kinoroma.zabrze.pl\/mapa\/index.php?rest_route=%2Fwp%2Fv2%2Fmedia&parent=6158"}],"curies":[{"name":"wp","href":"https:\/\/api.w.org\/{rel}","templated":true}]}}