{"id":6166,"date":"2020-09-28T09:05:39","date_gmt":"2020-09-28T07:05:39","guid":{"rendered":"http:\/\/new.kinoroma.zabrze.pl\/mapa\/?page_id=6166"},"modified":"2020-10-20T09:50:15","modified_gmt":"2020-10-20T07:50:15","slug":"zelazny-most","status":"publish","type":"page","link":"https:\/\/kinoroma.zabrze.pl\/mapa\/?page_id=6166","title":{"rendered":"\u017belazny most"},"content":{"rendered":"<h5><strong>Re\u017c. Monika Jordan-M\u0142odzianowska<\/strong><\/h5>\n<hr \/>\n<p><a href=\"https:\/\/kinoroma.zabrze.pl\/mapa\/wp-content\/uploads\/Plakat-B1.jpg\"><img loading=\"lazy\" class=\"alignleft wp-image-6609 size-medium\" src=\"https:\/\/kinoroma.zabrze.pl\/mapa\/wp-content\/uploads\/Plakat-B1-210x300.jpg\" alt=\"plakat\" width=\"210\" height=\"300\" srcset=\"https:\/\/kinoroma.zabrze.pl\/mapa\/wp-content\/uploads\/Plakat-B1-210x300.jpg 210w, https:\/\/kinoroma.zabrze.pl\/mapa\/wp-content\/uploads\/Plakat-B1-717x1024.jpg 717w, https:\/\/kinoroma.zabrze.pl\/mapa\/wp-content\/uploads\/Plakat-B1-768x1097.jpg 768w, https:\/\/kinoroma.zabrze.pl\/mapa\/wp-content\/uploads\/Plakat-B1.jpg 980w\" sizes=\"(max-width: 210px) 100vw, 210px\" \/><\/a>\u201e<strong>\u017belazny most\u201d to dramatyczna opowie\u015b\u0107 o tr\u00f3jce bohater\u00f3w uwik\u0142anych w mi\u0142osn\u0105 relacj\u0119. W g\u0142\u00f3wne role wcielili si\u0119 wybitni polscy aktorzy: Bart\u0142omiej Topa, \u0141ukasz Simlat i Julia Kijowska. Film jest debiutem Moniki Jordan-M\u0142odzianowskiej, absolwentki \u0142\u00f3dzkiej film\u00f3wki. <\/strong><\/p>\n<p>Historia opowiedziana w filmie koncentruje si\u0119 na toksycznej relacji tr\u00f3jki g\u0142\u00f3wnych bohater\u00f3w. Pracuj\u0105cy na stanowisku sztygara Kacper (<strong>Bart\u0142omiej Topa<\/strong>)\u00a0ma romans z \u017con\u0105 swojego przyjaciela, Oskara (<strong>\u0141ukasz Simlat<\/strong>),\u00a0r\u00f3wnie\u017c g\u00f3rnika. \u017beby m\u00f3c spotyka\u0107 si\u0119 z kochank\u0105\u00a0Magd\u0105 (<strong>Julia Kijowska<\/strong>), Kacper\u00a0wysy\u0142a Oskara do pracy na odleg\u0142e i niebezpieczne odcinki kopalni.<\/p>\n<p>W czasie ich kolejnej schadzki w kopalni nast\u0119puje t\u0105pniecie, a Oskar zostaje odci\u0119ty w zawalonym chodniku. Kochankowie rzucaj\u0105 si\u0119 w wir akcji ratowniczej. Musz\u0105 przy tym upora\u0107 si\u0119 z poczuciem winy oraz \u015bwiadomo\u015bci\u0105, \u017ce po\u015brednio przyczynili si\u0119 do dramatu zasypanego m\u0119\u017ca i przyjaciela.<\/p>\n<p>Jordan-M\u0142odziankowska m\u00f3wi\u0105c o \u017ar\u00f3d\u0142ach pomys\u0142u na scenariusz filmu podkre\u015bla\u0142a, \u017ce zainteresowa\u0142a j\u0105 zdrada ma\u0142\u017ce\u0144ska i zmiany jakie zachodz\u0105 w jej postrzeganiu:<em> \u201eObecnie zdrada, ze zjawiska powszechnie pot\u0119pianego staje si\u0119 czym\u015b, co nabiera odwrotnego znaczenia. Podejmowanie dzia\u0142a\u0144 destrukcyjnych w \u017cyciu swoim i bliskich, pod znakiem samostanowienia, pojmowan<\/em><em>e<\/em><em> jest jako nale\u017cna wolno\u015b\u0107\u201d<\/em> &#8211; m\u00f3wi\u0142a re\u017cyserka.<\/p>\n<p>\u201e\u017belazny most\u201d jest te\u017c bolesn\u0105 analiz\u0105 naszego spo\u0142ecze\u0144stwa, kt\u00f3re zdaniem re\u017cyserki, coraz cz\u0119\u015bciej zamiast prawdziwych zwi\u0105zk\u00f3w woli tworzy\u0107 jedynie ich pozory.<\/p>\n<p><a href=\"https:\/\/kinoroma.zabrze.pl\/mapa\/wp-content\/uploads\/Zelazny-most-zrodlo-fot-dystrybutora-10.jpg\"><img loading=\"lazy\" class=\"alignright wp-image-6608 size-medium\" src=\"https:\/\/kinoroma.zabrze.pl\/mapa\/wp-content\/uploads\/Zelazny-most-zrodlo-fot-dystrybutora-10-300x162.jpg\" alt=\"\" width=\"300\" height=\"162\" srcset=\"https:\/\/kinoroma.zabrze.pl\/mapa\/wp-content\/uploads\/Zelazny-most-zrodlo-fot-dystrybutora-10-300x162.jpg 300w, https:\/\/kinoroma.zabrze.pl\/mapa\/wp-content\/uploads\/Zelazny-most-zrodlo-fot-dystrybutora-10-1024x553.jpg 1024w, https:\/\/kinoroma.zabrze.pl\/mapa\/wp-content\/uploads\/Zelazny-most-zrodlo-fot-dystrybutora-10-768x415.jpg 768w, https:\/\/kinoroma.zabrze.pl\/mapa\/wp-content\/uploads\/Zelazny-most-zrodlo-fot-dystrybutora-10.jpg 1280w\" sizes=\"(max-width: 300px) 100vw, 300px\" \/><\/a>Sceneria G\u00f3rnego \u015al\u0105ska, zwi\u0105zanego z ci\u0119\u017ck\u0105 i niebezpieczn\u0105 prac\u0105, znakomicie wpisa\u0142a si\u0119 w tematyk\u0119 filmu, skupion\u0105 wok\u00f3\u0142 poczucia winy, trudnej mi\u0142o\u015bci i ekstremalnych sytuacji, dodaj\u0105c mu dramaturgii. Re\u017cyserce uda\u0142o si\u0119 stworzy\u0107 film, kt\u00f3ry starannie i z silnym odniesieniem do rzeczywisto\u015bci pokazuje tak realia g\u00f3rnicze, jak i dzia\u0142ania podczas akcji ratowniczej.<\/p>\n<p>W \u201e\u017belaznym mo\u015bcie\u201d cz\u0119sto s\u0142yszymy \u015bl\u0105sk\u0105 gwar\u0119, a na ekranie &#8211; opr\u00f3cz gwiazd polskiego kina &#8211; pojawiaj\u0105 si\u0119 te\u017c autentyczni g\u00f3rnicy ze \u015bl\u0105skich kopalni.<\/p>\n<p>Warto doda\u0107, \u017ce Jordan-M\u0142odziankowska tworz\u0105c sw\u00f3j film czerpa\u0142a z osobistych do\u015bwiadcze\u0144. Jak wielokrotnie podkre\u015bla\u0142a w wywiadach, wychowywa\u0142a si\u0119 w \u015brodowisku g\u00f3rnik\u00f3w kopalni miedzi z okolic Boles\u0142awca.<\/p>\n<p><u><strong>Makoszowy u Jordan-M\u0142odziankowskiej<\/strong><\/u><\/p>\n<a\n\thref=\"\/mapa\/?ait-item=1-kopalnia-makoszowy\"\n\t\tid=\"ait-sc-button-1\"\n\tclass=\"ait-sc-button alignright  buticon-left    simple\"\n\tstyle=\"width:240px;background-color:#001e92; border-color:#001e92;margin-top:20;margin-left:20;margin-right:20;margin-bottom:20;\"\n>\n\t<span class=\"container\">\n\t\t<span class=\"wrap\">\n\n\t\t\t\t\t\t\t\t\t\t\t\t<span class=\"icon\" style=\"text-align:left;\">\n\t\t\t\t\t\t<i class=\"fa fa fa-map-marker\" style=\"color: #ffffff;\"><\/i>\n\t\t\t\t\t<\/span>\n\t\t\t\t\t\t\t\n\t\t\t\t\t\t<span class=\"text\" style=\"text-align:left;\">\n\t\t\t\t\t\t\t\t<span class=\"title\" style=\"color:#ffffff;\">\n\t\t\t\t\tKopalnia Makoszowy\t\t\t\t<\/span>\n\t\t\t\t\t\t\t\t\t\t\t<\/span>\n\t\t\t\n\t\t\t\t\t\t\t\t\t\t\t\t<\/span>\n\t<\/span>\n<\/a>\n\n<p>Wiele scen zrealizowano w obiektach kopalni Makoszowy w Zabrzu, nale\u017c\u0105cej do Sp\u00f3\u0142ki Restrukturyzacji Kopal\u0144. Kopalnia Makoszowy zamkni\u0119ta w roku 2016, po 110 latach dzia\u0142ania, by\u0142a ostatni\u0105 czynn\u0105 kopalni\u0105 w s\u0142yn\u0105cym niegdy\u015b z g\u00f3rnictwa Zabrzu. Jej pocz\u0105tki si\u0119gaj\u0105 1890 r., kiedy przez wyrobiska prowadzone pod ziemi\u0105 na zach\u00f3d od kopalni Guido (dzi\u015b to kopalnia zabytkowa, jedna z najwi\u0119kszych atrakcji Szlaku Zabytk\u00f3w Techniki Wojew\u00f3dztwa \u015al\u0105skiego) rozpoznano rezerwowe pola g\u00f3rnicze.<\/p>\n\n\t\t\t<div>\n\t\t\t<style type='text\/css'>\n\t\t\t\t#gallery-1 {\n\t\t\t\t\tmargin: auto;\n\t\t\t\t}\n\t\t\t\t#gallery-1 .gallery-item {\n\t\t\t\t\tfloat: left;\n\t\t\t\t\tmargin-top: 10px;\n\t\t\t\t\ttext-align: center;\n\t\t\t\t\twidth: 16%;\n\t\t\t\t}\n\t\t\t\t#gallery-1 img {\n\t\t\t\t\tborder: 2px solid #cfcfcf;\n\t\t\t\t}\n\t\t\t\t#gallery-1 .gallery-caption {\n\t\t\t\t\tmargin-left: 0;\n\t\t\t\t}\n\t\t\t\t\/* see gallery_shortcode() in wp-includes\/media.php *\/\n\t\t\t<\/style><\/div>\n\t\t<div id='gallery-1' class='gallery galleryid-6166 gallery-columns-6 gallery-size-thumbnail'><div class=\"gallery-inner-wrapper\"><dl class='gallery-item'>\n\t\t\t\t<dt class='gallery-icon landscape'>\n\t\t\t\t\t<a href='https:\/\/kinoroma.zabrze.pl\/mapa\/wp-content\/uploads\/Zelazny-most-zrodlo-fot-dystrybutora-9.jpg'><img width=\"150\" height=\"150\" src=\"https:\/\/kinoroma.zabrze.pl\/mapa\/wp-content\/uploads\/Zelazny-most-zrodlo-fot-dystrybutora-9-150x150.jpg\" class=\"attachment-thumbnail size-thumbnail\" alt=\"\" loading=\"lazy\" \/><\/a>\n\t\t\t\t<\/dt><dd><\/dd><\/dl><dl class='gallery-item'>\n\t\t\t\t<dt class='gallery-icon landscape'>\n\t\t\t\t\t<a href='https:\/\/kinoroma.zabrze.pl\/mapa\/wp-content\/uploads\/Zelazny-most-zrodlo-fot-dystrybutora-8.jpg'><img width=\"150\" height=\"150\" src=\"https:\/\/kinoroma.zabrze.pl\/mapa\/wp-content\/uploads\/Zelazny-most-zrodlo-fot-dystrybutora-8-150x150.jpg\" class=\"attachment-thumbnail size-thumbnail\" alt=\"\" loading=\"lazy\" \/><\/a>\n\t\t\t\t<\/dt><dd><\/dd><\/dl><dl class='gallery-item'>\n\t\t\t\t<dt class='gallery-icon landscape'>\n\t\t\t\t\t<a href='https:\/\/kinoroma.zabrze.pl\/mapa\/wp-content\/uploads\/Zelazny-most-zrodlo-fot-dystrybutora-7.jpg'><img width=\"150\" height=\"150\" src=\"https:\/\/kinoroma.zabrze.pl\/mapa\/wp-content\/uploads\/Zelazny-most-zrodlo-fot-dystrybutora-7-150x150.jpg\" class=\"attachment-thumbnail size-thumbnail\" alt=\"\" loading=\"lazy\" \/><\/a>\n\t\t\t\t<\/dt><dd><\/dd><\/dl><dl class='gallery-item'>\n\t\t\t\t<dt class='gallery-icon landscape'>\n\t\t\t\t\t<a href='https:\/\/kinoroma.zabrze.pl\/mapa\/wp-content\/uploads\/Zelazny-most-zrodlo-fot-dystrybutora-6.jpg'><img width=\"150\" height=\"150\" src=\"https:\/\/kinoroma.zabrze.pl\/mapa\/wp-content\/uploads\/Zelazny-most-zrodlo-fot-dystrybutora-6-150x150.jpg\" class=\"attachment-thumbnail size-thumbnail\" alt=\"\" loading=\"lazy\" \/><\/a>\n\t\t\t\t<\/dt><dd><\/dd><\/dl><dl class='gallery-item'>\n\t\t\t\t<dt class='gallery-icon landscape'>\n\t\t\t\t\t<a href='https:\/\/kinoroma.zabrze.pl\/mapa\/wp-content\/uploads\/Zelazny-most-zrodlo-fot-dystrybutora-5.jpg'><img width=\"150\" height=\"150\" src=\"https:\/\/kinoroma.zabrze.pl\/mapa\/wp-content\/uploads\/Zelazny-most-zrodlo-fot-dystrybutora-5-150x150.jpg\" class=\"attachment-thumbnail size-thumbnail\" alt=\"\" loading=\"lazy\" \/><\/a>\n\t\t\t\t<\/dt><dd><\/dd><\/dl><dl class='gallery-item'>\n\t\t\t\t<dt class='gallery-icon landscape'>\n\t\t\t\t\t<a href='https:\/\/kinoroma.zabrze.pl\/mapa\/wp-content\/uploads\/Zelazny-most-zrodlo-fot-dystrybutora-4.jpg'><img width=\"150\" height=\"150\" src=\"https:\/\/kinoroma.zabrze.pl\/mapa\/wp-content\/uploads\/Zelazny-most-zrodlo-fot-dystrybutora-4-150x150.jpg\" class=\"attachment-thumbnail size-thumbnail\" alt=\"\" loading=\"lazy\" \/><\/a>\n\t\t\t\t<\/dt><dd><\/dd><\/dl><br style=\"clear: both\" \/><dl class='gallery-item'>\n\t\t\t\t<dt class='gallery-icon landscape'>\n\t\t\t\t\t<a href='https:\/\/kinoroma.zabrze.pl\/mapa\/wp-content\/uploads\/Zelazny-most-zrodlo-fot-dystrybutora-3.jpg'><img width=\"150\" height=\"150\" src=\"https:\/\/kinoroma.zabrze.pl\/mapa\/wp-content\/uploads\/Zelazny-most-zrodlo-fot-dystrybutora-3-150x150.jpg\" class=\"attachment-thumbnail size-thumbnail\" alt=\"\" loading=\"lazy\" \/><\/a>\n\t\t\t\t<\/dt><dd><\/dd><\/dl><dl class='gallery-item'>\n\t\t\t\t<dt class='gallery-icon landscape'>\n\t\t\t\t\t<a href='https:\/\/kinoroma.zabrze.pl\/mapa\/wp-content\/uploads\/Zelazny-most-zrodlo-fot-dystrybutora-2.jpg'><img width=\"150\" height=\"150\" src=\"https:\/\/kinoroma.zabrze.pl\/mapa\/wp-content\/uploads\/Zelazny-most-zrodlo-fot-dystrybutora-2-150x150.jpg\" class=\"attachment-thumbnail size-thumbnail\" alt=\"\" loading=\"lazy\" \/><\/a>\n\t\t\t\t<\/dt><dd><\/dd><\/dl><dl class='gallery-item'>\n\t\t\t\t<dt class='gallery-icon landscape'>\n\t\t\t\t\t<a href='https:\/\/kinoroma.zabrze.pl\/mapa\/wp-content\/uploads\/Zelazny-most-zrodlo-fot-dystrybutora-1.jpg'><img width=\"150\" height=\"150\" src=\"https:\/\/kinoroma.zabrze.pl\/mapa\/wp-content\/uploads\/Zelazny-most-zrodlo-fot-dystrybutora-1-150x150.jpg\" class=\"attachment-thumbnail size-thumbnail\" alt=\"\" loading=\"lazy\" \/><\/a>\n\t\t\t\t<\/dt><dd><\/dd><\/dl>\n\t\t\t\t<br style='clear: both;' \/>\n\t\t\t<\/div><\/div>\n\n<hr \/>\n<p><span style=\"color: #800000;\"><u><strong>Metryczka filmu<\/strong><\/u><\/span><\/p>\n<p><span style=\"color: #800000;\"><strong>\u201e\u017belazny most\u201d<br \/>\n<\/strong><\/span><span style=\"color: #800000;\">Polska, 2019<br \/>\n<\/span><\/p>\n<p><span style=\"color: #800000;\">Re\u017cyseria:\u00a0Monika Jordan-M\u0142odzianowska<\/span><br \/>\n<span style=\"color: #800000;\">Scenariusz: Monika Jordan-M\u0142odzianowska<\/span><br \/>\n<span style=\"color: #800000;\">Zdj\u0119cia: Piotr Kukla <\/span><br \/>\n<span style=\"color: #800000;\">Muzyka: Andrey Dergachev<\/span><br \/>\n<span style=\"color: #800000;\">Produkcja:\u00a0Autograf, TVP S.A., FINA, Dreamsound, Studio Orka, MX35<\/span><br \/>\n<span style=\"color: #800000;\">Producent: Anna Wereda, Karol Wo\u017cbi\u0144ski<br \/>\nCzas trwania: 84 min<\/span><br \/>\n<span style=\"color: #800000;\">Obsada: Julia Kijowska, \u0141ukasz Simlat, Bart\u0142omiej Topa, Andrzej Konopka, Cezary \u0141ukaszewicz i inni<\/span><\/p>\n<hr \/>\n<p><u><strong>Trailer<\/strong><\/u><\/p>\n<p><iframe loading=\"lazy\" src=\"https:\/\/www.youtube.com\/embed\/Xbg2FwCBzU4\" width=\"560\" height=\"315\" frameborder=\"0\" allowfullscreen=\"allowfullscreen\"><\/iframe><\/p>\n","protected":false},"excerpt":{"rendered":"<p>Re\u017c. Monika Jordan-M\u0142odzianowska \u201e\u017belazny most\u201d to dramatyczna opowie\u015b\u0107 o tr\u00f3jce bohater\u00f3w uwik\u0142anych w mi\u0142osn\u0105 relacj\u0119. W g\u0142\u00f3wne role wcielili si\u0119 wybitni polscy aktorzy: Bart\u0142omiej Topa, \u0141ukasz Simlat i Julia Kijowska. Film jest debiutem Moniki Jordan-M\u0142odzianowskiej, absolwentki \u0142\u00f3dzkiej film\u00f3wki. Historia opowiedziana w filmie koncentruje si\u0119 na toksycznej relacji tr\u00f3jki g\u0142\u00f3wnych bohater\u00f3w. Pracuj\u0105cy na stanowisku sztygara Kacper [&hellip;]<\/p>\n","protected":false},"author":1,"featured_media":0,"parent":6068,"menu_order":0,"comment_status":"closed","ping_status":"closed","template":"","meta":[],"_links":{"self":[{"href":"https:\/\/kinoroma.zabrze.pl\/mapa\/index.php?rest_route=\/wp\/v2\/pages\/6166"}],"collection":[{"href":"https:\/\/kinoroma.zabrze.pl\/mapa\/index.php?rest_route=\/wp\/v2\/pages"}],"about":[{"href":"https:\/\/kinoroma.zabrze.pl\/mapa\/index.php?rest_route=\/wp\/v2\/types\/page"}],"author":[{"embeddable":true,"href":"https:\/\/kinoroma.zabrze.pl\/mapa\/index.php?rest_route=\/wp\/v2\/users\/1"}],"replies":[{"embeddable":true,"href":"https:\/\/kinoroma.zabrze.pl\/mapa\/index.php?rest_route=%2Fwp%2Fv2%2Fcomments&post=6166"}],"version-history":[{"count":12,"href":"https:\/\/kinoroma.zabrze.pl\/mapa\/index.php?rest_route=\/wp\/v2\/pages\/6166\/revisions"}],"predecessor-version":[{"id":7620,"href":"https:\/\/kinoroma.zabrze.pl\/mapa\/index.php?rest_route=\/wp\/v2\/pages\/6166\/revisions\/7620"}],"up":[{"embeddable":true,"href":"https:\/\/kinoroma.zabrze.pl\/mapa\/index.php?rest_route=\/wp\/v2\/pages\/6068"}],"wp:attachment":[{"href":"https:\/\/kinoroma.zabrze.pl\/mapa\/index.php?rest_route=%2Fwp%2Fv2%2Fmedia&parent=6166"}],"curies":[{"name":"wp","href":"https:\/\/api.w.org\/{rel}","templated":true}]}}