{"id":6709,"date":"2020-09-30T03:10:28","date_gmt":"2020-09-30T01:10:28","guid":{"rendered":"http:\/\/new.kinoroma.zabrze.pl\/mapa\/?page_id=6709"},"modified":"2021-09-30T09:00:07","modified_gmt":"2021-09-30T07:00:07","slug":"kina","status":"publish","type":"page","link":"https:\/\/kinoroma.zabrze.pl\/mapa\/?page_id=6709","title":{"rendered":"Kina"},"content":{"rendered":"<p>&nbsp;<\/p>\n<table width=\"619\">\n<tbody>\n<tr valign=\"top\">\n<th class=\"table_lp\"><strong>l.p.<\/strong><\/th>\n<th class=\"table_nazwa\"><strong>nazwa kina<\/strong><\/th>\n<th class=\"table_dzielnica\"><strong>dzielnica<\/strong><\/th>\n<th class=\"table_ulica\"><strong>ulica<\/strong><\/th>\n<th class=\"table_dzialalnosc\"><strong>lata dzia\u0142alno\u015bci<\/strong><\/th>\n<th class=\"table_zalozyciel\"><strong>nazwisko za\u0142o\u017cyciela<\/strong><\/th>\n<\/tr>\n<tr valign=\"top\">\n<td class=\"table_lp\">1.<\/td>\n<td class=\"table_nazwa\"><a href=\"\/mapa\/?ait-item=1-kino-lichtspielhaus-kino-wolnosc-kino-roma\">Kino Roma<br \/>\n\/Wolno\u015b\u0107, Lichtspielhaus\/<\/a><\/td>\n<td class=\"table_dzielnica\">Zabrze<\/td>\n<td class=\"table_ulica\">Z. Padlewskiego 4<br \/>\n\/Kaniastr. 4\/<\/td>\n<td class=\"table_dzialalnosc\">1912\u2013do nadal<\/td>\n<td class=\"table_zalozyciel\">Johann Poralla<\/td>\n<\/tr>\n<tr valign=\"top\">\n<td class=\"table_lp\">2.<\/td>\n<td class=\"table_nazwa\"><a href=\"\/mapa\/?ait-item=1-kino-grand-kinematograph\">Kino Grand Kinematograph<\/a><\/td>\n<td class=\"table_dzielnica\">Zabrze<\/td>\n<td class=\"table_ulica\">Z. Padlewskiego 1<br \/>\n\/Kaniastr. 1\/<\/td>\n<td class=\"table_dzialalnosc\">1907\u20131914[?]<\/td>\n<td class=\"table_zalozyciel\">Johann Poralla<\/td>\n<\/tr>\n<tr valign=\"top\">\n<td class=\"table_lp\">3.<\/td>\n<td class=\"table_nazwa\"><a href=\"\/mapa\/?ait-item=3-kino-w-zaborzu\">Kino w Zaborzu<\/a><\/td>\n<td class=\"table_dzielnica\">Zaborze<\/td>\n<td class=\"table_ulica\">Wolno\u015bci 442<br \/>\n\/Kronprinzenstr. 78\/<\/td>\n<td class=\"table_dzialalnosc\">1907<\/td>\n<td class=\"table_zalozyciel\"><\/td>\n<\/tr>\n<tr valign=\"top\">\n<td class=\"table_lp\">4.<\/td>\n<td class=\"table_nazwa\"><a href=\"\/mapa\/?ait-item=4-kino-grand-kinematograph\">Kino Grand Kinematograph<\/a><\/td>\n<td class=\"table_dzielnica\">Zabrze<\/td>\n<td class=\"table_ulica\">3 Maja 31<br \/>\n\/Dorotheenstr. 31\/<\/td>\n<td class=\"table_dzialalnosc\">1907<\/td>\n<td class=\"table_zalozyciel\">Johann Poralla<\/td>\n<\/tr>\n<tr valign=\"top\">\n<td class=\"table_lp\">5.<\/td>\n<td class=\"table_nazwa\"><a href=\"\/mapa\/?ait-item=5-kino-kaiser\">Kino Kaiser<\/a><\/td>\n<td class=\"table_dzielnica\">Zabrze<\/td>\n<td class=\"table_ulica\">Wolno\u015bci 330<br \/>\n\/Kronprinzenstr. 136\/<\/td>\n<td class=\"table_dzialalnosc\">1908\u20131909<\/td>\n<td class=\"table_zalozyciel\"><\/td>\n<\/tr>\n<tr valign=\"top\">\n<td class=\"table_lp\">6.<\/td>\n<td class=\"table_nazwa\"><a href=\"\/mapa\/?ait-item=6-kino-welt\">Kino Welt<\/a><\/td>\n<td class=\"table_dzielnica\">Zabrze<\/td>\n<td class=\"table_ulica\">Dworcowa 2<br \/>\n\/Bahnhofstr. 2\/<\/td>\n<td class=\"table_dzialalnosc\">1909\u20131910<\/td>\n<td class=\"table_zalozyciel\"><\/td>\n<\/tr>\n<tr valign=\"top\">\n<td class=\"table_lp\">7.<\/td>\n<td class=\"table_nazwa\"><a href=\"\/mapa\/?ait-item=7-kino-grand-kinematograph-piasten-lichtspiele\">Kino Grand Kinematograph<br \/>\n\/Piasten-Lichtspiele\/<\/a><\/td>\n<td class=\"table_dzielnica\">Zabrze<\/td>\n<td class=\"table_ulica\">Wolno\u015bci 291<br \/>\n\/Kronprinzenstr. 127\/<\/td>\n<td class=\"table_dzialalnosc\">1909\u20131923<\/td>\n<td class=\"table_zalozyciel\">Johann Poralla<\/td>\n<\/tr>\n<tr valign=\"top\">\n<td class=\"table_lp\">8.<\/td>\n<td class=\"table_nazwa\"><a href=\"\/mapa\/?ait-item=8-kino-welt\">Kino Welt<\/a><\/td>\n<td class=\"table_dzielnica\">Biskupice<\/td>\n<td class=\"table_ulica\">Bytomska 75<br \/>\n\/Zabrzerstr. 22\/<\/td>\n<td class=\"table_dzialalnosc\">1910\u20131911<\/td>\n<td class=\"table_zalozyciel\">Benedikt Pilz<\/td>\n<\/tr>\n<tr valign=\"top\">\n<td class=\"table_lp\">9.<\/td>\n<td class=\"table_nazwa\"><a href=\"\/mapa\/?ait-item=9-kino-moderne-lichtspiele\">Kino Moderne Lichtspiele<\/a><\/td>\n<td class=\"table_dzielnica\">Mikulczyce<\/td>\n<td class=\"table_ulica\">Parkowa<br \/>\n\/Am Dorfgraben 17\/<\/td>\n<td class=\"table_dzialalnosc\">1912\u20131921[?]<\/td>\n<td class=\"table_zalozyciel\">Otto Beinhauer<\/td>\n<\/tr>\n<tr valign=\"top\">\n<td class=\"table_lp\">10.<\/td>\n<td class=\"table_nazwa\"><a href=\"\/mapa\/?ait-item=10-kino-metropol-theater\">Kino Metropol-Theater<\/a><\/td>\n<td class=\"table_dzielnica\">Zaborze<\/td>\n<td class=\"table_ulica\">Wolno\u015bci 449<br \/>\n\/Kronprinzenstr. 97\/<\/td>\n<td class=\"table_dzialalnosc\">1912\u20131928<\/td>\n<td class=\"table_zalozyciel\">Theodor Golla<\/td>\n<\/tr>\n<tr valign=\"top\">\n<td class=\"table_lp\">11.<\/td>\n<td class=\"table_nazwa\"><a href=\"\/mapa\/?ait-item=11-kino-lichtspiele\">Kino Lichtspiele<\/a><\/td>\n<td class=\"table_dzielnica\">Zabrze<\/td>\n<td class=\"table_ulica\">Wolno\u015bci 330<br \/>\n\/Kronprinzenstr. 136\/<\/td>\n<td class=\"table_dzialalnosc\">1912\u20131913<\/td>\n<td class=\"table_zalozyciel\">Hugo Notzel<\/td>\n<\/tr>\n<tr valign=\"top\">\n<td class=\"table_lp\">12.<\/td>\n<td class=\"table_nazwa\"><a href=\"\/mapa\/?ait-item=12-kino-union-theater\">Kino Union-Theater<\/a><\/td>\n<td class=\"table_dzielnica\">Mikulczyce<\/td>\n<td class=\"table_ulica\">Tarnopolska 60<br \/>\n\/Tarnowitzerstr. 18\/<\/td>\n<td class=\"table_dzialalnosc\">1914\u20131927<\/td>\n<td class=\"table_zalozyciel\">Alois Negel<br \/>\nLorenz Kytzia<\/td>\n<\/tr>\n<tr valign=\"top\">\n<td class=\"table_lp\">13.<\/td>\n<td class=\"table_nazwa\"><a href=\"\/mapa\/?ait-item=13-kino-union-theater\">Kino Union-Theater<\/a><\/td>\n<td class=\"table_dzielnica\">Zabrze<\/td>\n<td class=\"table_ulica\">H.Sienkiewicza 30<br \/>\n\/Gartenstr. 30\/<\/td>\n<td class=\"table_dzialalnosc\">1917<\/td>\n<td class=\"table_zalozyciel\">Josef Schendzielorz<\/td>\n<\/tr>\n<tr valign=\"top\">\n<td class=\"table_lp\">14.<\/td>\n<td class=\"table_nazwa\"><a href=\"\/mapa\/?ait-item=14-kino-kammerlichtspiele-alhambra-lichtspiele\">Kino Kammerlichtspiele<br \/>\n\/Alhambra-Lichtspiele\/<\/a><\/td>\n<td class=\"table_dzielnica\">Zabrze<\/td>\n<td class=\"table_ulica\">Wolno\u015bci<br \/>\n\/Kronprinzenstr. 71\/<\/td>\n<td class=\"table_dzialalnosc\">1919\u20131925<\/td>\n<td class=\"table_zalozyciel\"><\/td>\n<\/tr>\n<tr valign=\"top\">\n<td class=\"table_lp\">15.<\/td>\n<td class=\"table_nazwa\"><a href=\"\/mapa\/?ait-item=15-kino-helios-lichtspiele\">Kino Helios-Lichtspiele<\/a><\/td>\n<td class=\"table_dzielnica\">Zabrze<\/td>\n<td class=\"table_ulica\">Dworcowa 4<br \/>\n\/Bahnhofstr. 4\/<\/td>\n<td class=\"table_dzialalnosc\">1919\u20131934<\/td>\n<td class=\"table_zalozyciel\">Bielewald<br \/>\nR. Skarabisch<\/td>\n<\/tr>\n<tr valign=\"top\">\n<td class=\"table_lp\">16.<\/td>\n<td class=\"table_nazwa\"><a href=\"\/mapa\/?ait-item=16-kino-lichtspiele\">Kino Lichtspiele<\/a><\/td>\n<td class=\"table_dzielnica\">Biskupice<\/td>\n<td class=\"table_ulica\">Bytomska 41<br \/>\n\/Zabrzerstr. 30\/<\/td>\n<td class=\"table_dzialalnosc\">1919\u20131925<\/td>\n<td class=\"table_zalozyciel\">Franz Kaczmarczyk<\/td>\n<\/tr>\n<tr valign=\"top\">\n<td class=\"table_lp\">17.<\/td>\n<td class=\"table_nazwa\"><a href=\"\/mapa\/?ait-item=17-kulturbilderbuhne-des-oberschlesischen-bilderbuhnenbundes\">Kino Kulturbilderb\u00fchne des Oberschlesischen Bilderb\u00fchnenbundes<\/a><\/td>\n<td class=\"table_dzielnica\">Zaborze<\/td>\n<td class=\"table_ulica\">Wolno\u015bci 442<br \/>\n\/Kronprinzenstr. 78\/<\/td>\n<td class=\"table_dzialalnosc\">1926\u20131928[?]<\/td>\n<td class=\"table_zalozyciel\"><\/td>\n<\/tr>\n<tr valign=\"top\">\n<td class=\"table_lp\">18.<\/td>\n<td class=\"table_nazwa\"><a href=\"\/mapa\/?ait-item=18-kino-lichtspiele-in-der-turnhalle\">Kino Lichtspiele in der Turnhalle<\/a><\/td>\n<td class=\"table_dzielnica\">Biskupice<\/td>\n<td class=\"table_ulica\">Wojciecha 8<br \/>\n\/Albertstrasse 8\/<\/td>\n<td class=\"table_dzialalnosc\">1926\/27\u2013193?<\/td>\n<td class=\"table_zalozyciel\">Franz Bielowski<\/td>\n<\/tr>\n<tr valign=\"top\">\n<td class=\"table_lp\">19.<\/td>\n<td class=\"table_nazwa\"><a href=\"\/mapa\/?ait-item=19-kino-apollo\">Kino Apollo<\/a><\/td>\n<td class=\"table_dzielnica\">Zabrze<\/td>\n<td class=\"table_ulica\">3 Maja 32<br \/>\n\/Dorotheenstr. 32\/<\/td>\n<td class=\"table_dzialalnosc\">1927\u201322.10.1991<\/td>\n<td class=\"table_zalozyciel\">Richard Zok<\/td>\n<\/tr>\n<tr valign=\"top\">\n<td class=\"table_lp\">20.<\/td>\n<td class=\"table_nazwa\"><a href=\"\/mapa\/?ait-item=20-kino-union-theater\">Kino Union-Theater<\/a><\/td>\n<td class=\"table_dzielnica\">Mikulczyce<\/td>\n<td class=\"table_ulica\">T. Ko\u015bciuszki 1<br \/>\n\/Friedrichstr. 1\/<\/td>\n<td class=\"table_dzialalnosc\">1927\u20131945<\/td>\n<td class=\"table_zalozyciel\">Franz Bielowski<\/td>\n<\/tr>\n<tr valign=\"top\">\n<td class=\"table_lp\">21.<\/td>\n<td class=\"table_nazwa\"><a href=\"\/mapa\/?ait-item=21-kino-jugendheim-lichtspiele\">Kino Jugendheim-Lichtspiele<\/a><\/td>\n<td class=\"table_dzielnica\">Zabrze<\/td>\n<td class=\"table_ulica\">W\u0142adys\u0142awa Jagie\u0142\u0142y 11<br \/>\n\/Hohenzellernstr. 11\/<\/td>\n<td class=\"table_dzialalnosc\">1927\u20131934[?]<\/td>\n<td class=\"table_zalozyciel\"><\/td>\n<\/tr>\n<tr valign=\"top\">\n<td class=\"table_lp\">22.<\/td>\n<td class=\"table_nazwa\"><a href=\"\/mapa\/?ait-item=22-kino-central-lichtspiele-union-lichtspiele\">Kino Central-Lichtspiele<br \/>\n\/Union-Lichtspiele\/<\/a><\/td>\n<td class=\"table_dzielnica\">Zaborze<\/td>\n<td class=\"table_ulica\">J. Lompy 30<br \/>\n\/Brojastr. 30\/<\/td>\n<td class=\"table_dzialalnosc\">1928\u20131945[?]<\/td>\n<td class=\"table_zalozyciel\">Bernhard Kleczewski<\/td>\n<\/tr>\n<tr valign=\"top\">\n<td class=\"table_lp\">23.<\/td>\n<td class=\"table_nazwa\"><a href=\"\/mapa\/?ait-item=22-kino-metropol-theater\">Kino Metropol-Theater<\/a><\/td>\n<td class=\"table_dzielnica\">Zaborze<\/td>\n<td class=\"table_ulica\">Wolno\u015bci 427<br \/>\n\/Kronprinzenstr. 427\/<\/td>\n<td class=\"table_dzialalnosc\">1928\u20131945[?]<\/td>\n<td class=\"table_zalozyciel\">Max Onderka<\/td>\n<\/tr>\n<tr valign=\"top\">\n<td class=\"table_lp\">24.<\/td>\n<td class=\"table_nazwa\"><a href=\"\/mapa\/?ait-item=24-kino-schulkino\">Kino Schulkino<\/a><\/td>\n<td class=\"table_dzielnica\">Mikulczyce<\/td>\n<td class=\"table_ulica\">F. Chopina 26<br \/>\n\/Carl-Czichystr. 26\/<\/td>\n<td class=\"table_dzialalnosc\">1928\u20131934[?]<\/td>\n<td class=\"table_zalozyciel\"><\/td>\n<\/tr>\n<tr valign=\"top\">\n<td class=\"table_lp\">25.<\/td>\n<td class=\"table_nazwa\"><a href=\"\/mapa\/?ait-item=25-kino-mars-apollo\">Kino Apollo<br \/>\n\/Mars\/<\/a><\/td>\n<td class=\"table_dzielnica\">Ko\u0144czyce<\/td>\n<td class=\"table_ulica\">I. J. Paderewskiego 74<br \/>\n\/I. J. Paderewskiego 42\/<\/td>\n<td class=\"table_dzialalnosc\">1928[?]\u20131934<\/td>\n<td class=\"table_zalozyciel\">Franciszka Widawska<\/td>\n<\/tr>\n<tr valign=\"top\">\n<td class=\"table_lp\">26.<\/td>\n<td class=\"table_nazwa\"><a href=\"\/mapa\/?ait-item=26-kino-saturn-apollo-eden\">Kino \u015awit<br \/>\n\/Saturn, Apollo, Eden\/<\/a><\/td>\n<td class=\"table_dzielnica\">Paw\u0142\u00f3w<\/td>\n<td class=\"table_ulica\">W. Sikorskiego 121<br \/>\n\/G\u0142\u00f3wna 103\/<\/td>\n<td class=\"table_dzialalnosc\">1928\u20131945<\/td>\n<td class=\"table_zalozyciel\">Teodor Kania<\/td>\n<\/tr>\n<tr valign=\"top\">\n<td class=\"table_lp\">27.<\/td>\n<td class=\"table_nazwa\"><a href=\"\/mapa\/?ait-item=27-kulturbilderbuhne-des-oberschlesischen-bilderbuhnenbundes\">Kino Kulturbilderb\u00fchne des Oberschlesischen Bilderb\u00fchnenbundes<\/a><\/td>\n<td class=\"table_dzielnica\">Mikulczyce<\/td>\n<td class=\"table_ulica\">Nadrzeczna \/ \u015bw. Wawrzy\u0144ca<br \/>\n\/Laurentiusstr. 35\/<\/td>\n<td class=\"table_dzialalnosc\">1929\u20131932[?]<\/td>\n<td class=\"table_zalozyciel\"><\/td>\n<\/tr>\n<tr valign=\"top\">\n<td class=\"table_lp\">28.<\/td>\n<td class=\"table_nazwa\"><a href=\"\/mapa\/?ait-item=28-kino-lichtspielhaus-union-theater-pokoj\">Kino Pok\u00f3j<br \/>\n\/Lichtspielhaus, Union-Theater\/<\/a><\/td>\n<td class=\"table_dzielnica\">Rokitnica<\/td>\n<td class=\"table_ulica\">A. F. Modrzewskiego 10<br \/>\n\/Hindenburgstr. 10\/<\/td>\n<td class=\"table_dzialalnosc\">1929[?]\u20131945<\/td>\n<td class=\"table_zalozyciel\">Hermann Seidemann<\/td>\n<\/tr>\n<tr valign=\"top\">\n<td class=\"table_lp\">29.<\/td>\n<td class=\"table_nazwa\"><a href=\"\/mapa\/?ait-item=29-kino-burger-kino\">Kino Obywatelskie<br \/>\n\/B\u00fcrger-Kino\/<\/a><\/td>\n<td class=\"table_dzielnica\">Zabrze<\/td>\n<td class=\"table_ulica\">Szcz\u0119\u015b\u0107 Bo\u017ce 15\u201317<br \/>\n\/Gl\u00fcckaufstr. 15\u201317\/<\/td>\n<td class=\"table_dzialalnosc\">1931\u20131945<\/td>\n<td class=\"table_zalozyciel\">Oskar Schmidt<br \/>\nAlfred Galwas<\/td>\n<\/tr>\n<tr valign=\"top\">\n<td class=\"table_lp\">30.<\/td>\n<td class=\"table_nazwa\"><a href=\"\/mapa\/?ait-item=30-kino-nord-lichspiele-slonce\">Kino S\u0142o\u0144ce<br \/>\n\/Nord-Lichspiele\/<\/a><\/td>\n<td class=\"table_dzielnica\">Zabrze<\/td>\n<td class=\"table_ulica\">Wolno\u015bci 179<br \/>\n\/Kronprinzenstr. 179\/<\/td>\n<td class=\"table_dzialalnosc\">1931\u20131945<\/td>\n<td class=\"table_zalozyciel\">Hermann i Margarethe Schultz<\/td>\n<\/tr>\n<tr valign=\"top\">\n<td class=\"table_lp\">31.<\/td>\n<td class=\"table_nazwa\"><a href=\"\/mapa\/?ait-item=31-kino-lichtburg-marzenie\">Kino Marzenie<br \/>\n\/Lichtburg\/<\/a><\/td>\n<td class=\"table_dzielnica\">Zabrze<\/td>\n<td class=\"table_ulica\">Plac Wolno\u015bci 6<br \/>\n\/Peter-Paul-Platz 6\/<\/td>\n<td class=\"table_dzialalnosc\">1934\u20131945<\/td>\n<td class=\"table_zalozyciel\">Alfred Salzwedel<br \/>\nEduard Skowronek<br \/>\nRichard Walter<\/td>\n<\/tr>\n<tr valign=\"top\">\n<td class=\"table_lp\">32.<\/td>\n<td class=\"table_nazwa\"><a href=\"\/mapa\/?ait-item=32-kino-kammer-lichtspiele-zaborze\">Kino Kammer-Lichtspiele Zaborze<\/a><\/td>\n<td class=\"table_dzielnica\">Zaborze<\/td>\n<td class=\"table_ulica\">ul. J. Lompy 36<br \/>\n\/Brojastr. 36\/<\/td>\n<td class=\"table_dzialalnosc\">1924 [?]<\/td>\n<td class=\"table_zalozyciel\"><\/td>\n<\/tr>\n<tr valign=\"top\">\n<td class=\"table_lp\">33.<\/td>\n<td class=\"table_nazwa\"><a href=\"\/mapa\/?ait-item=33-kino-gornik-vereinigte-union-lichtspiele\">Kino G\u00f3rnik<br \/>\n\/Vereinigte Union-Lichtspiele\/<\/a><\/td>\n<td class=\"table_dzielnica\">Biskupice<\/td>\n<td class=\"table_ulica\">ul. Boles\u0142awa Chrobrego<br \/>\n\/Schillingstrasse 4\/<\/td>\n<td class=\"table_dzialalnosc\">1934\u20131945<\/td>\n<td class=\"table_zalozyciel\">Alfred Salzwedel<br \/>\nEduard Skowronek<br \/>\nRichard Walter<\/td>\n<\/tr>\n<tr valign=\"top\">\n<td class=\"table_lp\">34.<\/td>\n<td class=\"table_nazwa\"><a href=\"\/mapa\/?ait-item=33-kino-relaks\">Kino Relaks<br \/>\n<\/a><\/td>\n<td class=\"table_dzielnica\">Rokitnica<\/td>\n<td class=\"table_ulica\">ul. Krakowska 11<\/td>\n<td class=\"table_dzialalnosc\">1966\u2013[?]<\/td>\n<td class=\"table_zalozyciel\"><\/td>\n<\/tr>\n<tr valign=\"top\">\n<td class=\"table_lp\">34.<\/td>\n<td class=\"table_nazwa\"><a href=\"\/mapa\/?ait-item=34-multikino\">Multikino<br \/>\n<\/a><\/td>\n<td class=\"table_dzielnica\">Zabrze<\/td>\n<td class=\"table_ulica\">ul. Krakowska 11<\/td>\n<td class=\"table_dzialalnosc\">2000 \u2013 do nadal<\/td>\n<td class=\"table_zalozyciel\"><\/td>\n<\/tr>\n<tr valign=\"top\">\n<td class=\"table_lp\">35.<\/td>\n<td class=\"table_nazwa\"><a href=\"\/mapa\/?ait-item=35-kino-planet-cinema-zabrze\">Planet Cinema<br \/>\n<\/a><\/td>\n<td class=\"table_dzielnica\">Zabrze<\/td>\n<td class=\"table_ulica\">Plan Teatralny 12<\/td>\n<td class=\"table_dzialalnosc\">2018 \u2013 do nadal<\/td>\n<td class=\"table_zalozyciel\"><\/td>\n<\/tr>\n<\/tbody>\n<\/table>\n<p>&nbsp;<\/p>\n<p>&nbsp;<\/p>\n<p>&nbsp;<\/p>\n","protected":false},"excerpt":{"rendered":"<p>&nbsp; l.p. nazwa kina dzielnica ulica lata dzia\u0142alno\u015bci nazwisko za\u0142o\u017cyciela 1. Kino Roma \/Wolno\u015b\u0107, Lichtspielhaus\/ Zabrze Z. Padlewskiego 4 \/Kaniastr. 4\/ 1912\u2013do nadal Johann Poralla 2. Kino Grand Kinematograph Zabrze Z. Padlewskiego 1 \/Kaniastr. 1\/ 1907\u20131914[?] Johann Poralla 3. Kino w Zaborzu Zaborze Wolno\u015bci 442 \/Kronprinzenstr. 78\/ 1907 4. Kino Grand Kinematograph Zabrze 3 Maja [&hellip;]<\/p>\n","protected":false},"author":1,"featured_media":0,"parent":0,"menu_order":0,"comment_status":"closed","ping_status":"closed","template":"","meta":[],"_links":{"self":[{"href":"https:\/\/kinoroma.zabrze.pl\/mapa\/index.php?rest_route=\/wp\/v2\/pages\/6709"}],"collection":[{"href":"https:\/\/kinoroma.zabrze.pl\/mapa\/index.php?rest_route=\/wp\/v2\/pages"}],"about":[{"href":"https:\/\/kinoroma.zabrze.pl\/mapa\/index.php?rest_route=\/wp\/v2\/types\/page"}],"author":[{"embeddable":true,"href":"https:\/\/kinoroma.zabrze.pl\/mapa\/index.php?rest_route=\/wp\/v2\/users\/1"}],"replies":[{"embeddable":true,"href":"https:\/\/kinoroma.zabrze.pl\/mapa\/index.php?rest_route=%2Fwp%2Fv2%2Fcomments&post=6709"}],"version-history":[{"count":24,"href":"https:\/\/kinoroma.zabrze.pl\/mapa\/index.php?rest_route=\/wp\/v2\/pages\/6709\/revisions"}],"predecessor-version":[{"id":7713,"href":"https:\/\/kinoroma.zabrze.pl\/mapa\/index.php?rest_route=\/wp\/v2\/pages\/6709\/revisions\/7713"}],"wp:attachment":[{"href":"https:\/\/kinoroma.zabrze.pl\/mapa\/index.php?rest_route=%2Fwp%2Fv2%2Fmedia&parent=6709"}],"curies":[{"name":"wp","href":"https:\/\/api.w.org\/{rel}","templated":true}]}}