{"id":7045,"date":"2020-10-06T11:53:31","date_gmt":"2020-10-06T09:53:31","guid":{"rendered":"http:\/\/new.kinoroma.zabrze.pl\/mapa\/?page_id=7045"},"modified":"2020-10-20T09:33:29","modified_gmt":"2020-10-20T07:33:29","slug":"sol-ziemi-czarnej","status":"publish","type":"page","link":"https:\/\/kinoroma.zabrze.pl\/mapa\/?page_id=7045","title":{"rendered":"S\u00f3l ziemi czarnej"},"content":{"rendered":"<h5>Re\u017c. Kazimierz Kutz<\/h5>\n<hr \/>\n<p><a href=\"https:\/\/kinoroma.zabrze.pl\/mapa\/wp-content\/uploads\/images.jpg\"><img loading=\"lazy\" class=\"alignleft wp-image-7048 size-medium\" src=\"https:\/\/kinoroma.zabrze.pl\/mapa\/wp-content\/uploads\/images-204x300.jpg\" alt=\"plakat\" width=\"204\" height=\"300\" srcset=\"https:\/\/kinoroma.zabrze.pl\/mapa\/wp-content\/uploads\/images-204x300.jpg 204w, https:\/\/kinoroma.zabrze.pl\/mapa\/wp-content\/uploads\/images.jpg 442w\" sizes=\"(max-width: 204px) 100vw, 204px\" \/><\/a>\u201eS\u00f3l ziemi czarnej\u201d opowiada o \u015al\u0105sku i \u015al\u0105zakach, walcz\u0105cych w Powstaniach \u015al\u0105skich o przy\u0142\u0105czenie G\u00f3rnego \u015al\u0105ska do Polski. Jednak\u017ce historia opowiedziana przez Kazimierza Kutza nie jest rekonstrukcj\u0105 wydarze\u0144 historycznych. Film, kt\u00f3ry powsta\u0142, bo \u201eprzy\u015bni\u0142 si\u0119\u201d Kutzowi pewnej nocy, jest opowie\u015bci\u0105 o ludziach, ich marzeniach i niez\u0142omnej woli. To zarazem obraz autobiograficzny. Wielki re\u017cyser i tw\u00f3rca filmowej historii \u015al\u0105ska, wpl\u00f3t\u0142 w scenariusz dzieje w\u0142asnej rodziny, kt\u00f3rej cz\u0142onkowie walczyli i gin\u0119li w \u015bl\u0105skich zrywach narodowych.<\/p>\n<p>Jest rok 1920, trwa drugie powstanie \u015bl\u0105skie. Siedmiu braci Basist\u00f3w do\u0142\u0105cza do oddzia\u0142u Erwina Malinioka (Jan Englert) walcz\u0105cego z Niemcami. Oddzia\u0142 zdobywa jedno z miasteczek, ale Niemcy rzucaj\u0105 przeciwko powsta\u0144com coraz wi\u0119ksze si\u0142y. Nier\u00f3wna walka skazana jest na przegran\u0105.<\/p>\n<p>Wydawa\u0142oby si\u0119, \u017ce to opis typowego kina historycznego. Kazimierz Kutz u\u017cy\u0142 jednak prawdziwych wydarze\u0144 jedynie jako kanwy do opowie\u015bci o \u015al\u0105zakach i \u015al\u0105sku. Mimo wyra\u017anych odniesie\u0144, film nie rekonstruuje przebiegu powstania, ale koncentruje si\u0119 na losach g\u0142\u00f3wnych bohater\u00f3w, pokazuj\u0105c prawdziwe korzenie tego zrywu Osi\u0105 \u201eSoli ziemi czarnej\u201d s\u0105 losy najm\u0142odszego z braci &#8211; Gabriela Basisty (w tej roli Olgierd \u0141ukaszewicz). Jeste\u015bmy z nim w typowym, \u015bl\u0105skim domu rodu Basist\u00f3w, na powsta\u0144czych barykadach i podczas tragicznych wydarze\u0144 po zwyci\u0119stwie Niemc\u00f3w.<\/p>\n<p>Wa\u017cnym w\u0105tkiem jest tak\u017ce mi\u0142o\u015b\u0107 Gabriela do niemieckiej sanitariuszki. Kutz wpl\u00f3t\u0142 w ten spos\u00f3b w swoj\u0105 opowie\u015b\u0107 histori\u0119 pokazuj\u0105c\u0105 skomplikowane i niemo\u017cliwe cz\u0119sto do rozwi\u0105zania sploty polsko-niemieckiej historii regionu.<\/p>\n<p>W filmie pojawia si\u0119 wiele znakomito\u015bci \u00f3wczesnego filmu polskiego. Opr\u00f3cz Olgierda \u0141ukaszewicza, ogl\u0105damy Jana Englerta w roli dow\u00f3dcy powsta\u0144czego oddzia\u0142u Erwina Malinioka i Jerzego Bi\u0144czyckiego jako Bernarda, brata Gabriela. Jest te\u017c Daniel Olbrychski, w roli polskiego u\u0142ana, porucznika Sowi\u0144skiego, kt\u00f3ry z i\u015bcie u\u0142a\u0144sk\u0105 fantazj\u0105 rzuca si\u0119 na pomoc powsta\u0144com.<\/p>\n<p>Ta rola \u2013 cho\u0107 epizodyczna &#8211; ma w filmie du\u017ce znaczenie. U\u0142an szar\u017cuj\u0105cy zgodnie z romantyczn\u0105, polsk\u0105 tradycj\u0105, sprowadza na powsta\u0144cz\u0105 barykad\u0119 dzia\u0142o, by potem &#8211; zgodnie ze schematem przegranych, polskich powsta\u0144 &#8211; \u201enie k\u0142aniaj\u0105c si\u0119 kulom\u201d zgin\u0105\u0107 od pierwszego strza\u0142u. Posta\u0107 grana przez Olbrychskiego mia\u0142a uosabia\u0107 niezrozumia\u0142\u0105 dla \u015al\u0105zak\u00f3w, strace\u0144cz\u0105 i elitarn\u0105 legend\u0119 szlacheckiej Polski.<\/p>\n<p>Warto doda\u0107, \u017ce Kutz wym\u00f3g\u0142 na wszystkich aktorach odtwarzaj\u0105cych \u201e\u015bl\u0105skie\u201d role u\u017cywanie lokalnej gwary. W jednym z wywiad\u00f3w tak uzasadnia\u0142 swoj\u0105 decyzj\u0119 \u201eGdyby\u015bmy odebrali \u015al\u0105zakom ich j\u0119zyk, odebraliby\u015bmy i dusz\u0119\u201d.<\/p>\n<p>Pi\u0119knie uj\u0105\u0142 istot\u0119 filmu Kutza autor z portalu KinotekaSzkolna.pl pisz\u0105c: \u201eKutz tworzy przemawiaj\u0105c\u0105 do wyobra\u017ani autentyzmem i pi\u0119knem obraz\u00f3w wizj\u0119 dawnego G\u00f3rnego \u015al\u0105ska, jakiej do tej pory w polskim kinie nie by\u0142o. Jest to wizja mitologizuj\u0105ca, lecz autentyczna i nies\u0142ychanie sugestywna\u201d.<\/p>\n<p>Brzmi to jak bajka, ale \u201eS\u00f3l ziemi czarnej\u201d\u2026 przy\u015bni\u0142a si\u0119 re\u017cyserowi pewnej nocy. Gdy po powrocie na G\u00f3rny \u015al\u0105sk ze studi\u00f3w ca\u0142ymi miesi\u0105cami rozmy\u015bla\u0142 nad tradycj\u0105 rodzinn\u0105 i studiowa\u0142 g\u00f3rno\u015bl\u0105skie wspomnienia, nast\u0105pi\u0142o mistyczne niemal\u017ce wydarzenie. \u201eZobaczy\u0142em w nocy film, w kt\u00f3rym widzia\u0142em wszystkie rozwi\u0105zania, przede wszystkim natury estetycznej, i by\u0142 to film m\u00f3wiony czyst\u0105 i pi\u0119kn\u0105 gwar\u0105. Przebudzi\u0142em si\u0119 jak cz\u0142owiek, kt\u00f3ry dokona\u0142 odkrycia, i dok\u0142adnie zapisa\u0142em ten sen\u201d &#8211; m\u00f3wi\u0142 Kutz w rozmowie dla \u201eMiesi\u0119cznika Literackiego\u201d w 1975 roku.<\/p>\n<p>Wybitny krytyk Tadeusz Sobolewski okre\u015bli\u0142 film Kutza mianem arcydzie\u0142a, kt\u00f3re \u201e\u0142\u0105czy w sobie sag\u0119 rodzinn\u0105 i liryczne wyznanie\u201d, a jednocze\u015bnie harmonijnie zestawia ze sob\u0105 tradycje rewolucyjne i konserwatywne\u201d.<\/p>\n<p>W \u201eSoli ziemi czarnej\u201d Kutz zawar\u0142 liczne w\u0105tki autobiograficzne, oparte na autentycznych losach m\u0119\u017cczyzn z jego rodu, kt\u00f3rzy walczyli i gin\u0119li w kolejnych powstaniach \u015bl\u0105skich.<\/p>\n<a\n\thref=\"\/mapa\/?ait-item=25-dom-kawalera#\"\n\t\tid=\"ait-sc-button-1\"\n\tclass=\"ait-sc-button alignleft  buticon-left    simple\"\n\tstyle=\"width:260px;background-color:#001e92; border-color:#001e92;margin-top:20;margin-left:20;margin-right:20;margin-bottom:20;\"\n>\n\t<span class=\"container\">\n\t\t<span class=\"wrap\">\n\n\t\t\t\t\t\t\t\t\t\t\t\t<span class=\"icon\" style=\"text-align:left;\">\n\t\t\t\t\t\t<i class=\"fa fa fa-map-marker\" style=\"color: #ffffff;\"><\/i>\n\t\t\t\t\t<\/span>\n\t\t\t\t\t\t\t\n\t\t\t\t\t\t<span class=\"text\" style=\"text-align:left;\">\n\t\t\t\t\t\t\t\t<span class=\"title\" style=\"color:#ffffff;\">\n\t\t\t\t\tDom Kawalera\t\t\t\t<\/span>\n\t\t\t\t\t\t\t\t\t\t\t<\/span>\n\t\t\t\n\t\t\t\t\t\t\t\t\t\t\t\t<\/span>\n\t<\/span>\n<\/a>\n\n<p>Nakr\u0119cony w 1969 roku film sta\u0142 si\u0119 pierwsz\u0105 cz\u0119\u015bci\u0105 klasycznego dla polskiego kina, tzw. \u201etryptyku \u015bl\u0105skiego\u201d, do kt\u00f3rego nale\u017c\u0105 te\u017c kolejne dzie\u0142a Kutza: \u201ePer\u0142a w koronie\u201d (1971) i \u201ePaciorki jednego r\u00f3\u017ca\u0144ca\u201d (1979).<\/p>\n<p>Kr\u0119c\u0105c \u201eS\u00f3l\u2026\u201d, Kutz nie wiedzia\u0142, \u017ce b\u0119dzie ona prze\u0142omem w jego dotychczasowej tw\u00f3rczo\u015bci i\u2026 \u017cyciu. Po sukcesie festiwalowym i przychylnych g\u0142osach krytyki, re\u017cyser skoncentrowa\u0142 si\u0119 na tworzeniu filmowej mitologii rodzinnej ziemi.<\/p>\n<p>W 1970 \u201eS\u00f3l ziemi czarnej\u201d zosta\u0142a oficjalnym polskim kandydatem do rywalizacji o Oscara w kategorii najlepszego filmu nieangloj\u0119zycznego.<\/p>\n<p><strong>Nagrody i wyr\u00f3\u017cniea<br \/>\n<\/strong><\/p>\n<p>1970 Lubuskie Lato Filmowe) &#8211; Z\u0142ote Grono, Nagroda za scenariusz, Nagroda za scenografi\u0119 (Boles\u0142aw Kamykowski), Nagroda za zdj\u0119cia (Wies\u0142aw Zdort)<br \/>\n1970 &#8211; Nagroda Pa\u0144stwowa I stopnia dla Kazimierza Kutza; 1971 &#8211; Grenoble (MSMiF) &#8211; Grand Prix<\/p>\n<p>&nbsp;<\/p>\n<hr \/>\n<p><span style=\"color: #800000;\"><u><b>Metryczka filmu<\/b><\/u><\/span><\/p>\n<p><span style=\"color: #800000;\">\u201eS\u00f3l ziemi czarnej\u201d<\/span><br \/>\n<span style=\"color: #800000;\">Polska 1969, premiera 1970<\/span><\/p>\n<p><span style=\"color: #800000;\">Re\u017cyseria i scenariusz: Kazimierz Kutz<\/span><br \/>\n<span style=\"color: #800000;\">Muzyka: Wojciech Kilar<\/span><br \/>\n<span style=\"color: #800000;\">Zdj\u0119cia: Wies\u0142aw Zdort<\/span><br \/>\n<span style=\"color: #800000;\">Scenografia: Boles\u0142aw Kamykowski<\/span><br \/>\n<span style=\"color: #800000;\">Monta\u017c: Irena Chory\u0144ska<\/span><br \/>\n<span style=\"color: #800000;\">Produkcja: Zesp\u00f3\u0142 Filmowy &#8222;Wektor&#8221;<\/span><br \/>\n<span style=\"color: #800000;\">Czas trwania: 98 min<\/span><br \/>\n<span style=\"color: #800000;\">Obsada: Olgierd \u0141ukaszewicz, Jan Englert, Jerzy Bi\u0144czycki, Jerzy Cnota, Wies\u0142aw Dymny, Izabella Koz\u0142owska, Jerzy \u0141ukaszewicz, Daniel Olbrychski<\/span><\/p>\n<p>&nbsp;<\/p>\n<p>&nbsp;<\/p>\n<hr \/>\n<p><iframe loading=\"lazy\" src=\"https:\/\/www.youtube.com\/embed\/0-4rixnX_W8\" width=\"560\" height=\"315\" frameborder=\"0\" allowfullscreen=\"allowfullscreen\"><\/iframe><\/p>\n","protected":false},"excerpt":{"rendered":"<p>Re\u017c. Kazimierz Kutz \u201eS\u00f3l ziemi czarnej\u201d opowiada o \u015al\u0105sku i \u015al\u0105zakach, walcz\u0105cych w Powstaniach \u015al\u0105skich o przy\u0142\u0105czenie G\u00f3rnego \u015al\u0105ska do Polski. Jednak\u017ce historia opowiedziana przez Kazimierza Kutza nie jest rekonstrukcj\u0105 wydarze\u0144 historycznych. Film, kt\u00f3ry powsta\u0142, bo \u201eprzy\u015bni\u0142 si\u0119\u201d Kutzowi pewnej nocy, jest opowie\u015bci\u0105 o ludziach, ich marzeniach i niez\u0142omnej woli. To zarazem obraz autobiograficzny. Wielki [&hellip;]<\/p>\n","protected":false},"author":1,"featured_media":0,"parent":6068,"menu_order":0,"comment_status":"closed","ping_status":"closed","template":"","meta":[],"_links":{"self":[{"href":"https:\/\/kinoroma.zabrze.pl\/mapa\/index.php?rest_route=\/wp\/v2\/pages\/7045"}],"collection":[{"href":"https:\/\/kinoroma.zabrze.pl\/mapa\/index.php?rest_route=\/wp\/v2\/pages"}],"about":[{"href":"https:\/\/kinoroma.zabrze.pl\/mapa\/index.php?rest_route=\/wp\/v2\/types\/page"}],"author":[{"embeddable":true,"href":"https:\/\/kinoroma.zabrze.pl\/mapa\/index.php?rest_route=\/wp\/v2\/users\/1"}],"replies":[{"embeddable":true,"href":"https:\/\/kinoroma.zabrze.pl\/mapa\/index.php?rest_route=%2Fwp%2Fv2%2Fcomments&post=7045"}],"version-history":[{"count":7,"href":"https:\/\/kinoroma.zabrze.pl\/mapa\/index.php?rest_route=\/wp\/v2\/pages\/7045\/revisions"}],"predecessor-version":[{"id":7601,"href":"https:\/\/kinoroma.zabrze.pl\/mapa\/index.php?rest_route=\/wp\/v2\/pages\/7045\/revisions\/7601"}],"up":[{"embeddable":true,"href":"https:\/\/kinoroma.zabrze.pl\/mapa\/index.php?rest_route=\/wp\/v2\/pages\/6068"}],"wp:attachment":[{"href":"https:\/\/kinoroma.zabrze.pl\/mapa\/index.php?rest_route=%2Fwp%2Fv2%2Fmedia&parent=7045"}],"curies":[{"name":"wp","href":"https:\/\/api.w.org\/{rel}","templated":true}]}}